{"id":176,"date":"2022-10-14T06:26:27","date_gmt":"2022-10-14T10:26:27","guid":{"rendered":"https:\/\/pruebas.michollo.to\/?page_id=176"},"modified":"2022-10-14T06:29:34","modified_gmt":"2022-10-14T10:29:34","slug":"preguntas-frecuentes","status":"publish","type":"page","link":"https:\/\/pruebas.michollo.to\/de\/haufig-gestellte-fragen\/","title":{"rendered":"H\u00e4ufig gestellte Fragen"},"content":{"rendered":"<h2 class=\"wp-block-heading\"><strong>Was ist ein Mining Rig?<\/strong><\/h2>\n\n\n\n<p>Im Wesentlichen ist ein Mining-Rig ein Computer, der aus mehreren Grafikkarten (GPUs) besteht, die mit ihrem VRAM und ihrer CPU zusammenarbeiten, um \u00dcberweisungen innerhalb des Netzwerks einer Kryptow\u00e4hrung zu validieren und eine Belohnung zu erhalten.<\/p>\n\n\n\n<p>Die Anzahl der Grafikkarten und deren Leistung sind durch die anderen Komponenten des Rigs begrenzt: Motherboard, Netzteile. Erm\u00f6glicht Rigs mit bis zu 13 Grafikkarten.<\/p>\n\n\n\n<p>Ihre Hauptvorteile gegen\u00fcber ASICs sind: geringerer Stromverbrauch, geringerer Ger\u00e4uschpegel, so dass sie auch zu Hause installiert werden k\u00f6nnen, und die M\u00f6glichkeit, eine Vielzahl von Kryptow\u00e4hrungen zu sch\u00fcrfen.<\/p>\n\n\n\n<h2 class=\"wp-block-heading\"><strong>Wo und unter welchen Bedingungen soll eine Bohrinsel installiert werden?<\/strong><\/h2>\n\n\n\n<p>Bevor wir eine Anlage installieren, m\u00fcssen wir \u00fcberlegen, unter welchen Bedingungen sie betrieben werden soll. Ein Mining-Rig basiert auf mehreren Grafikkarten und anderen Computerkomponenten, die W\u00e4rme erzeugen. Je mehr Grafikkarten wir installieren, desto mehr W\u00e4rme wird erzeugt.<\/p>\n\n\n\n<p>Es ist zu ber\u00fccksichtigen, dass eine Anlage in einer Wohnung oder einem Haus in einem Raum mit einer Temperatur zwischen 9\u00ba und 27\u00ba stehen und \u00fcber ein Internetkabel mit einer stabilen Verbindung direkt zum Router oder einem Switch verf\u00fcgen muss.<\/p>\n\n\n\n<p>Die von der Anlage abgegebene W\u00e4rme kann zum Teil zur Beheizung einer Wohnung oder eines Hauses genutzt werden, da sie eine W\u00e4rmequelle darstellt, die einem Herd mit einer Leistung von 1500 bis 2500 Watt entspricht.<\/p>\n\n\n\n<h2 class=\"wp-block-heading\">Welche Kryptow\u00e4hrungen und Algorithmen kann ich mit Minando Voy Rigs minen?<\/h2>\n\n\n\n<p>Sie k\u00f6nnen unter anderem diese Kryptow\u00e4hrungen abbauen:<\/p>\n\n\n\n<ul class=\"wp-block-list\"><li>RVN - RavenCOIN<\/li><li>ERGO<\/li><li>Bitcoin Gold.<\/li><li>Ethereum und Ethereum Classic.<\/li><li>Zcash<\/li><li>Monero<\/li><li>ZenClass und ZClassic<\/li><li>Pascal Coin.<\/li><li>Decred<\/li><li>Pirl<\/li><li>Ellaismus<\/li><li>Ubiq<\/li><li>Ausdehnung<\/li><li>Musicoin<\/li><li>Metaverse<\/li><li>Zencash<\/li><li>Elektroneum<\/li><li>Bytecoin<\/li><li>Siacoin<\/li><li>LBRY<\/li><\/ul>\n\n\n\n<p><\/p>\n\n\n\n<p>Und Algorithmen:<\/p>\n\n\n\n<ul class=\"wp-block-list\"><li>NeoScrypt<\/li><li>KryptoNacht<\/li><li>Equihash<\/li><li>Ethash<\/li><li>Pascal<\/li><li>Lyra2REv2<\/li><li>Blake<\/li><\/ul>\n\n\n\n<h2 class=\"wp-block-heading\">Sollte ich mich selbstst\u00e4ndig machen, um Kryptow\u00e4hrungen zu sch\u00fcrfen?<\/h2>\n\n\n\n<p><strong>Der Kauf von Kryptow\u00e4hrungen bedeutet nicht, dass diese deklariert werden m\u00fcssen.\u00a0<\/strong>im Einkommen. Sie m\u00fcssen nur bei ihrer Ver\u00e4u\u00dferung angegeben werden. Wenn also keine Bewegung bei den erworbenen W\u00e4hrungen stattfindet, muss auch keine Steuer gezahlt werden, da kein Gewinn oder Verlust entsteht.<\/p>\n\n\n\n<p>Transaktionen mit Kryptow\u00e4hrungen sollten in die&nbsp;<strong>Kasten 389<\/strong>&nbsp;der Steuererkl\u00e4rung.<\/p>\n\n\n\n<p>Die&nbsp;<strong>Verluste<\/strong>&nbsp;beim Verkauf von Kryptow\u00e4hrungen in der Lage sein werden&nbsp;<strong>zu kompensieren bis zu 25%<\/strong>. Wenn der Verkauf von Kryptow\u00e4hrungen zu einem Verlust f\u00fchrt, werden diese mit Gewinnen aus anderen \u00dcbertragungen verrechnet, und wenn das Gesamtergebnis ein Verlust ist, k\u00f6nnen sie bis zu 25% mit Kapitalgewinnen verrechnet werden (wenn es keine Gewinne gibt, k\u00f6nnen sie nicht verrechnet werden).<\/p>\n\n\n\n<p>Die&nbsp;<strong>das Sch\u00fcrfen von Kryptow\u00e4hrungen erfordert nicht den Status der Selbstst\u00e4ndigkeit<\/strong>. Das Mining von Kryptow\u00e4hrungen bedeutet, die Rechenleistung des Computers zur Verf\u00fcgung zu stellen, bei der Durchf\u00fchrung von Berechnungen zu helfen und die Transaktionen mit digitalen W\u00e4hrungen zu \u00fcberpr\u00fcfen. Da es sich um eine wirtschaftliche T\u00e4tigkeit handelt, die jeder anderen bezahlten Besch\u00e4ftigung gleichgestellt ist, auch wenn sie in Kryptow\u00e4hrungen bezahlt wird, ist es zwingend erforderlich, die f\u00fcr diese Art von Arbeitnehmern geltenden Pflichten zu erf\u00fcllen und die Eink\u00fcnfte mit dem Formular 720 zu melden.<\/p>\n\n\n\n<p><strong>Es wird empfohlen, das Formular 720 einzureichen.<\/strong>&nbsp;wenn der Wert der Kryptow\u00e4hrungen (oder die Summe der Kryptow\u00e4hrungen mit Geldern oder Wertpapieren, die bei Finanzinstituten im Ausland hinterlegt sind) 50.000 EUR \u00fcbersteigt.<\/p>\n\n\n\n<p>Wenn Sie zur Abgabe einer Verm\u00f6genssteuererkl\u00e4rung verpflichtet sind, m\u00fcssen Sie den Wert der Kryptow\u00e4hrungen bei der Steuererkl\u00e4rung angeben und nach dem geltenden Satz versteuern. Diese Steuer hat einen Mindestfreibetrag von 500.000 Euro (dies variiert je nach autonomer Gemeinschaft), was bedeutet, dass Sie sie nicht einreichen m\u00fcssen, es sei denn, Sie haben ein h\u00f6heres Nettoverm\u00f6gen.Was passiert nach dem Eintritt von Etherum 2.0?<\/p>\n\n\n\n<p>Wenn Etherum den Wechsel von Proof of Work (PoW) zu Proof of Stake (PoS) vollzieht,<\/p>\n\n\n\n<p>hat keine anderen Auswirkungen als eine einfache \u00c4nderung der Konfiguration der Bohrinseln.<\/p>\n\n\n\n<p>Der Mining-Betrieb anderer Kryptow\u00e4hrungen ist identisch und ihre Leistung ist manchmal sogar besser.<\/p>\n\n\n\n<p>Es gibt viele Alternativen zum Etherum-Mining und das Ende des Etherum-Minings sollte uns nicht beeinflussen, wenn wir eine Anlage als langfristige Investition betrachten.<\/p>\n\n\n\n<p>Einige der Beispiele sind Mining: TonCoin, Alephium, Ergo, Ravencoin, Flux usw.<\/p>\n\n\n\n<p>Zus\u00e4tzlich zu den Dual-Mining-Optionen.<\/p>\n\n\n\n<h2 class=\"wp-block-heading\">Was ist Dual Mining?<\/h2>\n\n\n\n<p>Der Name Dual Mining spricht f\u00fcr sich selbst: Es handelt sich um eine Form des parallelen Minings von zwei verschiedenen Kryptow\u00e4hrungen. Ein Miner muss sich f\u00fcr die erste, die Hauptm\u00fcnze, und eine sekund\u00e4re M\u00fcnze entscheiden. Durch die erh\u00f6hte Belastung ist die Arbeitslast f\u00fcr die GPUs h\u00f6her, aber die Gewinne steigen zwischen einem 25% und einem 40% sehr deutlich an. Dadurch wird die Amortisationszeit (ROI) des Rigs erheblich verk\u00fcrzt und unsere Wette in der Kryptowelt diversifiziert.<\/p>\n\n\n\n<p>Es besteht die M\u00f6glichkeit, mit einem einzigen Rig zwei verschiedene W\u00e4hrungen gleichzeitig zu erhalten, und das ist der Hauptvorteil dieser Methode, der sie f\u00fcr die Maximierung der Leistung der Rigs sehr attraktiv macht.<\/p>\n\n\n\n<p>Die profitabelsten Kombinationen sind derzeit Dual Mining von Etherum+Toncoin und Etherum+Alephium.<br>\u00a0<\/p>","protected":false},"excerpt":{"rendered":"<p>\u00bfQu\u00e9 es un rig de miner\u00eda? Esencialmente un rig de miner\u00eda es un ordenador compuesto por varias tarjetas gr\u00e1ficas ( GPU\u00b4s) que trabajan en conjunto utilizando su memoria VRAM y CPU para validar las transferencias dentro de la red de una criptomoneda y obtener as\u00ed una recompensa. La cantidad de tarjetas gr\u00e1ficas y su potencia [&hellip;]<\/p>\n","protected":false},"author":1,"featured_media":0,"parent":0,"menu_order":0,"comment_status":"closed","ping_status":"closed","template":"page-faq.php","meta":{"footnotes":""},"class_list":["post-176","page","type-page","status-publish","hentry"],"_links":{"self":[{"href":"https:\/\/pruebas.michollo.to\/de\/wp-json\/wp\/v2\/pages\/176","targetHints":{"allow":["GET"]}}],"collection":[{"href":"https:\/\/pruebas.michollo.to\/de\/wp-json\/wp\/v2\/pages"}],"about":[{"href":"https:\/\/pruebas.michollo.to\/de\/wp-json\/wp\/v2\/types\/page"}],"author":[{"embeddable":true,"href":"https:\/\/pruebas.michollo.to\/de\/wp-json\/wp\/v2\/users\/1"}],"replies":[{"embeddable":true,"href":"https:\/\/pruebas.michollo.to\/de\/wp-json\/wp\/v2\/comments?post=176"}],"version-history":[{"count":0,"href":"https:\/\/pruebas.michollo.to\/de\/wp-json\/wp\/v2\/pages\/176\/revisions"}],"wp:attachment":[{"href":"https:\/\/pruebas.michollo.to\/de\/wp-json\/wp\/v2\/media?parent=176"}],"curies":[{"name":"wp","href":"https:\/\/api.w.org\/{rel}","templated":true}]}}