{"id":1032,"date":"2022-11-28T09:57:07","date_gmt":"2022-11-28T11:57:07","guid":{"rendered":"https:\/\/www.minandovoy.com\/?post_type=product&#038;p=1032"},"modified":"2025-09-04T10:35:51","modified_gmt":"2025-09-04T08:35:51","slug":"fuente-de-alimentacion-2-000w","status":"publish","type":"product","link":"https:\/\/pruebas.michollo.to\/de\/produkt\/netzgerat-2-000w\/","title":{"rendered":"Stromversorgung 2.000W"},"content":{"rendered":"<p><span class=\"a-list-item\">Dieses Netzteil ist f\u00fcr BTC ETH ETC ZEC ZEC ZCASH DGB XMR Mining-Maschinen geeignet, die mit Antminers S9, L3+ und anderen Marken-Mining-Maschinen kompatibel sind.<\/span><\/p>\n<ul>\n<li><span class=\"a-list-item\">Stromversorgung von 2000W Maschinen: 10 * 6PIN <\/span><\/li>\n<li><span class=\"a-list-item\">Gr\u00f6\u00dfe der einzelnen Einheit: 240 mm * 110 m * 60 mm<\/span><\/li>\n<\/ul>\n<p><span class=\"a-list-item\">\u00a0Das Netzger\u00e4t f\u00fcr Bergbaumaschinen hat eine Nennausgangsleistung von 2000 W, eine Spannung von 110-240 V und einen Umwandlungswirkungsgrad von bis zu 95 %. Die L\u00fcfterdrehzahl betr\u00e4gt bis zu 1500 RPM, kompatibel mit der Balance von Qualit\u00e4t, Effizienz und Stabilit\u00e4t, um eine kontinuierliche Wirkleistung zu erreichen und Kosten zu sparen.<\/span><\/p>\n<p><span class=\"a-list-item\">Dieses Bergbaunetzteil hat 18 Arten von soliden Kupferausgangsleitungen und ist mit mehreren Schutzvorrichtungen ausgestattet. Wenn der Stromkreis ausf\u00e4llt oder die interne Temperatur des Netzteils hoch ist, schaltet es sich zum Schutz des Bergmanns automatisch ab.<\/span><\/p>","protected":false},"excerpt":{"rendered":"<p>Esta fuente alimentaci\u00f3n a es adecuada para m\u00e1quinas mineras BTC ETH ETC ZEC ZEC ZCASH DGB XMR compatibles con Antminers S9, L3+ y otras m\u00e1quinas mineras de marca. La fuente de alimentaci\u00f3n de las m\u00e1quinas 2000W: 10 * 6PIN Tama\u00f1o de unidad \u00fanica: 240 mm * 110 m * 60 mm \u00a0La fuente de alimentaci\u00f3n [&hellip;]<\/p>\n","protected":false},"featured_media":1033,"comment_status":"open","ping_status":"closed","template":"","meta":[],"product_brand":[],"product_cat":[20],"product_tag":[52,244,138],"class_list":{"0":"post-1032","1":"product","2":"type-product","3":"status-publish","4":"has-post-thumbnail","6":"product_cat-componentes","7":"product_tag-asic","8":"product_tag-gme","9":"product_tag-mineros-para-avanzados","11":"first","12":"instock","13":"taxable","14":"shipping-taxable","15":"purchasable","16":"product-type-simple"},"_links":{"self":[{"href":"https:\/\/pruebas.michollo.to\/de\/wp-json\/wp\/v2\/product\/1032","targetHints":{"allow":["GET"]}}],"collection":[{"href":"https:\/\/pruebas.michollo.to\/de\/wp-json\/wp\/v2\/product"}],"about":[{"href":"https:\/\/pruebas.michollo.to\/de\/wp-json\/wp\/v2\/types\/product"}],"replies":[{"embeddable":true,"href":"https:\/\/pruebas.michollo.to\/de\/wp-json\/wp\/v2\/comments?post=1032"}],"wp:featuredmedia":[{"embeddable":true,"href":"https:\/\/pruebas.michollo.to\/de\/wp-json\/wp\/v2\/media\/1033"}],"wp:attachment":[{"href":"https:\/\/pruebas.michollo.to\/de\/wp-json\/wp\/v2\/media?parent=1032"}],"wp:term":[{"taxonomy":"product_brand","embeddable":true,"href":"https:\/\/pruebas.michollo.to\/de\/wp-json\/wp\/v2\/product_brand?post=1032"},{"taxonomy":"product_cat","embeddable":true,"href":"https:\/\/pruebas.michollo.to\/de\/wp-json\/wp\/v2\/product_cat?post=1032"},{"taxonomy":"product_tag","embeddable":true,"href":"https:\/\/pruebas.michollo.to\/de\/wp-json\/wp\/v2\/product_tag?post=1032"}],"curies":[{"name":"wp","href":"https:\/\/api.w.org\/{rel}","templated":true}]}}