{"id":1263,"date":"2023-02-01T07:56:48","date_gmt":"2023-02-01T09:56:48","guid":{"rendered":"https:\/\/www.minandovoy.com\/?post_type=product&#038;p=1263"},"modified":"2025-07-15T12:05:14","modified_gmt":"2025-07-15T10:05:14","slug":"ibelink-bm-k3","status":"publish","type":"product","link":"https:\/\/pruebas.michollo.to\/de\/produkt\/ibelink-bm-k3\/","title":{"rendered":"Ibelink BM-K3"},"content":{"rendered":"<p>Das neue IBELINK BM-K3, der neue ASIC, der in der <a href=\"https:\/\/www.asicminervalue.com\/\">ASIC TOP 10<\/a> mit h\u00f6herer Rentabilit\u00e4t.<\/p>\n<p>&nbsp;<\/p>\n<p>Ibelink k\u00fcndigte im vergangenen Dezember ein neues Mining-Ger\u00e4t f\u00fcr die Kryptow\u00e4hrung Kadena mit einer Mining-Leistung von 70Th und einem Verbrauch von 3.300w\/Stunde an.<\/p>\n<p>Er ist in den TOP 10 der profitabelsten Maschinen (IBELINK BM.K3) positioniert, unterhalb des Antminer L7, K7 und seines Hauptkonkurrenten, dem Antminer L7 und K7. <a href=\"https:\/\/www.minandovoy.com\/producto\/antminer-ka3\/\">KA3<\/a>.<\/p>\n<p>&nbsp;<\/p>\n<p>Es sollte auch beachtet werden, dass der Blake-2s Kadena Algorithm Miner nicht nur wegen seines Stromverbrauchs, sondern auch wegen seines hohen Ger\u00e4uschpegels (70-80db) als Industrieger\u00e4t angesehen wird, Faktoren, die ber\u00fccksichtigt werden sollten, wenn Sie sich eines dieser Ger\u00e4te zulegen m\u00f6chten.<\/p>\n<h2><strong> ERFAHREN SIE MEHR \u00dcBER IBELINK BM-K3<\/strong><\/h2>\n<p><strong><br \/>\n<\/strong>Der Hersteller Ibelink wurde im April 2018 mit dem Ziel gegr\u00fcndet, professioneller als alle seine Konkurrenten zu werden und Computerhardware und -software sowie andere Ger\u00e4te zu vermarkten.<br \/>\nEin weiterer Schwerpunkt von Ibelink sind ASIC-Chips sowie die Entwicklung und der Einsatz von Spezialsystemen auf globalen M\u00e4rkten.<\/p>\n<h2><strong>Was ist KDA?<\/strong><\/h2>\n<p>KDA ist der Token der Kadena-Plattform. Er wird verwendet, um f\u00fcr die Ausf\u00fchrung von Smart Contracts und Transaktionen auf der Blockchain zu bezahlen. Er wird auch verwendet, um Miner im Netzwerk f\u00fcr das Mining des n\u00e4chsten g\u00fcltigen Blocks zu entlohnen.<\/p>\n<p>Diese Belohnung nimmt mit der Zeit ab. Mit anderen Worten, sie folgt einem \u00e4hnlichen Verfahren wie Bitcoin. Der Gesamtvorrat an KDA betr\u00e4gt eine Milliarde Token, die innerhalb eines gesch\u00e4tzten Zeitraums von f\u00fcnf Jahren abgebaut werden sollen.\u00a0<strong>120 Jahre.<\/strong><strong>\u00a0<\/strong><\/p>","protected":false},"excerpt":{"rendered":"<p>La nueva IBELINK BM-K3, el nuevo ASIC que se posiciona en el TOP 10 de ASIC con mayor rentabilidad. &nbsp; Ibelink anunci\u00f3 el pasado Diciembre un nuevo dispositivo de miner\u00eda para la criptomoneda Kadena con una potencia de minado de 70Th y con un consumo de 3.300w\/hora. Se ha posicionado en el TOP 10 de [&hellip;]<\/p>\n","protected":false},"featured_media":1264,"comment_status":"open","ping_status":"closed","template":"","meta":[],"product_brand":[],"product_cat":[19],"product_tag":[138],"class_list":{"0":"post-1263","1":"product","2":"type-product","3":"status-publish","4":"has-post-thumbnail","6":"product_cat-mineros","7":"product_tag-mineros-para-avanzados","9":"first","10":"outofstock","11":"taxable","12":"shipping-taxable","13":"purchasable","14":"product-type-simple"},"_links":{"self":[{"href":"https:\/\/pruebas.michollo.to\/de\/wp-json\/wp\/v2\/product\/1263","targetHints":{"allow":["GET"]}}],"collection":[{"href":"https:\/\/pruebas.michollo.to\/de\/wp-json\/wp\/v2\/product"}],"about":[{"href":"https:\/\/pruebas.michollo.to\/de\/wp-json\/wp\/v2\/types\/product"}],"replies":[{"embeddable":true,"href":"https:\/\/pruebas.michollo.to\/de\/wp-json\/wp\/v2\/comments?post=1263"}],"wp:featuredmedia":[{"embeddable":true,"href":"https:\/\/pruebas.michollo.to\/de\/wp-json\/wp\/v2\/media\/1264"}],"wp:attachment":[{"href":"https:\/\/pruebas.michollo.to\/de\/wp-json\/wp\/v2\/media?parent=1263"}],"wp:term":[{"taxonomy":"product_brand","embeddable":true,"href":"https:\/\/pruebas.michollo.to\/de\/wp-json\/wp\/v2\/product_brand?post=1263"},{"taxonomy":"product_cat","embeddable":true,"href":"https:\/\/pruebas.michollo.to\/de\/wp-json\/wp\/v2\/product_cat?post=1263"},{"taxonomy":"product_tag","embeddable":true,"href":"https:\/\/pruebas.michollo.to\/de\/wp-json\/wp\/v2\/product_tag?post=1263"}],"curies":[{"name":"wp","href":"https:\/\/api.w.org\/{rel}","templated":true}]}}