{"id":1268,"date":"2023-02-01T08:43:49","date_gmt":"2023-02-01T10:43:49","guid":{"rendered":"https:\/\/www.minandovoy.com\/?post_type=product&#038;p=1268"},"modified":"2025-09-04T10:29:14","modified_gmt":"2025-09-04T08:29:14","slug":"antminer-hs3-9t","status":"publish","type":"product","link":"https:\/\/pruebas.michollo.to\/de\/produkt\/ameisenminen-hs3-9t\/","title":{"rendered":"Antminer HS3 9."},"content":{"rendered":"<p>Kennen Sie das HANDSHAKE-Mining? Sicherlich haben Sie davon geh\u00f6rt. Die neue Version, Antminer HS3 9T, wird Sie davon \u00fcberzeugen, diese Kryptow\u00e4hrung minen zu wollen.<\/p>\n<p>F\u00fcr diese Maschine ist der Algorithmus der kosteng\u00fcnstigste f\u00fcr den Abbau <a href=\"https:\/\/coinmarketcap.com\/es\/currencies\/handshake\/\"><b>H\u00e4ndedruck<\/b><\/a>mit einer Abbauleistung von 9TH pro Sekunde und einem Stromverbrauch von 2.079W\/Stunde.<\/p>\n<p>Es handelt sich um den ANTMINER HS3 9T.<\/p>\n<div class=\"asicminer-widget-container\" style=\"width: 100%; min-height: 300px;\">\n            <iframe id=\"asicminer-widget-2000\" \n                    src=\"https:\/\/pruebas.michollo.to\/wp-content\/themes\/minandovoy\/proxy-widget.php?miner=bitmain\/antminer-hs3-9th&#038;type=profit&#038;theme=dark\" \n                    width=\"100%\" \n                    height=\"300\" \n                    frameborder=\"0\"\n                    loading=\"lazy\"\n                    style=\"border: none; overflow: hidden;\"\n                    title=\"ASIC Miner Widget\">\n            <\/iframe>\n        <\/div>\n<h3><b>Was ist Bitmain?<\/b><\/h3>\n<p><em>Bitmain<\/em>\u00a0ist ein Unternehmen mit Sitz in Peking, China. Es gilt als eines der wichtigsten Unternehmen in der Kryptow\u00e4hrungsbranche, da es hochwertige Mining-Hardware mit enormen Mining-F\u00e4higkeiten herstellt und technologische Fortschritte erzielt. Es ist der weltweit gr\u00f6\u00dfte Entwickler von\u00a0<a href=\"https:\/\/www.minandovoy.com\/categoria\/mineros\/\">Ausr\u00fcstung\u00a0<em>ASIC<\/em><\/a>\u00a0f\u00fcr den Bergbau\u00a0<em>Bitcoin<\/em>.<\/p>\n<p>Bitmain ist vor allem f\u00fcr seine Bitcoin-Hardware bekannt, obwohl das Unternehmen an Projekten interessiert ist, die Solidit\u00e4t in sein Gesch\u00e4ft bringen, wie Ethereum\/Ethereum Classic.<\/p>\n<p>Im April 2021 k\u00fcndigte der gro\u00dfe Hersteller die Markteinf\u00fchrung einer Ethreum-Bergbaumaschine an, die einen Namen erhalten soll,\u00a0<a href=\"https:\/\/www.asicminervalue.com\/miners\/bitmain\/antminer-e9-2-4gh\" target=\"_blank\" rel=\"noopener\">Ameisenminer E9<\/a>. Dieses wahre Biest hat die Leistung von 25 Nvidia RTX 3080 GPUs.<\/p>\n<p>&nbsp;<\/p>\n<h2>EIN KLEINES \u00dcBER <a href=\"https:\/\/www.minandovoy.com\/tienda\/?algoritmos=handshake\">HANDSHAKE<\/a> und Bergbau mit dem neuen Antminer HS3 9T:<\/h2>\n<p>Handshake ist ein Blockchain-Projekt, das das Team als \"Blockchain-Projekt\" definiert.<strong>dezentralisiertes, erlaubnisfreies Benennungsprotokoll, das mit DNS kompatibel ist<\/strong>\u00a0wobei jeder Peer die Root-Zone validiert und verwaltet, um eine Alternative zu den bestehenden Zertifizierungsstellen zu schaffen\".<\/p>\n<p>Handshake zielt darauf ab <strong>die Root-Zonendatei und die Root-Server durch ein \u00f6ffentliches Gut ersetzen<\/strong>. Auf diese Weise verwaltet das Protokoll die Root-Zonendatei auf dezentralisierte Weise.<\/p>\n<p>Handshake zielt darauf ab <strong>die digitalen Entit\u00e4ten ersetzen, die derzeit Web-Zahlungen authentifizieren<\/strong>. Dar\u00fcber hinaus sollen diejenigen belohnt werden, die zur wesentlichen Infrastruktur des Internets beitragen.<\/p>\n<p>&nbsp;<\/p>","protected":false},"excerpt":{"rendered":"<p>\u00bfConoces la miner\u00eda de HANDSHAKE? Seguro que alguna vez has escuchado hablar de ella, el nuevo lanzamiento, Antminer HS3 9T te convencer\u00e1 de querer minar esta criptomoneda. Pues esta m\u00e1quina es la m\u00e1s rentable para la miner\u00eda del algoritmo Handshake, con una potencia de minado de 9TH por segundo y un consumo de 2.079W\/Hora. Se [&hellip;]<\/p>\n","protected":false},"featured_media":1269,"comment_status":"open","ping_status":"closed","template":"","meta":[],"product_brand":[],"product_cat":[19],"product_tag":[],"class_list":{"0":"post-1268","1":"product","2":"type-product","3":"status-publish","4":"has-post-thumbnail","6":"product_cat-mineros","8":"first","9":"outofstock","10":"taxable","11":"shipping-taxable","12":"purchasable","13":"product-type-simple"},"_links":{"self":[{"href":"https:\/\/pruebas.michollo.to\/de\/wp-json\/wp\/v2\/product\/1268","targetHints":{"allow":["GET"]}}],"collection":[{"href":"https:\/\/pruebas.michollo.to\/de\/wp-json\/wp\/v2\/product"}],"about":[{"href":"https:\/\/pruebas.michollo.to\/de\/wp-json\/wp\/v2\/types\/product"}],"replies":[{"embeddable":true,"href":"https:\/\/pruebas.michollo.to\/de\/wp-json\/wp\/v2\/comments?post=1268"}],"wp:featuredmedia":[{"embeddable":true,"href":"https:\/\/pruebas.michollo.to\/de\/wp-json\/wp\/v2\/media\/1269"}],"wp:attachment":[{"href":"https:\/\/pruebas.michollo.to\/de\/wp-json\/wp\/v2\/media?parent=1268"}],"wp:term":[{"taxonomy":"product_brand","embeddable":true,"href":"https:\/\/pruebas.michollo.to\/de\/wp-json\/wp\/v2\/product_brand?post=1268"},{"taxonomy":"product_cat","embeddable":true,"href":"https:\/\/pruebas.michollo.to\/de\/wp-json\/wp\/v2\/product_cat?post=1268"},{"taxonomy":"product_tag","embeddable":true,"href":"https:\/\/pruebas.michollo.to\/de\/wp-json\/wp\/v2\/product_tag?post=1268"}],"curies":[{"name":"wp","href":"https:\/\/api.w.org\/{rel}","templated":true}]}}