{"id":1414,"date":"2023-02-22T09:29:01","date_gmt":"2023-02-22T11:29:01","guid":{"rendered":"https:\/\/www.minandovoy.com\/?post_type=product&#038;p=1414"},"modified":"2026-02-23T13:32:21","modified_gmt":"2026-02-23T12:32:21","slug":"antminer-d9","status":"publish","type":"product","link":"https:\/\/pruebas.michollo.to\/de\/produkt\/antminer-d9\/","title":{"rendered":"Bitmain Antminer D9 (1770Gh)"},"content":{"rendered":"<p><em><strong>Kennen Sie ein Modell f\u00fcr den DASH-Abbau? Hier ist es!<\/strong><\/em><br \/>\nDas Modell Antminer D9 von Bitmain hat eine maximale Hashrate von 1.770GH mit einer<br \/>\nVerbrauch von 2.839 W\/H.<br \/>\nDiese Maschine baut den X11-Algorithmus ab, dessen Hauptm\u00fcnze DASH ist, eine W\u00e4hrung<br \/>\ndie im Jahr 2014 ins Leben gerufen wurde.<\/p>\n<p><strong>DASH<\/strong><br \/>\nSie ist eine der beliebtesten W\u00e4hrungen auf dem lateinamerikanischen Markt, denn<br \/>\nMarketingprojekte, die sich an dieselbe Zielgruppe richten, konnte sich innerhalb der<br \/>\ndieses Gebiet.<br \/>\nEs handelt sich ebenfalls um eine digitale W\u00e4hrung, die auf der Bitcoin-Idee basiert, aber<br \/>\nindem sie ihre eigenen Elemente, wie z. B. die Hauptknoten, beisteuert.<br \/>\nWie oben erw\u00e4hnt, hat sie eine \u00e4hnliche Produktion wie die gro\u00dfe W\u00e4hrung \"BTC\" mit einem<br \/>\n18.900.000 M\u00fcnzen, die voraussichtlich im Jahr 2150 erreicht sein werden.<br \/>\nDash verl\u00e4sst sich auch auf die Miner, um Transaktionen zu validieren, woraufhin es<br \/>\nerhalten den Blockchain-Token als Belohnung.<br \/>\nSch\u00fcrfer k\u00f6nnen Master Nodes werden, indem sie ein Minimum von 1.000<br \/>\nBindestrich. Dadurch erhalten sie eine h\u00f6here Ebene, die es ihnen erm\u00f6glicht, kritische Vorg\u00e4nge in<br \/>\ndas Netz.<\/p>\n<p><strong>MAL SEHEN, WIE DASH FUNKTIONIERT<\/strong><\/p>\n<p>Dash macht digitales Bargeld auch f\u00fcr Menschen mit Behinderungen zug\u00e4nglich und einfach zu nutzen.<br \/>\nohne Computerkenntnisse. Mit Dash kann jeder eine<br \/>\nBlockchain, f\u00fcgen Sie eine Liste mit Ihren Kontakten hinzu und \u00fcberweisen Sie Geld nach Namen. Bereits<br \/>\nwird von mehreren Zahlungssystemen akzeptiert.<br \/>\nNeben der Dezentralisierung garantiert Dash die Anonymit\u00e4t der Transaktionen.<br \/>\naufgrund der verbesserten Sicherheitsma\u00dfnahmen.<\/p>\n<p><b>Was ist Bitmain?<\/b><\/p>\n<p><em>Bitmain<\/em>\u00a0ist ein Unternehmen mit Sitz in Peking, China. Es gilt als eines der wichtigsten Unternehmen in der Kryptow\u00e4hrungsbranche, da es hochwertige Mining-Hardware mit enormen Mining-F\u00e4higkeiten herstellt und technologische Fortschritte erzielt. Es ist der weltweit gr\u00f6\u00dfte Entwickler von\u00a0<a href=\"https:\/\/www.minandovoy.com\/categoria\/mineros\/\">Ausr\u00fcstung\u00a0<em>ASIC<\/em><\/a>\u00a0f\u00fcr den Bergbau\u00a0<em>Bitcoin<\/em>.<\/p>\n<p>Bitmain ist vor allem f\u00fcr seine Bitcoin-Hardware bekannt, obwohl das Unternehmen an Projekten interessiert ist, die Solidit\u00e4t in sein Gesch\u00e4ft bringen, wie Ethereum\/Ethereum Classic.<\/p>\n<p>Im April 2021 k\u00fcndigte der gro\u00dfe Hersteller die Markteinf\u00fchrung einer Ethreum-Bergbaumaschine an, die einen Namen erhalten soll,\u00a0<a href=\"https:\/\/www.asicminervalue.com\/miners\/bitmain\/antminer-e9-2-4gh\" target=\"_blank\" rel=\"noopener\">Ameisenminer E9<\/a>. Dieses wahre Biest hat die Leistung von 25 Nvidia RTX 3080 GPUs.<\/p>\n<p>&nbsp;<\/p>","protected":false},"excerpt":{"rendered":"<p>\u00bfConoces alg\u00fan modelo para la miner\u00eda de DASH? \u00a1Aqu\u00ed lo tienes! El modelo Antminer D9 de Bitmain cuenta con un hashrate m\u00e1ximo de 1.770GH con un consumo de 2.839W\/H. Esta m\u00e1quina mina el algoritmo X11, cuya moneda que destaca en \u00e9l es DASH, moneda que nace en 2014. DASH Es una de las monedas con [&hellip;]<\/p>\n","protected":false},"featured_media":1415,"comment_status":"open","ping_status":"closed","template":"","meta":[],"product_brand":[],"product_cat":[19],"product_tag":[244,138],"class_list":{"0":"post-1414","1":"product","2":"type-product","3":"status-publish","4":"has-post-thumbnail","6":"product_cat-mineros","7":"product_tag-gme","8":"product_tag-mineros-para-avanzados","10":"first","11":"instock","12":"taxable","13":"shipping-taxable","14":"purchasable","15":"product-type-simple"},"_links":{"self":[{"href":"https:\/\/pruebas.michollo.to\/de\/wp-json\/wp\/v2\/product\/1414","targetHints":{"allow":["GET"]}}],"collection":[{"href":"https:\/\/pruebas.michollo.to\/de\/wp-json\/wp\/v2\/product"}],"about":[{"href":"https:\/\/pruebas.michollo.to\/de\/wp-json\/wp\/v2\/types\/product"}],"replies":[{"embeddable":true,"href":"https:\/\/pruebas.michollo.to\/de\/wp-json\/wp\/v2\/comments?post=1414"}],"wp:featuredmedia":[{"embeddable":true,"href":"https:\/\/pruebas.michollo.to\/de\/wp-json\/wp\/v2\/media\/1415"}],"wp:attachment":[{"href":"https:\/\/pruebas.michollo.to\/de\/wp-json\/wp\/v2\/media?parent=1414"}],"wp:term":[{"taxonomy":"product_brand","embeddable":true,"href":"https:\/\/pruebas.michollo.to\/de\/wp-json\/wp\/v2\/product_brand?post=1414"},{"taxonomy":"product_cat","embeddable":true,"href":"https:\/\/pruebas.michollo.to\/de\/wp-json\/wp\/v2\/product_cat?post=1414"},{"taxonomy":"product_tag","embeddable":true,"href":"https:\/\/pruebas.michollo.to\/de\/wp-json\/wp\/v2\/product_tag?post=1414"}],"curies":[{"name":"wp","href":"https:\/\/api.w.org\/{rel}","templated":true}]}}