{"id":16000,"date":"2024-11-09T13:57:14","date_gmt":"2024-11-09T12:57:14","guid":{"rendered":"https:\/\/www.minandovoy.com\/?post_type=product&#038;p=16000"},"modified":"2025-09-05T13:20:58","modified_gmt":"2025-09-05T11:20:58","slug":"jasminer-x44-p-batch-enero-etczil","status":"publish","type":"product","link":"https:\/\/pruebas.michollo.to\/de\/produkt\/jasminer-x44-p-batch-januar-etczil\/","title":{"rendered":"Jasminer X44-P - Der beste ASIC f\u00fcr den Bergbau ETC+ZIL"},"content":{"rendered":"<p>Die <strong>Jasminer X44-P<\/strong> ist eine hochmoderne Mining-Maschine, die f\u00fcr eine \u00fcberragende Leistung mit einer beeindruckenden Hash-Rate von 23,4 Gh\/s entwickelt wurde und dabei einen effizienten Stromverbrauch von nur 2340 W aufweist. Dieser Miner ist f\u00fcr Kryptow\u00e4hrungen optimiert. <strong>Ethereum Klassisch (ETC)<\/strong> y <strong>Zilliqa (ZIL)<\/strong>Das macht ihn zur idealen Wahl f\u00fcr Bergleute, die ihre Rentabilit\u00e4t durch einen effizienten Betrieb maximieren wollen.<\/p>\n<div class=\"asicminer-widget-container\" style=\"width: 100%; min-height: 300px;\">\n            <iframe id=\"asicminer-widget-5104\" \n                    src=\"https:\/\/pruebas.michollo.to\/wp-content\/themes\/minandovoy\/proxy-widget.php?miner=jasminer\/x44-p&#038;type=profit&#038;theme=dark\" \n                    width=\"100%\" \n                    height=\"300\" \n                    frameborder=\"0\"\n                    loading=\"lazy\"\n                    style=\"border: none; overflow: hidden;\"\n                    title=\"ASIC Miner Widget\">\n            <\/iframe>\n        <\/div>\n<h3>Hauptmerkmale:<\/h3>\n<p><strong>1. herausragende Hash-Power<\/strong><br \/>\nMit einer beeindruckenden Hash-Rate von <strong>23.400 MH\/s<\/strong>Der Jasminer X44-P erm\u00f6glicht schnelles und effizientes Mining und stellt sicher, dass jeder Vorgang mit H\u00f6chstleistung ausgef\u00fchrt wird. Diese Leistung erm\u00f6glicht eine effiziente Verarbeitung von Bl\u00f6cken, wodurch die Chancen auf Gewinne in ausgew\u00e4hlten Kryptow\u00e4hrungen optimiert werden.<\/p>\n<p><strong>2. Verbesserte Energieeffizienz<\/strong><br \/>\nDer Jasminer X44-P wurde entwickelt, um hohe Leistung bei minimalem Energieverbrauch zu liefern. Mit einer Leistungsaufnahme von nur <strong>2340 W<\/strong>Dar\u00fcber hinaus erreichen die Ger\u00e4te ein perfektes Gleichgewicht zwischen Verarbeitungsleistung und Energieeffizienz. Dies senkt die Betriebskosten und erh\u00f6ht die langfristige Rentabilit\u00e4t.<\/p>\n<p><strong>3. duales Cryptocurrency-Mining<\/strong><br \/>\nDieser Miner ist kompatibel mit dem Dual Mining von <strong>Ethereum Klassisch (ETC)<\/strong> y <strong>Zilliqa (ZIL)<\/strong>Dadurch k\u00f6nnen Miner ihre Einnahmequellen diversifizieren, indem sie zwei Kryptow\u00e4hrungen gleichzeitig sch\u00fcrfen. Diese doppelte Mining-Flexibilit\u00e4t sorgt f\u00fcr h\u00f6here Rentabilit\u00e4t und optimiert die betriebliche Leistung.<\/p>\n<p><strong>4. Fortschrittliches K\u00fchlsystem<\/strong><br \/>\nDer Jasminer X44-P ist ausgestattet mit einem <strong>modernstes K\u00fchlsystem<\/strong>Das System wurde entwickelt, um die Betriebstemperatur auch bei langer intensiver Nutzung stabil zu halten. Dieses System verhindert nicht nur eine \u00dcberhitzung, sondern verl\u00e4ngert auch die Lebensdauer des Ger\u00e4ts und gew\u00e4hrleistet eine zuverl\u00e4ssige und konstante Leistung.<\/p>\n<p><strong>5. Robustes und zuverl\u00e4ssiges Design<\/strong><br \/>\nDer Jasminer X44-P ist so konzipiert, dass er den Anforderungen gro\u00dfer Bergbaubetriebe standh\u00e4lt und langfristige Stabilit\u00e4t und Haltbarkeit gew\u00e4hrleistet. Dank seiner robusten Konstruktion und seines effizienten K\u00fchlsystems ist dieser Miner ideal f\u00fcr alle, die Zuverl\u00e4ssigkeit und gleichbleibende Leistung \u00fcber einen langen Zeitraum suchen.<\/p>\n<h3>Warum sollten Sie sich f\u00fcr den Jasminer X44-P entscheiden?<\/h3>\n<p>Die <strong>Jasminer X44-P<\/strong> ist die perfekte Wahl f\u00fcr alle, die einen leistungsstarken und effizienten Miner suchen. Mit seiner hohen Hash-Rate, dem geringen Stromverbrauch und der F\u00e4higkeit, Dual-Mining durchzuf\u00fchren, ist diese Maschine ideal f\u00fcr alle, die ihre Rentabilit\u00e4t beim Mining f\u00fcr <strong>Ethereum Klassisch (ETC)<\/strong> y <strong>Zilliqa (ZIL)<\/strong>. Dar\u00fcber hinaus sorgen das fortschrittliche K\u00fchlsystem und die robuste Konstruktion f\u00fcr einen stabilen und langlebigen Betrieb.<\/p>","protected":false},"excerpt":{"rendered":"<p>El Jasminer X44-P es un equipo de miner\u00eda de vanguardia dise\u00f1ado para ofrecer un rendimiento superior con una tasa de hash impresionante de 23.4 Gh\/s, mientras mantiene un consumo energ\u00e9tico eficiente de solo 2340 W. Este minero est\u00e1 optimizado para las criptomonedas Ethereum Classic (ETC) y Zilliqa (ZIL), lo que lo convierte en una opci\u00f3n [&hellip;]<\/p>\n","protected":false},"featured_media":16004,"comment_status":"open","ping_status":"closed","template":"","meta":[],"product_brand":[],"product_cat":[19],"product_tag":[52,244,138,139,137],"class_list":{"0":"post-16000","1":"product","2":"type-product","3":"status-publish","4":"has-post-thumbnail","6":"product_cat-mineros","7":"product_tag-asic","8":"product_tag-gme","9":"product_tag-mineros-para-avanzados","10":"product_tag-mineros-para-expertos","11":"product_tag-mineros-para-principiantes","13":"first","14":"instock","15":"taxable","16":"shipping-taxable","17":"purchasable","18":"product-type-simple"},"_links":{"self":[{"href":"https:\/\/pruebas.michollo.to\/de\/wp-json\/wp\/v2\/product\/16000","targetHints":{"allow":["GET"]}}],"collection":[{"href":"https:\/\/pruebas.michollo.to\/de\/wp-json\/wp\/v2\/product"}],"about":[{"href":"https:\/\/pruebas.michollo.to\/de\/wp-json\/wp\/v2\/types\/product"}],"replies":[{"embeddable":true,"href":"https:\/\/pruebas.michollo.to\/de\/wp-json\/wp\/v2\/comments?post=16000"}],"wp:featuredmedia":[{"embeddable":true,"href":"https:\/\/pruebas.michollo.to\/de\/wp-json\/wp\/v2\/media\/16004"}],"wp:attachment":[{"href":"https:\/\/pruebas.michollo.to\/de\/wp-json\/wp\/v2\/media?parent=16000"}],"wp:term":[{"taxonomy":"product_brand","embeddable":true,"href":"https:\/\/pruebas.michollo.to\/de\/wp-json\/wp\/v2\/product_brand?post=16000"},{"taxonomy":"product_cat","embeddable":true,"href":"https:\/\/pruebas.michollo.to\/de\/wp-json\/wp\/v2\/product_cat?post=16000"},{"taxonomy":"product_tag","embeddable":true,"href":"https:\/\/pruebas.michollo.to\/de\/wp-json\/wp\/v2\/product_tag?post=16000"}],"curies":[{"name":"wp","href":"https:\/\/api.w.org\/{rel}","templated":true}]}}