{"id":17813,"date":"2025-04-26T14:17:18","date_gmt":"2025-04-26T12:17:18","guid":{"rendered":"https:\/\/www.minandovoy.com\/?post_type=product&#038;p=17813"},"modified":"2026-02-23T13:14:50","modified_gmt":"2026-02-23T12:14:50","slug":"goldshell-e-ae1m","status":"publish","type":"product","link":"https:\/\/pruebas.michollo.to\/de\/produkt\/goldshell-e-ae1m\/","title":{"rendered":"Goldshell E-AE1M"},"content":{"rendered":"<p class=\"\" data-start=\"40\" data-end=\"159\"><span class=\"relative -mx-px my-[-0.2rem] rounded px-px py-[0.2rem] transition-colors duration-100 ease-in-out\">El <strong data-start=\"3\" data-end=\"23\">Goldshell E-AE1M<\/strong> es un minero ASIC de \u00faltima generaci\u00f3n dise\u00f1ado espec\u00edficamente para la miner\u00eda de ALEO, una blockchain de privacidad avanzada que utiliza el algoritmo zkSNARK.<\/span> <span class=\"relative -mx-px my-[-0.2rem] rounded px-px py-[0.2rem] transition-colors duration-100 ease-in-out\">Este dispositivo destaca por su alto rendimiento, eficiencia energ\u00e9tica y dise\u00f1o optimizado para entornos profesionales.<\/span><\/p>\n<p class=\"\" data-start=\"40\" data-end=\"159\"><div class=\"asicminer-widget-container\" style=\"width: 100%; min-height: 300px;\">\n            <iframe id=\"asicminer-widget-8554\" \n                    src=\"https:\/\/pruebas.michollo.to\/wp-content\/themes\/minandovoy\/proxy-widget.php?miner=goldshell\/e-ae1m&#038;type=profit&#038;theme=dark\" \n                    width=\"100%\" \n                    height=\"300\" \n                    frameborder=\"0\"\n                    loading=\"lazy\"\n                    style=\"border: none; overflow: hidden;\"\n                    title=\"ASIC Miner Widget\">\n            <\/iframe>\n        <\/div>\u200b<\/p>\n<hr class=\"\" data-start=\"161\" data-end=\"164\" \/>\n<h3 class=\"\" data-start=\"166\" data-end=\"198\">\ud83d\udd27 Especificaciones T\u00e9cnicas<\/h3>\n<ul data-start=\"200\" data-end=\"925\">\n<li class=\"\" data-start=\"200\" data-end=\"260\">\n<p class=\"\" data-start=\"202\" data-end=\"260\"><strong data-start=\"202\" data-end=\"221\">Hashrate m\u00e1ximo<\/strong>: <span class=\"relative -mx-px my-[-0.2rem] rounded px-px py-[0.2rem] transition-colors duration-100 ease-in-out\">230 MH\/s<\/span><\/p>\n<\/li>\n<li class=\"\" data-start=\"261\" data-end=\"324\">\n<p class=\"\" data-start=\"263\" data-end=\"324\"><strong data-start=\"263\" data-end=\"285\">Consumo energ\u00e9tico<\/strong>: <span class=\"relative -mx-px my-[-0.2rem] rounded px-px py-[0.2rem] transition-colors duration-100 ease-in-out\">2000 W<\/span><\/p>\n<\/li>\n<li class=\"\" data-start=\"325\" data-end=\"391\">\n<p class=\"\" data-start=\"327\" data-end=\"391\"><strong data-start=\"327\" data-end=\"352\">Eficiencia energ\u00e9tica<\/strong>: <span class=\"relative -mx-px my-[-0.2rem] rounded px-px py-[0.2rem] transition-colors duration-100 ease-in-out\">8.696 J\/MH<\/span><\/p>\n<\/li>\n<li class=\"\" data-start=\"392\" data-end=\"451\">\n<p class=\"\" data-start=\"394\" data-end=\"451\"><strong data-start=\"394\" data-end=\"412\">Nivel de ruido<\/strong>: <span class=\"relative -mx-px my-[-0.2rem] rounded px-px py-[0.2rem] transition-colors duration-100 ease-in-out\">45 dB<\/span><\/p>\n<\/li>\n<li class=\"\" data-start=\"452\" data-end=\"521\">\n<p class=\"\" data-start=\"454\" data-end=\"521\"><strong data-start=\"454\" data-end=\"482\">Sistema de refrigeraci\u00f3n<\/strong>: <span class=\"relative -mx-px my-[-0.2rem] rounded px-px py-[0.2rem] transition-colors duration-100 ease-in-out\">2 ventiladores con refrigeraci\u00f3n por aire<\/span><\/p>\n<\/li>\n<li class=\"\" data-start=\"522\" data-end=\"574\">\n<p class=\"\" data-start=\"524\" data-end=\"574\"><strong data-start=\"524\" data-end=\"535\">Formato<\/strong>: <span class=\"relative -mx-px my-[-0.2rem] rounded px-px py-[0.2rem] transition-colors duration-100 ease-in-out\">3U (compatible con racks est\u00e1ndar)<\/span><\/p>\n<\/li>\n<li class=\"\" data-start=\"575\" data-end=\"634\">\n<p class=\"\" data-start=\"577\" data-end=\"634\"><strong data-start=\"577\" data-end=\"593\">Conectividad<\/strong>: <span class=\"relative -mx-px my-[-0.2rem] rounded px-px py-[0.2rem] transition-colors duration-100 ease-in-out\">Ethernet \/ Wi-Fi<\/span><\/p>\n<\/li>\n<li class=\"\" data-start=\"635\" data-end=\"703\">\n<p class=\"\" data-start=\"637\" data-end=\"703\"><strong data-start=\"637\" data-end=\"662\">Temperatura operativa<\/strong>: <span class=\"relative -mx-px my-[-0.2rem] rounded px-px py-[0.2rem] transition-colors duration-100 ease-in-out\">5 \u2013 35\u202f\u00b0C<\/span><\/p>\n<\/li>\n<li class=\"\" data-start=\"704\" data-end=\"768\">\n<p class=\"\" data-start=\"706\" data-end=\"768\"><strong data-start=\"706\" data-end=\"727\">Humedad operativa<\/strong>: <span class=\"relative -mx-px my-[-0.2rem] rounded px-px py-[0.2rem] transition-colors duration-100 ease-in-out\">5 \u2013 65\u202f%<\/span><\/p>\n<\/li>\n<li class=\"\" data-start=\"769\" data-end=\"827\">\n<p class=\"\" data-start=\"771\" data-end=\"827\"><strong data-start=\"771\" data-end=\"786\">Dimensiones<\/strong>: <span class=\"relative -mx-px my-[-0.2rem] rounded px-px py-[0.2rem] transition-colors duration-100 ease-in-out\">443 x 360 x 135 mm<\/span><\/p>\n<\/li>\n<li class=\"\" data-start=\"828\" data-end=\"925\">\n<p class=\"\" data-start=\"830\" data-end=\"925\"><strong data-start=\"830\" data-end=\"838\">Peso<\/strong>: <span class=\"relative -mx-px my-[-0.2rem] rounded px-px py-[0.2rem] transition-colors duration-100 ease-in-out\">15.15\u00a0<\/span><\/p>\n<\/li>\n<\/ul>\n","protected":false},"excerpt":{"rendered":"<p>El Goldshell E-AE1M es un minero ASIC de \u00faltima generaci\u00f3n dise\u00f1ado espec\u00edficamente para la miner\u00eda de ALEO, una blockchain de privacidad avanzada que utiliza el algoritmo zkSNARK. Este dispositivo destaca por su alto rendimiento, eficiencia energ\u00e9tica y dise\u00f1o optimizado para entornos profesionales. \u200b \ud83d\udd27 Especificaciones T\u00e9cnicas Hashrate m\u00e1ximo: 230 MH\/s Consumo energ\u00e9tico: 2000 W Eficiencia [&hellip;]<\/p>\n","protected":false},"featured_media":17814,"comment_status":"open","ping_status":"closed","template":"","meta":[],"product_brand":[],"product_cat":[19],"product_tag":[244,138],"class_list":{"0":"post-17813","1":"product","2":"type-product","3":"status-publish","4":"has-post-thumbnail","6":"product_cat-mineros","7":"product_tag-gme","8":"product_tag-mineros-para-avanzados","10":"first","11":"instock","12":"taxable","13":"shipping-taxable","14":"purchasable","15":"product-type-simple"},"_links":{"self":[{"href":"https:\/\/pruebas.michollo.to\/de\/wp-json\/wp\/v2\/product\/17813","targetHints":{"allow":["GET"]}}],"collection":[{"href":"https:\/\/pruebas.michollo.to\/de\/wp-json\/wp\/v2\/product"}],"about":[{"href":"https:\/\/pruebas.michollo.to\/de\/wp-json\/wp\/v2\/types\/product"}],"replies":[{"embeddable":true,"href":"https:\/\/pruebas.michollo.to\/de\/wp-json\/wp\/v2\/comments?post=17813"}],"wp:featuredmedia":[{"embeddable":true,"href":"https:\/\/pruebas.michollo.to\/de\/wp-json\/wp\/v2\/media\/17814"}],"wp:attachment":[{"href":"https:\/\/pruebas.michollo.to\/de\/wp-json\/wp\/v2\/media?parent=17813"}],"wp:term":[{"taxonomy":"product_brand","embeddable":true,"href":"https:\/\/pruebas.michollo.to\/de\/wp-json\/wp\/v2\/product_brand?post=17813"},{"taxonomy":"product_cat","embeddable":true,"href":"https:\/\/pruebas.michollo.to\/de\/wp-json\/wp\/v2\/product_cat?post=17813"},{"taxonomy":"product_tag","embeddable":true,"href":"https:\/\/pruebas.michollo.to\/de\/wp-json\/wp\/v2\/product_tag?post=17813"}],"curies":[{"name":"wp","href":"https:\/\/api.w.org\/{rel}","templated":true}]}}