{"id":18929,"date":"2025-07-17T13:23:17","date_gmt":"2025-07-17T11:23:17","guid":{"rendered":"https:\/\/www.minandovoy.com\/?post_type=product&#038;p=18929"},"modified":"2026-02-23T13:09:07","modified_gmt":"2026-02-23T12:09:07","slug":"fluminer-l1-pro","status":"publish","type":"product","link":"https:\/\/pruebas.michollo.to\/de\/produkt\/fluminer-l1-pro\/","title":{"rendered":"Fluminer L1 Pro"},"content":{"rendered":"<p>El Fluminer L1 Pro es un minero ASIC dise\u00f1ado para trabajar con el algoritmo Scrypt, orientado espec\u00edficamente a la miner\u00eda de Dogecoin (DOGE) y Litecoin (LTC). Ofrece una tasa de hash m\u00e1xima de 6Gh\/s con un consumo de 1400W, lo que se traduce en una eficiencia energ\u00e9tica de 0.233 julios por megahash (0.233J\/Mh)<\/p>\n<div class=\"asicminer-widget-container\" style=\"width: 100%; min-height: 300px;\">\n            <iframe id=\"asicminer-widget-3635\" \n                    src=\"https:\/\/pruebas.michollo.to\/wp-content\/themes\/minandovoy\/proxy-widget.php?miner=fluminer\/fluminer-l1-pro&#038;type=profit&#038;theme=dark\" \n                    width=\"100%\" \n                    height=\"300\" \n                    frameborder=\"0\"\n                    loading=\"lazy\"\n                    style=\"border: none; overflow: hidden;\"\n                    title=\"ASIC Miner Widget\">\n            <\/iframe>\n        <\/div>\n<h3 class=\"\" data-start=\"166\" data-end=\"198\">\ud83d\udd27 Technische Daten<\/h3>\n<table class=\"w-full\">\n<tbody>\n<tr class=\"odd:bg-transparent even:bg-gray-1 odd:dark:bg-transparent even:dark:bg-black\/80\">\n<td class=\"min-w-40 py-1 pl-2\">Hersteller<\/td>\n<td class=\"pr-2 text-right\">Fluminer<\/td>\n<\/tr>\n<tr class=\"odd:bg-transparent even:bg-gray-1 odd:dark:bg-transparent even:dark:bg-black\/80\">\n<td class=\"min-w-40 py-1 pl-2\">Modell<\/td>\n<td class=\"pr-2 text-right\">L1 Pro<\/td>\n<\/tr>\n<tr class=\"odd:bg-transparent even:bg-gray-1 odd:dark:bg-transparent even:dark:bg-black\/80\">\n<td class=\"min-w-40 py-1 pl-2\">Auch bekannt als<\/td>\n<td class=\"pr-2 text-right\">Fluminer L1 6Gh<\/td>\n<\/tr>\n<tr class=\"odd:bg-transparent even:bg-gray-1 odd:dark:bg-transparent even:dark:bg-black\/80\">\n<td class=\"min-w-40 py-1 pl-2\">Start<\/td>\n<td class=\"pr-2 text-right\">Jun 2025<\/td>\n<\/tr>\n<tr class=\"odd:bg-transparent even:bg-gray-1 odd:dark:bg-transparent even:dark:bg-black\/80\">\n<td class=\"min-w-40 py-1 pl-2\">Tama\u00f1o<\/td>\n<td class=\"pr-2 text-right\">140 x 300 x 450mm<\/td>\n<\/tr>\n<tr class=\"odd:bg-transparent even:bg-gray-1 odd:dark:bg-transparent even:dark:bg-black\/80\">\n<td class=\"min-w-40 py-1 pl-2\">Gewicht<\/td>\n<td class=\"pr-2 text-right\">12800g<\/td>\n<\/tr>\n<tr class=\"odd:bg-transparent even:bg-gray-1 odd:dark:bg-transparent even:dark:bg-black\/80\">\n<td class=\"min-w-40 py-1 pl-2\">Ger\u00e4uschpegel<\/td>\n<td class=\"pr-2 text-right\">45dB<\/td>\n<\/tr>\n<tr class=\"odd:bg-transparent even:bg-gray-1 odd:dark:bg-transparent even:dark:bg-black\/80\">\n<td class=\"min-w-40 py-1 pl-2\">Ventilador(es)<\/td>\n<td class=\"pr-2 text-right\">3<\/td>\n<\/tr>\n<tr class=\"odd:bg-transparent even:bg-gray-1 odd:dark:bg-transparent even:dark:bg-black\/80\">\n<td class=\"min-w-40 py-1 pl-2\">Strom<\/td>\n<td class=\"pr-2 text-right\">1400W<\/td>\n<\/tr>\n<tr class=\"odd:bg-transparent even:bg-gray-1 odd:dark:bg-transparent even:dark:bg-black\/80\">\n<td class=\"min-w-40 py-1 pl-2\">Schnittstelle<\/td>\n<td class=\"pr-2 text-right\">Ethernet \/ Wifi<\/td>\n<\/tr>\n<tr class=\"odd:bg-transparent even:bg-gray-1 odd:dark:bg-transparent even:dark:bg-black\/80\">\n<td class=\"min-w-40 py-1 pl-2\">Temperatur<\/td>\n<td class=\"pr-2 text-right\">5 - 40 \u00b0C<\/td>\n<\/tr>\n<tr class=\"odd:bg-transparent even:bg-gray-1 odd:dark:bg-transparent even:dark:bg-black\/80\">\n<td class=\"min-w-40 py-1 pl-2\">Luftfeuchtigkeit<\/td>\n<td class=\"pr-2 text-right\">5 &#8211; 95 %<\/td>\n<\/tr>\n<\/tbody>\n<\/table>","protected":false},"excerpt":{"rendered":"<p>El Fluminer L1 Pro es un minero ASIC dise\u00f1ado para trabajar con el algoritmo Scrypt, orientado espec\u00edficamente a la miner\u00eda de Dogecoin (DOGE) y Litecoin (LTC). Ofrece una tasa de hash m\u00e1xima de 6Gh\/s con un consumo de 1400W, lo que se traduce en una eficiencia energ\u00e9tica de 0.233 julios por megahash (0.233J\/Mh) \ud83d\udd27 Especificaciones [&hellip;]<\/p>\n","protected":false},"featured_media":18930,"comment_status":"open","ping_status":"closed","template":"","meta":[],"product_brand":[],"product_cat":[19],"product_tag":[244,137],"class_list":{"0":"post-18929","1":"product","2":"type-product","3":"status-publish","4":"has-post-thumbnail","6":"product_cat-mineros","7":"product_tag-gme","8":"product_tag-mineros-para-principiantes","10":"first","11":"instock","12":"taxable","13":"shipping-taxable","14":"purchasable","15":"product-type-simple"},"_links":{"self":[{"href":"https:\/\/pruebas.michollo.to\/de\/wp-json\/wp\/v2\/product\/18929","targetHints":{"allow":["GET"]}}],"collection":[{"href":"https:\/\/pruebas.michollo.to\/de\/wp-json\/wp\/v2\/product"}],"about":[{"href":"https:\/\/pruebas.michollo.to\/de\/wp-json\/wp\/v2\/types\/product"}],"replies":[{"embeddable":true,"href":"https:\/\/pruebas.michollo.to\/de\/wp-json\/wp\/v2\/comments?post=18929"}],"wp:featuredmedia":[{"embeddable":true,"href":"https:\/\/pruebas.michollo.to\/de\/wp-json\/wp\/v2\/media\/18930"}],"wp:attachment":[{"href":"https:\/\/pruebas.michollo.to\/de\/wp-json\/wp\/v2\/media?parent=18929"}],"wp:term":[{"taxonomy":"product_brand","embeddable":true,"href":"https:\/\/pruebas.michollo.to\/de\/wp-json\/wp\/v2\/product_brand?post=18929"},{"taxonomy":"product_cat","embeddable":true,"href":"https:\/\/pruebas.michollo.to\/de\/wp-json\/wp\/v2\/product_cat?post=18929"},{"taxonomy":"product_tag","embeddable":true,"href":"https:\/\/pruebas.michollo.to\/de\/wp-json\/wp\/v2\/product_tag?post=18929"}],"curies":[{"name":"wp","href":"https:\/\/api.w.org\/{rel}","templated":true}]}}