{"id":19542,"date":"2025-10-09T12:08:14","date_gmt":"2025-10-09T10:08:14","guid":{"rendered":"https:\/\/www.minandovoy.com\/?post_type=product&#038;p=19542"},"modified":"2025-10-09T12:08:17","modified_gmt":"2025-10-09T10:08:17","slug":"volcminer-d3-minero-asic-scrypt-20-gh-s-para-doge-ltc","status":"publish","type":"product","link":"https:\/\/pruebas.michollo.to\/de\/produkt\/volcminer-d3-minero-asic-scrypt-20-gh-s-para-doge-ltc\/","title":{"rendered":"VolcMiner D3 \u2013 Minero ASIC Scrypt 20 GH\/s para DOGE \/ LTC"},"content":{"rendered":"<p>El VolcMiner D3 es un equipo ASIC dise\u00f1ado para miner\u00eda bajo el algoritmo Scrypt, optimizado para extraer <strong data-start=\"205\" data-end=\"224\">Dogecoin (DOGE)<\/strong> y <strong data-start=\"227\" data-end=\"245\">Litecoin (LTC)<\/strong> con m\u00e1xima eficiencia. Con una tasa de hash de <strong data-start=\"293\" data-end=\"304\">20 GH\/s<\/strong> y un consumo de <strong data-start=\"321\" data-end=\"332\" data-is-only-node=\"\">3.580 W<\/strong>, el D3 ofrece una eficiencia energ\u00e9tica de <strong data-start=\"376\" data-end=\"390\">0,179 J\/MH<\/strong>. Su dise\u00f1o de doble ventilador, estructura robusta y capacidad para operar en rangos de temperatura entre 5 \u00b0C y 45 \u00b0C lo convierten en una opci\u00f3n ideal para granjas mineras profesionales. Gracias a su conexi\u00f3n Ethernet, integraci\u00f3n sencilla y soporte confiable, este minero est\u00e1 preparado para trabajar 24\/7. Incluye <strong data-start=\"709\" data-end=\"730\">1 a\u00f1o de garant\u00eda<\/strong>.<\/p>\n<p data-start=\"733\" data-end=\"747\">Ficha t\u00e9cnica:<\/p>\n<div class=\"_tableContainer_1rjym_1\">\n<div class=\"group _tableWrapper_1rjym_13 flex w-fit flex-col-reverse\" tabindex=\"-1\">\n<table class=\"w-fit min-w-(--thread-content-width)\" data-start=\"749\" data-end=\"1945\">\n<thead data-start=\"749\" data-end=\"821\">\n<tr data-start=\"749\" data-end=\"821\">\n<th data-start=\"749\" data-end=\"778\" data-col-size=\"sm\">Par\u00e1metro<\/th>\n<th data-start=\"778\" data-end=\"821\" data-col-size=\"sm\">Valor<\/th>\n<\/tr>\n<\/thead>\n<tbody data-start=\"896\" data-end=\"1945\">\n<tr data-start=\"896\" data-end=\"969\">\n<td data-start=\"896\" data-end=\"925\" data-col-size=\"sm\">Tasa de hash (hashrate)<\/td>\n<td data-start=\"925\" data-end=\"969\" data-col-size=\"sm\">20 GH\/s<\/td>\n<\/tr>\n<tr data-start=\"970\" data-end=\"1043\">\n<td data-start=\"970\" data-end=\"999\" data-col-size=\"sm\">Consumo el\u00e9ctrico<\/td>\n<td data-start=\"999\" data-end=\"1043\" data-col-size=\"sm\">3.580 W<\/td>\n<\/tr>\n<tr data-start=\"1044\" data-end=\"1117\">\n<td data-start=\"1044\" data-end=\"1073\" data-col-size=\"sm\">Energie-Effizienz<\/td>\n<td data-start=\"1073\" data-end=\"1117\" data-col-size=\"sm\">0,179 J\/MH<\/td>\n<\/tr>\n<tr data-start=\"1118\" data-end=\"1192\">\n<td data-start=\"1118\" data-end=\"1148\" data-col-size=\"sm\">Algorithmus<\/td>\n<td data-start=\"1148\" data-end=\"1192\" data-col-size=\"sm\">Scrypt<\/td>\n<\/tr>\n<tr data-start=\"1193\" data-end=\"1267\">\n<td data-start=\"1193\" data-end=\"1223\" data-col-size=\"sm\">Criptomoneda dirigida<\/td>\n<td data-start=\"1223\" data-end=\"1267\" data-col-size=\"sm\">Dogecoin (DOGE), Litecoin (LTC)<\/td>\n<\/tr>\n<tr data-start=\"1268\" data-end=\"1343\">\n<td data-start=\"1268\" data-end=\"1298\" data-col-size=\"sm\">Abmessungen<\/td>\n<td data-col-size=\"sm\" data-start=\"1298\" data-end=\"1343\">385 \u00d7 217 \u00d7 316 mm<\/td>\n<\/tr>\n<tr data-start=\"1344\" data-end=\"1418\">\n<td data-start=\"1344\" data-end=\"1374\" data-col-size=\"sm\">Gewicht<\/td>\n<td data-start=\"1374\" data-end=\"1418\" data-col-size=\"sm\">22 kg<\/td>\n<\/tr>\n<tr data-start=\"1419\" data-end=\"1493\">\n<td data-start=\"1419\" data-end=\"1449\" data-col-size=\"sm\">Ger\u00e4uschpegel<\/td>\n<td data-start=\"1449\" data-end=\"1493\" data-col-size=\"sm\">\u2264 75 dB<\/td>\n<\/tr>\n<tr data-start=\"1494\" data-end=\"1568\">\n<td data-start=\"1494\" data-end=\"1524\" data-col-size=\"sm\">Fans<\/td>\n<td data-col-size=\"sm\" data-start=\"1524\" data-end=\"1568\">2 unidades<\/td>\n<\/tr>\n<tr data-start=\"1569\" data-end=\"1643\">\n<td data-start=\"1569\" data-end=\"1599\" data-col-size=\"sm\">Eingangsspannung<\/td>\n<td data-start=\"1599\" data-end=\"1643\" data-col-size=\"sm\">200-300 V AC<\/td>\n<\/tr>\n<tr data-start=\"1644\" data-end=\"1718\">\n<td data-start=\"1644\" data-end=\"1674\" data-col-size=\"sm\">Rango de operaci\u00f3n<\/td>\n<td data-start=\"1674\" data-end=\"1718\" data-col-size=\"sm\">5 - 45 \u00b0C<\/td>\n<\/tr>\n<tr data-start=\"1719\" data-end=\"1793\">\n<td data-start=\"1719\" data-end=\"1749\" data-col-size=\"sm\">Interfaz de conexi\u00f3n<\/td>\n<td data-col-size=\"sm\" data-start=\"1749\" data-end=\"1793\">Ethernet<\/td>\n<\/tr>\n<tr data-start=\"1794\" data-end=\"1869\">\n<td data-start=\"1794\" data-end=\"1825\" data-col-size=\"sm\">B\u00fcrgschaft<\/td>\n<td data-start=\"1825\" data-end=\"1869\" data-col-size=\"sm\">1 a\u00f1o (desde la fecha de env\u00edo)<\/td>\n<\/tr>\n<\/tbody>\n<\/table>\n<\/div>\n<\/div>\n<div id=\"preventa\" style=\"background: #050756; border-left: 6px solid white; color: white; padding: 16px 20px; margin: 20px 0; border-radius: 8px; font-family: revert;\"><strong>\u00a1Reserva exclusiva disponible! \ud83e\udd11<\/strong><br \/>\nReserva con pago parcial<br \/>\nRealiza tu reserva abonando el precio de reserva que indicamos en la web para asegurar tu unidad de Asic. El resto del importe se deber\u00e1 abonar en su totalidad en el momento de la entrega, momento en el que procesaremos el env\u00edo y recibir\u00e1s tu producto.Precio de reserva: el importe indicado como reserva.<br \/>\nPago final: abono del resto del precio al confirmar la entrega.<br \/>\nPlazo de entrega: una vez completado el pago total, recibir\u00e1s tu producto en un plazo de 15 a 20 d\u00edas laborables.Responsabilidad en aduanas: los cargos aduaneros correr\u00e1n a nuestro cargo, pero no nos hacemos responsables de posibles retrasos derivados de los tr\u00e1mites de aduanas.<br \/>\nNota: hasta que no se complete el pago total, el producto no ser\u00e1 expedido ni entregado.<\/div>","protected":false},"excerpt":{"rendered":"<p>El VolcMiner D3 es un equipo ASIC dise\u00f1ado para miner\u00eda bajo el algoritmo Scrypt, optimizado para extraer Dogecoin (DOGE) y Litecoin (LTC) con m\u00e1xima eficiencia. Con una tasa de hash de 20 GH\/s y un consumo de 3.580 W, el D3 ofrece una eficiencia energ\u00e9tica de 0,179 J\/MH. Su dise\u00f1o de doble ventilador, estructura robusta [&hellip;]<\/p>\n","protected":false},"featured_media":19543,"comment_status":"open","ping_status":"closed","template":"","meta":[],"product_brand":[],"product_cat":[19],"product_tag":[245,138,137],"class_list":{"0":"post-19542","1":"product","2":"type-product","3":"status-publish","4":"has-post-thumbnail","6":"product_cat-mineros","7":"product_tag-gmp","8":"product_tag-mineros-para-avanzados","9":"product_tag-mineros-para-principiantes","11":"first","12":"instock","13":"taxable","14":"shipping-taxable","15":"purchasable","16":"product-type-simple"},"_links":{"self":[{"href":"https:\/\/pruebas.michollo.to\/de\/wp-json\/wp\/v2\/product\/19542","targetHints":{"allow":["GET"]}}],"collection":[{"href":"https:\/\/pruebas.michollo.to\/de\/wp-json\/wp\/v2\/product"}],"about":[{"href":"https:\/\/pruebas.michollo.to\/de\/wp-json\/wp\/v2\/types\/product"}],"replies":[{"embeddable":true,"href":"https:\/\/pruebas.michollo.to\/de\/wp-json\/wp\/v2\/comments?post=19542"}],"wp:featuredmedia":[{"embeddable":true,"href":"https:\/\/pruebas.michollo.to\/de\/wp-json\/wp\/v2\/media\/19543"}],"wp:attachment":[{"href":"https:\/\/pruebas.michollo.to\/de\/wp-json\/wp\/v2\/media?parent=19542"}],"wp:term":[{"taxonomy":"product_brand","embeddable":true,"href":"https:\/\/pruebas.michollo.to\/de\/wp-json\/wp\/v2\/product_brand?post=19542"},{"taxonomy":"product_cat","embeddable":true,"href":"https:\/\/pruebas.michollo.to\/de\/wp-json\/wp\/v2\/product_cat?post=19542"},{"taxonomy":"product_tag","embeddable":true,"href":"https:\/\/pruebas.michollo.to\/de\/wp-json\/wp\/v2\/product_tag?post=19542"}],"curies":[{"name":"wp","href":"https:\/\/api.w.org\/{rel}","templated":true}]}}