{"id":19551,"date":"2025-10-09T16:03:53","date_gmt":"2025-10-09T14:03:53","guid":{"rendered":"https:\/\/www.minandovoy.com\/?post_type=product&#038;p=19551"},"modified":"2026-02-23T13:06:41","modified_gmt":"2026-02-23T12:06:41","slug":"bitdeer-sealminer-a3-hydro-minero-asic-sha-256-500-th-s-para-bitcoin","status":"publish","type":"product","link":"https:\/\/pruebas.michollo.to\/de\/produkt\/bitdeer-sealminer-a3-hydro-minero-asic-sha-256-500-th-s-para-bitcoin\/","title":{"rendered":"Bitdeer SealMiner A3 Hydro \u2013 Minero ASIC SHA-256 500 TH\/s para Bitcoin"},"content":{"rendered":"<p data-start=\"97\" data-end=\"850\">Die <strong data-start=\"115\" data-end=\"145\">Bitdeer SealMiner A3 Hydro<\/strong> es un minero ASIC optimizado para el algoritmo <strong data-start=\"193\" data-end=\"204\">SHA-256<\/strong>, ideal para extraer <strong data-start=\"225\" data-end=\"242\">Bitcoin (BTC)<\/strong> con alto rendimiento y eficiencia. Proporciona una tasa de hash de <strong data-start=\"310\" data-end=\"322\">500 TH\/s<\/strong> con un consumo el\u00e9ctrico de <strong data-start=\"351\" data-end=\"362\" data-is-only-node=\"\">6.750 W<\/strong>, alcanzando una eficiencia de <strong data-start=\"393\" data-end=\"406\">13,5 J\/TH<\/strong>. Su sistema de enfriamiento por <strong data-start=\"439\" data-end=\"480\">refrigeraci\u00f3n l\u00edquida (hydro cooling)<\/strong> reduce significativamente el ruido y mejora la estabilidad t\u00e9rmica durante operaciones intensas. Dise\u00f1ado para entornos profesionales, soporta voltajes de entrada <strong data-start=\"644\" data-end=\"657\">380-480 V<\/strong>, funciona en rangos de temperatura de <strong data-start=\"696\" data-end=\"712\">5 \u00b0C a 45 \u00b0C<\/strong> y tolera humedad entre <strong data-start=\"736\" data-end=\"750\">5 % y 95 %<\/strong>. Incluye <strong data-start=\"760\" data-end=\"789\">1 a\u00f1o de garant\u00eda oficial<\/strong> y conexi\u00f3n <strong data-start=\"801\" data-end=\"813\">Ethernet<\/strong> para integraci\u00f3n segura y confiable.<\/p>\n<p data-start=\"852\" data-end=\"866\">Ficha t\u00e9cnica:<\/p>\n<div class=\"_tableContainer_1rjym_1\">\n<div class=\"group _tableWrapper_1rjym_13 flex w-fit flex-col-reverse\" tabindex=\"-1\">\n<table class=\"w-fit min-w-(--thread-content-width)\" data-start=\"868\" data-end=\"1406\">\n<thead data-start=\"868\" data-end=\"889\">\n<tr data-start=\"868\" data-end=\"889\">\n<th data-start=\"868\" data-end=\"880\" data-col-size=\"sm\">Par\u00e1metro<\/th>\n<th data-start=\"880\" data-end=\"889\" data-col-size=\"sm\">Valor<\/th>\n<\/tr>\n<\/thead>\n<tbody data-start=\"900\" data-end=\"1406\">\n<tr data-start=\"900\" data-end=\"938\">\n<td data-start=\"900\" data-end=\"926\" data-col-size=\"sm\">Tasa de hash (hashrate)<\/td>\n<td data-col-size=\"sm\" data-start=\"926\" data-end=\"938\">500 TH\/s<\/td>\n<\/tr>\n<tr data-start=\"939\" data-end=\"970\">\n<td data-start=\"939\" data-end=\"959\" data-col-size=\"sm\">Consumo el\u00e9ctrico<\/td>\n<td data-start=\"959\" data-end=\"970\" data-col-size=\"sm\">6.750 W<\/td>\n<\/tr>\n<tr data-start=\"971\" data-end=\"1008\">\n<td data-start=\"971\" data-end=\"995\" data-col-size=\"sm\">Energie-Effizienz<\/td>\n<td data-start=\"995\" data-end=\"1008\" data-col-size=\"sm\">13,5 J\/TH<\/td>\n<\/tr>\n<tr data-start=\"1009\" data-end=\"1032\">\n<td data-start=\"1009\" data-end=\"1021\" data-col-size=\"sm\">Algorithmus<\/td>\n<td data-start=\"1021\" data-end=\"1032\" data-col-size=\"sm\">SHA-256<\/td>\n<\/tr>\n<tr data-start=\"1033\" data-end=\"1074\">\n<td data-start=\"1033\" data-end=\"1057\" data-col-size=\"sm\">Criptomoneda dirigida<\/td>\n<td data-col-size=\"sm\" data-start=\"1057\" data-end=\"1074\">Bitcoin (BTC)<\/td>\n<\/tr>\n<tr data-start=\"1075\" data-end=\"1110\">\n<td data-start=\"1075\" data-end=\"1089\" data-col-size=\"sm\">Abmessungen<\/td>\n<td data-start=\"1089\" data-end=\"1110\" data-col-size=\"sm\">482 \u00d7 665 \u00d7 86 mm<\/td>\n<\/tr>\n<tr data-start=\"1111\" data-end=\"1129\">\n<td data-start=\"1111\" data-end=\"1118\" data-col-size=\"sm\">Gewicht<\/td>\n<td data-start=\"1118\" data-end=\"1129\" data-col-size=\"sm\">20,5 kg<\/td>\n<\/tr>\n<tr data-start=\"1130\" data-end=\"1156\">\n<td data-start=\"1130\" data-end=\"1147\" data-col-size=\"sm\">Ger\u00e4uschpegel<\/td>\n<td data-col-size=\"sm\" data-start=\"1147\" data-end=\"1156\">50 dB<\/td>\n<\/tr>\n<tr data-start=\"1157\" data-end=\"1201\">\n<td data-start=\"1157\" data-end=\"1172\" data-col-size=\"sm\">Fans<\/td>\n<td data-start=\"1172\" data-end=\"1201\" data-col-size=\"sm\">\u2014 (refrigeraci\u00f3n l\u00edquida)<\/td>\n<\/tr>\n<tr data-start=\"1202\" data-end=\"1236\">\n<td data-start=\"1202\" data-end=\"1223\" data-col-size=\"sm\">Eingangsspannung<\/td>\n<td data-start=\"1223\" data-end=\"1236\" data-col-size=\"sm\">380-480 V<\/td>\n<\/tr>\n<tr data-start=\"1237\" data-end=\"1271\">\n<td data-start=\"1237\" data-end=\"1258\" data-col-size=\"sm\">Rango de operaci\u00f3n<\/td>\n<td data-start=\"1258\" data-end=\"1271\" data-col-size=\"sm\">5 - 45 \u00b0C<\/td>\n<\/tr>\n<tr data-start=\"1272\" data-end=\"1306\">\n<td data-start=\"1272\" data-end=\"1292\" data-col-size=\"sm\">Feuchtigkeit im Betrieb<\/td>\n<td data-start=\"1292\" data-end=\"1306\" data-col-size=\"sm\">5 % \u2013 95 %<\/td>\n<\/tr>\n<tr data-start=\"1307\" data-end=\"1342\">\n<td data-start=\"1307\" data-end=\"1330\" data-col-size=\"sm\">Interfaz de conexi\u00f3n<\/td>\n<td data-start=\"1330\" data-end=\"1342\" data-col-size=\"sm\">Ethernet<\/td>\n<\/tr>\n<tr data-start=\"1343\" data-end=\"1389\">\n<td data-start=\"1343\" data-end=\"1354\" data-col-size=\"sm\">B\u00fcrgschaft<\/td>\n<td data-start=\"1354\" data-end=\"1389\" data-col-size=\"sm\">1 a\u00f1o (desde la fecha de env\u00edo)<\/td>\n<\/tr>\n<\/tbody>\n<\/table>\n<\/div>\n<\/div>\n<div id=\"preventa\" style=\"background: #050756; border-left: 6px solid white; color: white; padding: 16px 20px; margin: 20px 0; border-radius: 8px; font-family: revert;\"><strong>\u00a1Reserva exclusiva disponible! \ud83e\udd11<\/strong><br \/>\nReserva con pago parcial<br \/>\nRealiza tu reserva abonando el precio de reserva que indicamos en la web para asegurar tu unidad de Asic. El resto del importe se deber\u00e1 abonar en su totalidad en el momento de la entrega, momento en el que procesaremos el env\u00edo y recibir\u00e1s tu producto.Precio de reserva: el importe indicado como reserva.<br \/>\nPago final: abono del resto del precio al confirmar la entrega.<br \/>\nPlazo de entrega: una vez completado el pago total, recibir\u00e1s tu producto en un plazo de 15 a 20 d\u00edas laborables.Responsabilidad en aduanas: los cargos aduaneros correr\u00e1n a nuestro cargo, pero no nos hacemos responsables de posibles retrasos derivados de los tr\u00e1mites de aduanas.<br \/>\nNota: hasta que no se complete el pago total, el producto no ser\u00e1 expedido ni entregado.<\/div>","protected":false},"excerpt":{"rendered":"<p>El SealMiner A3 Hydro entrega 500 TH\/s con 6.750 W, eficiencia de 13,5 J\/TH y refrigeraci\u00f3n l\u00edquida, ideal para miner\u00eda profesional de Bitcoin con bajo ruido y alta estabilidad.<\/p>","protected":false},"featured_media":19549,"comment_status":"open","ping_status":"closed","template":"","meta":[],"product_brand":[],"product_cat":[15],"product_tag":[],"class_list":{"0":"post-19551","1":"product","2":"type-product","3":"status-publish","4":"has-post-thumbnail","6":"product_cat-sin-categorizar","8":"first","9":"instock","10":"taxable","11":"shipping-taxable","12":"purchasable","13":"product-type-simple"},"_links":{"self":[{"href":"https:\/\/pruebas.michollo.to\/de\/wp-json\/wp\/v2\/product\/19551","targetHints":{"allow":["GET"]}}],"collection":[{"href":"https:\/\/pruebas.michollo.to\/de\/wp-json\/wp\/v2\/product"}],"about":[{"href":"https:\/\/pruebas.michollo.to\/de\/wp-json\/wp\/v2\/types\/product"}],"replies":[{"embeddable":true,"href":"https:\/\/pruebas.michollo.to\/de\/wp-json\/wp\/v2\/comments?post=19551"}],"wp:featuredmedia":[{"embeddable":true,"href":"https:\/\/pruebas.michollo.to\/de\/wp-json\/wp\/v2\/media\/19549"}],"wp:attachment":[{"href":"https:\/\/pruebas.michollo.to\/de\/wp-json\/wp\/v2\/media?parent=19551"}],"wp:term":[{"taxonomy":"product_brand","embeddable":true,"href":"https:\/\/pruebas.michollo.to\/de\/wp-json\/wp\/v2\/product_brand?post=19551"},{"taxonomy":"product_cat","embeddable":true,"href":"https:\/\/pruebas.michollo.to\/de\/wp-json\/wp\/v2\/product_cat?post=19551"},{"taxonomy":"product_tag","embeddable":true,"href":"https:\/\/pruebas.michollo.to\/de\/wp-json\/wp\/v2\/product_tag?post=19551"}],"curies":[{"name":"wp","href":"https:\/\/api.w.org\/{rel}","templated":true}]}}