{"id":1974,"date":"2023-05-22T06:44:28","date_gmt":"2023-05-22T08:44:28","guid":{"rendered":"https:\/\/www.minandovoy.com\/?post_type=product&#038;p=1974"},"modified":"2025-05-09T14:47:16","modified_gmt":"2025-05-09T12:47:16","slug":"antminer-ks3-8-3t","status":"publish","type":"product","link":"https:\/\/pruebas.michollo.to\/de\/produkt\/antminer-ks3-8-3t\/","title":{"rendered":"Neu Bitmain Antminer KS3 8.3T Bergbau KAS14"},"content":{"rendered":"<p>Bitmain, ein f\u00fchrender Hersteller von Bitcoin-Mining-Ausr\u00fcstung, hat die Einf\u00fchrung seines ersten Miners angek\u00fcndigt, der speziell f\u00fcr die Kryptow\u00e4hrung Kaspa (KAS) entwickelt wurde. Er tr\u00e4gt den Namen Antminer KS3.<\/p>\n<p>Dieses neue Ger\u00e4t erreicht eine Hash-Rate von 8,3 Terahashes pro Sekunde (Th\/s). Die Energieeffizienz ist mit 3.188 W ebenfalls ein Highlight des KS3. Es ist erw\u00e4hnenswert, dass Bitmain, das auch ASIC-Miner f\u00fcr Bitcoin, Litecoin, Ethereum Classic und Zcash herstellt, den Preis des KS3 f\u00fcr das Mining von Kaspa noch nicht bekannt gegeben hat.<\/p>\n<p>Die Einf\u00fchrung von KS3 ist ein wichtiger Meilenstein sowohl f\u00fcr Bitmain als auch f\u00fcr Kaspa. Obwohl Kaspa eine relativ neue Kryptow\u00e4hrung ist, hat sie in sehr kurzer Zeit eine starke Position in der Branche erreicht. Die Hash-Rate von Kaspa hat sich im ersten Quartal 2023 verdreifacht. Gegen Ende des letzten Jahres, nach der Ethereum-Fusion, wurde sie zu einer der profitabelsten Kryptow\u00e4hrungen, die mit Grafikkarten (GPUs) abgebaut werden k\u00f6nnen.<\/p>\n<h3>Was ist Kaspa?<\/h3>\n<p>Kaspa ist eine Kryptow\u00e4hrung, die genau wie Bitcoin und andere beliebte Kryptow\u00e4hrungen auf der Blockchain-Technologie basiert. Als Anf\u00e4nger ist es wichtig zu verstehen, dass eine Kryptow\u00e4hrung eine Art von digitaler W\u00e4hrung ist, die Kryptographie verwendet, um Transaktionen in ihrem Netzwerk zu sichern und zu verifizieren.<\/p>\n<p>Kaspa zeichnet sich als ein Netzwerk aus, das speziell entwickelt wurde, um einige Herausforderungen und Einschr\u00e4nkungen zu bew\u00e4ltigen, die bei anderen Kryptow\u00e4hrungen beobachtet wurden. Eines der Hauptmerkmale von Kaspa ist sein Konsensalgorithmus, genannt kPoW (Kaspa Proof of Work), der die Sicherheit und Zuverl\u00e4ssigkeit des Netzwerks gew\u00e4hrleistet.<\/p>\n<p>Einer der wesentlichen Unterschiede von Kaspa im Vergleich zu anderen Kryptow\u00e4hrungen ist seine F\u00e4higkeit, effizient zu skalieren. Das bedeutet, dass Kaspa in der Lage ist, eine gr\u00f6\u00dfere Anzahl von Transaktionen pro Sekunde zu verarbeiten und effektiver zu wachsen, wenn mehr Nutzer dem Netzwerk beitreten. Diese Skalierbarkeit verbessert die Geschwindigkeit und Effizienz von Transaktionen, was f\u00fcr die breite Akzeptanz von Kryptow\u00e4hrungen von Vorteil sein kann.<\/p>\n<p>Au\u00dferdem gilt Kaspa als dezentralisiertes und quelloffenes Netzwerk, was bedeutet, dass es nicht von einer zentralen Beh\u00f6rde kontrolliert wird und dass jeder Zugang zum Quellcode hat und zur Entwicklung der Plattform beitragen kann.<\/p>\n<p>&nbsp;<\/p>\n<p>&nbsp;<\/p>\n<p>&nbsp;<\/p>","protected":false},"excerpt":{"rendered":"<p>Bitmain, uno de los principales fabricantes de equipos de miner\u00eda de Bitcoin, ha anunciado el lanzamiento de su primer minero dise\u00f1ado espec\u00edficamente para la criptomoneda Kaspa (KAS). Se llama Antminer KS3. Este nuevo dispositivo alcanza una tasa de hash de 8.3 terahashes por segundo (Th\/s). La eficiencia energ\u00e9tica tambi\u00e9n es un aspecto destacado del KS3, [&hellip;]<\/p>\n","protected":false},"featured_media":1975,"comment_status":"open","ping_status":"closed","template":"","meta":[],"product_brand":[],"product_cat":[19],"product_tag":[52,244,245,241,138,139,137],"class_list":{"0":"post-1974","1":"product","2":"type-product","3":"status-publish","4":"has-post-thumbnail","6":"product_cat-mineros","7":"product_tag-asic","8":"product_tag-gme","9":"product_tag-gmp","10":"product_tag-kaspa","11":"product_tag-mineros-para-avanzados","12":"product_tag-mineros-para-expertos","13":"product_tag-mineros-para-principiantes","14":"product_shipping_class-internacional","16":"first","17":"outofstock","18":"sale","19":"taxable","20":"shipping-taxable","21":"purchasable","22":"product-type-simple"},"_links":{"self":[{"href":"https:\/\/pruebas.michollo.to\/de\/wp-json\/wp\/v2\/product\/1974","targetHints":{"allow":["GET"]}}],"collection":[{"href":"https:\/\/pruebas.michollo.to\/de\/wp-json\/wp\/v2\/product"}],"about":[{"href":"https:\/\/pruebas.michollo.to\/de\/wp-json\/wp\/v2\/types\/product"}],"replies":[{"embeddable":true,"href":"https:\/\/pruebas.michollo.to\/de\/wp-json\/wp\/v2\/comments?post=1974"}],"wp:featuredmedia":[{"embeddable":true,"href":"https:\/\/pruebas.michollo.to\/de\/wp-json\/wp\/v2\/media\/1975"}],"wp:attachment":[{"href":"https:\/\/pruebas.michollo.to\/de\/wp-json\/wp\/v2\/media?parent=1974"}],"wp:term":[{"taxonomy":"product_brand","embeddable":true,"href":"https:\/\/pruebas.michollo.to\/de\/wp-json\/wp\/v2\/product_brand?post=1974"},{"taxonomy":"product_cat","embeddable":true,"href":"https:\/\/pruebas.michollo.to\/de\/wp-json\/wp\/v2\/product_cat?post=1974"},{"taxonomy":"product_tag","embeddable":true,"href":"https:\/\/pruebas.michollo.to\/de\/wp-json\/wp\/v2\/product_tag?post=1974"}],"curies":[{"name":"wp","href":"https:\/\/api.w.org\/{rel}","templated":true}]}}