{"id":2648,"date":"2023-10-04T12:18:29","date_gmt":"2023-10-04T14:18:29","guid":{"rendered":"https:\/\/www.minandovoy.com\/?post_type=product&#038;p=2648"},"modified":"2026-02-23T13:53:29","modified_gmt":"2026-02-23T12:53:29","slug":"hosting-en-abu-dabi","status":"publish","type":"product","link":"https:\/\/pruebas.michollo.to\/de\/produkt\/hosting-in-abu-dhabi\/","title":{"rendered":"Abu Dhabi: Ihr sorgloses Bergbau-Hosting (buchen Sie Ihren Platz)"},"content":{"rendered":"<h2 style=\"text-align: left;\">Sorgenfreier Bergbau: Finden Sie heraus, warum Abu Dhabi die richtige Wahl f\u00fcr Ihr Hosting ist<\/h2>\n<p><iframe loading=\"lazy\" title=\"Es ist langweilig, bringt aber $2.800 pro Tag ein\" width=\"500\" height=\"281\" src=\"https:\/\/www.youtube.com\/embed\/EXt_I_Xk0bw?feature=oembed\" frameborder=\"0\" allow=\"accelerometer; autoplay; clipboard-write; encrypted-media; gyroscope; picture-in-picture; web-share\" referrerpolicy=\"strict-origin-when-cross-origin\" allowfullscreen><\/iframe><\/p>\n<h2 style=\"text-align: left;\">Nutzen Sie den Vorteil und sichern Sie sich jetzt einen Platz im besten Hosting! Entdecken Sie unser<br \/>\nexklusiven Einrichtungen in Abu Dhabi und holen Sie das Beste aus Ihrem Bergmann heraus.<\/h2>\n<p>Bei uns werden die Maschinen rund um die Uhr \u00fcberwacht und gewartet. Wir haben spezialisierte Techniker, die alle Maschinenwartungen vor Ort durchf\u00fchren, um Ausfallzeiten zu vermeiden.<br \/>\nDar\u00fcber hinaus sind unsere Einrichtungen rund um die Uhr bewacht.<\/p>\n<p>Holen Sie sich Ihren Slot und sehen Sie selbst, warum dies die erste Wahl f\u00fcr Bergleute ist. Einrichtungen an einem der sichersten Orte der Welt, an dem Sie auch einen unschlagbaren Stromtarif von nur 0,075$ KWh genie\u00dfen k\u00f6nnen.<\/p>\n<p><b>Aufnahmebedingungen in den Vereinigten Arabischen Emiraten\/Abu Dhabi:<\/b><\/p>\n<ul>\n<li><span style=\"color: #0000ff;\">Zu den Versandkosten: <\/span>\u00a0die Versandkosten betragen 300\u20ac.<\/li>\n<\/ul>\n<blockquote><p>\u00a0\"Was ist, wenn Sie bereits Maschinen haben? Wir wissen, dass der Versandprozess f\u00fcr viele Kunden ein Problem darstellen kann. Deshalb haben wir daf\u00fcr gesorgt, dass er f\u00fcr Sie so einfach wie m\u00f6glich ist. Alles, was Sie tun m\u00fcssen, ist, uns eine geeignete Abholadresse mitzuteilen, und wir k\u00fcmmern uns um den Rest!\"<\/p><\/blockquote>\n<ul>\n<li><span style=\"color: #0000ff;\">Kosten des Stromverbrauchs:<\/span> 2 Monate im Voraus f\u00fcr den Stromverbrauch. Was bedeutet das? Die zwei Monate im Voraus werden verwendet, um die Stromkosten in H\u00f6he von 0,075 kw\/ h f\u00fcr jede Maschine zu bezahlen. Bis zum dritten Monat haben Sie also die Energiekosten im Griff.<\/li>\n<li><span style=\"color: #0000ff;\">Kaution mit Erstattung:<\/span> Au\u00dferdem wird eine Kaution von einem Monat gezahlt, die der Kunde am Ende des Vertrags zur\u00fcckerh\u00e4lt. Bei der Vermietung von Wohnungen ist es \u00e4hnlich wie bei der Anmietung eines Hauses, auch hier muss man eine Kaution hinterlegen.<\/li>\n<li><span style=\"color: #0000ff;\">Verwaltung der Rechnungen:<\/span> 60 Euro f\u00fcr die Verwaltung und Administration der Ger\u00e4te. Dies ist eine einmalige Geb\u00fchr pro Jahr.<\/li>\n<li><span style=\"color: #0000ff;\">Installationskosten:<\/span> Diese Kosten werden dem Kunden nur einmal f\u00fcr die Erstinstallation und Wartung des ASIC in Rechnung gestellt.  Die Kosten betragen 81,07 \u20ac.<\/li>\n<\/ul>\n<p><em>Vergessen Sie nicht, dass Sie den Vertrag innerhalb der n\u00e4chsten 15 Tage formalisieren m\u00fcssen, um Ihre Reservierung zu sichern. Wenn Sie das nicht tun, verlieren Sie den Vorschuss.<\/em><\/p>\n<p style=\"text-align: left;\"><strong>Buchen Sie Ihren Platz jetzt zum besten Preis.<\/strong><\/p>\n<p>Um Ihnen alle Vorteile zu zeigen, die wir Ihnen bieten, finden Sie hier einen Vergleich der Stromkosten mit denen in Spanien.<\/p>\n<p>&nbsp;<\/p>\n<table class=\"woocommerce-product-attributes shop_attributes\" style=\"height: 401px;\" width=\"881\">\n<thead>\n<tr>\n<th class=\"woocommerce-product-attributes-item__value\" style=\"text-align: center;\">Modell<\/th>\n<th class=\"woocommerce-product-attributes-item__value\" style=\"text-align: center;\">Leistung (W)<\/th>\n<th class=\"woocommerce-product-attributes-item__value\" style=\"text-align: center;\">Energiekosten Spanien<\/th>\n<th class=\"woocommerce-product-attributes-item__value\" style=\"text-align: center;\">Energiekosten-Hosting<\/th>\n<\/tr>\n<\/thead>\n<tbody>\n<tr>\n<td class=\"woocommerce-product-attributes-item__value\" style=\"text-align: center;\">Bitmain Antminer KS5<\/td>\n<td class=\"woocommerce-product-attributes-item__value\" style=\"text-align: center;\">3000 w<\/td>\n<td class=\"woocommerce-product-attributes-item__value\" style=\"text-align: center;\">258$<\/td>\n<td class=\"woocommerce-product-attributes-item__value\" style=\"text-align: center;\">161$<\/td>\n<\/tr>\n<tr>\n<td class=\"woocommerce-product-attributes-item__value\" style=\"text-align: center;\">Bitmain Antminer KS5 Pro<\/td>\n<td class=\"woocommerce-product-attributes-item__value\" style=\"text-align: center;\">3150 w<\/td>\n<td class=\"woocommerce-product-attributes-item__value\" style=\"text-align: center;\">271$<\/td>\n<td class=\"woocommerce-product-attributes-item__value\" style=\"text-align: center;\">169$<\/td>\n<\/tr>\n<tr>\n<td class=\"woocommerce-product-attributes-item__value\" style=\"text-align: center;\">Bitmain Antminer L7 9.05.<\/td>\n<td class=\"woocommerce-product-attributes-item__value\" style=\"text-align: center;\">3260w<\/td>\n<td class=\"woocommerce-product-attributes-item__value\" style=\"text-align: center;\">282$<\/td>\n<td class=\"woocommerce-product-attributes-item__value\" style=\"text-align: center;\">176$<\/td>\n<\/tr>\n<tr>\n<td class=\"woocommerce-product-attributes-item__value\" style=\"text-align: center;\">Bitmain Antminer s21 200.<\/td>\n<td class=\"woocommerce-product-attributes-item__value\" style=\"text-align: center;\">3550w<\/td>\n<td class=\"woocommerce-product-attributes-item__value\" style=\"text-align: center;\">\u00a0307$<\/td>\n<td class=\"woocommerce-product-attributes-item__value\" style=\"text-align: center;\">192$<\/td>\n<\/tr>\n<\/tbody>\n<\/table>\n<p>&nbsp;<\/p>","protected":false},"excerpt":{"rendered":"<p>Miner\u00eda sin preocupaciones: Descubre por qu\u00e9 Abu Dabi es la elecci\u00f3n ideal para tu hosting \u00a1Aprovecha y hazte ahora con un slot en el mejor hosting! Descubre nuestras exclusivas instalaciones en Abu Dhabi y saca el m\u00e1ximo rendimiento a tu minero. En nuestro hosting,\u00a0 las m\u00e1quinas cuentan con supervisi\u00f3n y servicio 24\/7. Contamos con t\u00e9cnicos\u00a0 [&hellip;]<\/p>\n","protected":false},"featured_media":4352,"comment_status":"open","ping_status":"closed","template":"","meta":[],"product_brand":[],"product_cat":[76],"product_tag":[52],"class_list":{"0":"post-2648","1":"product","2":"type-product","3":"status-publish","4":"has-post-thumbnail","6":"product_cat-servicio-tecnico-de-asic","7":"product_tag-asic","9":"first","10":"instock","11":"virtual","12":"purchasable","13":"product-type-simple"},"_links":{"self":[{"href":"https:\/\/pruebas.michollo.to\/de\/wp-json\/wp\/v2\/product\/2648","targetHints":{"allow":["GET"]}}],"collection":[{"href":"https:\/\/pruebas.michollo.to\/de\/wp-json\/wp\/v2\/product"}],"about":[{"href":"https:\/\/pruebas.michollo.to\/de\/wp-json\/wp\/v2\/types\/product"}],"replies":[{"embeddable":true,"href":"https:\/\/pruebas.michollo.to\/de\/wp-json\/wp\/v2\/comments?post=2648"}],"wp:featuredmedia":[{"embeddable":true,"href":"https:\/\/pruebas.michollo.to\/de\/wp-json\/wp\/v2\/media\/4352"}],"wp:attachment":[{"href":"https:\/\/pruebas.michollo.to\/de\/wp-json\/wp\/v2\/media?parent=2648"}],"wp:term":[{"taxonomy":"product_brand","embeddable":true,"href":"https:\/\/pruebas.michollo.to\/de\/wp-json\/wp\/v2\/product_brand?post=2648"},{"taxonomy":"product_cat","embeddable":true,"href":"https:\/\/pruebas.michollo.to\/de\/wp-json\/wp\/v2\/product_cat?post=2648"},{"taxonomy":"product_tag","embeddable":true,"href":"https:\/\/pruebas.michollo.to\/de\/wp-json\/wp\/v2\/product_tag?post=2648"}],"curies":[{"name":"wp","href":"https:\/\/api.w.org\/{rel}","templated":true}]}}