{"id":2649,"date":"2023-10-04T13:50:57","date_gmt":"2023-10-04T15:50:57","guid":{"rendered":"https:\/\/www.minandovoy.com\/?post_type=product&#038;p=2649"},"modified":"2025-08-21T17:02:27","modified_gmt":"2025-08-21T15:02:27","slug":"antminer-s19j-pro-109-113th","status":"publish","type":"product","link":"https:\/\/pruebas.michollo.to\/de\/produkt\/antminer-s19j-pro-109-113\/","title":{"rendered":"Antminer S19J PRO+109-113Th"},"content":{"rendered":"<p>Neuerscheinung von BITMAIN, der ASIC ANTMINER S19J PRO 117t mit einer Abbauleistung von 117T.<\/p>\n<p>Der Energieverbrauch betr\u00e4gt nur 3218 W\/h.<\/p>\n<p>&nbsp;<\/p>\n<p><b>Was ist Bitmain?<\/b><\/p>\n<p><em>Bitmain<\/em>\u00a0ist ein Unternehmen mit Sitz in Peking, China. Es gilt als eines der wichtigsten Unternehmen in der Kryptow\u00e4hrungsbranche, da es hochwertige Mining-Hardware mit enormen Mining-F\u00e4higkeiten herstellt und technologische Fortschritte erzielt. Es ist der weltweit gr\u00f6\u00dfte Entwickler von <a href=\"https:\/\/www.minandovoy.com\/categoria\/mineros\/\">Ausr\u00fcstung\u00a0<em>ASIC<\/em><\/a>\u00a0f\u00fcr den Bergbau\u00a0<em>Bitcoin<\/em>.<\/p>\n<p>Bitmain ist vor allem f\u00fcr Bitcoin-Hardware bekannt.<\/p>\n<h4><b>Bitmain, die Nr. 1 unter den Chip-Unternehmen.<\/b><\/h4>\n<p><em>Bitmain<\/em>\u00a0ist ein Unternehmen mit Sitz in Peking, China. Es gilt als eines der wichtigsten Unternehmen in der Kryptow\u00e4hrungsbranche, da es hochwertige Mining-Hardware mit enormen Mining-F\u00e4higkeiten herstellt und technologische Fortschritte erzielt. Es ist der weltweit gr\u00f6\u00dfte Entwickler von Kryptow\u00e4hrungs-Mining-Ausr\u00fcstung.\u00a0<em>ASIC<\/em>\u00a0f\u00fcr den Bergbau\u00a0<em>Bitcoin<\/em>.<\/p>\n<p>Bitmain ist vor allem f\u00fcr seine Bitcoin-Hardware bekannt, obwohl das Unternehmen an Projekten interessiert ist, die Solidit\u00e4t in sein Gesch\u00e4ft bringen, wie Ethereum\/Ethereum Classic.<\/p>\n<p>Im April 2021 k\u00fcndigte der gro\u00dfe Hersteller die Einf\u00fchrung einer Ethreum-Mining-Maschine, Antminer E9, an. Dieses wahre Biest hat die Leistung von 25 Nvidia RTX 3080 GPUs.<\/p>\n<p>&nbsp;<\/p>\n<h4>Mining des SHA-256-Algorithmus f\u00fcr den ANTMINER S19J PRO<\/h4>\n<p>SHA-256 Mining bezieht sich auf den Prozess der Validierung von Transaktionen und die Sicherung des Netzwerks mit diesem kryptografischen Hash-Algorithmus. Hier finden Sie einige Informationen \u00fcber SHA-256-Mining:<\/p>\n<ol>\n<li><strong>SHA-256-Hashing-Algorithmus<\/strong>SHA-256 (Secure Hash Algorithm 256-bit) ist ein kryptografischer Algorithmus, der h\u00e4ufig beim Mining von Kryptow\u00e4hrungen, einschlie\u00dflich Bitcoin, verwendet wird. Es handelt sich um einen Algorithmus, der einen 256-Bit-Hash erzeugt, der hohe Sicherheit und Manipulationssicherheit garantiert.<\/li>\n<li><strong>Arbeitsnachweis (Proof-of-Work)<\/strong>Das SHA-256-Mining basiert auf dem Proof-of-Work-Konsens (PoW). Die Miner konkurrieren darum, mit ihrer Rechenleistung ein komplexes mathematisches Problem zu l\u00f6sen, um einen g\u00fcltigen Hash-Wert zu finden, der bestimmte vom Algorithmus festgelegte Anforderungen erf\u00fcllt. Dieser Prozess erfordert eine gro\u00dfe Menge an Energie und Rechenleistung.<\/li>\n<li><strong>Hardware f\u00fcr den Bergbau<\/strong>Das SHA-256-Mining erfordert spezielle Hardware, die so genannten ASICs (Application-Specific Integrated Circuits). Diese Ger\u00e4te sind speziell f\u00fcr die effiziente Durchf\u00fchrung von Hash-Berechnungen konzipiert und verf\u00fcgen im Vergleich zu herk\u00f6mmlichen GPUs oder CPUs \u00fcber eine hohe Rechenleistung.<\/li>\n<li><strong>Bergbau-Pools<\/strong>SHA-256: Aufgrund der zunehmenden Schwierigkeit des SHA-256-Minings und des Wettbewerbs zwischen Minern entscheiden sich viele daf\u00fcr, sich Mining-Pools anzuschlie\u00dfen. Diese Pools erm\u00f6glichen es den Sch\u00fcrfern, ihre Rechenleistung zu b\u00fcndeln und ihre Chancen auf die L\u00f6sung von Bl\u00f6cken und den Erhalt von Belohnungen auf einer regelm\u00e4\u00dfigeren Basis zu erh\u00f6hen. Die Belohnungen werden unter den Poolmitgliedern auf der Grundlage ihres Beitrags zur gesamten Hashing-Leistung des Pools verteilt.<\/li>\n<li><strong>Rentabilit\u00e4t und \u00dcberlegungen<\/strong>Die Rentabilit\u00e4t des SHA-256-Minings h\u00e4ngt von mehreren Faktoren ab, z. B. von den Stromkosten, dem Preis des geminten Tokens, der Schwierigkeit des Netzwerks und der Effizienz der verwendeten Hardware. Das SHA-256-Mining in Netzwerken wie Bitcoin ist hart umk\u00e4mpft und erfordert erhebliche Vorabinvestitionen in Hardware und Strom. Es ist wichtig, eine Kosten-Nutzen-Rechnung durchzuf\u00fchren und die damit verbundenen Kosten zu ber\u00fccksichtigen, bevor man sich auf SHA-256-Mining einl\u00e4sst.<\/li>\n<\/ol>\n<p>&nbsp;<\/p>\n<h4><strong>HAUPTVORTEILE VON BITCOIN<\/strong><\/h4>\n<ol>\n<li>Schnelligkeit: Senden Sie Geld an sich selbst, unabh\u00e4ngig von Betrag und Zielort, in wenigen Minuten.<\/li>\n<li>Kosteng\u00fcnstig: Wenn Sie eine \u00dcberweisung \u00fcber Ihre Bank t\u00e4tigen, kann das eine Menge Geld kosten, bei Bitcoin sind die Kosten kostenlos oder betragen nur wenige Cent.<\/li>\n<li>Global: Sie k\u00f6nnen \u00fcberall auf der Welt senden, es gibt keine Grenzen.<\/li>\n<li>Dezentralisiert: Keine Regierung\/Bank kann es kontrollieren, weder bei der Schaffung noch bei der Verteilung.<\/li>\n<li>Eigentum: Das Geld geh\u00f6rt Ihnen 100%, es kann von niemandem abgegriffen werden, Sie sind Ihre eigene Bank.<\/li>\n<li>Transparent:  Alle Transaktionen sind \u00f6ffentlich, aber immer unter Pseudonymen.<\/li>\n<li>Begrenzte Ausgabe: Niemand kann Tausende von Bitcoins generieren, nur weil er Lust dazu hat, sie erscheinen dank Mining.<\/li>\n<li>Privat: Bitcoin versucht, die Privatsph\u00e4re in hohem Ma\u00dfe zu sch\u00fctzen, obwohl es nicht v\u00f6llig anonym ist und daran arbeitet, es zu sein.<\/li>\n<\/ol>","protected":false},"excerpt":{"rendered":"<p>Nuevo lanzamiento de BITMAIN, el ASIC ANTMINER S19J PRO 117t con una potencia de minado de 117T . El consumo de energ\u00eda es de solo 3218 w\/h. &nbsp; \u00bfQu\u00e9 es Bitmain? Bitmain\u00a0es una compa\u00f1\u00eda con sede en Beijing, China. Es considerada una de las compa\u00f1\u00edas m\u00e1s importantes en la industria de criptomonedas al generar hardware [&hellip;]<\/p>\n","protected":false},"featured_media":1267,"comment_status":"open","ping_status":"closed","template":"","meta":[],"product_brand":[],"product_cat":[19],"product_tag":[244,138,137,49],"class_list":{"0":"post-2649","1":"product","2":"type-product","3":"status-publish","4":"has-post-thumbnail","6":"product_cat-mineros","7":"product_tag-gme","8":"product_tag-mineros-para-avanzados","9":"product_tag-mineros-para-principiantes","10":"product_tag-preorder","12":"first","13":"outofstock","14":"taxable","15":"shipping-taxable","16":"purchasable","17":"product-type-variable","18":"has-default-attributes"},"_links":{"self":[{"href":"https:\/\/pruebas.michollo.to\/de\/wp-json\/wp\/v2\/product\/2649","targetHints":{"allow":["GET"]}}],"collection":[{"href":"https:\/\/pruebas.michollo.to\/de\/wp-json\/wp\/v2\/product"}],"about":[{"href":"https:\/\/pruebas.michollo.to\/de\/wp-json\/wp\/v2\/types\/product"}],"replies":[{"embeddable":true,"href":"https:\/\/pruebas.michollo.to\/de\/wp-json\/wp\/v2\/comments?post=2649"}],"wp:featuredmedia":[{"embeddable":true,"href":"https:\/\/pruebas.michollo.to\/de\/wp-json\/wp\/v2\/media\/1267"}],"wp:attachment":[{"href":"https:\/\/pruebas.michollo.to\/de\/wp-json\/wp\/v2\/media?parent=2649"}],"wp:term":[{"taxonomy":"product_brand","embeddable":true,"href":"https:\/\/pruebas.michollo.to\/de\/wp-json\/wp\/v2\/product_brand?post=2649"},{"taxonomy":"product_cat","embeddable":true,"href":"https:\/\/pruebas.michollo.to\/de\/wp-json\/wp\/v2\/product_cat?post=2649"},{"taxonomy":"product_tag","embeddable":true,"href":"https:\/\/pruebas.michollo.to\/de\/wp-json\/wp\/v2\/product_tag?post=2649"}],"curies":[{"name":"wp","href":"https:\/\/api.w.org\/{rel}","templated":true}]}}