{"id":2719,"date":"2023-10-23T14:10:52","date_gmt":"2023-10-23T16:10:52","guid":{"rendered":"https:\/\/www.minandovoy.com\/?post_type=product&#038;p=2719"},"modified":"2025-05-09T14:47:09","modified_gmt":"2025-05-09T12:47:09","slug":"jasminer-x-16-q-wifi-2","status":"publish","type":"product","link":"https:\/\/pruebas.michollo.to\/de\/produkt\/jasminer-x-16-q-wifi-2\/","title":{"rendered":"Juni Jasminer X-16 P WiFi Batch!"},"content":{"rendered":"<p>Jasminer X-16 P WiFi.<\/p>\n<p>Sie hat eine Abbauleistung von \u00a0<b>5,8Gh\/s<\/b>Verbrauch von 1900W\/h<\/p>\n<p>&nbsp;<\/p>\n<h2><b>M\u00fcnzen, die Sie mit Jasminer X-16 P WiFi abbauen k\u00f6nnen:<\/b><\/h2>\n<p>Wir haben es \u00fcbersichtlich dargestellt, so dass Sie es ohne Komplikationen verstehen k\u00f6nnen. Unten sehen Sie die wichtigsten W\u00e4hrungen f\u00fcr den Algorithmus <a href=\"https:\/\/www.minandovoy.com\/tienda\/?algoritmos=ethash\">EtHash<\/a><\/p>\n<ul>\n<li>Ethereum Klassisch (ETC)<\/li>\n<li>Musicoin (MUSIC)<\/li>\n<li>Ubiq (UBQ)<\/li>\n<\/ul>\n<p>&nbsp;<\/p>\n<p><strong>Ethereum classic vs. Ethereum:<\/strong><br \/>\nDiese Kryptow\u00e4hrung wurde im Juli 2016 eingef\u00fchrt und dient in erster Linie als Netzwerk f\u00fcr<br \/>\nSmart Contracts, mit der M\u00f6glichkeit, Dapps zu speichern und zu unterst\u00fctzen.<br \/>\nSeit der Einf\u00fchrung dieser Kryptow\u00e4hrung hat sie versucht, sich von ihrem gro\u00dfen Bruder zu unterscheiden, da sie<br \/>\ndass sie sich zum Ziel gesetzt hat, die Integrit\u00e4t der bestehenden ETH-Blockchain zu bewahren.<\/p>\n<p>&nbsp;<\/p>\n<p>Klicken Sie hier\u00a0<a href=\"https:\/\/www.youtube.com\/watch?v=BtF49i6Glnc\" target=\"_blank\" rel=\"noopener\">hier<\/a>\u00a0den Unterschied zwischen einem ASIC und einem RIG zu kennen.<\/p>","protected":false},"excerpt":{"rendered":"<p>Jasminer X-16 P WiFi. Tiene una potencia de minado de \u00a05.8Gh\/s, un consumo de 1900W\/h &nbsp; Monedas que puedes minar con Jasminer X-16 P WiFi: Lo ponemos de forma clara para que puedas entenderlo sin complicaciones. A continuaci\u00f3n se puede ver las monedas m\u00e1s importantes para el algoritmo EtHash Ethereum Classic (ETC) Musicoin (MUSIC) Ubiq [&hellip;]<\/p>\n","protected":false},"featured_media":3129,"comment_status":"open","ping_status":"closed","template":"","meta":[],"product_brand":[],"product_cat":[19],"product_tag":[244,138],"class_list":{"0":"post-2719","1":"product","2":"type-product","3":"status-publish","4":"has-post-thumbnail","6":"product_cat-mineros","7":"product_tag-gme","8":"product_tag-mineros-para-avanzados","10":"first","11":"outofstock","12":"taxable","13":"shipping-taxable","14":"purchasable","15":"product-type-simple"},"_links":{"self":[{"href":"https:\/\/pruebas.michollo.to\/de\/wp-json\/wp\/v2\/product\/2719","targetHints":{"allow":["GET"]}}],"collection":[{"href":"https:\/\/pruebas.michollo.to\/de\/wp-json\/wp\/v2\/product"}],"about":[{"href":"https:\/\/pruebas.michollo.to\/de\/wp-json\/wp\/v2\/types\/product"}],"replies":[{"embeddable":true,"href":"https:\/\/pruebas.michollo.to\/de\/wp-json\/wp\/v2\/comments?post=2719"}],"wp:featuredmedia":[{"embeddable":true,"href":"https:\/\/pruebas.michollo.to\/de\/wp-json\/wp\/v2\/media\/3129"}],"wp:attachment":[{"href":"https:\/\/pruebas.michollo.to\/de\/wp-json\/wp\/v2\/media?parent=2719"}],"wp:term":[{"taxonomy":"product_brand","embeddable":true,"href":"https:\/\/pruebas.michollo.to\/de\/wp-json\/wp\/v2\/product_brand?post=2719"},{"taxonomy":"product_cat","embeddable":true,"href":"https:\/\/pruebas.michollo.to\/de\/wp-json\/wp\/v2\/product_cat?post=2719"},{"taxonomy":"product_tag","embeddable":true,"href":"https:\/\/pruebas.michollo.to\/de\/wp-json\/wp\/v2\/product_tag?post=2719"}],"curies":[{"name":"wp","href":"https:\/\/api.w.org\/{rel}","templated":true}]}}