{"id":2780,"date":"2023-11-03T08:14:01","date_gmt":"2023-11-03T10:14:01","guid":{"rendered":"https:\/\/www.minandovoy.com\/?post_type=product&#038;p=2780"},"modified":"2025-05-09T14:47:08","modified_gmt":"2025-05-09T12:47:08","slug":"iceriver-kas-ks3-8th-s","status":"publish","type":"product","link":"https:\/\/pruebas.michollo.to\/de\/produkt\/iceriver-kas-ks3-ks3-8-s\/","title":{"rendered":"ICERIVER KAS KS3 8 TH\/S Gebraucht"},"content":{"rendered":"<p>Der ASIC, IceRiver KS3 8.2 TH\/s, ist ein spezielles Ger\u00e4t f\u00fcr das Mining von Kryptow\u00e4hrungen, das speziell f\u00fcr das Mining von Kaspa oder anderen Kryptow\u00e4hrungen mit dem kHeavyHash-Algorithmus entwickelt wurde. Das Paket enth\u00e4lt ein IceRiver PSU-Netzteil.<\/p>\n<p>Im Folgenden sind einige wichtige Merkmale des ASIC aufgef\u00fchrt:<\/p>\n<ul>\n<li>Ger\u00e4uschpegel: Dieser Kaspa Mining ASIC ist f\u00fcr den Heimgebrauch konzipiert und erzeugt mit nur 70 dB keinen nennenswerten L\u00e4rm.<\/li>\n<li>Stromverbrauch: Der Stromverbrauch dieses ASIC ist sehr niedrig, so dass er sich f\u00fcr den Hausgebrauch eignet. Es wird empfohlen, einen Haushaltsstromtarif zu verwenden.<\/li>\n<\/ul>\n<p><strong>Merkmale des Bergmanns:<\/strong><\/p>\n<table class=\"woocommerce-product-attributes shop_attributes\">\n<tbody>\n<tr class=\"woocommerce-product-attributes-item woocommerce-product-attributes-item--attribute_kas-hashrate\">\n<th class=\"woocommerce-product-attributes-item__label\">KAS Hashrate<\/th>\n<td class=\"woocommerce-product-attributes-item__value\">\u00a08,2 TH\/S(\u00b110%)<\/td>\n<\/tr>\n<tr class=\"woocommerce-product-attributes-item woocommerce-product-attributes-item--attribute_wall-power\">\n<th class=\"woocommerce-product-attributes-item__label\">Strom<\/th>\n<td class=\"woocommerce-product-attributes-item__value\">3200W\/h(\u00b110%)<\/td>\n<\/tr>\n<tr class=\"woocommerce-product-attributes-item woocommerce-product-attributes-item--attribute_specifications\">\n<th class=\"woocommerce-product-attributes-item__label\">Hashrate-zu-Leistung-Verh\u00e4ltnis<\/th>\n<td class=\"woocommerce-product-attributes-item__value\">8TH 3200W<\/td>\n<\/tr>\n<tr class=\"woocommerce-product-attributes-item woocommerce-product-attributes-item--attribute_dimensionwith-packaging\">\n<th class=\"woocommerce-product-attributes-item__label\">Abmessungen (mit Verpackung)<\/th>\n<td class=\"woocommerce-product-attributes-item__value\">490\u00d7300\u00d7400(mm)<\/td>\n<\/tr>\n<tr class=\"woocommerce-product-attributes-item woocommerce-product-attributes-item--attribute_dimension\">\n<th class=\"woocommerce-product-attributes-item__label\">Abmessungen<\/th>\n<td class=\"woocommerce-product-attributes-item__value\">370\u00d7195\u00d7290(mm)<\/td>\n<\/tr>\n<tr class=\"woocommerce-product-attributes-item woocommerce-product-attributes-item--attribute_gross-weight\">\n<th class=\"woocommerce-product-attributes-item__label\">Gewicht<\/th>\n<td class=\"woocommerce-product-attributes-item__value\">17,6 kg<\/td>\n<\/tr>\n<tr class=\"woocommerce-product-attributes-item woocommerce-product-attributes-item--attribute_net-weight\">\n<th class=\"woocommerce-product-attributes-item__label\">Nettogewicht<\/th>\n<td class=\"woocommerce-product-attributes-item__value\">14,7 kg<\/td>\n<\/tr>\n<tr class=\"woocommerce-product-attributes-item woocommerce-product-attributes-item--attribute_connection\">\n<th class=\"woocommerce-product-attributes-item__label\">Verbindung<\/th>\n<td class=\"woocommerce-product-attributes-item__value\">ethernet<\/td>\n<\/tr>\n<tr class=\"woocommerce-product-attributes-item woocommerce-product-attributes-item--attribute_voltage-input\">\n<th class=\"woocommerce-product-attributes-item__label\">Eingangsspannung<\/th>\n<td class=\"woocommerce-product-attributes-item__value\">170-300V AC<\/td>\n<\/tr>\n<tr class=\"woocommerce-product-attributes-item woocommerce-product-attributes-item--attribute_operating-temp\">\n<th class=\"woocommerce-product-attributes-item__label\">Betriebstemperatur<\/th>\n<td class=\"woocommerce-product-attributes-item__value\">0~35 \u2103<\/td>\n<\/tr>\n<\/tbody>\n<\/table>\n<h3>Was ist Kaspa?<\/h3>\n<p>Kaspa ist eine Kryptow\u00e4hrung, die genau wie Bitcoin und andere beliebte Kryptow\u00e4hrungen auf der Blockchain-Technologie basiert. Als Anf\u00e4nger ist es wichtig zu verstehen, dass eine Kryptow\u00e4hrung eine Art von digitaler W\u00e4hrung ist, die Kryptographie verwendet, um Transaktionen in ihrem Netzwerk zu sichern und zu verifizieren.<\/p>\n<p>Kaspa zeichnet sich als ein Netzwerk aus, das speziell entwickelt wurde, um einige Herausforderungen und Einschr\u00e4nkungen zu bew\u00e4ltigen, die bei anderen Kryptow\u00e4hrungen beobachtet wurden. Eines der Hauptmerkmale von Kaspa ist sein Konsensalgorithmus, genannt kPoW (Kaspa Proof of Work), der die Sicherheit und Zuverl\u00e4ssigkeit des Netzwerks gew\u00e4hrleistet.<\/p>\n<p>Einer der wesentlichen Unterschiede von Kaspa im Vergleich zu anderen Kryptow\u00e4hrungen ist seine F\u00e4higkeit, effizient zu skalieren. Das bedeutet, dass Kaspa in der Lage ist, eine gr\u00f6\u00dfere Anzahl von Transaktionen pro Sekunde zu verarbeiten und effektiver zu wachsen, wenn mehr Nutzer dem Netzwerk beitreten. Diese Skalierbarkeit verbessert die Geschwindigkeit und Effizienz von Transaktionen, was f\u00fcr die breite Akzeptanz von Kryptow\u00e4hrungen von Vorteil sein kann.<\/p>\n<p>Au\u00dferdem gilt Kaspa als dezentralisiertes und quelloffenes Netzwerk, was bedeutet, dass es nicht von einer zentralen Beh\u00f6rde kontrolliert wird und dass jeder Zugang zum Quellcode hat und zur Entwicklung der Plattform beitragen kann.<\/p>","protected":false},"excerpt":{"rendered":"<p>El ASIC, IceRiver KS3 8.2\u00a0 TH\/s, es un dispositivo especializado en la miner\u00eda de criptomonedas, dise\u00f1ado espec\u00edficamente para minar Kaspa u otras criptomonedas que utilizan el algoritmo kHeavyHash. El paquete incluye una fuente de alimentaci\u00f3n PSU IceRiver. A continuaci\u00f3n, se detallan algunas caracter\u00edsticas relevantes del ASIC: Nivel de ruido: Este ASIC de miner\u00eda de Kaspa [&hellip;]<\/p>\n","protected":false},"featured_media":2491,"comment_status":"open","ping_status":"closed","template":"","meta":[],"product_brand":[],"product_cat":[19],"product_tag":[244,138],"class_list":{"0":"post-2780","1":"product","2":"type-product","3":"status-publish","4":"has-post-thumbnail","6":"product_cat-mineros","7":"product_tag-gme","8":"product_tag-mineros-para-avanzados","10":"first","11":"outofstock","12":"featured","13":"taxable","14":"shipping-taxable","15":"purchasable","16":"product-type-simple"},"_links":{"self":[{"href":"https:\/\/pruebas.michollo.to\/de\/wp-json\/wp\/v2\/product\/2780","targetHints":{"allow":["GET"]}}],"collection":[{"href":"https:\/\/pruebas.michollo.to\/de\/wp-json\/wp\/v2\/product"}],"about":[{"href":"https:\/\/pruebas.michollo.to\/de\/wp-json\/wp\/v2\/types\/product"}],"replies":[{"embeddable":true,"href":"https:\/\/pruebas.michollo.to\/de\/wp-json\/wp\/v2\/comments?post=2780"}],"wp:featuredmedia":[{"embeddable":true,"href":"https:\/\/pruebas.michollo.to\/de\/wp-json\/wp\/v2\/media\/2491"}],"wp:attachment":[{"href":"https:\/\/pruebas.michollo.to\/de\/wp-json\/wp\/v2\/media?parent=2780"}],"wp:term":[{"taxonomy":"product_brand","embeddable":true,"href":"https:\/\/pruebas.michollo.to\/de\/wp-json\/wp\/v2\/product_brand?post=2780"},{"taxonomy":"product_cat","embeddable":true,"href":"https:\/\/pruebas.michollo.to\/de\/wp-json\/wp\/v2\/product_cat?post=2780"},{"taxonomy":"product_tag","embeddable":true,"href":"https:\/\/pruebas.michollo.to\/de\/wp-json\/wp\/v2\/product_tag?post=2780"}],"curies":[{"name":"wp","href":"https:\/\/api.w.org\/{rel}","templated":true}]}}