{"id":2925,"date":"2023-11-29T12:53:29","date_gmt":"2023-11-29T14:53:29","guid":{"rendered":"https:\/\/www.minandovoy.com\/?post_type=product&#038;p=2925"},"modified":"2025-05-09T14:47:08","modified_gmt":"2025-05-09T12:47:08","slug":"futurebit-apollo-btc-miner-nvme-de-1-tb-fuente-de-alimentacion-de-200-w","status":"publish","type":"product","link":"https:\/\/pruebas.michollo.to\/de\/produkt\/futurebit-apollo-btc-miner-nvme-1-tb-200w-netzteil\/","title":{"rendered":"FutureBit Apollo BTC Miner NVME 1 TB + 200W-Netzteil"},"content":{"rendered":"<div id=\"productDescription_feature_div\" class=\"celwidget\" data-feature-name=\"productDescription\" data-csa-c-type=\"widget\" data-csa-c-content-id=\"productDescription\" data-csa-c-slot-id=\"productDescription_feature_div\" data-csa-c-asin=\"\" data-csa-c-is-in-initial-active-row=\"false\" data-csa-c-id=\"301oc7-ufwqa3-t8i3fn-w7clwj\" data-cel-widget=\"productDescription_feature_div\">\n<div>\n<div id=\"productDescription_feature_div\" class=\"a-row feature\" data-feature-name=\"productDescription\" data-template-name=\"productDescription\" data-cel-widget=\"productDescription_feature_div\">\n<div id=\"productDescription\" class=\"a-section a-spacing-small\">\n<p>Wir pr\u00e4sentieren die <strong>sechs FutureBit Apollo BTC CPU-Kerne.<\/strong> 44 ASIC-Kerne.<\/p>\n<p>1TB NVMe-basierte SSD. Leise. Weniger als 200 Watt Leistung. Hergestellt in den USA.<\/p>\n<p>So sieht die Zukunft von Bitcoin aus. <strong>FutureBit Apollo BTC<\/strong> ist die weltweit erste vertikal integrierte Plattform, die die volle Leistung von Bitcoin und seiner Mining-Infrastruktur in ein kleines, leises und einfach zu bedienendes Desktop-Ger\u00e4t f\u00fcr den Alltag bringt.<\/p>\n<p>Wir haben unser erstes Apollo-Produkt iteriert und viel daraus gelernt. Wir haben fr\u00fch erkannt, dass wir uns zu sehr auf den Mining-Aspekt konzentriert haben und nicht genug auf die Software, Anwendungen und Dienste, die Bitcoin betreiben.<\/p>\n<p>Zu viele dieser Dienste sind auf zentralisierte Online-Websites verlagert worden, und viele Nutzer haben es aufgegeben, die Kernsoftware zu betreiben, die Bitcoin antreibt. Das muss sich \u00e4ndern, denn Bitcoin wird nicht das freie, unzensierbare, dezentralisierte System bleiben, das es heute ist, wenn nur einige wenige das Mining kontrollieren, das es antreibt, und die Knoten, die es kontrollieren.<\/p>\n<p>Das Herzst\u00fcck des neuen Apollo BTC-Produkts ist ein \u00fcberarbeiteter SBC (Einplatinencomputer), der so leistungsf\u00e4hig ist wie ein normales Desktop-System und fast jede Bitcoin-Anwendung rund um die Uhr nativ auf dem Ger\u00e4t ausf\u00fchren kann. Nehmen Sie es aus der Verpackung, schlie\u00dfen Sie es an, schalten Sie es ein, und Sie betreiben einen vollst\u00e4ndigen Bitcoin-Knoten, ohne etwas tun zu m\u00fcssen. Installieren Sie eine Wallet Ihrer Wahl, verwenden Sie eine beliebige Hardware-Wallet, lassen Sie BTCPayServer laufen, starten Sie einen Block-Explorer, betreiben Sie einen Lightning-Node.<\/p>\n<p>All dies ist mit unserer ARM-basierten Sechskern-CPU mit 4 GB RAM und einem 1 TB gro\u00dfen NVMe-Laufwerk m\u00f6glich, das problemlos einen ganzen Bitcoin-Knoten ohne Beschneidung speichern kann.<\/p>\n<p>Er kann eine vollst\u00e4ndige Node-Synchronisierung in weniger als 48 Stunden durchf\u00fchren, was einen Rekord f\u00fcr ein Ger\u00e4t seiner Klasse darstellt. Dies ist fast eine Gr\u00f6\u00dfenordnung schneller als jeder Raspberry Pi 4-basierte Knoten.<\/p>\n<\/div>\n<\/div>\n<\/div>\n<\/div>\n<div id=\"aplus_feature_div\" class=\"celwidget\" data-feature-name=\"aplus\" data-csa-c-type=\"widget\" data-csa-c-content-id=\"aplus\" data-csa-c-slot-id=\"aplus_feature_div\" data-csa-c-asin=\"\" data-csa-c-is-in-initial-active-row=\"false\" data-csa-c-id=\"269kgc-k3i453-bjxpo5-ksd19n\" data-cel-widget=\"aplus_feature_div\"><\/div>\n<div id=\"aplusBrandStory_feature_div\" class=\"celwidget\" data-feature-name=\"aplusBrandStory\" data-csa-c-type=\"widget\" data-csa-c-content-id=\"aplusBrandStory\" data-csa-c-slot-id=\"aplusBrandStory_feature_div\" data-csa-c-asin=\"\" data-csa-c-is-in-initial-active-row=\"false\" data-csa-c-id=\"48rwt5-qcnl12-vi10ap-gman6e\" data-cel-widget=\"aplusBrandStory_feature_div\"><\/div>\n<div id=\"aplusSustainabilityStory_feature_div\" class=\"celwidget\" data-feature-name=\"aplusSustainabilityStory\" data-csa-c-type=\"widget\" data-csa-c-content-id=\"aplusSustainabilityStory\" data-csa-c-slot-id=\"aplusSustainabilityStory_feature_div\" data-csa-c-asin=\"\" data-csa-c-is-in-initial-active-row=\"false\" data-csa-c-id=\"xath24-quwf56-9wtc36-kqcyjy\" data-cel-widget=\"aplusSustainabilityStory_feature_div\"><\/div>\n<div id=\"HLCXComparisonWidget_Secondary_wdgs_feature_div\" class=\"celwidget\" data-feature-name=\"HLCXComparisonWidget_Secondary_wdgs\" data-csa-c-type=\"widget\" data-csa-c-content-id=\"HLCXComparisonWidget_Secondary_wdgs\" data-csa-c-slot-id=\"HLCXComparisonWidget_Secondary_wdgs_feature_div\" data-csa-c-asin=\"\" data-csa-c-is-in-initial-active-row=\"false\" data-csa-c-id=\"7y0agd-wh1flx-p8memw-dh0l6o\" data-cel-widget=\"HLCXComparisonWidget_Secondary_wdgs_feature_div\"><\/div>\n<div id=\"importantInformation_feature_div\" class=\"celwidget\" data-feature-name=\"importantInformation\" data-csa-c-type=\"widget\" data-csa-c-content-id=\"importantInformation\" data-csa-c-slot-id=\"importantInformation_feature_div\" data-csa-c-asin=\"\" data-csa-c-is-in-initial-active-row=\"false\" data-csa-c-id=\"ggbbkt-b9043f-c6br0x-j0xdx\" data-cel-widget=\"importantInformation_feature_div\">\n<div class=\"a-divider a-divider-section\"><\/div>\n<\/div>","protected":false},"excerpt":{"rendered":"<p>Presentamos los seis n\u00facleos de CPU FutureBit Apollo BTC. 44 n\u00facleos ASIC. Unidad SSD basada en NVMe de 1 TB. Silencioso. Menos de 200 vatios de potencia. Fabricado en los Estados Unidos. As\u00ed es como se ve el futuro de Bitcoin. FutureBit Apollo BTC es la primera plataforma integrada verticalmente del mundo que trae toda [&hellip;]<\/p>\n","protected":false},"featured_media":2929,"comment_status":"open","ping_status":"closed","template":"","meta":[],"product_brand":[],"product_cat":[15],"product_tag":[],"class_list":{"0":"post-2925","1":"product","2":"type-product","3":"status-publish","4":"has-post-thumbnail","6":"product_cat-sin-categorizar","8":"first","9":"outofstock","10":"taxable","11":"shipping-taxable","12":"purchasable","13":"product-type-simple"},"_links":{"self":[{"href":"https:\/\/pruebas.michollo.to\/de\/wp-json\/wp\/v2\/product\/2925","targetHints":{"allow":["GET"]}}],"collection":[{"href":"https:\/\/pruebas.michollo.to\/de\/wp-json\/wp\/v2\/product"}],"about":[{"href":"https:\/\/pruebas.michollo.to\/de\/wp-json\/wp\/v2\/types\/product"}],"replies":[{"embeddable":true,"href":"https:\/\/pruebas.michollo.to\/de\/wp-json\/wp\/v2\/comments?post=2925"}],"wp:featuredmedia":[{"embeddable":true,"href":"https:\/\/pruebas.michollo.to\/de\/wp-json\/wp\/v2\/media\/2929"}],"wp:attachment":[{"href":"https:\/\/pruebas.michollo.to\/de\/wp-json\/wp\/v2\/media?parent=2925"}],"wp:term":[{"taxonomy":"product_brand","embeddable":true,"href":"https:\/\/pruebas.michollo.to\/de\/wp-json\/wp\/v2\/product_brand?post=2925"},{"taxonomy":"product_cat","embeddable":true,"href":"https:\/\/pruebas.michollo.to\/de\/wp-json\/wp\/v2\/product_cat?post=2925"},{"taxonomy":"product_tag","embeddable":true,"href":"https:\/\/pruebas.michollo.to\/de\/wp-json\/wp\/v2\/product_tag?post=2925"}],"curies":[{"name":"wp","href":"https:\/\/api.w.org\/{rel}","templated":true}]}}