{"id":303,"date":"2022-10-16T04:24:23","date_gmt":"2022-10-16T06:24:23","guid":{"rendered":"https:\/\/pruebas.michollo.to\/producto\/antminer-ka3\/"},"modified":"2026-02-23T13:19:37","modified_gmt":"2026-02-23T12:19:37","slug":"antminer-ka3","status":"publish","type":"product","link":"https:\/\/pruebas.michollo.to\/de\/produkt\/ameisenminen-ka3\/","title":{"rendered":"Ameisenminer KA3 (166 Th)"},"content":{"rendered":"<p>Mit dem neuen Antminer KA3 \u00fcberholt Bitmain die gesamte Konkurrenz und positioniert sich auf dem Podium als einer der profitabelsten Asics.<\/p>\n<p>Der Chiphersteller k\u00fcndigte am 13. September ein neues Mining-Ger\u00e4t f\u00fcr die Kryptow\u00e4hrung Kadena mit einer Mining-Leistung von 166Th und einem Stromverbrauch von 3.200 W\/Stunde an.<\/p>\n<figure id=\"attachment_1948\" aria-describedby=\"caption-attachment-1948\" style=\"width: 369px\" class=\"wp-caption aligncenter\"><img loading=\"lazy\" decoding=\"async\" class=\"wp-image-1948\" src=\"https:\/\/www.minandovoy.com\/wp-content\/uploads\/2022\/10\/pl133733702-kda_algorithm_mini_bitmain_antminer_ka3_166t_hashrate_3154w_19j_t.webp-300x127.png\" alt=\"ANTMINER KA3\" width=\"369\" height=\"156\" srcset=\"https:\/\/pruebas.michollo.to\/wp-content\/uploads\/2022\/10\/pl133733702-kda_algorithm_mini_bitmain_antminer_ka3_166t_hashrate_3154w_19j_t.webp-300x127.png 300w, https:\/\/pruebas.michollo.to\/wp-content\/uploads\/2022\/10\/pl133733702-kda_algorithm_mini_bitmain_antminer_ka3_166t_hashrate_3154w_19j_t.webp-18x8.png 18w, https:\/\/pruebas.michollo.to\/wp-content\/uploads\/2022\/10\/pl133733702-kda_algorithm_mini_bitmain_antminer_ka3_166t_hashrate_3154w_19j_t.webp-600x253.png 600w, https:\/\/pruebas.michollo.to\/wp-content\/uploads\/2022\/10\/pl133733702-kda_algorithm_mini_bitmain_antminer_ka3_166t_hashrate_3154w_19j_t.webp-20x8.png 20w, https:\/\/pruebas.michollo.to\/wp-content\/uploads\/2022\/10\/pl133733702-kda_algorithm_mini_bitmain_antminer_ka3_166t_hashrate_3154w_19j_t.webp-56x24.png 56w, https:\/\/pruebas.michollo.to\/wp-content\/uploads\/2022\/10\/pl133733702-kda_algorithm_mini_bitmain_antminer_ka3_166t_hashrate_3154w_19j_t.webp-28x12.png 28w, https:\/\/pruebas.michollo.to\/wp-content\/uploads\/2022\/10\/pl133733702-kda_algorithm_mini_bitmain_antminer_ka3_166t_hashrate_3154w_19j_t.webp-73x31.png 73w, https:\/\/pruebas.michollo.to\/wp-content\/uploads\/2022\/10\/pl133733702-kda_algorithm_mini_bitmain_antminer_ka3_166t_hashrate_3154w_19j_t.webp-170x72.png 170w, https:\/\/pruebas.michollo.to\/wp-content\/uploads\/2022\/10\/pl133733702-kda_algorithm_mini_bitmain_antminer_ka3_166t_hashrate_3154w_19j_t.webp-65x27.png 65w, https:\/\/pruebas.michollo.to\/wp-content\/uploads\/2022\/10\/pl133733702-kda_algorithm_mini_bitmain_antminer_ka3_166t_hashrate_3154w_19j_t.webp-163x69.png 163w, https:\/\/pruebas.michollo.to\/wp-content\/uploads\/2022\/10\/pl133733702-kda_algorithm_mini_bitmain_antminer_ka3_166t_hashrate_3154w_19j_t.webp-50x21.png 50w, https:\/\/pruebas.michollo.to\/wp-content\/uploads\/2022\/10\/pl133733702-kda_algorithm_mini_bitmain_antminer_ka3_166t_hashrate_3154w_19j_t.webp-60x25.png 60w, https:\/\/pruebas.michollo.to\/wp-content\/uploads\/2022\/10\/pl133733702-kda_algorithm_mini_bitmain_antminer_ka3_166t_hashrate_3154w_19j_t.webp-247x104.png 247w, https:\/\/pruebas.michollo.to\/wp-content\/uploads\/2022\/10\/pl133733702-kda_algorithm_mini_bitmain_antminer_ka3_166t_hashrate_3154w_19j_t.webp-19x8.png 19w, https:\/\/pruebas.michollo.to\/wp-content\/uploads\/2022\/10\/pl133733702-kda_algorithm_mini_bitmain_antminer_ka3_166t_hashrate_3154w_19j_t.webp-284x120.png 284w, https:\/\/pruebas.michollo.to\/wp-content\/uploads\/2022\/10\/pl133733702-kda_algorithm_mini_bitmain_antminer_ka3_166t_hashrate_3154w_19j_t.webp-317x134.png 317w, https:\/\/pruebas.michollo.to\/wp-content\/uploads\/2022\/10\/pl133733702-kda_algorithm_mini_bitmain_antminer_ka3_166t_hashrate_3154w_19j_t.webp.png 677w\" sizes=\"auto, (max-width: 369px) 100vw, 369px\" \/><figcaption id=\"caption-attachment-1948\" class=\"wp-caption-text\">Banner am Tag der Markteinf\u00fchrung des ANTMINER KA3<\/figcaption><\/figure>\n<p>Diese Maschine hei\u00dft Antminer KA3 und ist die erste Kadena-Maschine, die ihren Weg in die Bitmain-Familie findet. Die Effizienz dieser Maschine ist bisher einzigartig und un\u00fcbertroffen, da sie etwa 19,2 Watt pro TH liefert.<\/p>\n<p>Es ist auch zu beachten, dass der Bergmann der <a href=\"https:\/\/www.minandovoy.com\/es_es\/categoria\/mineros\/?algoritmos=kadena\">Blake-2s Kadena-Algorithmus<\/a> gilt als Industriemaschine, nicht nur wegen seines Stromverbrauchs, sondern auch wegen seines hohen Ger\u00e4uschpegels von 70-80 db, Faktoren, die Sie ber\u00fccksichtigen sollten, wenn Sie sich ein solches Ger\u00e4t anschaffen m\u00f6chten.<\/p>\n<div class=\"asicminer-widget-container\" style=\"width: 100%; min-height: 300px;\">\n            <iframe id=\"asicminer-widget-8949\" \n                    src=\"https:\/\/pruebas.michollo.to\/wp-content\/themes\/minandovoy\/proxy-widget.php?miner=bitmain\/antminer-ka3-166th&#038;type=profit&#038;theme=dark\" \n                    width=\"100%\" \n                    height=\"300\" \n                    frameborder=\"0\"\n                    loading=\"lazy\"\n                    style=\"border: none; overflow: hidden;\"\n                    title=\"ASIC Miner Widget\">\n            <\/iframe>\n        <\/div>\n<h3><strong>Abbau des Blake 2s Kadena (Antminer KA3)<\/strong><\/h3>\n<p>Das Mining des Blake2s-Algorithmus im Kadena-Netz bezieht sich auf den Prozess der Validierung von Transaktionen und der Sicherung des Netzes mit Hilfe des Blake2s-Algorithmus.<\/p>\n<ol>\n<li><strong>Blake2s Hashing-Algorithmus<\/strong>Blake2s: Blake2s ist ein kryptografischer Hashing-Algorithmus, der beim Kadena-Mining verwendet wird. Es handelt sich um eine Variante des Blake2-Algorithmus, der zum Hashing von Bl\u00f6cken in der Blockchain verwendet wird und die Integrit\u00e4t von Transaktionen im Netzwerk sicherstellt.<\/li>\n<li><strong>Arbeitsnachweis (Proof-of-Work)<\/strong>Im Kadena-Netzwerk erfolgt das Mining \u00fcber einen Proof-of-Work (PoW)-Konsensalgorithmus unter Verwendung von Blake2s. Miner konkurrieren darum, komplexe mathematische Probleme zu l\u00f6sen und mit ihrer Rechenleistung einen g\u00fcltigen Hash-Wert zu finden, der bestimmte vom Algorithmus festgelegte Anforderungen erf\u00fcllt. Der erste Miner, der den richtigen Hash-Wert findet, hat die M\u00f6glichkeit, einen neuen Block zur Blockchain hinzuzuf\u00fcgen und eine Belohnung zu erhalten.<\/li>\n<li><strong>Hardware f\u00fcr den Bergbau<\/strong>Das Blake2s-Mining in Kadena kann mit spezieller Hardware, so genannten ASICs (Application-Specific Integrated Circuits), durchgef\u00fchrt werden, die speziell f\u00fcr diesen Algorithmus entwickelt wurden. Diese Ger\u00e4te sind bei der Berechnung von Hash-Operationen \u00e4u\u00dferst effizient und bieten im Vergleich zu herk\u00f6mmlichen GPUs oder CPUs eine h\u00f6here Verarbeitungsleistung.<\/li>\n<li><strong>Bergbau-Pools<\/strong>Wie bei anderen Kryptow\u00e4hrungen haben auch Kadena-Sch\u00fcrfer die M\u00f6glichkeit, sich an Mining-Pools zu beteiligen. Mining-Pools erm\u00f6glichen es den Minern, ihre Rechenleistung zu b\u00fcndeln und ihre Chancen zu erh\u00f6hen, Bl\u00f6cke zu l\u00f6sen und regelm\u00e4\u00dfig Belohnungen zu erhalten. Die Belohnungen werden unter den Poolmitgliedern auf der Grundlage ihres Beitrags zur gesamten Hashing-Leistung des Pools verteilt.<\/li>\n<li><strong>Rentabilit\u00e4t und \u00dcberlegungen<\/strong>Die Rentabilit\u00e4t des Blake2s-Minings in Kadena h\u00e4ngt von mehreren Faktoren ab, wie z. B. den Stromkosten, dem Preis des gesch\u00fcrften Tokens (KDA), der Schwierigkeit des Netzwerks und der Effizienz der verwendeten Hardware. Es ist wichtig, diese Faktoren zu ber\u00fccksichtigen und Rentabilit\u00e4tsberechnungen durchzuf\u00fchren, bevor man mit dem Mining beginnt.<\/li>\n<\/ol>\n<p>&nbsp;<\/p>\n<h3><strong>Warum, glauben Sie, hat sich Bitmain f\u00fcr das Kadena-Projekt interessiert?<\/strong><\/h3>\n<p>Diese Kryptow\u00e4hrung, KDA, hat ein gro\u00dfes Entwicklungsteam, zu dem ehemalige Ingenieure von Microsoft, Apple und Bitcoin geh\u00f6ren, sowie gute Berater, die dazu beitragen, ein gro\u00dfes Vertrauen in das Projekt zu schaffen.<\/p>\n<p>Bitmain hat sich der gro\u00dfen Anzahl von Unternehmen angeschlossen, die mit Kadena zusammenarbeiten, und wir sollten nicht \u00fcberrascht sein, wenn wir eine gro\u00dfe Akzeptanz sehen und das Projekt weiter exponentiell w\u00e4chst.<\/p>\n<p>Gro\u00dfe Ex-\u00c4nderungen wie Binance, KUcoin, Crypto.com ... haben diese W\u00e4hrung f\u00fcr ihre Benutzer zum Handel mit.<\/p>\n<p>Zweifelsohne ist es eine Blockchain, die eine gro\u00dfe Zukunft hat und das Potenzial, die TOP20-Ebene zu erreichen.<\/p>\n<p>Es sei darauf hingewiesen, dass Kadena derzeit eine Marktkapitalisierung von mehr als 1 Milliarde Dollar hat und heute (18.10.22) mit 1,35$ gehandelt wird (Quelle): <a href=\"https:\/\/coinmarketcap.com\/es\/currencies\/kadena\/\">CoinMarketCap<\/a>. Sein Allzeithoch von 24$ wurde im November 2021 erreicht.<\/p>\n<p>Wenn wir den h\u00f6chsten Peak von KADENA auf das \u00fcbertragen, was die Maschine pro Tag erzeugt, w\u00fcrden wir von der Leistung dieser Maschine sprechen: <strong><em>1250$ pro Tag.<\/em><\/strong><\/p>\n<p><strong>\u00a0<\/strong><\/p>\n<h3><strong>Wertmarke KDA<\/strong><\/h3>\n<p>Der KDA-Token, kurz f\u00fcr \"Kadena\", ist die native Kryptow\u00e4hrung des Kadena-Blockchain-Netzwerks.<\/p>\n<ol>\n<li><strong>Funktion und Nutzen<\/strong>KDA wird als native W\u00e4hrung im Kadena-Netzwerk verwendet. Sie hat mehrere Funktionen und Dienstprogramme innerhalb des Kadena-\u00d6kosystems:\n<ul>\n<li>Zahlung von Geb\u00fchren: Die Nutzer m\u00fcssen einen bestimmten Betrag an KDA als Geb\u00fchr f\u00fcr das Senden von Transaktionen, die Ausf\u00fchrung von Smart Contracts und die Durchf\u00fchrung von Operationen im Kadena-Netzwerk zahlen.<\/li>\n<li>Beteiligung an der Verwaltung: KDA-Inhaber haben die M\u00f6glichkeit, sich an der Verwaltung des Kadena-Netzes zu beteiligen. Dazu geh\u00f6rt die Abstimmung \u00fcber Verbesserungsvorschl\u00e4ge und die Entscheidungsfindung in Bezug auf die Entwicklung und Weiterentwicklung des Netzes.<\/li>\n<li>Wertaufbewahrung: Zus\u00e4tzlich zu ihrem Nutzen innerhalb des \u00d6kosystems k\u00f6nnen die Nutzer KDA als eine Form der Wertaufbewahrung oder als langfristige Investition erhalten.<\/li>\n<\/ul>\n<\/li>\n<li><strong>Lieferung und Ausgabe<\/strong>Das Gesamtangebot an KDA ist festgelegt und begrenzt. Nach den bis September 2021 verf\u00fcgbaren Informationen betr\u00e4gt das maximale Angebot an KDA 100 Millionen Token. Eine zus\u00e4tzliche Ausgabe \u00fcber diese H\u00f6chstmenge hinaus ist nicht vorgesehen.<\/li>\n<li><strong>M\u00e4rkte und B\u00f6rsen<\/strong>KDA-Token: Der KDA-Token ist an mehreren Kryptow\u00e4hrungsb\u00f6rsen notiert, so dass Benutzer ihn kaufen, verkaufen und handeln k\u00f6nnen. Der Preis des KDA unterliegt dem Angebot und der Nachfrage an diesen B\u00f6rsen sowie anderen externen Faktoren, die seinen Wert beeinflussen k\u00f6nnen.<\/li>\n<li><strong>Zugrunde liegende Technologie<\/strong>Kadena ist eine Blockchain-Plattform, die mehrere Blockchains in einem einzigen Netzwerk vereint und so eine h\u00f6here Skalierbarkeit und Leistung erm\u00f6glicht. Sie verwendet einen hybriden Konsens, der auf Proof-of-Work (PoW) und Proof-of-Stake (PoS) basiert und \"BFT-POW\" genannt wird. Dieser Konsensansatz kombiniert die Sicherheit von PoW mit der Effizienz und Skalierbarkeit von PoS.<\/li>\n<li><strong>Anwendungsf\u00e4lle:<\/strong> Kadena konzentriert sich auf die Bereitstellung von Blockchain-L\u00f6sungen f\u00fcr Unternehmen und Gesch\u00e4ftsanwendungen. Seine Technologie wurde entwickelt, um dezentralisierte Anwendungen und zuverl\u00e4ssige, skalierbare Smart Contracts zu erm\u00f6glichen, die M\u00f6glichkeiten in Bereichen wie Finanzen, Lieferketten, Verm\u00f6gensregistrierung und mehr bieten.<\/li>\n<\/ol>\n<p>&nbsp;<\/p>","protected":false},"excerpt":{"rendered":"<p>La nueva Antminer KA3, Bitmain adelanta a toda su competencia y se posiciona en el podio siendo uno de los asics m\u00e1s rentables. La empresa m\u00e1s importante de chips anunci\u00f3 el pasado 13 de Septiembre un nuevo dispositivo de miner\u00eda para la criptomoneda Kadena con una potencia de minado de 166Th y con un consumo [&hellip;]<\/p>\n","protected":false},"featured_media":304,"comment_status":"open","ping_status":"closed","template":"","meta":[],"product_brand":[],"product_cat":[19],"product_tag":[52],"class_list":{"0":"post-303","1":"product","2":"type-product","3":"status-publish","4":"has-post-thumbnail","6":"product_cat-mineros","7":"product_tag-asic","9":"first","10":"instock","11":"taxable","12":"shipping-taxable","13":"purchasable","14":"product-type-simple"},"_links":{"self":[{"href":"https:\/\/pruebas.michollo.to\/de\/wp-json\/wp\/v2\/product\/303","targetHints":{"allow":["GET"]}}],"collection":[{"href":"https:\/\/pruebas.michollo.to\/de\/wp-json\/wp\/v2\/product"}],"about":[{"href":"https:\/\/pruebas.michollo.to\/de\/wp-json\/wp\/v2\/types\/product"}],"replies":[{"embeddable":true,"href":"https:\/\/pruebas.michollo.to\/de\/wp-json\/wp\/v2\/comments?post=303"}],"wp:featuredmedia":[{"embeddable":true,"href":"https:\/\/pruebas.michollo.to\/de\/wp-json\/wp\/v2\/media\/304"}],"wp:attachment":[{"href":"https:\/\/pruebas.michollo.to\/de\/wp-json\/wp\/v2\/media?parent=303"}],"wp:term":[{"taxonomy":"product_brand","embeddable":true,"href":"https:\/\/pruebas.michollo.to\/de\/wp-json\/wp\/v2\/product_brand?post=303"},{"taxonomy":"product_cat","embeddable":true,"href":"https:\/\/pruebas.michollo.to\/de\/wp-json\/wp\/v2\/product_cat?post=303"},{"taxonomy":"product_tag","embeddable":true,"href":"https:\/\/pruebas.michollo.to\/de\/wp-json\/wp\/v2\/product_tag?post=303"}],"curies":[{"name":"wp","href":"https:\/\/api.w.org\/{rel}","templated":true}]}}