{"id":305,"date":"2022-10-16T04:24:29","date_gmt":"2022-10-16T06:24:29","guid":{"rendered":"https:\/\/pruebas.michollo.to\/producto\/whatsminer-m50-118t\/"},"modified":"2026-02-23T13:22:32","modified_gmt":"2026-02-23T12:22:32","slug":"whatsminer-m50-122t","status":"publish","type":"product","link":"https:\/\/pruebas.michollo.to\/de\/produkt\/dingsbums-m50-122t\/","title":{"rendered":"Whatsminer M50 122T"},"content":{"rendered":"<p>Whatsminer M50 die neue Bitcoin-Mining-Maschine (<a href=\"https:\/\/www.minandovoy.com\/es_es\/categoria\/mineros\/?algoritmos=sha-256\">SHA-256<\/a>) mit einer Rechenleistung von 122T und einem Stromverbrauch von 3200W\/Stunde.<\/p>\n<p>Dieses Ger\u00e4t produziert ab heute (31\/10\/2022)\u00a0<span class=\"money-symbol unit\">$<\/span> <span class=\"price-val money-val\" data-usd-per=\"0.06931895\" data-usd=\"0.06931895\" data-rule=\"formatPriceWithoutSeparator\">6.62<\/span><span class=\"price-val money-val\" data-usd-per=\"0.06931895\" data-usd=\"0.06931895\" data-rule=\"formatPriceWithoutSeparator\">was gleichbedeutend w\u00e4re mit <span class=\"pl-1 profit-val info-value\" data-profit=\"0.00000341\">0.00040238<\/span>\u00a0<span class=\"pl-1 info-value\">BTC.<\/span><\/span><\/p>\n<p>Wenn wir zum h\u00f6chsten Stand zur\u00fcckgehen, den diese Kryptow\u00e4hrung je erreicht hat, w\u00fcrden wir zum Oktober 2021 gehen, als sie 64,300$ wert war, was bedeutet, dass diese<br \/>\nw\u00fcrde die Maschine 25,87$ pro Tag liefern.<\/p>\n<p>&nbsp;<\/p>\n<div class=\"currency-container d-inline-block\"><\/div>\n<h3><strong>EIN BISSCHEN WAS \u00dcBER BITCOIN<\/strong><\/h3>\n<p>Es ist die erste Kryptow\u00e4hrung, die entwickelt wurde, und daher diejenige, die den Weg f\u00fcr alle anderen geebnet hat, die sp\u00e4ter mit ihrer Technologie namens Blockchain kamen.<\/p>\n<p>Es gibt eine bestimmte Anzahl von Bitcoins, die jedes Jahr ausgegeben werden, und diese Menge wird durch den Algorithmus bestimmt. Alle 4 Jahre wird die Produktion um zwei reduziert, so dass insgesamt nur 21 Millionen Bitcoins ausgegeben werden.<\/p>\n<p>Dies ist der gro\u00dfe Unterschied zu herk\u00f6mmlichen W\u00e4hrungen, da die Banken den Wert ver\u00e4ndern. Das bedeutet, dass die Kryptow\u00e4hrung, in diesem Fall Bitcoin, mehr Stabilit\u00e4t bieten kann, w\u00e4hrend konventionelle W\u00e4hrungen im Wert sinken.<\/p>\n<p>Heutzutage werden Kryptow\u00e4hrungen auf vielen Plattformen als Zahlungsmittel verwendet, die Tauschw\u00e4hrung ist in den meisten F\u00e4llen Bitcoin, da sie sicher und privat sind.<\/p>\n<p>&nbsp;<\/p>\n<h3><strong>HAUPTVORTEILE VON <a href=\"https:\/\/coinmarketcap.com\/es\/currencies\/bitcoin\/\">BITCOIN<\/a><\/strong><\/h3>\n<ol>\n<li>Schnelligkeit: Senden Sie Geld an sich selbst, unabh\u00e4ngig von Betrag und Zielort, in wenigen Minuten.<\/li>\n<li>Kosteng\u00fcnstig: Wenn Sie eine \u00dcberweisung \u00fcber Ihre Bank t\u00e4tigen, kann das eine Menge Geld kosten, bei Bitcoin sind die Kosten kostenlos oder betragen nur wenige Cent.<\/li>\n<li>Global: Sie k\u00f6nnen \u00fcberall auf der Welt senden, es gibt keine Grenzen.<\/li>\n<li>Dezentralisiert: Keine Regierung\/Bank kann es kontrollieren, weder bei der Schaffung noch bei der Verteilung.<\/li>\n<li>Eigentum: Das Geld geh\u00f6rt Ihnen 100%, es kann von niemandem abgegriffen werden, Sie sind Ihre eigene Bank.<\/li>\n<li>Transparent:  Alle Transaktionen sind \u00f6ffentlich, aber immer unter Pseudonymen.<\/li>\n<li>Begrenzte Ausgabe: Niemand kann Tausende von Bitcoins generieren, nur weil er Lust dazu hat, sie erscheinen dank Mining.<\/li>\n<li>Privat: Bitcoin versucht, die Privatsph\u00e4re in hohem Ma\u00dfe zu sch\u00fctzen, obwohl es nicht v\u00f6llig anonym ist und daran arbeitet, es zu sein.<\/li>\n<\/ol>","protected":false},"excerpt":{"rendered":"<p>Whatsminer M50 la nueva m\u00e1quina para la miner\u00eda de Bitcoin (SHA-256) con un poder computacional de 122T y un consumo el\u00e9ctrico de\u00a0 3200W\/Hora. Este equipo est\u00e1 produciendo a d\u00eda de hoy (31\/10\/2022)\u00a0$ 6.62, lo que ser\u00eda igual a 0.00040238\u00a0BTC. Si nos movemos de fecha, al pico m\u00e1s alto al que ha estado esta criptomoneda, nos [&hellip;]<\/p>\n","protected":false},"featured_media":306,"comment_status":"open","ping_status":"closed","template":"","meta":[],"product_brand":[],"product_cat":[19],"product_tag":[52,244,138,137],"class_list":{"0":"post-305","1":"product","2":"type-product","3":"status-publish","4":"has-post-thumbnail","6":"product_cat-mineros","7":"product_tag-asic","8":"product_tag-gme","9":"product_tag-mineros-para-avanzados","10":"product_tag-mineros-para-principiantes","12":"first","13":"outofstock","14":"taxable","15":"shipping-taxable","16":"purchasable","17":"product-type-simple"},"_links":{"self":[{"href":"https:\/\/pruebas.michollo.to\/de\/wp-json\/wp\/v2\/product\/305","targetHints":{"allow":["GET"]}}],"collection":[{"href":"https:\/\/pruebas.michollo.to\/de\/wp-json\/wp\/v2\/product"}],"about":[{"href":"https:\/\/pruebas.michollo.to\/de\/wp-json\/wp\/v2\/types\/product"}],"replies":[{"embeddable":true,"href":"https:\/\/pruebas.michollo.to\/de\/wp-json\/wp\/v2\/comments?post=305"}],"wp:featuredmedia":[{"embeddable":true,"href":"https:\/\/pruebas.michollo.to\/de\/wp-json\/wp\/v2\/media\/306"}],"wp:attachment":[{"href":"https:\/\/pruebas.michollo.to\/de\/wp-json\/wp\/v2\/media?parent=305"}],"wp:term":[{"taxonomy":"product_brand","embeddable":true,"href":"https:\/\/pruebas.michollo.to\/de\/wp-json\/wp\/v2\/product_brand?post=305"},{"taxonomy":"product_cat","embeddable":true,"href":"https:\/\/pruebas.michollo.to\/de\/wp-json\/wp\/v2\/product_cat?post=305"},{"taxonomy":"product_tag","embeddable":true,"href":"https:\/\/pruebas.michollo.to\/de\/wp-json\/wp\/v2\/product_tag?post=305"}],"curies":[{"name":"wp","href":"https:\/\/api.w.org\/{rel}","templated":true}]}}