{"id":332,"date":"2022-10-16T04:29:13","date_gmt":"2022-10-16T06:29:13","guid":{"rendered":"https:\/\/pruebas.michollo.to\/producto\/whatsminer-m31s-72t\/"},"modified":"2025-05-09T14:47:31","modified_gmt":"2025-05-09T12:47:31","slug":"whatsminer-m31s-72t","status":"publish","type":"product","link":"https:\/\/pruebas.michollo.to\/de\/produkt\/dingsbums-m31s-72t\/","title":{"rendered":"Whatsminer M31S 72T"},"content":{"rendered":"<div style=\"text-align: left;\">\n<div>\n<p>Whatsminer M31s die neue Bitcoin-Mining-Maschine (<a href=\"https:\/\/www.minandovoy.com\/es_es\/categoria\/mineros\/?algoritmos=sha-256\">SHA-256<\/a>) mit einer Rechenleistung von 72T und einem Stromverbrauch von 3220 W\/Stunde.<\/p>\n<div class=\"currency-container d-inline-block\"><\/div>\n<h3><strong>EIN BISSCHEN WAS \u00dcBER BITCOIN<\/strong><\/h3>\n<p>Es ist die erste Kryptow\u00e4hrung, die entwickelt wurde, und daher diejenige, die den Weg f\u00fcr alle anderen geebnet hat, die sp\u00e4ter mit ihrer Technologie namens Blockchain kamen.<\/p>\n<p>Es gibt eine bestimmte Anzahl von Bitcoins, die jedes Jahr ausgegeben werden, und diese Menge wird durch den Algorithmus bestimmt. Alle 4 Jahre wird die Produktion um zwei reduziert, so dass insgesamt nur 21 Millionen Bitcoins ausgegeben werden.<\/p>\n<p>Dies ist der gro\u00dfe Unterschied zu herk\u00f6mmlichen W\u00e4hrungen, da die Banken den Wert ver\u00e4ndern. Das bedeutet, dass die Kryptow\u00e4hrung, in diesem Fall Bitcoin, mehr Stabilit\u00e4t bieten kann, w\u00e4hrend konventionelle W\u00e4hrungen im Wert sinken.<\/p>\n<p>Heutzutage werden Kryptow\u00e4hrungen auf vielen Plattformen als Zahlungsmittel verwendet, die Tauschw\u00e4hrung ist in den meisten F\u00e4llen Bitcoin, da sie sicher und privat sind.<\/p>\n<h3><strong>HAUPTVORTEILE VON\u00a0<a href=\"https:\/\/coinmarketcap.com\/es\/currencies\/bitcoin\/\" target=\"_blank\" rel=\"noopener\">BITCOIN<\/a><\/strong><\/h3>\n<ol>\n<li>Schnelligkeit: Senden Sie Geld an sich selbst, unabh\u00e4ngig von Betrag und Zielort, in wenigen Minuten.<\/li>\n<li>Kosteng\u00fcnstig: Wenn Sie eine \u00dcberweisung \u00fcber Ihre Bank t\u00e4tigen, kann das eine Menge Geld kosten, bei Bitcoin sind die Kosten kostenlos oder betragen nur wenige Cent.<\/li>\n<li>Global: Sie k\u00f6nnen \u00fcberall auf der Welt senden, es gibt keine Grenzen.<\/li>\n<li>Dezentralisiert: Keine Regierung\/Bank kann es kontrollieren, weder bei der Schaffung noch bei der Verteilung.<\/li>\n<li>Eigentum: Das Geld geh\u00f6rt Ihnen 100%, es kann von niemandem abgegriffen werden, Sie sind Ihre eigene Bank.<\/li>\n<li>Transparent:  Alle Transaktionen sind \u00f6ffentlich, aber immer unter Pseudonymen.<\/li>\n<li>Begrenzte Ausgabe: Niemand kann Tausende von Bitcoins generieren, nur weil er Lust dazu hat, sie erscheinen dank Mining.<\/li>\n<li>Privat: Bitcoin versucht, die Privatsph\u00e4re in hohem Ma\u00dfe zu sch\u00fctzen, obwohl es nicht v\u00f6llig anonym ist und daran arbeitet, es zu sein.<\/li>\n<\/ol>\n<\/div>\n<\/div>","protected":false},"excerpt":{"rendered":"<p>Whatsminer M31s la nueva m\u00e1quina para la miner\u00eda de Bitcoin (SHA-256) con un poder computacional de 72T y un consumo el\u00e9ctrico de\u00a0 3220 W\/Hora. UN POCO SOBRE BITCOIN Es la primera criptomoneda desarrollada y por lo tanto, la que ha marcado camino a todas las dem\u00e1s que llegaron despu\u00e9s utilizando su tecnolog\u00eda llamada cadena de [&hellip;]<\/p>\n","protected":false},"featured_media":333,"comment_status":"open","ping_status":"closed","template":"","meta":[],"product_brand":[],"product_cat":[19],"product_tag":[52,244,138,137],"class_list":{"0":"post-332","1":"product","2":"type-product","3":"status-publish","4":"has-post-thumbnail","6":"product_cat-mineros","7":"product_tag-asic","8":"product_tag-gme","9":"product_tag-mineros-para-avanzados","10":"product_tag-mineros-para-principiantes","12":"first","13":"outofstock","14":"taxable","15":"shipping-taxable","16":"purchasable","17":"product-type-simple"},"_links":{"self":[{"href":"https:\/\/pruebas.michollo.to\/de\/wp-json\/wp\/v2\/product\/332","targetHints":{"allow":["GET"]}}],"collection":[{"href":"https:\/\/pruebas.michollo.to\/de\/wp-json\/wp\/v2\/product"}],"about":[{"href":"https:\/\/pruebas.michollo.to\/de\/wp-json\/wp\/v2\/types\/product"}],"replies":[{"embeddable":true,"href":"https:\/\/pruebas.michollo.to\/de\/wp-json\/wp\/v2\/comments?post=332"}],"wp:featuredmedia":[{"embeddable":true,"href":"https:\/\/pruebas.michollo.to\/de\/wp-json\/wp\/v2\/media\/333"}],"wp:attachment":[{"href":"https:\/\/pruebas.michollo.to\/de\/wp-json\/wp\/v2\/media?parent=332"}],"wp:term":[{"taxonomy":"product_brand","embeddable":true,"href":"https:\/\/pruebas.michollo.to\/de\/wp-json\/wp\/v2\/product_brand?post=332"},{"taxonomy":"product_cat","embeddable":true,"href":"https:\/\/pruebas.michollo.to\/de\/wp-json\/wp\/v2\/product_cat?post=332"},{"taxonomy":"product_tag","embeddable":true,"href":"https:\/\/pruebas.michollo.to\/de\/wp-json\/wp\/v2\/product_tag?post=332"}],"curies":[{"name":"wp","href":"https:\/\/api.w.org\/{rel}","templated":true}]}}