{"id":346,"date":"2022-10-16T04:29:48","date_gmt":"2022-10-16T06:29:48","guid":{"rendered":"https:\/\/pruebas.michollo.to\/producto\/goldshell-lt5-pro-2-45g\/"},"modified":"2025-05-09T14:47:30","modified_gmt":"2025-05-09T12:47:30","slug":"goldshell-lt5-pro-2-45g","status":"publish","type":"product","link":"https:\/\/pruebas.michollo.to\/de\/produkt\/goldshell-lt5-pro-2-45g\/","title":{"rendered":"Goldshell LT5 pro 2.45G"},"content":{"rendered":"<p>Diese von Goldshell gebaute Maschine hat eine durchschnittliche Leistungsabgabe von 2.450 MHS, obwohl sie einen Stromverbrauch von 2.080 H hat, was angesichts der Einnahmen, die sie erzielt, nicht schlecht ist. Dies ist die Goldshell LT5 PRO 2.45G<\/p>\n<p style=\"text-align: left;\"><em><strong>Wir alle kennen Bitcoin, nicht wahr? Nun, das k\u00f6nnte Sie interessieren.<\/strong><\/em><br \/>\nLiteCoin war urspr\u00fcnglich eine Abspaltung von Bitcoin und ist eine der Kryptow\u00e4hrungen, die durch ASIC-Mining dem Betreiber Rentabilit\u00e4t garantieren k\u00f6nnen.<\/p>\n<h3 style=\"text-align: left;\"><strong>SCRYPT MINING:<\/strong><\/h3>\n<p style=\"text-align: left;\">Scrypt f\u00fchrt einen Hash mit einem Schl\u00fcssel und einer Reihe von Punkten durch, die im Algorithmus markiert sind, und f\u00fcgt eine Menge Rauschen hinzu. Das Rauschen sind Zufallszahlen, die von der<br \/>\nAlgorithmus ermittelt und im Speicher abgelegt. Der Zweck dieser Zahlen besteht darin, die Schl\u00fcsseldaten zu verschleiern, um das Entschl\u00fcsseln der Hash-Bl\u00f6cke zu erschweren. Letztendlich handelt es sich um eine Schutzma\u00dfnahme, die b\u00f6swillige Personen daran hindert, auf mit Scrypt gesch\u00fctzte Daten zuzugreifen.<\/p>\n<h3 style=\"text-align: left;\"><strong><a href=\"https:\/\/coinmarketcap.com\/es\/currencies\/litecoin\/\" target=\"_blank\" rel=\"noopener\">LITECOIN<\/a>:<\/strong><\/h3>\n<p style=\"text-align: left;\">LiteCoin ist eine Kryptow\u00e4hrung, die dank der Blockchain-Technologie sichere, g\u00fcnstige und schnelle Zahlungen erm\u00f6glicht.<br \/>\nWenn wir sagen, dass es sich um eine Abspaltung von Bitcoin handelt, ist es buchst\u00e4blich als eine kleine, abgespeckte Version der gro\u00dfen Kryptow\u00e4hrung gedacht.<\/p>\n<p style=\"text-align: left;\">Dieses Netzwerk wurde am 13. Oktober 2011 ins Leben gerufen. In den 11 Jahren seines Bestehens ist es ihm gelungen, sich bei den H\u00e4ndlern durchzusetzen und geh\u00f6rt seither zu den zehn wichtigsten Kryptow\u00e4hrungen nach Marktkapitalisierung.<\/p>\n<h3 style=\"text-align: left;\"><a href=\"https:\/\/coinmarketcap.com\/es\/currencies\/dogecoin\/\" target=\"_blank\" rel=\"noopener\"><strong>DOGECOIN:<\/strong><\/a><\/h3>\n<p style=\"text-align: left;\">Diese Kryptow\u00e4hrung kam 2013 als Teil eines Memes auf den Markt, aber sp\u00e4ter beschloss die Community, das Netzwerk in AUXPOW umzubenennen und es im September 2014 mit dem LTC-Netzwerk zu verschmelzen. Durch diesen Schritt stieg der Wert von Dogecoin in nur wenigen Wochen um mehr als 180%. LiteCoin ist die siebtgr\u00f6\u00dfte Kryptow\u00e4hrung nach Marktkapitalisierung, was es Doge erm\u00f6glicht hat, seine Sicherheit durch eine viel gr\u00f6\u00dfere Rechenleistung erheblich zu verbessern.<\/p>\n<h3 style=\"text-align: left;\"><strong>GOLDSHELL:<\/strong><\/h3>\n<p style=\"text-align: left;\">Goldshell gilt als einer der Pioniere im Technologiesektor, insbesondere im Blockchain-Netzwerk. Das Unternehmen hat sich insbesondere auf die Herstellung und den Verkauf von Chips konzentriert.<\/p>\n<p style=\"text-align: left;\">Dieses Unternehmen zeichnet sich durch die Herstellung und den Verkauf von Hochleistungsservern f\u00fcr Gro\u00dfprojekte wie z. B.:<\/p>\n<p style=\"text-align: left;\">- LiteCoin: Goldshell LT5 PRO 2.45G<br \/>\n- Nervos Network: Goldshell\u00a0<a href=\"https:\/\/www.minandovoy.com\/es_es\/producto\/goldshell-ck6-19-3t\/\">CK6 19.3T<\/a><br \/>\n- Handshake und SiaCoin: Goldshell HS6 4.3T<br \/>\nUnd nat\u00fcrlich Kadena, mit dem Modell KDMAX.<\/p>\n<p style=\"text-align: left;\">Goldshell zeichnet sich durch sein starkes Kernteam aus, das ein effizientes Betriebssystem von der Algorithmenforschung \u00fcber die Chip-Implementierung bis hin zur Serienproduktion und Auslieferung einrichtet und so zu einem hervorragenden Lieferanten und F\u00f6rderer der Bergbauindustrie wird.<\/p>\n<p style=\"text-align: left;\">Sie ist ein hervorragender Wettbewerber, der bestrebt ist, bei neuen Technologien eine Vorreiterrolle einzunehmen, die IT-Leistung kontinuierlich zu verbessern und effiziente Dienste f\u00fcr die Entwicklung der digitalen Wirtschaft zu schaffen.<\/p>\n<p>&nbsp;<\/p>","protected":false},"excerpt":{"rendered":"<p>Esta m\u00e1quina fabricada por Goldshell tiene una potencia media de 2.450MHS, aunque tiene un consumo de 2.080\/H, lo que no est\u00e1 nada mal teniendo en cuenta los ingresos que genera. Se trata de la Goldshell LT5 PRO 2.45G \u00bfA todos nos suena Bitcoin verdad? Pues quiz\u00e1s esto te interese. LiteCoin en un primer momento, fue [&hellip;]<\/p>\n","protected":false},"featured_media":347,"comment_status":"open","ping_status":"closed","template":"","meta":[],"product_brand":[],"product_cat":[19],"product_tag":[52,138,137],"class_list":{"0":"post-346","1":"product","2":"type-product","3":"status-publish","4":"has-post-thumbnail","6":"product_cat-mineros","7":"product_tag-asic","8":"product_tag-mineros-para-avanzados","9":"product_tag-mineros-para-principiantes","11":"first","12":"outofstock","13":"taxable","14":"shipping-taxable","15":"purchasable","16":"product-type-simple"},"_links":{"self":[{"href":"https:\/\/pruebas.michollo.to\/de\/wp-json\/wp\/v2\/product\/346","targetHints":{"allow":["GET"]}}],"collection":[{"href":"https:\/\/pruebas.michollo.to\/de\/wp-json\/wp\/v2\/product"}],"about":[{"href":"https:\/\/pruebas.michollo.to\/de\/wp-json\/wp\/v2\/types\/product"}],"replies":[{"embeddable":true,"href":"https:\/\/pruebas.michollo.to\/de\/wp-json\/wp\/v2\/comments?post=346"}],"wp:featuredmedia":[{"embeddable":true,"href":"https:\/\/pruebas.michollo.to\/de\/wp-json\/wp\/v2\/media\/347"}],"wp:attachment":[{"href":"https:\/\/pruebas.michollo.to\/de\/wp-json\/wp\/v2\/media?parent=346"}],"wp:term":[{"taxonomy":"product_brand","embeddable":true,"href":"https:\/\/pruebas.michollo.to\/de\/wp-json\/wp\/v2\/product_brand?post=346"},{"taxonomy":"product_cat","embeddable":true,"href":"https:\/\/pruebas.michollo.to\/de\/wp-json\/wp\/v2\/product_cat?post=346"},{"taxonomy":"product_tag","embeddable":true,"href":"https:\/\/pruebas.michollo.to\/de\/wp-json\/wp\/v2\/product_tag?post=346"}],"curies":[{"name":"wp","href":"https:\/\/api.w.org\/{rel}","templated":true}]}}