{"id":382,"date":"2022-10-16T04:31:29","date_gmt":"2022-10-16T06:31:29","guid":{"rendered":"https:\/\/pruebas.michollo.to\/producto\/antminer-e7-800mhs\/"},"modified":"2025-09-04T10:28:54","modified_gmt":"2025-09-04T08:28:54","slug":"antminer-e7-800mhs","status":"publish","type":"product","link":"https:\/\/pruebas.michollo.to\/de\/produkt\/ameisenminen-e7-800mhs\/","title":{"rendered":"Antminer E7 800Mhs"},"content":{"rendered":"<h4><b>Ameisenminer<\/b> E7 800Mhs<\/h4>\n<div>Die <b>Ameisenminer<\/b> E7 800Mhs von <b>Bitmain<\/b>das auf das Mining von Ethereum Classic spezialisiert ist, hat eine h\u00f6here Leistung als alle anderen <a href=\"https:\/\/www.minandovoy.com\/categoria\/rigs-de-gpu\/\">GPU<\/a>.\u00a0<b>\u00a0<\/b>Dieser ASIC ist f\u00fcr die Gewinnung von <a href=\"https:\/\/www.minandovoy.com\/categoria\/mineros\/?algoritmos=ethash\">Ethash<\/a>Es hat eine Abbauleistung von 800 MHz und einen Stromverbrauch von 1.300 W\/h.<\/div>\n<div>\n<div class=\"jnews_inline_related_post_wrapper right\">\n<div class=\"jnews_inline_related_post\">\n<div class=\"jeg_postblock_21 jeg_postblock jeg_module_hook jeg_pagination_disable jeg_col_2o3 jnews_module_337080_0_6385e584c0f23\" data-unique=\"jnews_module_337080_0_6385e584c0f23\">\n<div class=\"jeg_block_heading jeg_block_heading_5 jeg_subcat_right\"><\/div>\n<\/div>\n<\/div>\n<\/div>\n<h3><b>Was ist Bitmain?<\/b><\/h3>\n<p><em>Bitmain<\/em> ist ein Unternehmen mit Sitz in Peking, China. Es gilt als eines der wichtigsten Unternehmen in der Kryptow\u00e4hrungsbranche, da es hochwertige Mining-Hardware mit enormen Mining-F\u00e4higkeiten herstellt und technologische Fortschritte erzielt. Es ist der weltweit gr\u00f6\u00dfte Entwickler von Kryptow\u00e4hrungs-Mining-Ausr\u00fcstung.\u00a0<em>ASIC<\/em>\u00a0f\u00fcr den Bergbau\u00a0<em>Bitcoin<\/em>.<\/p>\n<p>Bitmain ist vor allem f\u00fcr seine Bitcoin-Hardware bekannt, obwohl das Unternehmen an Projekten interessiert ist, die Solidit\u00e4t in sein Gesch\u00e4ft bringen, wie Ethereum\/Ethereum Classic.<\/p>\n<p>Im April 2021 k\u00fcndigte der gro\u00dfe Hersteller die Einf\u00fchrung einer Maschine f\u00fcr das Ethreum-Mining an, deren Name Antminer E7 800M lauten w\u00fcrde. Dieses wahre Biest hat die Leistung von 8 Nvidia RTX 3080 GPUs.<\/p>\n<h2><b>M\u00fcnzen, die mit Antminer E7 800Mhs gesch\u00fcrft werden k\u00f6nnen<\/b><\/h2>\n<p>Wir haben es \u00fcbersichtlich dargestellt, damit Sie es ohne Komplikationen verstehen k\u00f6nnen. Unten sehen Sie die wichtigsten M\u00fcnzen f\u00fcr den EtHash-Algorithmus des Antminer E7 800mhs Miners.<\/p>\n<ul>\n<li>Ethereum Klassisch (ETC)<\/li>\n<li>Musicoin (MUSIC)<\/li>\n<li>Ubiq (UBQ)<\/li>\n<\/ul>\n<h3><strong><a href=\"https:\/\/coinmarketcap.com\/es\/currencies\/ethereum-classic\/\">Ethereum klassisch<\/a> gegen Ethereum:<\/strong><\/h3>\n<p>Diese Kryptow\u00e4hrung wurde im Juli 2016 eingef\u00fchrt und dient in erster Linie als Netzwerk f\u00fcr<br \/>\nSmart Contracts, mit der M\u00f6glichkeit, Dapps zu speichern und zu unterst\u00fctzen.<br \/>\nSeit der Einf\u00fchrung dieser Kryptow\u00e4hrung hat sie versucht, sich von ihrem gro\u00dfen Bruder zu unterscheiden, da sie<br \/>\ndass sie sich zum Ziel gesetzt hat, die Integrit\u00e4t der bestehenden ETH-Blockchain zu bewahren.<\/p>\n<p>&nbsp;<\/p>\n<p>Klicken Sie hier <a href=\"https:\/\/www.youtube.com\/watch?v=BtF49i6Glnc\">hier<\/a> den Unterschied zwischen einem ASIC und einem RIG zu kennen.<\/p>\n<\/div>","protected":false},"excerpt":{"rendered":"<p>Antminer E7 800Mhs El Antminer E7 800Mhs de Bitmain, especializado en minar Ethereum Classic, tiene un rendimiento mayor que cualquier GPU.\u00a0\u00a0Este ASIC dedicado a la miner\u00eda de Ethash, tiene una potencia de minado de 800MHs y un consumo de 1.300w\/h. \u00bfQu\u00e9 es Bitmain? Bitmain es una compa\u00f1\u00eda con sede en Beijing, China. Es considerada una [&hellip;]<\/p>\n","protected":false},"featured_media":383,"comment_status":"open","ping_status":"closed","template":"","meta":[],"product_brand":[],"product_cat":[19],"product_tag":[52],"class_list":{"0":"post-382","1":"product","2":"type-product","3":"status-publish","4":"has-post-thumbnail","6":"product_cat-mineros","7":"product_tag-asic","9":"first","10":"outofstock","11":"taxable","12":"shipping-taxable","13":"purchasable","14":"product-type-simple"},"_links":{"self":[{"href":"https:\/\/pruebas.michollo.to\/de\/wp-json\/wp\/v2\/product\/382","targetHints":{"allow":["GET"]}}],"collection":[{"href":"https:\/\/pruebas.michollo.to\/de\/wp-json\/wp\/v2\/product"}],"about":[{"href":"https:\/\/pruebas.michollo.to\/de\/wp-json\/wp\/v2\/types\/product"}],"replies":[{"embeddable":true,"href":"https:\/\/pruebas.michollo.to\/de\/wp-json\/wp\/v2\/comments?post=382"}],"wp:featuredmedia":[{"embeddable":true,"href":"https:\/\/pruebas.michollo.to\/de\/wp-json\/wp\/v2\/media\/383"}],"wp:attachment":[{"href":"https:\/\/pruebas.michollo.to\/de\/wp-json\/wp\/v2\/media?parent=382"}],"wp:term":[{"taxonomy":"product_brand","embeddable":true,"href":"https:\/\/pruebas.michollo.to\/de\/wp-json\/wp\/v2\/product_brand?post=382"},{"taxonomy":"product_cat","embeddable":true,"href":"https:\/\/pruebas.michollo.to\/de\/wp-json\/wp\/v2\/product_cat?post=382"},{"taxonomy":"product_tag","embeddable":true,"href":"https:\/\/pruebas.michollo.to\/de\/wp-json\/wp\/v2\/product_tag?post=382"}],"curies":[{"name":"wp","href":"https:\/\/api.w.org\/{rel}","templated":true}]}}