{"id":386,"date":"2022-10-16T04:32:32","date_gmt":"2022-10-16T06:32:32","guid":{"rendered":"https:\/\/pruebas.michollo.to\/producto\/jasminer-x4-1u-520-mhs\/"},"modified":"2025-05-09T14:47:29","modified_gmt":"2025-05-09T12:47:29","slug":"jasminer-x4","status":"publish","type":"product","link":"https:\/\/pruebas.michollo.to\/de\/produkt\/jasminer-x4\/","title":{"rendered":"Jasminer X4-1U 520 mhs"},"content":{"rendered":"<h2>Jasminer X4<\/h2>\n<p>Jasminer X4 war eine der wichtigsten Markteinf\u00fchrungen der Marke, die zur Bergbaufamilie geh\u00f6rt. <a href=\"https:\/\/coinmarketcap.com\/currencies\/ethereum-classic\/\">ETHREUM CLASSIC.<\/a><\/p>\n<p>Sie hat eine Abbauleistung von\u00a0<b>520Mh\/s und einem Verbrauch von 240w\/h.<\/b><\/p>\n<p>&nbsp;<\/p>\n<h2><b>M\u00fcnzen, die abgebaut werden k\u00f6nnen<\/b><\/h2>\n<p>Wir haben es \u00fcbersichtlich dargestellt, so dass Sie es ohne Komplikationen verstehen k\u00f6nnen. Unten sehen Sie die wichtigsten W\u00e4hrungen f\u00fcr den Algorithmus\u00a0<a href=\"https:\/\/www.minandovoy.com\/tienda\/?algoritmos=ethash\">EtHash<\/a>\u00a0des Jasminer X-16 Q WiFi Miners<\/p>\n<ul>\n<li>Ethereum Klassisch (ETC)<\/li>\n<li>Musicoin (MUSIC)<\/li>\n<li>Ubiq (UBQ)<\/li>\n<\/ul>\n<p>&nbsp;<\/p>\n<p><strong>Ethereum classic vs. Ethereum:<\/strong><br \/>\nDiese Kryptow\u00e4hrung wurde im Juli 2016 eingef\u00fchrt und dient in erster Linie als Netzwerk f\u00fcr<br \/>\nSmart Contracts, mit der M\u00f6glichkeit, Dapps zu speichern und zu unterst\u00fctzen.<br \/>\nSeit der Einf\u00fchrung dieser Kryptow\u00e4hrung hat sie versucht, sich von ihrem gro\u00dfen Bruder zu unterscheiden, da sie<br \/>\ndass sie sich zum Ziel gesetzt hat, die Integrit\u00e4t der bestehenden ETH-Blockchain zu bewahren.<\/p>\n<p><iframe loading=\"lazy\" title=\"YouTube-Video-Player\" src=\"https:\/\/www.youtube.com\/embed\/gShK444jr9w\" width=\"560\" height=\"315\" frameborder=\"0\" allowfullscreen=\"allowfullscreen\"><\/iframe><\/p>","protected":false},"excerpt":{"rendered":"<p>Jasminer X4 Jasminer X4 fue uno de los lanzamientos m\u00e1s importantes hechos por la marca, formando parte de la familia de la miner\u00eda de ETHREUM CLASSIC. Tiene una potencia de minado de\u00a0520Mh\/s y un consumo de 240w\/h. &nbsp; Monedas que se pueden minar Lo ponemos de forma clara para que puedas entenderlo sin complicaciones. A [&hellip;]<\/p>\n","protected":false},"featured_media":387,"comment_status":"open","ping_status":"closed","template":"","meta":[],"product_brand":[],"product_cat":[19],"product_tag":[244,138],"class_list":{"0":"post-386","1":"product","2":"type-product","3":"status-publish","4":"has-post-thumbnail","6":"product_cat-mineros","7":"product_tag-gme","8":"product_tag-mineros-para-avanzados","10":"first","11":"outofstock","12":"taxable","13":"shipping-taxable","14":"purchasable","15":"product-type-simple"},"_links":{"self":[{"href":"https:\/\/pruebas.michollo.to\/de\/wp-json\/wp\/v2\/product\/386","targetHints":{"allow":["GET"]}}],"collection":[{"href":"https:\/\/pruebas.michollo.to\/de\/wp-json\/wp\/v2\/product"}],"about":[{"href":"https:\/\/pruebas.michollo.to\/de\/wp-json\/wp\/v2\/types\/product"}],"replies":[{"embeddable":true,"href":"https:\/\/pruebas.michollo.to\/de\/wp-json\/wp\/v2\/comments?post=386"}],"wp:featuredmedia":[{"embeddable":true,"href":"https:\/\/pruebas.michollo.to\/de\/wp-json\/wp\/v2\/media\/387"}],"wp:attachment":[{"href":"https:\/\/pruebas.michollo.to\/de\/wp-json\/wp\/v2\/media?parent=386"}],"wp:term":[{"taxonomy":"product_brand","embeddable":true,"href":"https:\/\/pruebas.michollo.to\/de\/wp-json\/wp\/v2\/product_brand?post=386"},{"taxonomy":"product_cat","embeddable":true,"href":"https:\/\/pruebas.michollo.to\/de\/wp-json\/wp\/v2\/product_cat?post=386"},{"taxonomy":"product_tag","embeddable":true,"href":"https:\/\/pruebas.michollo.to\/de\/wp-json\/wp\/v2\/product_tag?post=386"}],"curies":[{"name":"wp","href":"https:\/\/api.w.org\/{rel}","templated":true}]}}