{"id":4080,"date":"2024-04-02T09:07:36","date_gmt":"2024-04-02T11:07:36","guid":{"rendered":"https:\/\/www.minandovoy.com\/?post_type=product&#038;p=4080"},"modified":"2025-09-04T10:35:43","modified_gmt":"2025-09-04T08:35:43","slug":"nueva-next-generation-ice-river-ks5l-12-th","status":"publish","type":"product","link":"https:\/\/pruebas.michollo.to\/de\/produkt\/neue-nachste-generation-ice-river-ks5l-12-th\/","title":{"rendered":"IceRiver KS5L: Leistungsstarker ASIC-Miner f\u00fcr Kryptow\u00e4hrungen"},"content":{"rendered":"<p>Dieses neue Ger\u00e4t erreicht eine Hash-Rate von <strong>12\/11\/10 th\u00a0<\/strong> pro Sekunde (Th\/s). Auch die Energieeffizienz ist ein Highlight des KS5, mit<strong> <b>3400<\/b>W<\/strong> .<\/p>\n<p>Dies ist die bisher leistungsst\u00e4rkste Maschine von Ice River.<\/p>\n<p>Die Einf\u00fchrung von KS5L stellt einen wichtigen Meilenstein sowohl f\u00fcr Ice River als auch f\u00fcr Kaspa dar. Obwohl Kaspa eine relativ neue Kryptow\u00e4hrung ist, hat sie in sehr kurzer Zeit eine starke Position in der Branche erreicht. Die Hash-Rate von Kaspa hat sich im ersten Quartal 2023 verdreifacht. Gegen Ende des letzten Jahres, nach der Ethereum-Fusion, wurde sie zu einer der profitabelsten Kryptow\u00e4hrungen, die mit Grafikkarten (GPUs) gemined werden k\u00f6nnen.<\/p>\n<div class=\"asicminer-widget-container\" style=\"width: 100%; min-height: 300px;\">\n            <iframe id=\"asicminer-widget-8723\" \n                    src=\"https:\/\/pruebas.michollo.to\/wp-content\/themes\/minandovoy\/proxy-widget.php?miner=iceriver\/ks5l&#038;type=profit&#038;theme=dark\" \n                    width=\"100%\" \n                    height=\"300\" \n                    frameborder=\"0\"\n                    loading=\"lazy\"\n                    style=\"border: none; overflow: hidden;\"\n                    title=\"ASIC Miner Widget\">\n            <\/iframe>\n        <\/div>\n<h3>Was ist Kaspa?<\/h3>\n<p>Kaspa ist eine Kryptow\u00e4hrung, die genau wie Bitcoin und andere beliebte Kryptow\u00e4hrungen auf der Blockchain-Technologie basiert. Als Anf\u00e4nger ist es wichtig zu verstehen, dass eine Kryptow\u00e4hrung eine Art von digitaler W\u00e4hrung ist, die Kryptographie verwendet, um Transaktionen in ihrem Netzwerk zu sichern und zu verifizieren.<\/p>\n<p>Kaspa zeichnet sich als ein Netzwerk aus, das speziell entwickelt wurde, um einige Herausforderungen und Einschr\u00e4nkungen zu bew\u00e4ltigen, die bei anderen Kryptow\u00e4hrungen beobachtet wurden. Eines der Hauptmerkmale von Kaspa ist sein Konsensalgorithmus, genannt kPoW (Kaspa Proof of Work), der die Sicherheit und Zuverl\u00e4ssigkeit des Netzwerks gew\u00e4hrleistet.<\/p>\n<p>Einer der wesentlichen Unterschiede von Kaspa im Vergleich zu anderen Kryptow\u00e4hrungen ist seine F\u00e4higkeit, effizient zu skalieren. Das bedeutet, dass Kaspa in der Lage ist, eine gr\u00f6\u00dfere Anzahl von Transaktionen pro Sekunde zu verarbeiten und effektiver zu wachsen, wenn mehr Nutzer dem Netzwerk beitreten. Diese Skalierbarkeit verbessert die Geschwindigkeit und Effizienz von Transaktionen, was f\u00fcr die breite Akzeptanz von Kryptow\u00e4hrungen von Vorteil sein kann.<\/p>\n<p>Au\u00dferdem gilt Kaspa als dezentralisiertes und quelloffenes Netzwerk, was bedeutet, dass es nicht von einer zentralen Beh\u00f6rde kontrolliert wird und dass jeder Zugang zum Quellcode hat und zur Entwicklung der Plattform beitragen kann.<\/p>","protected":false},"excerpt":{"rendered":"<p>Este nuevo dispositivo alcanza una tasa de hash de 12\/11\/10 th\u00a0 por segundo (Th\/s). La eficiencia energ\u00e9tica tambi\u00e9n es un aspecto destacado del KS5, con 3400W . Esta el la maquina mas potente de Ice river hasta la fecha El lanzamiento del KS5L representa un hito importante tanto para Ice River como para Kaspa. Aunque [&hellip;]<\/p>\n","protected":false},"featured_media":2098,"comment_status":"open","ping_status":"closed","template":"","meta":[],"product_brand":[],"product_cat":[19],"product_tag":[244,138,139],"class_list":{"0":"post-4080","1":"product","2":"type-product","3":"status-publish","4":"has-post-thumbnail","6":"product_cat-mineros","7":"product_tag-gme","8":"product_tag-mineros-para-avanzados","9":"product_tag-mineros-para-expertos","11":"first","12":"outofstock","13":"taxable","14":"shipping-taxable","15":"purchasable","16":"product-type-simple"},"_links":{"self":[{"href":"https:\/\/pruebas.michollo.to\/de\/wp-json\/wp\/v2\/product\/4080","targetHints":{"allow":["GET"]}}],"collection":[{"href":"https:\/\/pruebas.michollo.to\/de\/wp-json\/wp\/v2\/product"}],"about":[{"href":"https:\/\/pruebas.michollo.to\/de\/wp-json\/wp\/v2\/types\/product"}],"replies":[{"embeddable":true,"href":"https:\/\/pruebas.michollo.to\/de\/wp-json\/wp\/v2\/comments?post=4080"}],"wp:featuredmedia":[{"embeddable":true,"href":"https:\/\/pruebas.michollo.to\/de\/wp-json\/wp\/v2\/media\/2098"}],"wp:attachment":[{"href":"https:\/\/pruebas.michollo.to\/de\/wp-json\/wp\/v2\/media?parent=4080"}],"wp:term":[{"taxonomy":"product_brand","embeddable":true,"href":"https:\/\/pruebas.michollo.to\/de\/wp-json\/wp\/v2\/product_brand?post=4080"},{"taxonomy":"product_cat","embeddable":true,"href":"https:\/\/pruebas.michollo.to\/de\/wp-json\/wp\/v2\/product_cat?post=4080"},{"taxonomy":"product_tag","embeddable":true,"href":"https:\/\/pruebas.michollo.to\/de\/wp-json\/wp\/v2\/product_tag?post=4080"}],"curies":[{"name":"wp","href":"https:\/\/api.w.org\/{rel}","templated":true}]}}