{"id":414,"date":"2022-10-16T04:36:54","date_gmt":"2022-10-16T06:36:54","guid":{"rendered":"https:\/\/pruebas.michollo.to\/producto\/bitmain-antminer-l7\/"},"modified":"2025-11-20T17:34:38","modified_gmt":"2025-11-20T16:34:38","slug":"antminer-l7","status":"publish","type":"product","link":"https:\/\/pruebas.michollo.to\/de\/produkt\/ameisenminen-l7\/","title":{"rendered":"Bitmain Antminer L7 : Leistungsstarker Miner f\u00fcr LTC+DOGECOIN"},"content":{"rendered":"<h2>ANTMINER L7<\/h2>\n<p>Diese Maschine, Antminer L7, geh\u00f6rt zu den TOP 5 der profitabelsten Maschinen.<\/p>\n<p>Im Moment ist es der leistungsst\u00e4rkste kombinierte Mining-ASIC auf dem Markt, der gleichzeitig LITECOIN und DOGECOIN sch\u00fcrft.<\/p>\n<p>Dieses Technologiemonster wurde entwickelt, um in der Kryptow\u00e4hrungs-Mining-Branche f\u00fchrend zu sein und Ihre Mining-Aktivit\u00e4ten auf die n\u00e4chste Stufe zu heben.<\/p>\n<div style=\"width: 640px;\" class=\"wp-video\"><video class=\"wp-video-shortcode\" id=\"video-414-1\" width=\"640\" height=\"360\" preload=\"metadata\" controls=\"controls\"><source type=\"video\/mp4\" src=\"https:\/\/file.bitmain.com\/www-bitmain\/assets\/videos\/Antminer\/L7_en.mp4?_=1\" \/><a href=\"https:\/\/file.bitmain.com\/www-bitmain\/assets\/videos\/Antminer\/L7_en.mp4\">https:\/\/file.bitmain.com\/www-bitmain\/assets\/videos\/Antminer\/L7_en.mp4<\/a><\/video><\/div>\n<p>&nbsp;<\/p>\n<p>Hauptmerkmale:<\/p>\n<ol>\n<li><strong>Hash-Leistung<\/strong>: El Antminer L7\u00a0 en el algoritmo de prueba de trabajo Scrypt.<\/li>\n<li><strong>Energieverbrauch<\/strong>Der Stromverbrauch des Antminer L7 liegt bei 3425 Watt. Die Energieeffizienz ist ein wichtiger Faktor beim Mining von Kryptow\u00e4hrungen, da sie sowohl die Rentabilit\u00e4t als auch die Umweltauswirkungen des Mining-Betriebs beeinflusst.<\/li>\n<li><strong>Chip-Technologie<\/strong>Der Antminer L7 verwendet ASIC-Chips (Application Specific Integrated Circuit), die speziell f\u00fcr den Scrypt-Algorithmus entwickelt wurden. Diese Chips sind optimiert, um eine effiziente Leistung und hohe Hashrate f\u00fcr Scrypt-basiertes Cryptocurrency-Mining zu liefern.<\/li>\n<li><strong>K\u00fchlung<\/strong>Der Antminer L7 ist mit einem geeigneten K\u00fchlsystem ausgestattet, um eine optimale Betriebstemperatur zu gew\u00e4hrleisten. Dies ist wichtig, um eine stabile Leistung zu gew\u00e4hrleisten und die Lebensdauer des Ger\u00e4ts zu verl\u00e4ngern. Das K\u00fchlsystem kann aus effizienten L\u00fcftern und K\u00fchlk\u00f6rpern bestehen.<\/li>\n<\/ol>\n<h4><strong>Scrypt-Sch\u00fcrfen:<\/strong><\/h4>\n<p>Scrypt-Mining ist ein Prozess, bei dem Computerhardware verwendet wird, um komplexe mathematische Probleme zu l\u00f6sen und Transaktionen im Kryptow\u00e4hrungsnetzwerk mithilfe des Scrypt-Algorithmus zu validieren.<\/p>\n<ol>\n<li><strong>Scrypt-Algorithmus<\/strong>Scrypt ist ein Proof-of-Work-Algorithmus, der unter anderem von einigen Kryptow\u00e4hrungen wie Litecoin und Dogecoin verwendet wird. Im Gegensatz zu dem von Bitcoin verwendeten SHA-256-Algorithmus ist Scrypt so konzipiert, dass es gegen das Mining mit Spezialhardware (ASICs) resistent ist und das Mining mit CPUs und GPUs f\u00f6rdert. Dies macht das Scrypt-Mining f\u00fcr normale Nutzer zug\u00e4nglicher und begrenzt die Dominanz gro\u00dfer, spezialisierter Mining-Unternehmen.<\/li>\n<li><strong>Erforderliche Ressourcen<\/strong>Scrypt-Mining erfordert haupts\u00e4chlich Rechenleistung (Hashrate) und Speicher, weshalb es sich f\u00fcr CPU- und GPU-Mining eignet. Im Gegensatz zum Bitcoin-Mining, das spezielle ASIC-Hardware erfordert, kann Scrypt-Mining auf PCs mit leistungsstarken Grafikkarten durchgef\u00fchrt werden.<\/li>\n<li><strong>Leistung und Energieeffizienz<\/strong>Die Scrypt-Sch\u00fcrfleistung wird in Kilohashes pro Sekunde (KH\/s), Megahashes pro Sekunde (MH\/s) oder Gigahashes pro Sekunde (GH\/s) gemessen. Die Energieeffizienz, gemessen an der pro Hash-Rate verbrauchten Energie, ist ebenfalls ein wichtiger Faktor beim Scrypt-Mining.<\/li>\n<li><strong>Bergbau-Pools<\/strong>Das Sch\u00fcrfen von Scrypt kann hart umk\u00e4mpft sein und die individuellen Ergebnisse k\u00f6nnen unvorhersehbar sein, weshalb sich viele Sch\u00fcrfer daf\u00fcr entscheiden, Mining-Pools beizutreten. Mining-Pools sind Gruppen von Sch\u00fcrfern, die ihre Rechenleistung b\u00fcndeln, um die Chancen auf das L\u00f6sen von Bl\u00f6cken und den Erhalt best\u00e4ndigerer Belohnungen zu erh\u00f6hen. Die Belohnungen werden unter den Sch\u00fcrfern auf der Grundlage ihres Beitrags zur Hashrate des Pools verteilt.<\/li>\n<li><strong>Belohnungen und Belohnungsblock:<\/strong>\u00a0Scrypt-Miner erhalten f\u00fcr ihre Beteiligung an der Transaktionsvalidierung und der Netzwerksicherheit Belohnungen in Kryptow\u00e4hrung. Im Fall von Litecoin beispielsweise betr\u00e4gt die aktuelle Blockbelohnung 12,5 LTC pro Block und wird etwa alle vier Jahre in einem als \"Halving\" bekannten Ereignis halbiert.<\/li>\n<\/ol>\n<p>Es ist wichtig zu beachten, dass das Mining von Kryptow\u00e4hrungen, einschlie\u00dflich des Scrypt-Minings, erhebliche Vorabinvestitionen in Hardware und Stromverbrauch erfordern kann. Dar\u00fcber hinaus kann die Rentabilit\u00e4t des Minings von Faktoren wie dem Preis der Kryptow\u00e4hrung, der Netzwerkschwierigkeit und den Betriebskosten beeinflusst werden. Wenn Sie sich f\u00fcr Scrypt-Mining interessieren, ist es ratsam, gr\u00fcndliche Nachforschungen anzustellen und die Kosten und Vorteile sorgf\u00e4ltig abzuw\u00e4gen, bevor Sie mit dieser T\u00e4tigkeit beginnen.<\/p>\n<p>&nbsp;<\/p>\n<h5><strong>Weitere Informationen \u00fcber LiteCoin:<\/strong><\/h5>\n<p>Litecoin (LTC) ist eine dezentrale, quelloffene Kryptow\u00e4hrung, die im Oktober 2011 von Charlie Lee, einem ehemaligen Google-Ingenieur, eingef\u00fchrt wurde. Obwohl Litecoin auf der Blockchain-Technologie basiert, weist er im Vergleich zu Bitcoin und anderen Kryptow\u00e4hrungen einige Besonderheiten auf. Hier finden Sie einige grundlegende, aber wichtige Informationen \u00fcber Litecoin:<\/p>\n<ol>\n<li><strong>Ziel<\/strong>Litecoin wurde mit dem Ziel geschaffen, eine verbesserte Version von Bitcoin zu sein. Er soll schnellere Transaktionen, niedrigere Transaktionskosten und effizienteres Mining bieten.<\/li>\n<li><strong>Algorithmus<\/strong>Im Gegensatz zu Bitcoin, das den SHA-256 Proof-of-Work-Algorithmus verwendet, nutzt Litecoin den Scrypt-Algorithmus. Dieser Algorithmus wurde entwickelt, um widerstandsf\u00e4higer gegen das Mining mit spezieller Hardware (ASIC) zu sein und das Mining f\u00fcr normale Nutzer mit CPU- und GPU-Ausr\u00fcstung zug\u00e4nglicher zu machen.<\/li>\n<li><strong>Block und Sendezeit<\/strong>Litecoin hat eine angestrebte Blockzeit von 2,5 Minuten, verglichen mit 10 Minuten bei Bitcoin. Dies bedeutet, dass Litecoin-Transaktionen schneller best\u00e4tigt werden. Dar\u00fcber hinaus hat Litecoin ein maximales Angebot von 84 Millionen M\u00fcnzen, viermal mehr als Bitcoin's Limit.<\/li>\n<li><strong>Verabschiedung und Liquidit\u00e4t<\/strong>Litecoin hat eine weite Verbreitung gefunden und verf\u00fcgt \u00fcber eine gro\u00dfe Nutzerbasis. Er ist an zahlreichen B\u00f6rsen erh\u00e4ltlich und wird von vielen H\u00e4ndlern als Zahlungsmittel akzeptiert. Dies hat zu seiner Liquidit\u00e4t und der Leichtigkeit des Kaufs und Verkaufs beigetragen.<\/li>\n<li><strong>Sicherheit<\/strong>Litecoin profitiert von der Sicherheit der Blockchain-Technologie und nutzt fortschrittliche Kryptographie, um die Integrit\u00e4t von Transaktionen zu gew\u00e4hrleisten. Dar\u00fcber hinaus war Litecoin eine der ersten Kryptow\u00e4hrungen, die Segregated Witness (SegWit) einf\u00fchrte, ein Upgrade, das die Effizienz des Netzwerks verbesserte und zus\u00e4tzliche Funktionen, wie das Lightning Network, f\u00fcr schnellere und skalierbarere Zahlungen erm\u00f6glichte.<\/li>\n<li><strong>Bitcoin-Zusatzmodul<\/strong>Litecoin wird oft als Erg\u00e4nzung zu Bitcoin gesehen. Viele Nutzer verwenden Litecoin f\u00fcr schnelle, kosteng\u00fcnstige Transaktionen zwischen B\u00f6rsen oder zum effizienten Versenden von Werten. Dar\u00fcber hinaus dient Litecoin als Testnetz f\u00fcr die Implementierung von Funktionen, bevor diese in Bitcoin \u00fcbernommen werden.<\/li>\n<\/ol>\n<p>&nbsp;<\/p>\n<h5><strong>DogeCoin:<\/strong><\/h5>\n<p>DogeCoin (DOGE) ist eine digitale Kryptow\u00e4hrung, die 2013 als Scherz entstand, inspiriert von dem beliebten Meme des Shiba-Inu-Hundes \"Doge\". Obwohl sie als Parodie auf andere Kryptow\u00e4hrungen begann, hat Dogecoin an Popularit\u00e4t gewonnen und eine aktive Online-Community aufgebaut. Im Folgenden gebe ich Ihnen einige grundlegende, aber wichtige Informationen \u00fcber Dogecoin:<\/p>\n<ol>\n<li><strong>Start und Gr\u00fcnder<\/strong>Dogecoin wurde von Billy Markus und Jackson Palmer als eine lustige und freundliche Version von Kryptow\u00e4hrungen entwickelt. Er wurde im Dezember 2013 eingef\u00fchrt und basiert auf der Luckycoin-Codebasis, die wiederum eine Abspaltung von Litecoin ist.<\/li>\n<li><strong>Lieferung und Ausgabe<\/strong>Im Gegensatz zu Bitcoin, dessen Angebot auf maximal 21 Millionen M\u00fcnzen begrenzt ist, ist das Angebot von Dogecoin unbegrenzt. In den ersten Jahren hatte Dogecoin eine hohe Ausgaberate, aber 2014 wurde ein Upgrade vorgenommen, um die Ausgaberate zu reduzieren und eine konstante Rate von 10.000 M\u00fcnzen pro Minute festzulegen.<\/li>\n<li><strong>Nutzung und Annahme<\/strong>Dogecoin hat aufgrund seiner Gemeinschaft und seines freundlichen Charakters online an Popularit\u00e4t gewonnen. Er wurde f\u00fcr Social-Media-Tipps und zur Unterst\u00fctzung wohlt\u00e4tiger Zwecke und Veranstaltungen verwendet. Dogecoin wird auch von einigen H\u00e4ndlern als Zahlungsmittel akzeptiert, obwohl seine Akzeptanz im Vergleich zu anderen gr\u00f6\u00dferen Kryptow\u00e4hrungen relativ begrenzt ist.<\/li>\n<li><strong>Algorithmus und Abbau<\/strong>Dogecoin verwendet den Proof-of-Work-Algorithmus Scrypt, genau wie Litecoin. Dadurch kann die Kryptow\u00e4hrung mit g\u00e4ngiger CPU- und GPU-Hardware gesch\u00fcrft werden. Aufgrund seiner Popularit\u00e4t und der Community ist das Dogecoin-Mining im Laufe der Jahre jedoch wettbewerbsf\u00e4higer geworden.<\/li>\n<li><strong>Volatilit\u00e4t und Spekulation<\/strong>Dogecoin: Wie andere Kryptow\u00e4hrungen hat auch der Dogecoin starke Kursschwankungen erlebt. Obwohl er anfangs nicht als ernsthafte Investition angesehen wurde, hat er die Aufmerksamkeit der Anleger auf sich gezogen und in bestimmten Zeitr\u00e4umen erhebliche Wertsteigerungen erfahren. Es ist jedoch wichtig zu bedenken, dass Investitionen in Kryptow\u00e4hrungen mit Risiken verbunden sind und die Marktvolatilit\u00e4t hoch sein kann.<\/li>\n<\/ol>","protected":false},"excerpt":{"rendered":"<p>ANTMINER L7 Esta m\u00e1quina, Antminer L7,\u00a0 se encuentra dentro del TOP 5 de m\u00e1quinas m\u00e1s rentables. Por ahora, es el ASIC de miner\u00eda combinada m\u00e1s potente del mercado, hablamos de minar simult\u00e1neamente LITECOIN + DOGECOIN. Dise\u00f1ado para liderar la industria de la miner\u00eda de criptomonedas, este monstruo tecnol\u00f3gico est\u00e1 aqu\u00ed para llevar tus operaciones mineras [&hellip;]<\/p>\n","protected":false},"featured_media":415,"comment_status":"open","ping_status":"closed","template":"","meta":[],"product_brand":[],"product_cat":[19],"product_tag":[52,244,138,139],"class_list":{"0":"post-414","1":"product","2":"type-product","3":"status-publish","4":"has-post-thumbnail","6":"product_cat-mineros","7":"product_tag-asic","8":"product_tag-gme","9":"product_tag-mineros-para-avanzados","10":"product_tag-mineros-para-expertos","12":"first","13":"instock","14":"featured","15":"taxable","16":"shipping-taxable","17":"purchasable","18":"product-type-variable","19":"has-default-attributes"},"_links":{"self":[{"href":"https:\/\/pruebas.michollo.to\/de\/wp-json\/wp\/v2\/product\/414","targetHints":{"allow":["GET"]}}],"collection":[{"href":"https:\/\/pruebas.michollo.to\/de\/wp-json\/wp\/v2\/product"}],"about":[{"href":"https:\/\/pruebas.michollo.to\/de\/wp-json\/wp\/v2\/types\/product"}],"replies":[{"embeddable":true,"href":"https:\/\/pruebas.michollo.to\/de\/wp-json\/wp\/v2\/comments?post=414"}],"wp:featuredmedia":[{"embeddable":true,"href":"https:\/\/pruebas.michollo.to\/de\/wp-json\/wp\/v2\/media\/415"}],"wp:attachment":[{"href":"https:\/\/pruebas.michollo.to\/de\/wp-json\/wp\/v2\/media?parent=414"}],"wp:term":[{"taxonomy":"product_brand","embeddable":true,"href":"https:\/\/pruebas.michollo.to\/de\/wp-json\/wp\/v2\/product_brand?post=414"},{"taxonomy":"product_cat","embeddable":true,"href":"https:\/\/pruebas.michollo.to\/de\/wp-json\/wp\/v2\/product_cat?post=414"},{"taxonomy":"product_tag","embeddable":true,"href":"https:\/\/pruebas.michollo.to\/de\/wp-json\/wp\/v2\/product_tag?post=414"}],"curies":[{"name":"wp","href":"https:\/\/api.w.org\/{rel}","templated":true}]}}