{"id":420,"date":"2022-10-16T04:37:59","date_gmt":"2022-10-16T06:37:59","guid":{"rendered":"https:\/\/pruebas.michollo.to\/producto\/rig-starter\/"},"modified":"2025-05-09T14:47:27","modified_gmt":"2025-05-09T12:47:27","slug":"rig-starter","status":"publish","type":"product","link":"https:\/\/pruebas.michollo.to\/de\/produkt\/seilzugstarter\/","title":{"rendered":"Rigger-Starter - Dualer Abbau ETHF + KAS, NEOXA, ETC, FLUX"},"content":{"rendered":"<p data-sanitized-data-mce-fragment=\"1\"><em>*PREIS OHNE MWST., SIEHE BEDINGUNGEN<\/em><\/p>\n<p data-sanitized-data-mce-fragment=\"1\">Unser Plan ist es, die Investitionssumme auf die besten Algorithmen auf der Grundlage ihrer aktuellen Rentabilit\u00e4t aufzuteilen, um die Amortisationszeit zu verk\u00fcrzen.<\/p>\n<p data-sanitized-data-mce-fragment=\"1\">Nach dem Merge sind neue Mining-M\u00f6glichkeiten wie Ravencoin, Beam, Flux, Ergo, Alephium, Conflux, Neoxa oder Kaspa entstanden. Diese Kryptow\u00e4hrungen k\u00f6nnen im Dual-Mining kombiniert werden, um die Leistung Ihrer Anlage zu maximieren.<\/p>\n<p data-sanitized-data-mce-fragment=\"1\"><img decoding=\"async\" src=\"https:\/\/cdn.shopify.com\/s\/files\/1\/0531\/4877\/8652\/files\/Disenosintitulo_2_1024x1024.png?v=1666164826\" alt=\"\" \/><\/p>\n<p data-sanitized-data-mce-fragment=\"1\"><img loading=\"lazy\" decoding=\"async\" style=\"display: block; margin-left: auto; margin-right: auto;\" src=\"https:\/\/cdn.shopify.com\/s\/files\/1\/0531\/4877\/8652\/files\/Imagen1_480x480.png?v=1645536577\" alt=\"\" width=\"380\" height=\"114\" data-sanitized-data-mce-src=\"https:\/\/cdn.shopify.com\/s\/files\/1\/0531\/4877\/8652\/files\/Imagen1_480x480.png?v=1645536577\" data-sanitized-data-mce-style=\"display: block; margin-left: auto; margin-right: auto;\" \/><\/p>\n<ul>\n<li><strong>Monatsertrag 60$-70$ (DUAL MINING, ETHF+KAS, ETC+KAS NEOXA,RVN)<\/strong><\/li>\n<li><em>*Die Renditen basieren auf dem aktuellen Markt. Mittelfristig wird ein erheblicher Aufw\u00e4rtstrend erwartet.<\/em><\/li>\n<li><em data-sanitized-data-mce-fragment=\"1\">Verbrauch W\/Stunde:<strong data-sanitized-data-mce-fragment=\"1\">\u00a0700w<\/strong><\/em><\/li>\n<li>Mining-Leistung im Ethash-Algorithmus:<strong> 230 mhs<\/strong><\/li>\n<li data-sanitized-data-mce-fragment=\"1\">M\u00f6glichkeit der Montage mit: 8 Einheiten rx6600XT oder 4 Einheiten rx6800\/rtx3060ti\/rtx3070<\/li>\n<\/ul>\n<p data-sanitized-data-mce-fragment=\"1\">Das derzeitige Ziel ist es, so viele Kryptow\u00e4hrungen wie m\u00f6glich anzuh\u00e4ufen, um die aktuelle Rentabilit\u00e4t zu vervielfachen, wenn sie im Wert steigen. Diese aufstrebenden Kryptow\u00e4hrungen sind aufgrund ihrer gro\u00dfen Wertsteigerungsspanne und sehr interessanter Projekte mit sehr n\u00fctzlichen Anwendungen f\u00fcr die Bev\u00f6lkerung sehr interessant.\u00a0<span data-sanitized-data-mce-fragment=\"1\">Blockchain.<\/span><\/p>\n<p data-sanitized-data-mce-fragment=\"1\">Im Preis inbegriffen:<\/p>\n<ul>\n<li><strong>Konfiguration<\/strong>Die Konfiguration und Montage jedes RIG ist im Preis inbegriffen.<\/li>\n<li><strong>Unterst\u00fctzung und Follow-up<\/strong>: Beinhaltet w\u00e4hrend\u00a0<strong>sechs Monate<\/strong>\u00a0Support f\u00fcr alle verursachten Vorf\u00e4lle (AUSSER denjenigen, die als au\u00dferhalb der GARANTIE aufgef\u00fchrt sind).<\/li>\n<li><strong>B\u00fcrgschaft<\/strong>Alle Maschinen haben\u00a0<strong>DREI<\/strong>\u00a0Jahre der Garantie.<\/li>\n<\/ul>","protected":false},"excerpt":{"rendered":"<p>*PRECIO SIN IVA, CONSULTAR CONDICIONES Nuestro plan consiste en dividir el montaje de la inversi\u00f3n entre los mejores algoritmos bas\u00e1ndonos en su rentabilidad actual para acortar el tiempo de recuperaci\u00f3n de la inversi\u00f3n. Tras el Merge surgieron nuevas oportunidades de minado como: Ravencoin, Beam, Flux, Ergo, Alephium, Conflux, Neoxa o Kaspa. Estas criptomonedas se puede [&hellip;]<\/p>\n","protected":false},"featured_media":421,"comment_status":"open","ping_status":"closed","template":"","meta":[],"product_brand":[],"product_cat":[18],"product_tag":[],"class_list":{"0":"post-420","1":"product","2":"type-product","3":"status-publish","4":"has-post-thumbnail","6":"product_cat-rigs-de-gpu","8":"first","9":"instock","10":"taxable","11":"shipping-taxable","12":"purchasable","13":"product-type-simple"},"_links":{"self":[{"href":"https:\/\/pruebas.michollo.to\/de\/wp-json\/wp\/v2\/product\/420","targetHints":{"allow":["GET"]}}],"collection":[{"href":"https:\/\/pruebas.michollo.to\/de\/wp-json\/wp\/v2\/product"}],"about":[{"href":"https:\/\/pruebas.michollo.to\/de\/wp-json\/wp\/v2\/types\/product"}],"replies":[{"embeddable":true,"href":"https:\/\/pruebas.michollo.to\/de\/wp-json\/wp\/v2\/comments?post=420"}],"wp:featuredmedia":[{"embeddable":true,"href":"https:\/\/pruebas.michollo.to\/de\/wp-json\/wp\/v2\/media\/421"}],"wp:attachment":[{"href":"https:\/\/pruebas.michollo.to\/de\/wp-json\/wp\/v2\/media?parent=420"}],"wp:term":[{"taxonomy":"product_brand","embeddable":true,"href":"https:\/\/pruebas.michollo.to\/de\/wp-json\/wp\/v2\/product_brand?post=420"},{"taxonomy":"product_cat","embeddable":true,"href":"https:\/\/pruebas.michollo.to\/de\/wp-json\/wp\/v2\/product_cat?post=420"},{"taxonomy":"product_tag","embeddable":true,"href":"https:\/\/pruebas.michollo.to\/de\/wp-json\/wp\/v2\/product_tag?post=420"}],"curies":[{"name":"wp","href":"https:\/\/api.w.org\/{rel}","templated":true}]}}