{"id":4214,"date":"2024-04-19T07:19:18","date_gmt":"2024-04-19T09:19:18","guid":{"rendered":"https:\/\/www.minandovoy.com\/?post_type=product&#038;p=4214"},"modified":"2025-05-09T14:47:04","modified_gmt":"2025-05-09T12:47:04","slug":"microbt-whatsminer-m66-280-th","status":"publish","type":"product","link":"https:\/\/pruebas.michollo.to\/de\/produkt\/microbt-whatsminer-m66-280-th\/","title":{"rendered":"MicroBT WhatsMiner M66 280 Th"},"content":{"rendered":"<p>&nbsp;<\/p>\n<h2>Whatsminer M66S<\/h2>\n<p>Whatsminer M66S die neue Maschine f\u00fcr die<a href=\"https:\/\/www.minandovoy.com\/categoria\/mineros\/?algoritmos=sha-256\"> Bitcoin-Sch\u00fcrfen<\/a> (SHA-256) mit einer Rechenleistung von 290 und einem Stromverbrauch von 5572 W\/Stunde.<\/p>\n<p>Energieeffizienzwerte von 18,5 J\/TH weisen auf ein bemerkenswertes Gleichgewicht zwischen Hash und Stromverbrauch hin. Im Vergleich zu Whatsminer M66 hat Whatsminer M66 einen geringeren Stromverbrauch.<\/p>\n<div class=\"currency-container d-inline-block\"><\/div>\n<p><strong>EIN KLEINES \u00dcBER <a href=\"https:\/\/coinmarketcap.com\/es\/currencies\/bitcoin\/\">BITCOIN<\/a><\/strong><\/p>\n<p>Es ist die erste Kryptow\u00e4hrung, die entwickelt wurde, und daher diejenige, die den Weg f\u00fcr alle anderen geebnet hat, die sp\u00e4ter mit ihrer Technologie namens Blockchain kamen.<\/p>\n<p>Es gibt eine bestimmte Anzahl von Bitcoins, die jedes Jahr ausgegeben werden, und diese Menge wird durch den Algorithmus bestimmt. Alle 4 Jahre wird die Produktion um zwei reduziert, so dass insgesamt nur 21 Millionen Bitcoins ausgegeben werden.<\/p>\n<p>Dies ist der gro\u00dfe Unterschied zu herk\u00f6mmlichen W\u00e4hrungen, da die Banken den Wert ver\u00e4ndern. Das bedeutet, dass die Kryptow\u00e4hrung, in diesem Fall Bitcoin, mehr Stabilit\u00e4t bieten kann, w\u00e4hrend konventionelle W\u00e4hrungen im Wert sinken.<\/p>\n<p>Heutzutage werden Kryptow\u00e4hrungen auf vielen Plattformen als Zahlungsmittel verwendet, die Tauschw\u00e4hrung ist in den meisten F\u00e4llen Bitcoin, da sie sicher und privat sind.<\/p>\n<p>&nbsp;<\/p>\n<p><strong>HAUPTVORTEILE VON BITCOIN<\/strong><\/p>\n<ol>\n<li>Schnelligkeit: Senden Sie Geld an sich selbst, unabh\u00e4ngig von Betrag und Zielort, in wenigen Minuten.<\/li>\n<li>Kosteng\u00fcnstig: Wenn Sie eine \u00dcberweisung \u00fcber Ihre Bank t\u00e4tigen, kann das eine Menge Geld kosten, bei Bitcoin sind die Kosten kostenlos oder betragen nur wenige Cent.<\/li>\n<li>Global: Sie k\u00f6nnen \u00fcberall auf der Welt senden, es gibt keine Grenzen.<\/li>\n<li>Dezentralisiert: Keine Regierung\/Bank kann es kontrollieren, weder bei der Schaffung noch bei der Verteilung.<\/li>\n<li>Eigentum: Das Geld geh\u00f6rt Ihnen 100%, es kann von niemandem abgegriffen werden, Sie sind Ihre eigene Bank.<\/li>\n<li>Transparent:  Alle Transaktionen sind \u00f6ffentlich, aber immer unter Pseudonymen.<\/li>\n<li>Begrenzte Ausgabe: Niemand kann Tausende von Bitcoins generieren, nur weil er Lust dazu hat, sie erscheinen dank Mining.<\/li>\n<li>Privat: Bitcoin versucht, die Privatsph\u00e4re in hohem Ma\u00dfe zu sch\u00fctzen, obwohl es nicht v\u00f6llig anonym ist und daran arbeitet, es zu sein.<\/li>\n<\/ol>","protected":false},"excerpt":{"rendered":"<p>&nbsp; Whatsminer M66S Whatsminer M66S la nueva m\u00e1quina para la miner\u00eda de Bitcoin (SHA-256) con un poder computacional de 290 y un consumo el\u00e9ctrico de\u00a0 5572W\/Hora. Las clasificaciones de eficiencia energ\u00e9tica, de 18.5 J\/TH, indican un equilibrio notable entre el hash y el consumo de energ\u00eda. En comparaci\u00f3n con Whatsminer M66 , Whatsminer M66 tiene [&hellip;]<\/p>\n","protected":false},"featured_media":2947,"comment_status":"open","ping_status":"closed","template":"","meta":[],"product_brand":[],"product_cat":[15],"product_tag":[],"class_list":{"0":"post-4214","1":"product","2":"type-product","3":"status-publish","4":"has-post-thumbnail","6":"product_cat-sin-categorizar","8":"first","9":"outofstock","10":"taxable","11":"shipping-taxable","12":"purchasable","13":"product-type-simple"},"_links":{"self":[{"href":"https:\/\/pruebas.michollo.to\/de\/wp-json\/wp\/v2\/product\/4214","targetHints":{"allow":["GET"]}}],"collection":[{"href":"https:\/\/pruebas.michollo.to\/de\/wp-json\/wp\/v2\/product"}],"about":[{"href":"https:\/\/pruebas.michollo.to\/de\/wp-json\/wp\/v2\/types\/product"}],"replies":[{"embeddable":true,"href":"https:\/\/pruebas.michollo.to\/de\/wp-json\/wp\/v2\/comments?post=4214"}],"wp:featuredmedia":[{"embeddable":true,"href":"https:\/\/pruebas.michollo.to\/de\/wp-json\/wp\/v2\/media\/2947"}],"wp:attachment":[{"href":"https:\/\/pruebas.michollo.to\/de\/wp-json\/wp\/v2\/media?parent=4214"}],"wp:term":[{"taxonomy":"product_brand","embeddable":true,"href":"https:\/\/pruebas.michollo.to\/de\/wp-json\/wp\/v2\/product_brand?post=4214"},{"taxonomy":"product_cat","embeddable":true,"href":"https:\/\/pruebas.michollo.to\/de\/wp-json\/wp\/v2\/product_cat?post=4214"},{"taxonomy":"product_tag","embeddable":true,"href":"https:\/\/pruebas.michollo.to\/de\/wp-json\/wp\/v2\/product_tag?post=4214"}],"curies":[{"name":"wp","href":"https:\/\/api.w.org\/{rel}","templated":true}]}}