{"id":468,"date":"2022-10-16T04:41:07","date_gmt":"2022-10-16T06:41:07","guid":{"rendered":"https:\/\/pruebas.michollo.to\/producto\/antminer-s19-pro-110-th-s\/"},"modified":"2026-02-23T13:31:49","modified_gmt":"2026-02-23T12:31:49","slug":"antminer-s19k-pro-110-120th","status":"publish","type":"product","link":"https:\/\/pruebas.michollo.to\/de\/produkt\/antminer-s19-pro-110-120\/","title":{"rendered":"Antminer S19K PRO"},"content":{"rendered":"<h3>ANTMINER S19K PRO<\/h3>\n<h3><b>Was ist Bitmain?<\/b><\/h3>\n<p><em>Bitmain<\/em>\u00a0ist ein Unternehmen mit Sitz in Peking, China. Es gilt als eines der wichtigsten Unternehmen in der Kryptow\u00e4hrungsbranche, da es hochwertige Mining-Hardware mit enormen Mining-F\u00e4higkeiten herstellt und technologische Fortschritte erzielt. Es ist der weltweit gr\u00f6\u00dfte Entwickler von Kryptow\u00e4hrungs-Mining-Ausr\u00fcstung.\u00a0<em>ASIC<\/em>\u00a0f\u00fcr den Bergbau\u00a0<em>Bitcoin<\/em>.<\/p>\n<p>Bitmain ist vor allem f\u00fcr Bitcoin-Hardware bekannt.<\/p>\n<div class=\"asicminer-widget-container\" style=\"width: 100%; min-height: 300px;\">\n            <iframe id=\"asicminer-widget-7002\" \n                    src=\"https:\/\/pruebas.michollo.to\/wp-content\/themes\/minandovoy\/proxy-widget.php?miner=bitmain\/antminer-s19k-pro-120th&#038;type=profit&#038;theme=dark\" \n                    width=\"100%\" \n                    height=\"300\" \n                    frameborder=\"0\"\n                    loading=\"lazy\"\n                    style=\"border: none; overflow: hidden;\"\n                    title=\"ASIC Miner Widget\">\n            <\/iframe>\n        <\/div>\n<h3><strong>EIN BISSCHEN WAS \u00dcBER BITCOIN<\/strong><\/h3>\n<p>Es ist die erste Kryptow\u00e4hrung, die entwickelt wurde, und daher diejenige, die den Weg f\u00fcr alle anderen geebnet hat, die sp\u00e4ter mit ihrer Technologie namens Blockchain kamen.<\/p>\n<p>Es gibt eine bestimmte Anzahl von Bitcoins, die jedes Jahr ausgegeben werden, und diese Menge wird durch den Algorithmus bestimmt. Alle 4 Jahre wird die Produktion um zwei reduziert, so dass insgesamt nur 21 Millionen Bitcoins ausgegeben werden.<\/p>\n<p>Dies ist der gro\u00dfe Unterschied zu herk\u00f6mmlichen W\u00e4hrungen, da die Banken den Wert ver\u00e4ndern. Das bedeutet, dass die Kryptow\u00e4hrung, in diesem Fall Bitcoin, mehr Stabilit\u00e4t bieten kann, w\u00e4hrend konventionelle W\u00e4hrungen im Wert sinken.<\/p>\n<p>Heutzutage werden Kryptow\u00e4hrungen auf vielen Plattformen als Zahlungsmittel verwendet, die Tauschw\u00e4hrung ist in den meisten F\u00e4llen Bitcoin, da sie sicher und privat sind.<\/p>\n<p>&nbsp;<\/p>\n<h3><strong>HAUPTVORTEILE VON <a href=\"https:\/\/coinmarketcap.com\/es\/currencies\/bitcoin\/\">BITCOIN<\/a><\/strong><\/h3>\n<ol>\n<li>Schnelligkeit: Senden Sie Geld an sich selbst, unabh\u00e4ngig von Betrag und Zielort, in wenigen Minuten.<\/li>\n<li>Kosteng\u00fcnstig: Wenn Sie eine \u00dcberweisung \u00fcber Ihre Bank t\u00e4tigen, kann das eine Menge Geld kosten, bei Bitcoin sind die Kosten kostenlos oder betragen nur wenige Cent.<\/li>\n<li>Global: Sie k\u00f6nnen \u00fcberall auf der Welt senden, es gibt keine Grenzen.<\/li>\n<li>Dezentralisiert: Keine Regierung\/Bank kann es kontrollieren, weder bei der Schaffung noch bei der Verteilung.<\/li>\n<li>Eigentum: Das Geld geh\u00f6rt Ihnen 100%, es kann von niemandem abgegriffen werden, Sie sind Ihre eigene Bank.<\/li>\n<li>Transparent:  Alle Transaktionen sind \u00f6ffentlich, aber immer unter Pseudonymen.<\/li>\n<li>Begrenzte Ausgabe: Niemand kann Tausende von Bitcoins generieren, nur weil er Lust dazu hat, sie erscheinen dank Mining.<\/li>\n<li>Privat: Bitcoin versucht, die Privatsph\u00e4re in hohem Ma\u00dfe zu sch\u00fctzen, obwohl es nicht v\u00f6llig anonym ist und daran arbeitet, es zu sein.<\/li>\n<\/ol>\n<p>&nbsp;<\/p>\n<p>&nbsp;<\/p>","protected":false},"excerpt":{"rendered":"<p>ANTMINER S19K PRO \u00bfQu\u00e9 es Bitmain? Bitmain\u00a0es una compa\u00f1\u00eda con sede en Beijing, China. Es considerada una de las compa\u00f1\u00edas m\u00e1s importantes en la industria de criptomonedas al generar hardware de miner\u00eda\u00a0de alta calidad, con enormes capacidades mineras y por sus avances tecnol\u00f3gicos. Es la dise\u00f1adora\u00a0m\u00e1s grande del mundo\u00a0de equipos\u00a0ASIC\u00a0para la miner\u00eda\u00a0Bitcoin. Bitmain, es mayormente [&hellip;]<\/p>\n","protected":false},"featured_media":469,"comment_status":"open","ping_status":"closed","template":"","meta":[],"product_brand":[],"product_cat":[19],"product_tag":[52,244,138,137,605],"class_list":{"0":"post-468","1":"product","2":"type-product","3":"status-publish","4":"has-post-thumbnail","6":"product_cat-mineros","7":"product_tag-asic","8":"product_tag-gme","9":"product_tag-mineros-para-avanzados","10":"product_tag-mineros-para-principiantes","11":"product_tag-top-ventas","13":"first","14":"instock","15":"taxable","16":"shipping-taxable","17":"purchasable","18":"product-type-variable","19":"has-default-attributes"},"_links":{"self":[{"href":"https:\/\/pruebas.michollo.to\/de\/wp-json\/wp\/v2\/product\/468","targetHints":{"allow":["GET"]}}],"collection":[{"href":"https:\/\/pruebas.michollo.to\/de\/wp-json\/wp\/v2\/product"}],"about":[{"href":"https:\/\/pruebas.michollo.to\/de\/wp-json\/wp\/v2\/types\/product"}],"replies":[{"embeddable":true,"href":"https:\/\/pruebas.michollo.to\/de\/wp-json\/wp\/v2\/comments?post=468"}],"wp:featuredmedia":[{"embeddable":true,"href":"https:\/\/pruebas.michollo.to\/de\/wp-json\/wp\/v2\/media\/469"}],"wp:attachment":[{"href":"https:\/\/pruebas.michollo.to\/de\/wp-json\/wp\/v2\/media?parent=468"}],"wp:term":[{"taxonomy":"product_brand","embeddable":true,"href":"https:\/\/pruebas.michollo.to\/de\/wp-json\/wp\/v2\/product_brand?post=468"},{"taxonomy":"product_cat","embeddable":true,"href":"https:\/\/pruebas.michollo.to\/de\/wp-json\/wp\/v2\/product_cat?post=468"},{"taxonomy":"product_tag","embeddable":true,"href":"https:\/\/pruebas.michollo.to\/de\/wp-json\/wp\/v2\/product_tag?post=468"}],"curies":[{"name":"wp","href":"https:\/\/api.w.org\/{rel}","templated":true}]}}