{"id":5205,"date":"2024-07-03T13:20:28","date_gmt":"2024-07-03T15:20:28","guid":{"rendered":"https:\/\/www.minandovoy.com\/?post_type=product&#038;p=5205"},"modified":"2026-02-23T13:18:45","modified_gmt":"2026-02-23T12:18:45","slug":"antminer-s21-xp-hyd-473th","status":"publish","type":"product","link":"https:\/\/pruebas.michollo.to\/de\/produkt\/antminer-s21-xp-hyd-473\/","title":{"rendered":"Antminer S21 XP Hyd 473Th"},"content":{"rendered":"<h2>Antminer S21 XP Hyd 473Th<\/h2>\n<p>Antminer S21 XP HYD die neue Maschine f\u00fcr die <a href=\"https:\/\/www.minandovoy.com\/categoria\/mineros\/?algoritmos=sha-256\">Bitcoin-Sch\u00fcrfen<\/a> (SHA-256) mit einer Rechenleistung von 473T und einem Stromverbrauch von 5676W\/Stunde.<\/p>\n<p>Este minero se emitir\u00e1 en Octubre de 2024.<\/p>\n<p>Sie ist hydraulisch gek\u00fchlt, was den gro\u00dfen Vorteil hat, dass eine \u00dcberhitzung der Maschine vermieden wird und die Ger\u00e4uschentwicklung fast gleich Null ist, da sie keine Hochleistungsl\u00fcfter montiert.<\/p>\n<div class=\"asicminer-widget-container\" style=\"width: 100%; min-height: 300px;\">\n            <iframe id=\"asicminer-widget-2207\" \n                    src=\"https:\/\/pruebas.michollo.to\/wp-content\/themes\/minandovoy\/proxy-widget.php?miner=bitmain\/antminer-s21-xp-hyd-473th&#038;type=profit&#038;theme=dark\" \n                    width=\"100%\" \n                    height=\"300\" \n                    frameborder=\"0\"\n                    loading=\"lazy\"\n                    style=\"border: none; overflow: hidden;\"\n                    title=\"ASIC Miner Widget\">\n            <\/iframe>\n        <\/div>\n<h3><b>Was ist Bitmain?<\/b><\/h3>\n<p><em>Bitmain<\/em>\u00a0ist ein Unternehmen mit Sitz in Peking, China. Es gilt als eines der wichtigsten Unternehmen in der Kryptow\u00e4hrungsbranche, da es hochwertige Mining-Hardware mit enormen Mining-F\u00e4higkeiten herstellt und technologische Fortschritte erzielt. Es ist der weltweit gr\u00f6\u00dfte Entwickler von Kryptow\u00e4hrungs-Mining-Ausr\u00fcstung.\u00a0<em>ASIC<\/em>\u00a0f\u00fcr den Bergbau\u00a0<em>Bitcoin<\/em>.<\/p>\n<p>Bitmain ist vor allem f\u00fcr seine Bitcoin-Hardware bekannt, obwohl das Unternehmen an Projekten interessiert ist, die Solidit\u00e4t in sein Gesch\u00e4ft bringen, wie Ethereum\/Ethereum Classic.<\/p>\n<p>Im April 2021 k\u00fcndigte der gro\u00dfe Hersteller die Einf\u00fchrung einer Ethreum-Mining-Maschine, Antminer E9, an. Dieses wahre Biest hat die Leistung von 25 Nvidia RTX 3080 GPUs.<\/p>\n<p>&nbsp;<\/p>\n<p><em>Este producto cuenta con 1 a\u00f1o de garant\u00eda desde la fecha de compra. Durante este per\u00edodo, cubrimos cualquier defecto de fabricaci\u00f3n o funcionamiento an\u00f3malo bajo condiciones normales de uso.<\/em><\/p>\n<p><em>Para hacer efectiva la garant\u00eda, simplemente conserva tu comprobante de compra y contacta con nuestro servicio de atenci\u00f3n al cliente.<\/em><\/p>\n<h3><strong>EIN KLEINES \u00dcBER <a href=\"https:\/\/coinmarketcap.com\/es\/currencies\/bitcoin\/\">BITCOIN<\/a><\/strong><\/h3>\n<p>Es ist die erste Kryptow\u00e4hrung, die entwickelt wurde, und daher diejenige, die den Weg f\u00fcr alle anderen geebnet hat, die sp\u00e4ter mit ihrer Technologie namens Blockchain kamen.<\/p>\n<p>Es gibt eine bestimmte Anzahl von Bitcoins, die jedes Jahr ausgegeben werden, und diese Menge wird durch den Algorithmus bestimmt. Alle 4 Jahre wird die Produktion um zwei reduziert, so dass insgesamt nur 21 Millionen Bitcoins ausgegeben werden.<\/p>\n<p>Dies ist der gro\u00dfe Unterschied zu herk\u00f6mmlichen W\u00e4hrungen, da die Banken den Wert ver\u00e4ndern. Das bedeutet, dass die Kryptow\u00e4hrung, in diesem Fall Bitcoin, mehr Stabilit\u00e4t bieten kann, w\u00e4hrend konventionelle W\u00e4hrungen im Wert sinken.<\/p>\n<p>Heutzutage werden Kryptow\u00e4hrungen auf vielen Plattformen als Zahlungsmittel verwendet, die Tauschw\u00e4hrung ist in den meisten F\u00e4llen Bitcoin, da sie sicher und privat sind.<\/p>\n<p>&nbsp;<\/p>\n<h3><strong>HAUPTVORTEILE VON BITCOIN<\/strong><\/h3>\n<ol>\n<li>Schnelligkeit: Senden Sie Geld an sich selbst, unabh\u00e4ngig von Betrag und Zielort, in wenigen Minuten.<\/li>\n<li>Kosteng\u00fcnstig: Wenn Sie eine \u00dcberweisung \u00fcber Ihre Bank t\u00e4tigen, kann das eine Menge Geld kosten, bei Bitcoin sind die Kosten kostenlos oder betragen nur wenige Cent.<\/li>\n<li>Global: Sie k\u00f6nnen \u00fcberall auf der Welt senden, es gibt keine Grenzen.<\/li>\n<li>Dezentralisiert: Keine Regierung\/Bank kann es kontrollieren, weder bei der Schaffung noch bei der Verteilung.<\/li>\n<li>Eigentum: Das Geld geh\u00f6rt Ihnen 100%, es kann von niemandem abgegriffen werden, Sie sind Ihre eigene Bank.<\/li>\n<li>Transparent:  Alle Transaktionen sind \u00f6ffentlich, aber immer unter Pseudonymen.<\/li>\n<li>Begrenzte Ausgabe: Niemand kann Tausende von Bitcoins generieren, nur weil er Lust dazu hat, sie erscheinen dank Mining.<\/li>\n<li>Privat: Bitcoin versucht, die Privatsph\u00e4re in hohem Ma\u00dfe zu sch\u00fctzen, obwohl es nicht v\u00f6llig anonym ist und daran arbeitet, es zu sein.<\/li>\n<\/ol>","protected":false},"excerpt":{"rendered":"<p>Antminer S21 XP Hyd 473Th Antminer S21 XP HYD\u00a0 la nueva m\u00e1quina para la miner\u00eda de Bitcoin (SHA-256) con un poder computacional de 473T y un consumo el\u00e9ctrico de\u00a0 5676W\/Hora. Este minero se emitir\u00e1 en Octubre de 2024. Tiene refrigeraci\u00f3n hidr\u00e1ulica, la gran ventaja es que evitas el sobrecalentamiento de la m\u00e1quina y el ruido [&hellip;]<\/p>\n","protected":false},"featured_media":2680,"comment_status":"open","ping_status":"closed","template":"","meta":[],"product_brand":[],"product_cat":[19,15],"product_tag":[52,244,138,139,137],"class_list":{"0":"post-5205","1":"product","2":"type-product","3":"status-publish","4":"has-post-thumbnail","6":"product_cat-mineros","7":"product_cat-sin-categorizar","8":"product_tag-asic","9":"product_tag-gme","10":"product_tag-mineros-para-avanzados","11":"product_tag-mineros-para-expertos","12":"product_tag-mineros-para-principiantes","14":"first","15":"instock","16":"taxable","17":"shipping-taxable","18":"purchasable","19":"product-type-simple"},"_links":{"self":[{"href":"https:\/\/pruebas.michollo.to\/de\/wp-json\/wp\/v2\/product\/5205","targetHints":{"allow":["GET"]}}],"collection":[{"href":"https:\/\/pruebas.michollo.to\/de\/wp-json\/wp\/v2\/product"}],"about":[{"href":"https:\/\/pruebas.michollo.to\/de\/wp-json\/wp\/v2\/types\/product"}],"replies":[{"embeddable":true,"href":"https:\/\/pruebas.michollo.to\/de\/wp-json\/wp\/v2\/comments?post=5205"}],"wp:featuredmedia":[{"embeddable":true,"href":"https:\/\/pruebas.michollo.to\/de\/wp-json\/wp\/v2\/media\/2680"}],"wp:attachment":[{"href":"https:\/\/pruebas.michollo.to\/de\/wp-json\/wp\/v2\/media?parent=5205"}],"wp:term":[{"taxonomy":"product_brand","embeddable":true,"href":"https:\/\/pruebas.michollo.to\/de\/wp-json\/wp\/v2\/product_brand?post=5205"},{"taxonomy":"product_cat","embeddable":true,"href":"https:\/\/pruebas.michollo.to\/de\/wp-json\/wp\/v2\/product_cat?post=5205"},{"taxonomy":"product_tag","embeddable":true,"href":"https:\/\/pruebas.michollo.to\/de\/wp-json\/wp\/v2\/product_tag?post=5205"}],"curies":[{"name":"wp","href":"https:\/\/api.w.org\/{rel}","templated":true}]}}