{"id":6116,"date":"2024-09-14T12:42:43","date_gmt":"2024-09-14T10:42:43","guid":{"rendered":"https:\/\/www.minandovoy.com\/?post_type=product&#038;p=6116"},"modified":"2025-08-06T11:40:42","modified_gmt":"2025-08-06T09:40:42","slug":"iceriver-al3-alephium-miner-15th-s-hosting-0-07-kw","status":"publish","type":"product","link":"https:\/\/pruebas.michollo.to\/de\/produkt\/iceriver-al3-alephium-miner-15-s-hosting-0-07-kw\/","title":{"rendered":"Iceriver AL3 Alephium Bergmann"},"content":{"rendered":"<p>Es ist ein High-End-ASIC-Miner, der speziell f\u00fcr den Algorithmus <strong>Blake3<\/strong>. Mit einer maximalen Hashrate von <strong>15Th\/s<\/strong> und einem Energieverbrauch von <strong>3500W<\/strong>Diese Maschine gilt als eine der effizientesten und profitabelsten auf dem Markt. Ideal f\u00fcr diejenigen, die ihr Einkommen aus dem Kryptow\u00e4hrungs-Mining maximieren m\u00f6chten. Dieses Modell wird zum ersten Mal erh\u00e4ltlich sein in<strong> September 2024.<\/strong><\/p>\n<div class=\"asicminer-widget-container\" style=\"width: 100%; min-height: 300px;\">\n            <iframe id=\"asicminer-widget-6035\" \n                    src=\"https:\/\/pruebas.michollo.to\/wp-content\/themes\/minandovoy\/proxy-widget.php?miner=iceriver\/alph-al3&#038;type=profit&#038;theme=dark\" \n                    width=\"100%\" \n                    height=\"300\" \n                    frameborder=\"0\"\n                    loading=\"lazy\"\n                    style=\"border: none; overflow: hidden;\"\n                    title=\"ASIC Miner Widget\">\n            <\/iframe>\n        <\/div>\n<h4>Spezifikationen<\/h4>\n<ul>\n<li><strong>Hersteller:<\/strong> Iceriver<\/li>\n<li><strong>Modell:<\/strong> Iceriver AL3 Alephium Bergmann (15Th\/s)<\/li>\n<li><strong>Auch bekannt als:<\/strong> Iceriver AL3 Alephium<\/li>\n<li><strong>Start:<\/strong> Oktober2024<\/li>\n<li><strong>Gr\u00f6\u00dfe:<\/strong> 195 x 290 x 370 mm<\/li>\n<li><strong>Gewicht:<\/strong> 13,200 g<\/li>\n<li><strong>Ger\u00e4uschpegel:<\/strong> 75 db<\/li>\n<li><strong>K\u00e4ltetechnik:<\/strong> Luft<\/li>\n<li><strong>Fans:<\/strong> 4<\/li>\n<li><strong>Energieverbrauch:<\/strong> 3500W<\/li>\n<li><strong>Schnittstelle:<\/strong> Ethernet<\/li>\n<li><strong>Betriebstemperatur:<\/strong> 5 - 45 \u00b0C<\/li>\n<li><strong>Luftfeuchtigkeit:<\/strong> 5 &#8211; 95%<\/li>\n<\/ul>\n<h4>Pr\u00e4gbare M\u00fcnzen<\/h4>\n<p><strong>ALPH (Alephium)<\/strong><\/p>\n<p><strong>DCR (Decred)<\/strong><\/p>\n<p>Optimieren Sie Ihre Bergbauarbeiten mit dem Antminer AL1 pro und nutzen Sie seine Leistung und Effizienz voll aus!<\/p>","protected":false},"excerpt":{"rendered":"<p>Es un minero ASIC de alta gama, dise\u00f1ado espec\u00edficamente para el algoritmo Blake3. Con un hashrate m\u00e1ximo de 15Th\/s y un consumo de energ\u00eda de 3500W, esta m\u00e1quina se posiciona como una de las m\u00e1s eficientes y rentables del mercado. Ideal para quienes buscan maximizar sus ingresos en la miner\u00eda de criptomonedas. Este modelo estar\u00e1 [&hellip;]<\/p>\n","protected":false},"featured_media":4304,"comment_status":"open","ping_status":"closed","template":"","meta":[],"product_brand":[],"product_cat":[19],"product_tag":[244,138,139],"class_list":{"0":"post-6116","1":"product","2":"type-product","3":"status-publish","4":"has-post-thumbnail","6":"product_cat-mineros","7":"product_tag-gme","8":"product_tag-mineros-para-avanzados","9":"product_tag-mineros-para-expertos","10":"product_shipping_class-internacional","12":"first","13":"instock","14":"taxable","15":"shipping-taxable","16":"purchasable","17":"product-type-simple"},"_links":{"self":[{"href":"https:\/\/pruebas.michollo.to\/de\/wp-json\/wp\/v2\/product\/6116","targetHints":{"allow":["GET"]}}],"collection":[{"href":"https:\/\/pruebas.michollo.to\/de\/wp-json\/wp\/v2\/product"}],"about":[{"href":"https:\/\/pruebas.michollo.to\/de\/wp-json\/wp\/v2\/types\/product"}],"replies":[{"embeddable":true,"href":"https:\/\/pruebas.michollo.to\/de\/wp-json\/wp\/v2\/comments?post=6116"}],"wp:featuredmedia":[{"embeddable":true,"href":"https:\/\/pruebas.michollo.to\/de\/wp-json\/wp\/v2\/media\/4304"}],"wp:attachment":[{"href":"https:\/\/pruebas.michollo.to\/de\/wp-json\/wp\/v2\/media?parent=6116"}],"wp:term":[{"taxonomy":"product_brand","embeddable":true,"href":"https:\/\/pruebas.michollo.to\/de\/wp-json\/wp\/v2\/product_brand?post=6116"},{"taxonomy":"product_cat","embeddable":true,"href":"https:\/\/pruebas.michollo.to\/de\/wp-json\/wp\/v2\/product_cat?post=6116"},{"taxonomy":"product_tag","embeddable":true,"href":"https:\/\/pruebas.michollo.to\/de\/wp-json\/wp\/v2\/product_tag?post=6116"}],"curies":[{"name":"wp","href":"https:\/\/api.w.org\/{rel}","templated":true}]}}