{"id":645,"date":"2022-10-25T10:22:26","date_gmt":"2022-10-25T14:22:26","guid":{"rendered":"https:\/\/pruebas.michollo.to\/?post_type=product&#038;p=645"},"modified":"2025-05-09T14:47:25","modified_gmt":"2025-05-09T12:47:25","slug":"__trashed-2__trashed","status":"publish","type":"product","link":"https:\/\/pruebas.michollo.to\/de\/produkt\/__eingelegt-2__eingelegt\/","title":{"rendered":"DATA-Kabel (4 St\u00fcck)"},"content":{"rendered":"<p>Oft versagen unsere ASICs, weil die Kabel sie nicht mit dem Strom versorgen, den sie f\u00fcr die Datenverarbeitung ben\u00f6tigen. Dies ist einer der h\u00e4ufigsten Fehler bei ASICs und sollte als erste Option in Betracht gezogen werden.<\/p>\n<p>&nbsp;<\/p>\n<p><strong>Merkmale von DATA-Kabeln:<\/strong><\/p>\n<ul>\n<li>Anschlussart: 2 x 9-poliger Stecker<\/li>\n<li>Typ: Flexibles Flachkabel.<\/li>\n<li>Farbe: wei\u00df + rot<\/li>\n<li>Material: Flachkabel + PHB-Kunststoffgeh\u00e4use<\/li>\n<li>Gr\u00f6\u00dfe: L\u00e4nge ca. 20cm<\/li>\n<\/ul>","protected":false},"excerpt":{"rendered":"<p>Muchas veces nuestros ASIC fallan porque los cables no le dan la potencia que necesitan para procesamiento de datos. Es uno de los fallos m\u00e1s comunes que hay en los ASICs y que deber\u00edamos plantear como primera opci\u00f3n. &nbsp; Caracter\u00edsticas sobre los cables DATA: Tipo de conexi\u00f3n: 2 x conector de 9 pines Tipo: Cable [&hellip;]<\/p>\n","protected":false},"featured_media":650,"comment_status":"open","ping_status":"closed","template":"","meta":[],"product_brand":[],"product_cat":[20],"product_tag":[],"class_list":{"0":"post-645","1":"product","2":"type-product","3":"status-publish","4":"has-post-thumbnail","6":"product_cat-componentes","8":"first","9":"instock","10":"taxable","11":"shipping-taxable","12":"purchasable","13":"product-type-simple"},"_links":{"self":[{"href":"https:\/\/pruebas.michollo.to\/de\/wp-json\/wp\/v2\/product\/645","targetHints":{"allow":["GET"]}}],"collection":[{"href":"https:\/\/pruebas.michollo.to\/de\/wp-json\/wp\/v2\/product"}],"about":[{"href":"https:\/\/pruebas.michollo.to\/de\/wp-json\/wp\/v2\/types\/product"}],"replies":[{"embeddable":true,"href":"https:\/\/pruebas.michollo.to\/de\/wp-json\/wp\/v2\/comments?post=645"}],"wp:featuredmedia":[{"embeddable":true,"href":"https:\/\/pruebas.michollo.to\/de\/wp-json\/wp\/v2\/media\/650"}],"wp:attachment":[{"href":"https:\/\/pruebas.michollo.to\/de\/wp-json\/wp\/v2\/media?parent=645"}],"wp:term":[{"taxonomy":"product_brand","embeddable":true,"href":"https:\/\/pruebas.michollo.to\/de\/wp-json\/wp\/v2\/product_brand?post=645"},{"taxonomy":"product_cat","embeddable":true,"href":"https:\/\/pruebas.michollo.to\/de\/wp-json\/wp\/v2\/product_cat?post=645"},{"taxonomy":"product_tag","embeddable":true,"href":"https:\/\/pruebas.michollo.to\/de\/wp-json\/wp\/v2\/product_tag?post=645"}],"curies":[{"name":"wp","href":"https:\/\/api.w.org\/{rel}","templated":true}]}}