{"id":938,"date":"2022-11-15T09:32:09","date_gmt":"2022-11-15T11:32:09","guid":{"rendered":"https:\/\/www.minandovoy.com\/?post_type=product&#038;p=938"},"modified":"2025-05-09T14:47:21","modified_gmt":"2025-05-09T12:47:21","slug":"blackminer-l1","status":"publish","type":"product","link":"https:\/\/pruebas.michollo.to\/de\/produkt\/schwarzminenarbeiter-l1\/","title":{"rendered":"Bluestar Blackminer L1"},"content":{"rendered":"<p>Diese Maschine befindet sich in der <a href=\"https:\/\/www.asicminervalue.com\/\">TOP 10<\/a> von kosteng\u00fcnstigeren Maschinen, die die<br \/>\nder 9. Platz ist der 4.3 Gh Blackminer L1, dar\u00fcber liegt der Antminer S19 Pro Hyd 177Th Bitcoin, also k\u00f6nnen wir sagen, dass<br \/>\nDiese Maschine geh\u00f6rt zu den TOP 10.<br \/>\nLassen Sie uns allgemein \u00fcber die Funktionen des Blackminer L1 sprechen.<br \/>\nDerzeit ist es einer der leistungsst\u00e4rksten kombinierten Mining-ASICs auf dem Markt, wir sprechen von<br \/>\nLITECOIN + DOGECOIN.<\/p>\n<h4><em><strong>Wir alle kennen Bitcoin, nicht wahr? Nun, das k\u00f6nnte Sie interessieren.<\/strong><\/em><\/h4>\n<p>LiteCoin war urspr\u00fcnglich eine Abspaltung von Bitcoin und ist eine der beliebtesten Abspaltungen von Bitcoin.<br \/>\nKryptow\u00e4hrungen, die durch das Mining mit ASICs die Rentabilit\u00e4t f\u00fcr den<br \/>\nBetreiber.<\/p>\n<h3><strong>SCRYPT MINING:<\/strong><\/h3>\n<p><a href=\"https:\/\/www.minandovoy.com\/categoria\/mineros\/?algoritmos=scrypt\">Scrypt<\/a> f\u00fchrt einen Hash mit Hilfe eines Schl\u00fcssels und einer Reihe von im Algorithmus markierten Punkten durch,<br \/>\neine Menge Rauschen hinzuf\u00fcgen. Bei dem Rauschen handelt es sich um Zufallszahlen, die von der<br \/>\nAlgorithmus erstellt und im Speicher abgelegt.<br \/>\nDer Zweck dieser Zahlen ist die Verschleierung von Schl\u00fcsseldaten, um eine Aufschl\u00fcsselung zu erschweren<br \/>\nHash-Bl\u00f6cke. Letztlich handelt es sich um eine Schutzma\u00dfnahme, die verhindert, dass Menschen<br \/>\nB\u00f6swillige Angreifer k\u00f6nnen auf die mit Scrypt gesch\u00fctzten Daten zugreifen.<\/p>\n<h3><strong>LITECOIN:<\/strong><\/h3>\n<p>LiteCoin ist eine Kryptow\u00e4hrung, die entwickelt wurde, um sichere, g\u00fcnstige und schnelle Zahlungen zu erm\u00f6glichen,<br \/>\ndank der Blockchain-Technologie.<br \/>\nWenn wir sagen, dass es sich um eine Abspaltung von Bitcoin handelt, ist das w\u00f6rtlich gemeint, etwa so<br \/>\nals \"lite\", kleine Version der gro\u00dfen Kryptow\u00e4hrung.<br \/>\nDieses Netz wurde am 13. Oktober 2011 eingerichtet.<br \/>\nMit 11 Jahren Erfahrung hat sie es geschafft, sich bei den H\u00e4ndlern und<br \/>\nist unter den zehn wichtigsten Kryptow\u00e4hrungen nach Marktkapitalisierung gelistet<br \/>\nf\u00fcr die meiste Zeit seines Bestehens.<\/p>\n<h3><strong>DOGECOIN:<\/strong><\/h3>\n<p>Diese Kryptow\u00e4hrung wurde 2013 als Teil eines Memes auf dem Markt geboren, aber mehr<br \/>\nSp\u00e4ter beschloss seine Gemeinschaft, das Netzwerk in AUXPOW umzuwandeln und damit das AUXPOW-Netzwerk mit dem AUXPOW-Netzwerk zu verschmelzen.<br \/>\nmit dem LTC-Netzwerk im September 2014. Diese Ma\u00dfnahme bedeutete, dass der Wert von Dogecoin<br \/>\nDie Zahl der neuen Arbeitspl\u00e4tze wird in nur wenigen Wochen um mehr als 180% steigen.<br \/>\nLiteCoin ist die 7. am weitesten verbreitete Kryptow\u00e4hrung nach Marktkapitalisierung,<br \/>\nDies hat es Doge erm\u00f6glicht, seine Sicherheit erheblich zu verbessern, da es \u00fcber ein<br \/>\nviel h\u00f6here Rechenleistung.<\/p>\n<p>BLACKMINER L1 4.3GH:<br \/>\nDas 4,3GH-Modell verarbeitet den Scrypt-Algorithmus und hat einen Stromverbrauch von 3.450 W\/Stunde.<br \/>\nDar\u00fcber hinaus wird er aufgrund seines L\u00e4rmpegels von \u00fcber 70 db als Industriegebiet eingestuft.<br \/>\n18\/10\/22 Derzeitige Einnahmen pro Tag: 0,06443292 LTC + 112,6541 DOGE<\/p>\n<p><iframe loading=\"lazy\" title=\"YouTube-Video-Player\" src=\"https:\/\/www.youtube.com\/embed\/RbVABNdXT1c\" width=\"560\" height=\"315\" frameborder=\"0\" allowfullscreen=\"allowfullscreen\"><\/iframe><\/p>","protected":false},"excerpt":{"rendered":"<p>Esta m\u00e1quina, se encuentra dentro del TOP 10 de m\u00e1quinas m\u00e1s rentables, ocupando de el puesto n\u00famero 9 siendo este puesto correspondiente a la Blackminer L1\u00a0 de 4.3 Gh Por encima est\u00e1 la Antminer S19 Pro Hyd\u00a0 177Th de Bitcoin, por lo que podemos decir que dentro del TOP 10 se encuentra esta m\u00e1quina. Vamos [&hellip;]<\/p>\n","protected":false},"featured_media":939,"comment_status":"open","ping_status":"closed","template":"","meta":[],"product_brand":[],"product_cat":[19],"product_tag":[138],"class_list":{"0":"post-938","1":"product","2":"type-product","3":"status-publish","4":"has-post-thumbnail","6":"product_cat-mineros","7":"product_tag-mineros-para-avanzados","9":"first","10":"outofstock","11":"sold-individually","12":"taxable","13":"shipping-taxable","14":"purchasable","15":"product-type-simple"},"_links":{"self":[{"href":"https:\/\/pruebas.michollo.to\/de\/wp-json\/wp\/v2\/product\/938","targetHints":{"allow":["GET"]}}],"collection":[{"href":"https:\/\/pruebas.michollo.to\/de\/wp-json\/wp\/v2\/product"}],"about":[{"href":"https:\/\/pruebas.michollo.to\/de\/wp-json\/wp\/v2\/types\/product"}],"replies":[{"embeddable":true,"href":"https:\/\/pruebas.michollo.to\/de\/wp-json\/wp\/v2\/comments?post=938"}],"wp:featuredmedia":[{"embeddable":true,"href":"https:\/\/pruebas.michollo.to\/de\/wp-json\/wp\/v2\/media\/939"}],"wp:attachment":[{"href":"https:\/\/pruebas.michollo.to\/de\/wp-json\/wp\/v2\/media?parent=938"}],"wp:term":[{"taxonomy":"product_brand","embeddable":true,"href":"https:\/\/pruebas.michollo.to\/de\/wp-json\/wp\/v2\/product_brand?post=938"},{"taxonomy":"product_cat","embeddable":true,"href":"https:\/\/pruebas.michollo.to\/de\/wp-json\/wp\/v2\/product_cat?post=938"},{"taxonomy":"product_tag","embeddable":true,"href":"https:\/\/pruebas.michollo.to\/de\/wp-json\/wp\/v2\/product_tag?post=938"}],"curies":[{"name":"wp","href":"https:\/\/api.w.org\/{rel}","templated":true}]}}