{"id":183,"date":"2022-10-14T06:31:27","date_gmt":"2022-10-14T10:31:27","guid":{"rendered":"https:\/\/pruebas.michollo.to\/?page_id=183"},"modified":"2022-10-14T06:31:28","modified_gmt":"2022-10-14T10:31:28","slug":"politica-de-cookies","status":"publish","type":"page","link":"https:\/\/pruebas.michollo.to\/en\/cookie-policy\/","title":{"rendered":"Cookies policy"},"content":{"rendered":"<p>Cookie Policy<\/p>\n\n\n\n<p>Last updated: 3\/22\/2022<\/p>\n\n\n\n<p>Summary<\/p>\n\n\n\n<p>- Cookies used: Proprietary and Third-Party Cookies<\/p>\n\n\n\n<p>- Are they used for statistics? Yes<\/p>\n\n\n\n<p>- Are they used for advertising? No<\/p>\n\n\n\n<p>- Third-party services that install cookies through this website: Google Analytics,<br>Shopify<\/p>\n\n\n\n<p>How to set and disable cookies<\/p>\n\n\n\n<p>You can allow, block or delete cookies installed on your device from your browser.<br>web. If you do not allow cookies to be set on your device, your experience on our website may not be as smooth as it should be.<br>navigation worsen. Below you can find out how to configure cookies in each of the following<br>navigator:<\/p>\n\n\n\n<p>- Edge<br>- Google Chrome<br>- Google Android<br>- Internet Explorer 7 and 8<br>- Internet Explorer 9<br>- Internet Explorer 10<br>- Internet Explorer 11<br>- Mozilla Firefox<br>\u2013 Opera<br>- Safari<br>- Safari Mobile<\/p>\n\n\n\n<p>1.- Types and uses<\/p>\n\n\n\n<p>The service uses its own and third-party cookies to improve navigation, provide the service and obtain statistics.<br>on the use of the website.<\/p>\n\n\n\n<p>2.- What is a cookie and what is it used for?<\/p>\n\n\n\n<p>A cookie is a text file that is sent to the web browser of your computer, mobile phone or tablet and is used for<br>store and retrieve information about your browsing activity. For example, remembering your username and<br>password or your profile preferences.<br><br>3.- What types of cookies are there?<\/p>\n\n\n\n<p>Depending on who manages them:<\/p>\n\n\n\n<p>- Own cookies; they are sent to your browser from our computers or web domains.<\/p>\n\n\n\n<p>- Third-party cookies; these are sent to your browser from a computer or web domain that is not managed by us.<br>directly, but a third party entity such as Google.<\/p>\n\n\n\n<p>Depending on how long they are active, there are:<\/p>\n\n\n\n<p>- Session cookies; they remain in the cookie file of your browser until you leave the website,<br>so that none remain on your device.<\/p>\n\n\n\n<p>- Persistent cookies; they remain on your device and our website reads them every time you make a new visit.<br>visit. These cookies stop working after a certain date.<\/p>\n\n\n\n<p>Finally, and according to their purpose, we have:<\/p>\n\n\n\n<p>- Technical cookies; they improve browsing and the proper functioning of the website.<\/p>\n\n\n\n<p>- Personalisation cookies; they allow access to the service with predefined characteristics based on<br>a number of criteria.<\/p>\n\n\n\n<p>- Analysis cookies; they enable the statistical measurement and analysis of the use made of the service provided.<\/p>\n\n\n\n<p>Name Origin Purpose Type Expiration<br>secure_customer_sig minandovoy.com functional third parties 1 year<\/p>\n\n\n\n<p>localization minandovoy.com analytics third 2 weeks<br>and .minandovoy.com third party analytics 1 year<br>_shopify_y .minandovoy.com third party analytics 1 year<br>_shopify_sa_t .minandovoy.com third party analytics 1 minute<br>_shopify_sa_p .minandovoy.com third party analytics 1 minute<br>_shopify_s .minandovoy.com analytics third parties 1 minute<br>_s .minandovoy.com third party analytics 1 minute<br>_orig_referrer .minandovoy.com analytics third 2 weeks<br>_landing_page .minandovoy.com analytics third 2 weeks<br>_gid .minandovoy.com analytics third 1 day<br>_ga .minandovoy.com third 7 days analytics<\/p>\n\n\n\n<p>Google Analytics: Its \"_ga\" cookie allows you to count the number of times a user visits a website,<br>how, when and from where it does so and its \"_gid\" cookie is used to distinguish users.<br>In any case, you can disable Google Analytics cookies here.<br>Google: In any case, here you can find more information about the types of cookies that we use.<br>uses Google across its multiple services.<br>You can find more information about Shopify cookies here.<\/p>","protected":false},"excerpt":{"rendered":"<p>Pol\u00edtica de Cookies \u00daltima actualizaci\u00f3n: 3\/22\/2022 Sumario \u2022 Cookies usadas: Propias y de Terceros \u2022 \u00bfSe usan para obtener estad\u00edsticas? S\u00ed \u2022 \u00bfSe usan para publicidad? No \u2022 Servicios de terceros que instalan cookies a trav\u00e9s de esta web: Google Analytics,Shopify C\u00f3mo configurar y deshabilitar las cookies Puedes permitir, bloquear o eliminar las cookies instaladas [&hellip;]<\/p>\n","protected":false},"author":1,"featured_media":0,"parent":0,"menu_order":0,"comment_status":"closed","ping_status":"closed","template":"","meta":{"footnotes":""},"class_list":["post-183","page","type-page","status-publish","hentry"],"_links":{"self":[{"href":"https:\/\/pruebas.michollo.to\/en\/wp-json\/wp\/v2\/pages\/183","targetHints":{"allow":["GET"]}}],"collection":[{"href":"https:\/\/pruebas.michollo.to\/en\/wp-json\/wp\/v2\/pages"}],"about":[{"href":"https:\/\/pruebas.michollo.to\/en\/wp-json\/wp\/v2\/types\/page"}],"author":[{"embeddable":true,"href":"https:\/\/pruebas.michollo.to\/en\/wp-json\/wp\/v2\/users\/1"}],"replies":[{"embeddable":true,"href":"https:\/\/pruebas.michollo.to\/en\/wp-json\/wp\/v2\/comments?post=183"}],"version-history":[{"count":0,"href":"https:\/\/pruebas.michollo.to\/en\/wp-json\/wp\/v2\/pages\/183\/revisions"}],"wp:attachment":[{"href":"https:\/\/pruebas.michollo.to\/en\/wp-json\/wp\/v2\/media?parent=183"}],"curies":[{"name":"wp","href":"https:\/\/api.w.org\/{rel}","templated":true}]}}