{"id":1032,"date":"2022-11-28T09:57:07","date_gmt":"2022-11-28T11:57:07","guid":{"rendered":"https:\/\/www.minandovoy.com\/?post_type=product&#038;p=1032"},"modified":"2025-09-04T10:35:51","modified_gmt":"2025-09-04T08:35:51","slug":"fuente-de-alimentacion-2-000w","status":"publish","type":"product","link":"https:\/\/pruebas.michollo.to\/en\/product\/power-supply-2-000w\/","title":{"rendered":"Power supply 2.000W"},"content":{"rendered":"<p><span class=\"a-list-item\">This power supply is suitable for BTC ETH ETC ZEC ZEC ZCASH DGB XMR mining machines compatible with Antminers S9, L3+ and other branded mining machines.<\/span><\/p>\n<ul>\n<li><span class=\"a-list-item\">Power supply of 2000W machines: 10 * 6PIN <\/span><\/li>\n<li><span class=\"a-list-item\">Single unit size: 240 mm * 110 m * 60 mm<\/span><\/li>\n<\/ul>\n<p><span class=\"a-list-item\">\u00a0The mining machine power supply has a rated output power of 2000 W, a voltage of 110-240 V and a conversion efficiency of up to 95 %. The fan speed is up to 1500 RPM, compatible with the balance of quality, efficiency and stability to achieve continuous active power output and save cost.<\/span><\/p>\n<p><span class=\"a-list-item\">This mining power supply has 18 kinds of solid copper output lines and is equipped with multiple power supply protections. When the power circuit fails or the internal temperature of the power supply is high, it will automatically shut down to protect the miner.<\/span><\/p>","protected":false},"excerpt":{"rendered":"<p>Esta fuente alimentaci\u00f3n a es adecuada para m\u00e1quinas mineras BTC ETH ETC ZEC ZEC ZCASH DGB XMR compatibles con Antminers S9, L3+ y otras m\u00e1quinas mineras de marca. La fuente de alimentaci\u00f3n de las m\u00e1quinas 2000W: 10 * 6PIN Tama\u00f1o de unidad \u00fanica: 240 mm * 110 m * 60 mm \u00a0La fuente de alimentaci\u00f3n [&hellip;]<\/p>\n","protected":false},"featured_media":1033,"comment_status":"open","ping_status":"closed","template":"","meta":[],"product_brand":[],"product_cat":[20],"product_tag":[52,244,138],"class_list":{"0":"post-1032","1":"product","2":"type-product","3":"status-publish","4":"has-post-thumbnail","6":"product_cat-componentes","7":"product_tag-asic","8":"product_tag-gme","9":"product_tag-mineros-para-avanzados","11":"first","12":"instock","13":"taxable","14":"shipping-taxable","15":"purchasable","16":"product-type-simple"},"_links":{"self":[{"href":"https:\/\/pruebas.michollo.to\/en\/wp-json\/wp\/v2\/product\/1032","targetHints":{"allow":["GET"]}}],"collection":[{"href":"https:\/\/pruebas.michollo.to\/en\/wp-json\/wp\/v2\/product"}],"about":[{"href":"https:\/\/pruebas.michollo.to\/en\/wp-json\/wp\/v2\/types\/product"}],"replies":[{"embeddable":true,"href":"https:\/\/pruebas.michollo.to\/en\/wp-json\/wp\/v2\/comments?post=1032"}],"wp:featuredmedia":[{"embeddable":true,"href":"https:\/\/pruebas.michollo.to\/en\/wp-json\/wp\/v2\/media\/1033"}],"wp:attachment":[{"href":"https:\/\/pruebas.michollo.to\/en\/wp-json\/wp\/v2\/media?parent=1032"}],"wp:term":[{"taxonomy":"product_brand","embeddable":true,"href":"https:\/\/pruebas.michollo.to\/en\/wp-json\/wp\/v2\/product_brand?post=1032"},{"taxonomy":"product_cat","embeddable":true,"href":"https:\/\/pruebas.michollo.to\/en\/wp-json\/wp\/v2\/product_cat?post=1032"},{"taxonomy":"product_tag","embeddable":true,"href":"https:\/\/pruebas.michollo.to\/en\/wp-json\/wp\/v2\/product_tag?post=1032"}],"curies":[{"name":"wp","href":"https:\/\/api.w.org\/{rel}","templated":true}]}}