{"id":1375,"date":"2023-02-17T10:40:00","date_gmt":"2023-02-17T12:40:00","guid":{"rendered":"https:\/\/www.minandovoy.com\/?post_type=product&#038;p=1375"},"modified":"2025-05-09T14:47:17","modified_gmt":"2025-05-09T12:47:17","slug":"nvidia-rtx-3090-ti-founders-edition","status":"publish","type":"product","link":"https:\/\/pruebas.michollo.to\/en\/product\/nvidia-rtx-3090-ti-founders-edition\/","title":{"rendered":"Nvidia - RTX 3090 TI Founders Edition"},"content":{"rendered":"<div class=\"col-md-5\">\n<p>The GeForce RTX\u2122 3090 Ti are GPUs (BFGPUs) with TITAN-class performance. Featuring Ampere technology, NVIDIA's second-generation RTX architecture, they double ray tracing and AI performance with enhanced ray tracing cores, Tensor cores, and new streaming multiprocessors. It also features a staggering 24GB of G6X memory to deliver the ultimate gaming experience for gamers and creators.<\/p>\n<p>&nbsp;<\/p>\n<\/div>\n<h2>NVIDIA GeForce RTX 3090 Ti: Technical Specifications<\/h2>\n<div>\n<div class=\"sc-lolKjB kRHEfD\">\n<p>The first question that many gamers ask is how NVIDIA has improved the\u00a0<a href=\"https:\/\/www.pccomponentes.com\/tarjetas-graficas\/geforce-rtx-3090-series\">RTX 3090 Ti<\/a>\u00a0to be the most powerful model of the entire Ampere RTX 30 generation.\u00a0<b>same<\/b>\u00a0<b>GA102<\/b>but it is called by a different name: GA102-350.<\/p>\n<\/div>\n<\/div>\n<div>\n<div class=\"sc-lolKjB kRHEfD\">\n<p>Same manufacturing process, die size, VRAM memory, bus... but, there are 2 fundamental touches: a memory\u00a0<b>GDRR6X at 21 Gbps<\/b>\u00a0y\u00a0<b>more CUDA Cores<\/b>although Tensor Cores and RT Cores have been increased very slightly.<\/p>\n<p>However, the most noteworthy evolution in terms of power is in\u00a0<b>Streaming Multiprocessors<\/b>From 82 to 84, which adds up to 7 Graphics Processing Clusters and 42 additional Texture Processing Clusters, this is the most powerful GPU in the history of this platform!<\/p>\n<p>Another major improvement is the\u00a0<b>frequency<\/b>:<\/p>\n<ul>\n<li aria-level=\"1\"><b>Basis<\/b>:\u00a0<b>1560<\/b>\u00a0<b>MHz<\/b>\u00a0compared to 1395 MHz for the RTX 3090.<\/li>\n<li aria-level=\"1\"><b>Turbo<\/b>:\u00a0<b>1860<\/b>\u00a0<b>MHz<\/b>\u00a0compared to 1695 MHz.<\/li>\n<\/ul>\n<p>That said, you will see that the\u00a0<b>models<\/b>\u00a0<b>custom<\/b>\u00a0have much higher frequencies, especially the turbo: they reach the\u00a0<b>1950 MHz<\/b>\u00a0no problems.<\/p>\n<p>All this feast of improvements is paid for with a currency called consumption: the\u00a0<b>TDP<\/b>\u00a0of\u00a0<b>increases 100W<\/b>. This has forced NVIDIA to recommend an 850W power supply to avoid undesirable power supply bottlenecks.<\/p>\n<p>And you will see that the PCIe connection has changed because it comes with only a single port of\u00a0<b>12 pins<\/b>. Don't worry about this because the manufacturers have included a 3-header adapter inside the box.<\/p>\n<p>Not only that, it's a bigger GPU (yet):\u00a0<b>70 mm thick<\/b>\u00a0which makes it a GPU of\u00a0<b>3.5 slots<\/b>. So, keep that in mind when you buy it because it won't fit in many PC boxes.<\/p>\n<p>Finally, there is a big price difference:\u00a0<b>500 difference<\/b>\u00a0($1499 vs $1999) compared to the RTX 3090. However, the NVIDIA RTX 3090 Ti does not suffer from the price premium that the RTX 3090 has suffered, so you'll find original models more expensive than the vitaminised ones.<\/p>\n<p>&nbsp;<\/p>\n<\/div>\n<\/div>\n<div class=\"article-asset-table article-asset-normal m-hr-scroll\">\n<div class=\"asset-content\">\n<h6>*Refurbished product<\/h6>\n<\/div>\n<\/div>","protected":false},"excerpt":{"rendered":"<p>Las GeForce RTX\u2122 3090 Ti son GPU (BFGPU) con un rendimiento de clase TITAN. Con tecnolog\u00eda Ampere, la arquitectura RTX de segunda generaci\u00f3n de NVIDIA, duplican el trazado de rayos y el rendimiento de la IA con n\u00facleos de trazado de rayos mejorados, n\u00facleos Tensor y nuevos multiprocesadores de streaming. Adem\u00e1s, presenta unos asombrosos 24 [&hellip;]<\/p>\n","protected":false},"featured_media":1379,"comment_status":"open","ping_status":"closed","template":"","meta":[],"product_brand":[],"product_cat":[20],"product_tag":[],"class_list":{"0":"post-1375","1":"product","2":"type-product","3":"status-publish","4":"has-post-thumbnail","6":"product_cat-componentes","8":"first","9":"outofstock","10":"taxable","11":"shipping-taxable","12":"purchasable","13":"product-type-simple"},"_links":{"self":[{"href":"https:\/\/pruebas.michollo.to\/en\/wp-json\/wp\/v2\/product\/1375","targetHints":{"allow":["GET"]}}],"collection":[{"href":"https:\/\/pruebas.michollo.to\/en\/wp-json\/wp\/v2\/product"}],"about":[{"href":"https:\/\/pruebas.michollo.to\/en\/wp-json\/wp\/v2\/types\/product"}],"replies":[{"embeddable":true,"href":"https:\/\/pruebas.michollo.to\/en\/wp-json\/wp\/v2\/comments?post=1375"}],"wp:featuredmedia":[{"embeddable":true,"href":"https:\/\/pruebas.michollo.to\/en\/wp-json\/wp\/v2\/media\/1379"}],"wp:attachment":[{"href":"https:\/\/pruebas.michollo.to\/en\/wp-json\/wp\/v2\/media?parent=1375"}],"wp:term":[{"taxonomy":"product_brand","embeddable":true,"href":"https:\/\/pruebas.michollo.to\/en\/wp-json\/wp\/v2\/product_brand?post=1375"},{"taxonomy":"product_cat","embeddable":true,"href":"https:\/\/pruebas.michollo.to\/en\/wp-json\/wp\/v2\/product_cat?post=1375"},{"taxonomy":"product_tag","embeddable":true,"href":"https:\/\/pruebas.michollo.to\/en\/wp-json\/wp\/v2\/product_tag?post=1375"}],"curies":[{"name":"wp","href":"https:\/\/api.w.org\/{rel}","templated":true}]}}