{"id":1406,"date":"2023-02-20T13:41:52","date_gmt":"2023-02-20T15:41:52","guid":{"rendered":"https:\/\/www.minandovoy.com\/?post_type=product&#038;p=1406"},"modified":"2026-02-23T13:21:50","modified_gmt":"2026-02-23T12:21:50","slug":"antminer-k7-58th","status":"publish","type":"product","link":"https:\/\/pruebas.michollo.to\/en\/product\/antminer-k7-58th\/","title":{"rendered":"Maximise Your Mining Potential with Bitmain's Antminer K7 58T"},"content":{"rendered":"<h2 id=\"h-consecuencias-del-merge-de-ethereum\">ANTMINER K7 58T THE NEW RELEASE FROM BITMAIN<\/h2>\n<p>You think we can't surprise you? Wait, stay and read all about it!<br \/>\nnew machine for <a href=\"https:\/\/www.minandovoy.com\/antminer-k7-nuevo-lanzamiento-de-bitmain\/\">Bitmain ANTMINER K7 63.5T<\/a>!<\/p>\n<p>They have a consumption of 3080W per hour, is generating 35<strong>$<\/strong> per day.<br \/>\nThis ASIC mines the EAGLESONG algorithm, whose only currency is the well-known Nervos.<br \/>\nWe tell you a little more about it:<\/p>\n<p><strong>NERVOS NETWORK AND ITS CKB TOKEN<\/strong><br \/>\nNervos is a blockchain platform, it contains a 'collection of protocols' that<br \/>\noutperforms other blockchains such as Bitcoin and Ethereum.<\/p>\n<p>The network layers are divided into:<\/p>\n<p>Layer 1. CKB (Common Knowledge Base) Nerves. This acts as the blockchain<br \/>\ntest work within the ecosystem.<\/p>\n<p>Layer 2. There are multiple layers 2 in this network, which provide useful solutions such as<br \/>\nsmart contracts for developers and users.<\/p>\n<p>Layer 2 solutions allow the network to offer almost unlimited transactions to<br \/>\nminimal cost.<\/p>\n<p><strong>CKB token<\/strong><br \/>\nCKB is the network token, at the time of its launch its price was 0.01123$.<br \/>\nIt is ranked in the market capitalisation ranking by <a href=\"https:\/\/coinmarketcap.com\/es\/currencies\/nervos-network\/\">coinmarketcap.com<\/a> the post<br \/>\n157.<\/p>\n<p>Its total issuance is 36,680,680,992CKB of which 33.34B CKB are already in<br \/>\ncirculation.<\/p>\n<p><b>What is Bitmain?<\/b><\/p>\n<p><em>Bitmain<\/em>\u00a0is a company based in Beijing, China. It is considered one of the most important companies in the cryptocurrency industry for producing high-quality mining hardware with enormous mining capabilities and for its technological advances. It is the world's largest designer of\u00a0<a href=\"https:\/\/www.minandovoy.com\/categoria\/mineros\/\">equipment\u00a0<em>ASIC<\/em><\/a>\u00a0for mining\u00a0<em>Bitcoin<\/em>.<\/p>\n<p>Bitmain is mostly known for its Bitcoin hardware, although it is interested in projects that bring solidity to its business, such as Ethereum\/Ethereum Classic.<\/p>\n<p>In April 2021, the large manufacturer announced the launch of an Ethreum mining machine to be named,\u00a0<a href=\"https:\/\/www.asicminervalue.com\/miners\/bitmain\/antminer-e9-2-4gh\" target=\"_blank\" rel=\"noopener\">Antminer E9<\/a>. This true beast has the equivalent power of 25 Nvidia RTX 3080 GPUs.<\/p>\n<p>&nbsp;<\/p>","protected":false},"excerpt":{"rendered":"<p>ANTMINER K7 58T EL NUEVO LANZAMIENTO DE BITMAIN \u00bfCrees que no podemos sorprenderte? \u00a1Espera, qu\u00e9date a leer todo sobre esta nueva m\u00e1quina de Bitmain ANTMINER K7 63.5T! Cuentan con un consumo de 3080W a la hora,\u00a0 est\u00e1 generando 35$ al d\u00eda. Este ASIC mina el algoritmo EAGLESONG, cuya \u00fanica moneda es la conocida Nervos. Os [&hellip;]<\/p>\n","protected":false},"featured_media":1269,"comment_status":"open","ping_status":"closed","template":"","meta":[],"product_brand":[],"product_cat":[19],"product_tag":[244,138],"class_list":{"0":"post-1406","1":"product","2":"type-product","3":"status-publish","4":"has-post-thumbnail","6":"product_cat-mineros","7":"product_tag-gme","8":"product_tag-mineros-para-avanzados","10":"first","11":"instock","12":"taxable","13":"shipping-taxable","14":"purchasable","15":"product-type-simple"},"_links":{"self":[{"href":"https:\/\/pruebas.michollo.to\/en\/wp-json\/wp\/v2\/product\/1406","targetHints":{"allow":["GET"]}}],"collection":[{"href":"https:\/\/pruebas.michollo.to\/en\/wp-json\/wp\/v2\/product"}],"about":[{"href":"https:\/\/pruebas.michollo.to\/en\/wp-json\/wp\/v2\/types\/product"}],"replies":[{"embeddable":true,"href":"https:\/\/pruebas.michollo.to\/en\/wp-json\/wp\/v2\/comments?post=1406"}],"wp:featuredmedia":[{"embeddable":true,"href":"https:\/\/pruebas.michollo.to\/en\/wp-json\/wp\/v2\/media\/1269"}],"wp:attachment":[{"href":"https:\/\/pruebas.michollo.to\/en\/wp-json\/wp\/v2\/media?parent=1406"}],"wp:term":[{"taxonomy":"product_brand","embeddable":true,"href":"https:\/\/pruebas.michollo.to\/en\/wp-json\/wp\/v2\/product_brand?post=1406"},{"taxonomy":"product_cat","embeddable":true,"href":"https:\/\/pruebas.michollo.to\/en\/wp-json\/wp\/v2\/product_cat?post=1406"},{"taxonomy":"product_tag","embeddable":true,"href":"https:\/\/pruebas.michollo.to\/en\/wp-json\/wp\/v2\/product_tag?post=1406"}],"curies":[{"name":"wp","href":"https:\/\/api.w.org\/{rel}","templated":true}]}}