{"id":1585,"date":"2023-03-15T09:37:33","date_gmt":"2023-03-15T11:37:33","guid":{"rendered":"https:\/\/www.minandovoy.com\/?post_type=product&#038;p=1585"},"modified":"2024-12-26T17:43:34","modified_gmt":"2024-12-26T16:43:34","slug":"fuente-de-alimentacion-corsair-1600w-reaconcionada","status":"publish","type":"product","link":"https:\/\/pruebas.michollo.to\/en\/product\/corsair-power-supply-1600w-refurbished\/","title":{"rendered":"Corsair 1600w Refurbished Power Supply"},"content":{"rendered":"<div id=\"product-description-short-11669\" class=\"rte-content product-description\">\n<p>Designed with the best components, the power supply unit <strong>Corsair AX1600i<\/strong>\u00a0offers an efficiency of over 94% in a smaller format. It is 80 PLUS Titanium certified and provides 1600W of power, ensuring stable operation at all times. In addition, it has been fitted with a 140mm fan with zero RPM mode, so it runs almost silently at low and medium loads. The Corsair AX1600i is the ultimate power supply.<\/p>\n<\/div>\n<div class=\"product-description\">\n<div class=\"rte-content\">\n<p><b>Features<\/b><\/p>\n<ul>\n<li>Format: ATX<\/li>\n<li>Power 1600 W<\/li>\n<li>Efficiency 80 PLUS Titanium<\/li>\n<li>Fully modular<\/li>\n<li>Adjustable Single\/Multi 12V Rail: Yes<\/li>\n<li>ATX12V version: v2.4<\/li>\n<li>Continuous output rated temperature C 50\u00b0C<\/li>\n<li>Continuous power: 1600 W<\/li>\n<li>Fan bearing technology: Fluid Dynamic Bearing<\/li>\n<li>Fan size: 140mm<\/li>\n<li>MTBF: 100,000 hours<\/li>\n<li>Multi-GPU ready: Yes<\/li>\n<li>Zero RPM mode: Yes<\/li>\n<li>iCUE Compatibility: Yes<\/li>\n<li>Cable type: Low-Profile, All Black<\/li>\n<li>EPS12V version: v2.92<\/li>\n<li>Compatible Intel C6C7 sleep state<\/li>\n<li>Modern Standby Compatible: No<\/li>\n<li>Special Technology: DSP, GaN Totem Pole PFC<\/li>\n<li>Protection Circuits OVP (Over Voltage): UVP (Under Voltage); SCP (Short Circuit); OTP (Over Temp); OPP (Over Power)<\/li>\n<li>Dimensions 150mm x 86mm x 200mm<\/li>\n<\/ul>\n<\/div>\n<\/div>\n<p>&nbsp;<\/p>\n<p>*Includes cables, box not included, power cable not included. Refurbished product.<\/p>","protected":false},"excerpt":{"rendered":"<p>Dise\u00f1ada con los mejores componentes, la fuente de alimentaci\u00f3n Corsair AX1600i\u00a0ofrece una eficiencia de m\u00e1s de 94% en un formato m\u00e1s peque\u00f1o. Cuenta con certificaci\u00f3n 80 PLUS Titanium y proporciona una potencia de 1600W, garantizando un funcionamiento estable en todo momento. Adem\u00e1s, ha sido provista de un ventilador de 140 mm con modo cero RPM, [&hellip;]<\/p>\n","protected":false},"featured_media":1586,"comment_status":"open","ping_status":"closed","template":"","meta":[],"product_brand":[],"product_cat":[20],"product_tag":[],"class_list":{"0":"post-1585","1":"product","2":"type-product","3":"status-publish","4":"has-post-thumbnail","6":"product_cat-componentes","8":"first","9":"outofstock","10":"sale","11":"taxable","12":"shipping-taxable","13":"purchasable","14":"product-type-simple"},"_links":{"self":[{"href":"https:\/\/pruebas.michollo.to\/en\/wp-json\/wp\/v2\/product\/1585","targetHints":{"allow":["GET"]}}],"collection":[{"href":"https:\/\/pruebas.michollo.to\/en\/wp-json\/wp\/v2\/product"}],"about":[{"href":"https:\/\/pruebas.michollo.to\/en\/wp-json\/wp\/v2\/types\/product"}],"replies":[{"embeddable":true,"href":"https:\/\/pruebas.michollo.to\/en\/wp-json\/wp\/v2\/comments?post=1585"}],"wp:featuredmedia":[{"embeddable":true,"href":"https:\/\/pruebas.michollo.to\/en\/wp-json\/wp\/v2\/media\/1586"}],"wp:attachment":[{"href":"https:\/\/pruebas.michollo.to\/en\/wp-json\/wp\/v2\/media?parent=1585"}],"wp:term":[{"taxonomy":"product_brand","embeddable":true,"href":"https:\/\/pruebas.michollo.to\/en\/wp-json\/wp\/v2\/product_brand?post=1585"},{"taxonomy":"product_cat","embeddable":true,"href":"https:\/\/pruebas.michollo.to\/en\/wp-json\/wp\/v2\/product_cat?post=1585"},{"taxonomy":"product_tag","embeddable":true,"href":"https:\/\/pruebas.michollo.to\/en\/wp-json\/wp\/v2\/product_tag?post=1585"}],"curies":[{"name":"wp","href":"https:\/\/api.w.org\/{rel}","templated":true}]}}