{"id":17820,"date":"2025-04-26T14:28:08","date_gmt":"2025-04-26T12:28:08","guid":{"rendered":"https:\/\/www.minandovoy.com\/?post_type=product&#038;p=17820"},"modified":"2026-02-23T13:33:28","modified_gmt":"2026-02-23T12:33:28","slug":"bitmain-antminer-s21-plus-hyd","status":"publish","type":"product","link":"https:\/\/pruebas.michollo.to\/en\/product\/bitmain-antminer-s21-xp-hyd\/","title":{"rendered":"Bitmain Antminer S21+ Hyd"},"content":{"rendered":"<p><span class=\"relative -mx-px my-[-0.2rem] rounded px-px py-[0.2rem] transition-colors duration-100 ease-in-out\">El <strong data-start=\"3\" data-end=\"34\">Bitmain Antminer S21 + Hyd <\/strong>\u00a0es una opci\u00f3n destacada para mineros profesionales que buscan maximizar su rendimiento en la miner\u00eda de Bitcoin.<\/span> <span class=\"relative -mx-px my-[-0.2rem] rounded px-px py-[0.2rem] transition-colors duration-100 ease-in-out\">Su combinaci\u00f3n de alta tasa de hash, eficiencia energ\u00e9tica y sistema de refrigeraci\u00f3n l\u00edquida lo convierte en una herramienta poderosa para operaciones a gran escala.<\/span> <span class=\"relative -mx-px my-[-0.2rem] rounded px-px py-[0.2rem] transition-colors duration-100 ease-in-out\">Es recomendable considerar los costos operativos y la rentabilidad estimada antes de realizar una inversi\u00f3n.<\/span><\/p>\n<p>Garant\u00eda total de 1 a\u00f1o.Protege tanto piezas como mano de obra y te da acceso a nuestro soporte t\u00e9cnico especializado. Ante cualquier incidencia, solo tienes que abrir un ticket en tu \u00e1rea de cliente: nos ocupamos de la reparaci\u00f3n o sustituci\u00f3n sin coste a\u00f1adido.<\/p>\n<h2 class=\"\" data-start=\"202\" data-end=\"233\">\ud83d\udd27 Especificaciones T\u00e9cnicas<\/h2>\n<ul data-start=\"235\" data-end=\"1131\">\n<li class=\"\" data-start=\"235\" data-end=\"286\">\n<p class=\"\" data-start=\"237\" data-end=\"286\"><strong data-start=\"237\" data-end=\"247\">Modelo<\/strong>: <span class=\"relative -mx-px my-[-0.2rem] rounded px-px py-[0.2rem] transition-colors duration-100 ease-in-out\">Antminer S21 +Hyd (319Th-358Th &#8211; 395Th-473Th<\/span><span class=\"relative -mx-px my-[-0.2rem] rounded px-px py-[0.2rem] transition-colors duration-100 ease-in-out\">)<\/span><\/p>\n<\/li>\n<li class=\"\" data-start=\"287\" data-end=\"342\">\n<p class=\"\" data-start=\"289\" data-end=\"342\"><strong data-start=\"289\" data-end=\"303\">Fabricante<\/strong>: <span class=\"relative -mx-px my-[-0.2rem] rounded px-px py-[0.2rem] transition-colors duration-100 ease-in-out\">Bitmain<\/span><\/p>\n<\/li>\n<li class=\"\" data-start=\"343\" data-end=\"397\">\n<p class=\"\" data-start=\"345\" data-end=\"397\"><strong data-start=\"345\" data-end=\"358\">Algoritmo<\/strong>: <span class=\"relative -mx-px my-[-0.2rem] rounded px-px py-[0.2rem] transition-colors duration-100 ease-in-out\">SHA-256 (Bitcoin, BCH, BSV)<\/span><\/p>\n<\/li>\n<li class=\"\" data-start=\"398\" data-end=\"455\">\n<p class=\"\" data-start=\"400\" data-end=\"455\"><strong data-start=\"400\" data-end=\"416\">Tasa de hash<\/strong>: <span class=\"relative -mx-px my-[-0.2rem] rounded px-px py-[0.2rem] transition-colors duration-100 ease-in-out\">319Th\/s &#8211; 473Th<\/span><span class=\"relative -mx-px my-[-0.2rem] rounded px-px py-[0.2rem] transition-colors duration-100 ease-in-out\">\/s<\/span><\/p>\n<\/li>\n<li class=\"\" data-start=\"456\" data-end=\"519\">\n<p class=\"\" data-start=\"458\" data-end=\"519\"><strong data-start=\"458\" data-end=\"480\">Consumo energ\u00e9tico<\/strong>: <span class=\"relative -mx-px my-[-0.2rem] rounded px-px py-[0.2rem] transition-colors duration-100 ease-in-out\">4,758 W<\/span><\/p>\n<\/li>\n<li class=\"\" data-start=\"520\" data-end=\"586\">\n<p class=\"\" data-start=\"522\" data-end=\"586\"><strong data-start=\"522\" data-end=\"547\">Eficiencia energ\u00e9tica<\/strong>: <span class=\"relative -mx-px my-[-0.2rem] rounded px-px py-[0.2rem] transition-colors duration-100 ease-in-out\">15 J\/TH<\/span><\/p>\n<\/li>\n<li class=\"\" data-start=\"587\" data-end=\"656\">\n<p class=\"\" data-start=\"589\" data-end=\"656\"><strong data-start=\"589\" data-end=\"617\">Sistema de refrigeraci\u00f3n<\/strong>: <span class=\"relative -mx-px my-[-0.2rem] rounded px-px py-[0.2rem] transition-colors duration-100 ease-in-out\">hidr\u00e1ulica (refrigeraci\u00f3n l\u00edquida)<\/span><\/p>\n<\/li>\n<li class=\"\" data-start=\"657\" data-end=\"716\">\n<p class=\"\" data-start=\"659\" data-end=\"716\"><strong data-start=\"659\" data-end=\"677\">Nivel de ruido<\/strong>: <span class=\"relative -mx-px my-[-0.2rem] rounded px-px py-[0.2rem] transition-colors duration-100 ease-in-out\">50 dB<\/span><\/p>\n<\/li>\n<li class=\"\" data-start=\"717\" data-end=\"783\">\n<p class=\"\" data-start=\"719\" data-end=\"783\"><strong data-start=\"719\" data-end=\"744\">Temperatura operativa<\/strong>: <span class=\"relative -mx-px my-[-0.2rem] rounded px-px py-[0.2rem] transition-colors duration-100 ease-in-out\">5\u202f\u00b0C \u2013 40\u202f\u00b0C<\/span><\/p>\n<\/li>\n<li class=\"\" data-start=\"784\" data-end=\"848\">\n<p class=\"\" data-start=\"786\" data-end=\"848\"><strong data-start=\"786\" data-end=\"807\">Humedad operativa<\/strong>: <span class=\"relative -mx-px my-[-0.2rem] rounded px-px py-[0.2rem] transition-colors duration-100 ease-in-out\">5\u202f% \u2013 95\u202f%<\/span><\/p>\n<\/li>\n<li class=\"\" data-start=\"849\" data-end=\"907\">\n<p class=\"\" data-start=\"851\" data-end=\"907\"><strong data-start=\"851\" data-end=\"866\">Dimensiones<\/strong>: <span class=\"relative -mx-px my-[-0.2rem] rounded px-px py-[0.2rem] transition-colors duration-100 ease-in-out\">410 x 170 x 209 mm<\/span><\/p>\n<\/li>\n<li class=\"\" data-start=\"908\" data-end=\"959\">\n<p class=\"\" data-start=\"910\" data-end=\"959\"><strong data-start=\"910\" data-end=\"918\">Peso<\/strong>: <span class=\"relative -mx-px my-[-0.2rem] rounded px-px py-[0.2rem] transition-colors duration-100 ease-in-out\">12.8 kg<\/span><\/p>\n<\/li>\n<li class=\"\" data-start=\"960\" data-end=\"1019\">\n<p class=\"\" data-start=\"962\" data-end=\"1019\"><strong data-start=\"962\" data-end=\"978\">Conectividad<\/strong>: <span class=\"relative -mx-px my-[-0.2rem] rounded px-px py-[0.2rem] transition-colors duration-100 ease-in-out\">Ethernet<\/span><\/p>\n<\/li>\n<li class=\"\" data-start=\"1020\" data-end=\"1131\">\n<p class=\"\" data-start=\"1022\" data-end=\"1131\"><strong data-start=\"1022\" data-end=\"1044\">Voltaje de entrada<\/strong>: <span class=\"relative -mx-px my-[-0.2rem] rounded px-px py-[0.2rem] transition-colors duration-100 ease-in-out\">380\u2013415 V<\/span>\u200b<\/p>\n<\/li>\n<\/ul>\n<p><span class=\"relative -mx-px my-[-0.2rem] rounded px-px py-[0.2rem] transition-colors duration-100 ease-in-out\">\u00a0<\/span><\/p>\n","protected":false},"excerpt":{"rendered":"<p>El Bitmain Antminer S21 + Hyd \u00a0es una opci\u00f3n destacada para mineros profesionales que buscan maximizar su rendimiento en la miner\u00eda de Bitcoin. Su combinaci\u00f3n de alta tasa de hash, eficiencia energ\u00e9tica y sistema de refrigeraci\u00f3n l\u00edquida lo convierte en una herramienta poderosa para operaciones a gran escala. Es recomendable considerar los costos operativos y [&hellip;]<\/p>\n","protected":false},"featured_media":16779,"comment_status":"open","ping_status":"closed","template":"","meta":[],"product_brand":[],"product_cat":[19],"product_tag":[244,138],"class_list":{"0":"post-17820","1":"product","2":"type-product","3":"status-publish","4":"has-post-thumbnail","6":"product_cat-mineros","7":"product_tag-gme","8":"product_tag-mineros-para-avanzados","10":"first","11":"instock","12":"taxable","13":"shipping-taxable","14":"purchasable","15":"product-type-variable","16":"has-default-attributes"},"_links":{"self":[{"href":"https:\/\/pruebas.michollo.to\/en\/wp-json\/wp\/v2\/product\/17820","targetHints":{"allow":["GET"]}}],"collection":[{"href":"https:\/\/pruebas.michollo.to\/en\/wp-json\/wp\/v2\/product"}],"about":[{"href":"https:\/\/pruebas.michollo.to\/en\/wp-json\/wp\/v2\/types\/product"}],"replies":[{"embeddable":true,"href":"https:\/\/pruebas.michollo.to\/en\/wp-json\/wp\/v2\/comments?post=17820"}],"wp:featuredmedia":[{"embeddable":true,"href":"https:\/\/pruebas.michollo.to\/en\/wp-json\/wp\/v2\/media\/16779"}],"wp:attachment":[{"href":"https:\/\/pruebas.michollo.to\/en\/wp-json\/wp\/v2\/media?parent=17820"}],"wp:term":[{"taxonomy":"product_brand","embeddable":true,"href":"https:\/\/pruebas.michollo.to\/en\/wp-json\/wp\/v2\/product_brand?post=17820"},{"taxonomy":"product_cat","embeddable":true,"href":"https:\/\/pruebas.michollo.to\/en\/wp-json\/wp\/v2\/product_cat?post=17820"},{"taxonomy":"product_tag","embeddable":true,"href":"https:\/\/pruebas.michollo.to\/en\/wp-json\/wp\/v2\/product_tag?post=17820"}],"curies":[{"name":"wp","href":"https:\/\/api.w.org\/{rel}","templated":true}]}}