{"id":17905,"date":"2025-04-30T12:47:20","date_gmt":"2025-04-30T10:47:20","guid":{"rendered":"https:\/\/www.minandovoy.com\/?post_type=product&#038;p=17905"},"modified":"2026-02-23T13:11:46","modified_gmt":"2026-02-23T12:11:46","slug":"antminer-s21-216th","status":"publish","type":"product","link":"https:\/\/pruebas.michollo.to\/en\/product\/antminer-s21-216th\/","title":{"rendered":"Antminer s21+ 216Th + HOSTING"},"content":{"rendered":"<p>En febrero de 2025, Bitmain lanz\u00f3 el Antminer S21+ aire\u2013refrescado, un ASIC de alta gama optimizado para el algoritmo SHA-256 que ofrece un rendimiento y eficiencia sobresalientes. Con una tasa de hash de 216 TH\/s y un consumo de 3 564 W, alcanza una eficiencia energ\u00e9tica de 16,5 J\/TH, situ\u00e1ndose entre los m\u00e1s competitivos del mercado para miner\u00eda profesional. Su sistema de refrigeraci\u00f3n por aire de doble ventilador garantiza una disipaci\u00f3n t\u00e9rmica efectiva, mientras que su dise\u00f1o robusto y su interfaz Ethernet 10\/100 M ofrecen fiabilidad y facilidad de integraci\u00f3n en grandes granjas.<\/p>\n<p>83<strong data-start=\"273\" data-end=\"317\">Costes a\u00f1adidos (incluidos en el total):<\/strong><br data-start=\"317\" data-end=\"320\" \/>\u2013 Antminer s21+ 216Th : 3147,83 \u20ac<br data-start=\"351\" data-end=\"354\" data-is-only-node=\"\" \/>\u2013 Dos meses de luz por adelantado: 330,72 \u20ac<br data-start=\"397\" data-end=\"400\" \/>\u2013 Dep\u00f3sito o fianza: 165,36 \u20ac<br data-start=\"429\" data-end=\"432\" \/>\u2013 Gastos de instalaci\u00f3n (pago \u00fanico): 80,07 \u20ac<br data-start=\"477\" data-end=\"480\" \/>\u2013 Gastos de tramitaci\u00f3n y gestor\u00eda: 60 \u20ac\/a\u00f1o<br data-start=\"524\" data-end=\"527\" \/>\u2013 Env\u00edo a Emiratos \u00c1rabes: 200 \u20ac<br data-start=\"559\" data-end=\"562\" \/>\u2013 Env\u00edo interno a la granja: 100 \u20ac<\/p>","protected":false},"excerpt":{"rendered":"<p>En febrero de 2025, Bitmain lanz\u00f3 el Antminer S21+ aire\u2013refrescado, un ASIC de alta gama optimizado para el algoritmo SHA-256 que ofrece un rendimiento y eficiencia sobresalientes. Con una tasa de hash de 216 TH\/s y un consumo de 3 564 W, alcanza una eficiencia energ\u00e9tica de 16,5 J\/TH, situ\u00e1ndose entre los m\u00e1s competitivos del [&hellip;]<\/p>\n","protected":false},"featured_media":17913,"comment_status":"open","ping_status":"closed","template":"","meta":[],"product_brand":[],"product_cat":[15,19],"product_tag":[244,138],"class_list":{"0":"post-17905","1":"product","2":"type-product","3":"status-publish","4":"has-post-thumbnail","6":"product_cat-sin-categorizar","7":"product_cat-mineros","8":"product_tag-gme","9":"product_tag-mineros-para-avanzados","11":"first","12":"instock","13":"downloadable","14":"virtual","15":"purchasable","16":"product-type-simple"},"_links":{"self":[{"href":"https:\/\/pruebas.michollo.to\/en\/wp-json\/wp\/v2\/product\/17905","targetHints":{"allow":["GET"]}}],"collection":[{"href":"https:\/\/pruebas.michollo.to\/en\/wp-json\/wp\/v2\/product"}],"about":[{"href":"https:\/\/pruebas.michollo.to\/en\/wp-json\/wp\/v2\/types\/product"}],"replies":[{"embeddable":true,"href":"https:\/\/pruebas.michollo.to\/en\/wp-json\/wp\/v2\/comments?post=17905"}],"wp:featuredmedia":[{"embeddable":true,"href":"https:\/\/pruebas.michollo.to\/en\/wp-json\/wp\/v2\/media\/17913"}],"wp:attachment":[{"href":"https:\/\/pruebas.michollo.to\/en\/wp-json\/wp\/v2\/media?parent=17905"}],"wp:term":[{"taxonomy":"product_brand","embeddable":true,"href":"https:\/\/pruebas.michollo.to\/en\/wp-json\/wp\/v2\/product_brand?post=17905"},{"taxonomy":"product_cat","embeddable":true,"href":"https:\/\/pruebas.michollo.to\/en\/wp-json\/wp\/v2\/product_cat?post=17905"},{"taxonomy":"product_tag","embeddable":true,"href":"https:\/\/pruebas.michollo.to\/en\/wp-json\/wp\/v2\/product_tag?post=17905"}],"curies":[{"name":"wp","href":"https:\/\/api.w.org\/{rel}","templated":true}]}}