{"id":2019,"date":"2023-06-02T05:57:43","date_gmt":"2023-06-02T07:57:43","guid":{"rendered":"https:\/\/www.minandovoy.com\/?post_type=product&#038;p=2019"},"modified":"2025-05-09T14:47:15","modified_gmt":"2025-05-09T12:47:15","slug":"20g-sapphire-pulse-amd-radeon-rx-7900-xtx-gaming-oc-24gb-gddr6-dual-hdmi-dual-dp","status":"publish","type":"product","link":"https:\/\/pruebas.michollo.to\/en\/product\/20g-sapphire-pulse-amd-radeon-rx-7900-xtx-gaming-oc-24gb-gddr6-dual-hdmi-dual-dp\/","title":{"rendered":"Sapphire Pulse AMD Radeon RX 7900 XTX Gaming OC 24GB GDDR6 DUAL HDMI \/ DUAL DP"},"content":{"rendered":"<p>The Sapphire Pulse AMD Radeon Radeon RX 7900 XTX Gaming OC graphics card with 24GB of GDDR6 memory is a true beast in terms of performance and gaming capability. Designed for the most demanding gamers and creative professionals, this graphics card offers an exceptional level of power and visual performance.<\/p>\n<p>The RX 7900 XTX features 20GB of high-speed GDDR6 memory, enabling fast loading of textures and graphics data for a smooth and seamless gaming experience. In addition, the generous amount of memory ensures ample space for working with intensive creative projects and video editing applications.<\/p>\n<p>Equipped with the latest AMD RDNA 3 architecture, this graphics card delivers exceptional performance and stunning visual quality. Visual effects and detail fidelity are enhanced by AMD FidelityFX technology and DirectX 12 Ultimate support.<\/p>\n<p>SAPPHIRE PULSE's advanced cooling design ensures that the graphics card performs optimally even under the most demanding conditions. Its dual fans and efficient heat dissipation system keep temperatures under control, preventing overheating and ensuring consistent performance.<\/p>\n<p>With two HDMI and two DP ports, the RX 7900 XTX gives you the flexibility to connect multiple monitors for an immersive and immersive gaming experience.<\/p>\n<p>In short, the 20G SAPPHIRE PULSE AMD RADEON RX 7900 XTX GAMING OC with 24GB of GDDR6 memory is a high-end graphics card that delivers exceptional performance and stunning visual quality. If you are looking for the ultimate in graphics performance and are ready to take your gaming experience and creative projects to the next level, this graphics card is the perfect choice.<\/p>\n<h2>Characteristics:<\/h2>\n<ul>\n<li>GPU: pulse clock: up to 2525 MHz<\/li>\n<li>GPU: game clock: up to 2330 MHz<\/li>\n<li>Memory: 24 GB\/384 bit DDR6. 20 Gbps effective<\/li>\n<li>Flow processors: 6144<\/li>\n<li>RDNA\u2122 3 architecture<\/li>\n<li>Beam accelerator: 96<\/li>\n<\/ul>\n<h2>Specifications<\/h2>\n<ul>\n<li>GPU<\/li>\n<li>AMD Radeon\u2122 RX 7900 XTX Graphics Card<\/li>\n<li>5nm GPU<\/li>\n<li>AMD RDNA\u2122 3 architecture<\/li>\n<li>Engine clock\n<ul>\n<li>Impulse clock: up to 2525 MHz<\/li>\n<li>Game clock: up to 2330 MHz<\/li>\n<li>Boost Clock is the maximum achievable frequency on the GPU running a burst workload. The achievability, frequency and sustainability of the Boost Clock will vary based on a number of factors, including but not limited to thermal conditions and variation in application and workloads.<\/li>\n<li>Game Clock is the expected GPU clock when running typical gaming applications, set to typical TGP (Total Graphics Power). Actual individual game clock results may vary.<\/li>\n<\/ul>\n<\/li>\n<li>6144 Flow Processors<\/li>\n<li>Computing units 96 CU (with RT+AI accelerators)<\/li>\n<li>Infinite cache 96MB<\/li>\n<li>96-rays accelerators<\/li>\n<li>Memory Size\/Bus 24 GB\/384 bits GDDR6<\/li>\n<li>Memory clock 20 Gbps effective<\/li>\n<li>screens Maximum 4 screens<\/li>\n<li>Resolution\n<ul>\n<li>HDMI\u2122: 7680\u00d74320<\/li>\n<li>DisplayPort 2.1: 7680 \u00d7 4320<\/li>\n<\/ul>\n<\/li>\n<li>PCI Express 4.0 x16 interface<\/li>\n<li>Production\n<ul>\n<li>2xHDMI<\/li>\n<li>2x displayport<\/li>\n<\/ul>\n<\/li>\n<li>Dual UEFI BIOS support<\/li>\n<li>4K games index<\/li>\n<li>Characteristics of sapphire\n<ul>\n<li>Premium digital power design<\/li>\n<li>Ultra high performance conductive polymer aluminium capacitors<\/li>\n<li>Fuse protection<\/li>\n<li>High TG copper PCBs<\/li>\n<li>Optimised composite heatpipe<\/li>\n<li>Tri-X Technology<\/li>\n<li>Intelligent fan control<\/li>\n<li>Precision fan control<\/li>\n<li>Metal back plate<\/li>\n<li>Fans with two ball bearings<\/li>\n<li>Angular speed fan blade<\/li>\n<li>TriXX compatible<\/li>\n<li>TriXX Impulse<\/li>\n<li>Supporter of the graphics card<\/li>\n<\/ul>\n<\/li>\n<li>AMD Features\n<ul>\n<li>AMD RDNA\u2122 3 gaming architecture<\/li>\n<li>96 AMD RDNA\u2122 3 computing units (with RT+AI accelerators)<\/li>\n<li>96 MB AMD Infinity Cache\u2122 technology<\/li>\n<li>DisplayPort\u2122 2.1<\/li>\n<li>AMD Radiance Display\u2122 Engine<\/li>\n<li>AMD Radeon\u2122 Boost Technology<\/li>\n<li>AMD Radeon\u2122 Anti-Lag Technology<\/li>\n<li>24 GB GDDR6 on 384-bit memory bus<\/li>\n<li>PCI\u00ae Express 4.0 ready<\/li>\n<li>AMD FidelityFX\u2122* technologies<\/li>\n<li>AMD FidelityFX\u2122 Super Resolution Technology<\/li>\n<li>Microsoft\u00ae DirectX\u00ae 12 latest<\/li>\n<li>Microsoft\u00ae Direct Storage<\/li>\n<li>Vulkan\u00ae optimised<\/li>\n<li>AMD Smart Technologies<\/li>\n<li>AMD Software: Adrenalin Edition\u2122 application<\/li>\n<li>AMD noise suppression<\/li>\n<li>AMD Privacy View<\/li>\n<li>AMD Radeon\u2122 Super Resolution Technology<\/li>\n<li>AMD Link<\/li>\n<li>AMD Freesync\u2122 Technology<\/li>\n<\/ul>\n<\/li>\n<li>Cooling 3 fans<\/li>\n<li>Form factor\n<ul>\n<li>Slot 2.7, ATX<\/li>\n<\/ul>\n<\/li>\n<li>Dimensions: 313 (L) x 133,75 (W) x 52,67 (H) mm<\/li>\n<li>Energy consumption\n<ul>\n<li>Total plate power 370 W<\/li>\n<\/ul>\n<\/li>\n<li>operating system\n<ul>\n<li>Linux\u00ae, Windows\u00ae 10 and Windows 11. 64-bit operating system required.<\/li>\n<\/ul>\n<\/li>\n<li>System requirements\n<ul>\n<li>Minimum power supply 800 watts<\/li>\n<li>3 x 8-pin power connectors.<\/li>\n<li>Requires a PCI Express\u00ae based PC with an available X16 rail graphics slot on the motherboard.<\/li>\n<li>Minimum 8 GB system memory. 16 GB recommended.<\/li>\n<\/ul>\n<\/li>\n<\/ul>","protected":false},"excerpt":{"rendered":"<p>La tarjeta gr\u00e1fica Sapphire Pulse AMD Radeon RX 7900 XTX Gaming OC con 24GB de memoria GDDR6 es una verdadera bestia en t\u00e9rminos de rendimiento y capacidad de juego. Dise\u00f1ada para los jugadores m\u00e1s exigentes y los profesionales creativos, esta tarjeta gr\u00e1fica ofrece un nivel excepcional de poder y rendimiento visual. La RX 7900 XTX [&hellip;]<\/p>\n","protected":false},"featured_media":2020,"comment_status":"open","ping_status":"closed","template":"","meta":[],"product_brand":[],"product_cat":[20,18],"product_tag":[240],"class_list":{"0":"post-2019","1":"product","2":"type-product","3":"status-publish","4":"has-post-thumbnail","6":"product_cat-componentes","7":"product_cat-rigs-de-gpu","8":"product_tag-gpu","10":"first","11":"instock","12":"taxable","13":"shipping-taxable","14":"purchasable","15":"product-type-simple"},"_links":{"self":[{"href":"https:\/\/pruebas.michollo.to\/en\/wp-json\/wp\/v2\/product\/2019","targetHints":{"allow":["GET"]}}],"collection":[{"href":"https:\/\/pruebas.michollo.to\/en\/wp-json\/wp\/v2\/product"}],"about":[{"href":"https:\/\/pruebas.michollo.to\/en\/wp-json\/wp\/v2\/types\/product"}],"replies":[{"embeddable":true,"href":"https:\/\/pruebas.michollo.to\/en\/wp-json\/wp\/v2\/comments?post=2019"}],"wp:featuredmedia":[{"embeddable":true,"href":"https:\/\/pruebas.michollo.to\/en\/wp-json\/wp\/v2\/media\/2020"}],"wp:attachment":[{"href":"https:\/\/pruebas.michollo.to\/en\/wp-json\/wp\/v2\/media?parent=2019"}],"wp:term":[{"taxonomy":"product_brand","embeddable":true,"href":"https:\/\/pruebas.michollo.to\/en\/wp-json\/wp\/v2\/product_brand?post=2019"},{"taxonomy":"product_cat","embeddable":true,"href":"https:\/\/pruebas.michollo.to\/en\/wp-json\/wp\/v2\/product_cat?post=2019"},{"taxonomy":"product_tag","embeddable":true,"href":"https:\/\/pruebas.michollo.to\/en\/wp-json\/wp\/v2\/product_tag?post=2019"}],"curies":[{"name":"wp","href":"https:\/\/api.w.org\/{rel}","templated":true}]}}