{"id":2563,"date":"2023-09-05T13:42:14","date_gmt":"2023-09-05T15:42:14","guid":{"rendered":"https:\/\/www.minandovoy.com\/?post_type=product&#038;p=2563"},"modified":"2026-02-23T13:18:46","modified_gmt":"2026-02-23T12:18:46","slug":"asic-iceriver-ks3m-kaspa-kas-6-th-s","status":"publish","type":"product","link":"https:\/\/pruebas.michollo.to\/en\/product\/asic-iceriver-ks3m-kaspa-kas-6-th-s\/","title":{"rendered":"ASIC ICERIVER KS3M: Specialised Miner for Kaspa Cryptocurrency (KAS) - 6 TH\/s"},"content":{"rendered":"<h2><strong style=\"font-size: 16px;\">Asic IceRiver KS3M : Your Ultimate Cryptocurrency Mining Partner<\/strong><\/h2>\n<div class=\"desc_content\">\n<p>Welcome to the world of cryptocurrencies, where innovation defines success. Introducing the Asic IceRiver KS3M, a technological masterpiece designed to elevate your mining operations to exceptional levels. Ready to discover why this device is essential to your business?<\/p>\n<div class=\"asicminer-widget-container\" style=\"width: 100%; min-height: 300px;\">\n            <iframe id=\"asicminer-widget-5242\" \n                    src=\"https:\/\/pruebas.michollo.to\/wp-content\/themes\/minandovoy\/proxy-widget.php?miner=iceriver\/ks3m&#038;type=profit&#038;theme=dark\" \n                    width=\"100%\" \n                    height=\"300\" \n                    frameborder=\"0\"\n                    loading=\"lazy\"\n                    style=\"border: none; overflow: hidden;\"\n                    title=\"ASIC Miner Widget\">\n            <\/iframe>\n        <\/div>\n<p><strong>Effective Power and Outstanding Energy Efficiency<\/strong><\/p>\n<p>Looking for consistent performance? The Asic IceRiver KS3M delivers it in an efficient package. Thanks to its processing power of up to 6 TH\/s, this device solves complex algorithms with ease. But what makes it even more valuable is its energy efficiency. With a power consumption of only 3400w, it strikes a perfect balance between power and resources. What does this mean for you? More reward and less energy expenditure.<\/p>\n<p><strong>Why is it essential to consider the Asic IceRiver KS3M in the field of cryptocurrency mining?<\/strong><\/p>\n<p>En resumen, el Asic IceRiver KS3M es tu aliado indispensable en la miner\u00eda de criptomonedas. Con la capacidad de minar Kaspa mediante el algoritmo KHeavyHash, te abre las puertas a recompensas significativas. Su dise\u00f1o compacto, eficiencia energ\u00e9tica, potencia de procesamiento y conectividad avanzada lo convierten en una opci\u00f3n esencial para aquellos que buscan maximizar su potencial. \u00bfListo para conquistar el mundo de las criptomonedas con el respaldo del Asic IceRiver KS3M ? La respuesta est\u00e1 a tu alcance.<\/p>\n<\/div>","protected":false},"excerpt":{"rendered":"<p>Asic IceRiver KS3M : Tu Socio Definitivo en la Miner\u00eda de Criptomonedas Bienvenido al mundo de las criptomonedas, donde la innovaci\u00f3n define el \u00e9xito. Presentamos el Asic IceRiver KS3M , una obra maestra tecnol\u00f3gica dise\u00f1ada para elevar tus operaciones mineras a niveles excepcionales. \u00bfListo para descubrir por qu\u00e9 este dispositivo es esencial para tu negocio? [&hellip;]<\/p>\n","protected":false},"featured_media":2564,"comment_status":"open","ping_status":"closed","template":"","meta":[],"product_brand":[],"product_cat":[15],"product_tag":[52,244,241],"class_list":{"0":"post-2563","1":"product","2":"type-product","3":"status-publish","4":"has-post-thumbnail","6":"product_cat-sin-categorizar","7":"product_tag-asic","8":"product_tag-gme","9":"product_tag-kaspa","11":"first","12":"outofstock","13":"featured","14":"taxable","15":"shipping-taxable","16":"purchasable","17":"product-type-simple"},"_links":{"self":[{"href":"https:\/\/pruebas.michollo.to\/en\/wp-json\/wp\/v2\/product\/2563","targetHints":{"allow":["GET"]}}],"collection":[{"href":"https:\/\/pruebas.michollo.to\/en\/wp-json\/wp\/v2\/product"}],"about":[{"href":"https:\/\/pruebas.michollo.to\/en\/wp-json\/wp\/v2\/types\/product"}],"replies":[{"embeddable":true,"href":"https:\/\/pruebas.michollo.to\/en\/wp-json\/wp\/v2\/comments?post=2563"}],"wp:featuredmedia":[{"embeddable":true,"href":"https:\/\/pruebas.michollo.to\/en\/wp-json\/wp\/v2\/media\/2564"}],"wp:attachment":[{"href":"https:\/\/pruebas.michollo.to\/en\/wp-json\/wp\/v2\/media?parent=2563"}],"wp:term":[{"taxonomy":"product_brand","embeddable":true,"href":"https:\/\/pruebas.michollo.to\/en\/wp-json\/wp\/v2\/product_brand?post=2563"},{"taxonomy":"product_cat","embeddable":true,"href":"https:\/\/pruebas.michollo.to\/en\/wp-json\/wp\/v2\/product_cat?post=2563"},{"taxonomy":"product_tag","embeddable":true,"href":"https:\/\/pruebas.michollo.to\/en\/wp-json\/wp\/v2\/product_tag?post=2563"}],"curies":[{"name":"wp","href":"https:\/\/api.w.org\/{rel}","templated":true}]}}