{"id":2652,"date":"2023-10-05T12:23:58","date_gmt":"2023-10-05T14:23:58","guid":{"rendered":"https:\/\/www.minandovoy.com\/?post_type=product&#038;p=2652"},"modified":"2025-05-09T14:47:10","modified_gmt":"2025-05-09T12:47:10","slug":"tarjeta-grafica-evga-geforce-rtx-3080-xc3-ultra","status":"publish","type":"product","link":"https:\/\/pruebas.michollo.to\/en\/product\/graphics-card-evga-geforce-rtx-3080-xc3-ultra\/","title":{"rendered":"EVGA GeForce RTX 3080 XC3 ULTRA Graphics Card EVGA GeForce RTX 3080 XC3 ULTRA"},"content":{"rendered":"<p><strong>RTX.  IT'S ON.\u00a0<\/strong>Experience today's biggest blockbusters like never before with the visual fidelity of real-time ray tracing and the ultimate performance of DLSS with AI technology.<\/p>\n<p><strong>VICTORY IS MEASURED IN MILLISECONDS:\u00a0<\/strong>NVIDIA Reflex offers the ultimate competitive advantage. Lowest latency. The best responsiveness. With NVIDIA GeForce RTX 30-series GPUs and NVIDIA<br \/>\n<strong>YOUR CREATIVE PLAY:\u00a0\u00a0<\/strong>Lleva tus proyectos creativos a un nuevo nivel con las GPU GeForce RTX serie\u00a030. Ofrece aceleraci\u00f3n por IA en las mejores aplicaciones creativas. Con el soporte de la plataforma NVIDIA Studio de controladores dedicados y herramientas exclusivas. Y creado para obtener resultados en un tiempo r\u00e9cord. Tanto si est\u00e1s renderizando escenas en 3D complejas, editando v\u00eddeo de 8K o retransmitiendo con la mejor codificaci\u00f3n y calidad de imagen, las GPU GeForce\u00a0RTX te ofrecen el rendimiento necesario para tus mejores creaciones.<\/p>\n<p><strong>G-SYNC:\u00a0<\/strong>Acquire targets faster, react faster and increase target accuracy with a revolutionary set of technologies to measure and optimise system latency for competitive gaming.<\/p>\n<p><strong>BECOME THE KING OF TRANSMISSIONS:\u00a0<\/strong>Acapara la atenci\u00f3n de todos gracias a unos gr\u00e1ficos incre\u00edbles y a una transmisi\u00f3n en directo fluida y sin cortes. La codificaci\u00f3n y la decodificaci\u00f3n de hardware de \u00faltima generaci\u00f3n se combinan para que presumas de tus mejores momentos con gran detalle. Y la nueva y completa aplicaci\u00f3n NVIDIA Broadcast te ofrece potentes capacidades de IA para mejorar la calidad de audio y v\u00eddeo con efectos como el fondo virtual, el fotograma autom\u00e1tico de la c\u00e1mara web y la eliminaci\u00f3n de ruido del micr\u00f3fono. As\u00ed, siempre podr\u00e1s dar lo mejor de ti a tu audiencia<\/p>\n<p><strong>NVIDIA AMPERE ARCHITECTURE:\u00a0<\/strong>The new NVIDIA Ampere architecture delivers the ultimate gaming experience, featuring advanced second-generation ray tracing cores and third-generation Tensor Cores with superior performance.<\/p>\n<p><strong>ACCELERATION BY IA OF DLSS:\u00a0<\/strong>NVIDIA DLSS is revolutionary AI rendering that boosts frame rates with uncompromising image quality using dedicated AI processing Tensor Cores in GeForce RTX. You'll have the performance headroom to set the settings and resolutions you need for an incredible visual experience. The AI revolution has arrived in gaming.<\/p>\n<p><strong>DIRECTX 12 ULTIMATE:\u00a0<\/strong>Developers can now add even more stunning graphical effects to PC (Microsoft Windows) games. GeForce RTX graphics cards feature advanced DX12 features such as ray tracing and variable rate shading, bringing games to life with highly realistic visual effects and faster frame rates.<\/p>\n<h2>Characteristics:<\/h2>\n<ul>\n<li>All-Metal Backplate, Pre-Installed<\/li>\n<li>Built for EVGA Precision X1<\/li>\n<li>2nd Gen Ray Tracing Cores<\/li>\n<li>3rd Gen Tensor Cores<\/li>\n<li>PCI Express\u00ae Gen 4<\/li>\n<li>Microsoft DirectX\u00ae 12 Ultimate<\/li>\n<li>GDDR6X Graphics Memory<\/li>\n<li>NVIDIA DLSS<\/li>\n<li>NVIDIA\u00ae GeForce Experience\u2122<\/li>\n<li>NVIDIA G-SYNC<\/li>\n<li>NVIDIA GPU Boost\u2122<\/li>\n<li>Game Ready Drivers<\/li>\n<li>Vulkan RT API, OpenGL 4.6<\/li>\n<li>DisplayPort 1.4a<\/li>\n<li>HDCP 2.3<\/li>\n<li>VR Ready<\/li>\n<li>EVGA iCX3 Cooling<\/li>\n<li>Adjustable ARGB LED<\/li>\n<li>Supports 4K 120Hz HDR, 8K 60Hz HDR and Variable Refresh Rate as specified in HDMI 2.1<\/li>\n<li>7th Gen NVIDIA Encoder<\/li>\n<li>5th Gen NVIDIA Decoder<\/li>\n<li>LHR 52 MH\/s ETH Hash Rate (est.)<\/li>\n<\/ul>\n<h2>Specifications:<\/h2>\n<ul>\n<li>NVIDIA RTX 3080 12GB<\/li>\n<li>8960 CUDA Cores<\/li>\n<li>1800 MHz Boost Clock<\/li>\n<li>Memory<\/li>\n<li>12288 MB, 384 bit GDDR6X<\/li>\n<li>19000 MHz (effective)<\/li>\n<li>912 GB\/s Memory Bandwidth<\/li>\n<li>Cooling<\/li>\n<li>iCX3 Technology<\/li>\n<li>LED Logo: ARGB<\/li>\n<li>Interface<\/li>\n<li>PCIe 4.0<\/li>\n<li>HDMI, DisplayPort, DisplayPort, DisplayPort, DisplayPort<\/li>\n<li>Dimensions<\/li>\n<li>Height: 5.38 in - 136.75mm<\/li>\n<li>Length: 11.81 in - 300mm<\/li>\n<li>Width: 2.75 Slots<\/li>\n<li>Operating System Support<\/li>\n<li>Windows 11<\/li>\n<li>Windows 10<\/li>\n<li>Windows 7<\/li>\n<li>Requirements<\/li>\n<li>Minimum of a 750 Watt power supply.<\/li>\n<li>Three available 8-pin or 6+2pin PCIe power dongles<\/li>\n<li>Total Power Draw : 350 Watts<\/li>\n<\/ul>\n<div class=\"ficha-producto-caracteristicas__compra\">\n<p class=\"text-muted hidden-sm-down m-b-0\">Buy EVGA GeForce GeForce RTX 3080 FTW3 ULTRA GAMING 12GB GDDR6X<img loading=\"lazy\" decoding=\"async\" class=\"alignnone size-medium wp-image-2655\" src=\"https:\/\/www.minandovoy.com\/wp-content\/uploads\/2023\/10\/i3491227396-225x300.webp\" alt=\"\" width=\"225\" height=\"300\" srcset=\"https:\/\/pruebas.michollo.to\/wp-content\/uploads\/2023\/10\/i3491227396-225x300.webp 225w, https:\/\/pruebas.michollo.to\/wp-content\/uploads\/2023\/10\/i3491227396-9x12.webp 9w, https:\/\/pruebas.michollo.to\/wp-content\/uploads\/2023\/10\/i3491227396-600x800.webp 600w, https:\/\/pruebas.michollo.to\/wp-content\/uploads\/2023\/10\/i3491227396-15x20.webp 15w, https:\/\/pruebas.michollo.to\/wp-content\/uploads\/2023\/10\/i3491227396-42x56.webp 42w, https:\/\/pruebas.michollo.to\/wp-content\/uploads\/2023\/10\/i3491227396-21x28.webp 21w, https:\/\/pruebas.michollo.to\/wp-content\/uploads\/2023\/10\/i3491227396-55x73.webp 55w, https:\/\/pruebas.michollo.to\/wp-content\/uploads\/2023\/10\/i3491227396-128x170.webp 128w, https:\/\/pruebas.michollo.to\/wp-content\/uploads\/2023\/10\/i3491227396-49x65.webp 49w, https:\/\/pruebas.michollo.to\/wp-content\/uploads\/2023\/10\/i3491227396-52x69.webp 52w, https:\/\/pruebas.michollo.to\/wp-content\/uploads\/2023\/10\/i3491227396-38x50.webp 38w, https:\/\/pruebas.michollo.to\/wp-content\/uploads\/2023\/10\/i3491227396-45x60.webp 45w, https:\/\/pruebas.michollo.to\/wp-content\/uploads\/2023\/10\/i3491227396-196x261.webp 196w, https:\/\/pruebas.michollo.to\/wp-content\/uploads\/2023\/10\/i3491227396-14x19.webp 14w, https:\/\/pruebas.michollo.to\/wp-content\/uploads\/2023\/10\/i3491227396-213x284.webp 213w, https:\/\/pruebas.michollo.to\/wp-content\/uploads\/2023\/10\/i3491227396-156x208.webp 156w, https:\/\/pruebas.michollo.to\/wp-content\/uploads\/2023\/10\/i3491227396.webp 640w\" sizes=\"auto, (max-width: 225px) 100vw, 225px\" data-no-translation=\"\" \/><\/p>\n<\/div>","protected":false},"excerpt":{"rendered":"<p>RTX.\u00a0 IT\u2019S ON.\u00a0Disfruta de los mayores \u00e9xitos de ventas de hoy como nunca antes con la fidelidad visual del trazado de rayos en tiempo real y el rendimiento definitivo de DLSS con tecnolog\u00eda de IA. LA VICTORIA SE MIDE EN MILISEGUNDOS:\u00a0NVIDIA\u00a0Reflex ofrece la m\u00e1xima ventaja competitiva. La latencia m\u00e1s baja. La mejor capacidad de respuesta. [&hellip;]<\/p>\n","protected":false},"featured_media":0,"comment_status":"open","ping_status":"closed","template":"","meta":[],"product_brand":[],"product_cat":[15],"product_tag":[],"class_list":{"0":"post-2652","1":"product","2":"type-product","3":"status-publish","5":"product_cat-sin-categorizar","7":"first","8":"instock","9":"sale","10":"taxable","11":"shipping-taxable","12":"purchasable","13":"product-type-simple"},"_links":{"self":[{"href":"https:\/\/pruebas.michollo.to\/en\/wp-json\/wp\/v2\/product\/2652","targetHints":{"allow":["GET"]}}],"collection":[{"href":"https:\/\/pruebas.michollo.to\/en\/wp-json\/wp\/v2\/product"}],"about":[{"href":"https:\/\/pruebas.michollo.to\/en\/wp-json\/wp\/v2\/types\/product"}],"replies":[{"embeddable":true,"href":"https:\/\/pruebas.michollo.to\/en\/wp-json\/wp\/v2\/comments?post=2652"}],"wp:attachment":[{"href":"https:\/\/pruebas.michollo.to\/en\/wp-json\/wp\/v2\/media?parent=2652"}],"wp:term":[{"taxonomy":"product_brand","embeddable":true,"href":"https:\/\/pruebas.michollo.to\/en\/wp-json\/wp\/v2\/product_brand?post=2652"},{"taxonomy":"product_cat","embeddable":true,"href":"https:\/\/pruebas.michollo.to\/en\/wp-json\/wp\/v2\/product_cat?post=2652"},{"taxonomy":"product_tag","embeddable":true,"href":"https:\/\/pruebas.michollo.to\/en\/wp-json\/wp\/v2\/product_tag?post=2652"}],"curies":[{"name":"wp","href":"https:\/\/api.w.org\/{rel}","templated":true}]}}