{"id":2661,"date":"2023-10-05T12:40:52","date_gmt":"2023-10-05T14:40:52","guid":{"rendered":"https:\/\/www.minandovoy.com\/?post_type=product&#038;p=2661"},"modified":"2025-05-09T14:47:10","modified_gmt":"2025-05-09T12:47:10","slug":"zotac-gaming-geforce-rtx-3080-ti-trinity-lhr-12gb-gddr6x","status":"publish","type":"product","link":"https:\/\/pruebas.michollo.to\/en\/product\/zotac-gaming-geforce-rtx-3080-ti-trinity-lhr-12gb-gddr6x\/","title":{"rendered":"Zotac Gaming GeForce RTX 3080 Ti Trinity LHR 12GB GDDR6X"},"content":{"rendered":"<p><strong>RTX.  IT'S ON.\u00a0<\/strong>Experience today's biggest blockbusters like never before with the visual fidelity of real-time ray tracing and the ultimate performance of DLSS with AI technology.<\/p>\n<p><strong>VICTORY IS MEASURED IN MILLISECONDS:\u00a0<\/strong>NVIDIA Reflex offers the ultimate competitive advantage. Lowest latency. The best responsiveness. With NVIDIA GeForce RTX 30-series GPUs and NVIDIA<br \/>\n<strong>YOUR CREATIVE PLAY:\u00a0\u00a0<\/strong>Lleva tus proyectos creativos a un nuevo nivel con las GPU GeForce RTX serie\u00a030. Ofrece aceleraci\u00f3n por IA en las mejores aplicaciones creativas. Con el soporte de la plataforma NVIDIA Studio de controladores dedicados y herramientas exclusivas. Y creado para obtener resultados en un tiempo r\u00e9cord. Tanto si est\u00e1s renderizando escenas en 3D complejas, editando v\u00eddeo de 8K o retransmitiendo con la mejor codificaci\u00f3n y calidad de imagen, las GPU GeForce\u00a0RTX te ofrecen el rendimiento necesario para tus mejores creaciones.<\/p>\n<p><strong>G-SYNC:\u00a0<\/strong>Acquire targets faster, react faster and increase target accuracy with a revolutionary set of technologies to measure and optimise system latency for competitive gaming.<\/p>\n<p><strong>BECOME THE KING OF TRANSMISSIONS:\u00a0<\/strong>Acapara la atenci\u00f3n de todos gracias a unos gr\u00e1ficos incre\u00edbles y a una transmisi\u00f3n en directo fluida y sin cortes. La codificaci\u00f3n y la decodificaci\u00f3n de hardware de \u00faltima generaci\u00f3n se combinan para que presumas de tus mejores momentos con gran detalle. Y la nueva y completa aplicaci\u00f3n NVIDIA Broadcast te ofrece potentes capacidades de IA para mejorar la calidad de audio y v\u00eddeo con efectos como el fondo virtual, el fotograma autom\u00e1tico de la c\u00e1mara web y la eliminaci\u00f3n de ruido del micr\u00f3fono. As\u00ed, siempre podr\u00e1s dar lo mejor de ti a tu audiencia<\/p>\n<p><strong>NVIDIA AMPERE ARCHITECTURE:\u00a0<\/strong>The new NVIDIA Ampere architecture delivers the ultimate gaming experience, featuring advanced second-generation ray tracing cores and third-generation Tensor Cores with superior performance.<\/p>\n<p><strong>ACCELERATION BY IA OF DLSS:\u00a0<\/strong>NVIDIA DLSS is revolutionary AI rendering that boosts frame rates with uncompromising image quality using dedicated AI processing Tensor Cores in GeForce RTX. You'll have the performance headroom to set the settings and resolutions you need for an incredible visual experience. The AI revolution has arrived in gaming.<\/p>\n<p><strong>DIRECTX 12 ULTIMATE:\u00a0<\/strong>Developers can now add even more stunning graphical effects to PC (Microsoft Windows) games. GeForce RTX graphics cards feature advanced DX12 features such as ray tracing and variable rate shading, bringing games to life with highly realistic visual effects and faster frame rates.<\/p>\n<p>Enjoy ultra-fast performance in the latest gaming titles and amplify your gaming experience with the\u00a0<strong>GeForce RTX\u2122 3080 Ti Trinity from ZOTAC GAMING<\/strong>. The delicate balance of cooling, acoustics and aesthetics of the ZOTAC GAMING graphics card delivers the ultimate gaming graphics fidelity.<\/p>","protected":false},"excerpt":{"rendered":"<p>RTX.\u00a0 IT\u2019S ON.\u00a0Disfruta de los mayores \u00e9xitos de ventas de hoy como nunca antes con la fidelidad visual del trazado de rayos en tiempo real y el rendimiento definitivo de DLSS con tecnolog\u00eda de IA. LA VICTORIA SE MIDE EN MILISEGUNDOS:\u00a0NVIDIA\u00a0Reflex ofrece la m\u00e1xima ventaja competitiva. La latencia m\u00e1s baja. La mejor capacidad de respuesta. [&hellip;]<\/p>\n","protected":false},"featured_media":0,"comment_status":"open","ping_status":"closed","template":"","meta":[],"product_brand":[],"product_cat":[15],"product_tag":[],"class_list":{"0":"post-2661","1":"product","2":"type-product","3":"status-publish","5":"product_cat-sin-categorizar","7":"first","8":"instock","9":"sale","10":"taxable","11":"shipping-taxable","12":"purchasable","13":"product-type-simple"},"_links":{"self":[{"href":"https:\/\/pruebas.michollo.to\/en\/wp-json\/wp\/v2\/product\/2661","targetHints":{"allow":["GET"]}}],"collection":[{"href":"https:\/\/pruebas.michollo.to\/en\/wp-json\/wp\/v2\/product"}],"about":[{"href":"https:\/\/pruebas.michollo.to\/en\/wp-json\/wp\/v2\/types\/product"}],"replies":[{"embeddable":true,"href":"https:\/\/pruebas.michollo.to\/en\/wp-json\/wp\/v2\/comments?post=2661"}],"wp:attachment":[{"href":"https:\/\/pruebas.michollo.to\/en\/wp-json\/wp\/v2\/media?parent=2661"}],"wp:term":[{"taxonomy":"product_brand","embeddable":true,"href":"https:\/\/pruebas.michollo.to\/en\/wp-json\/wp\/v2\/product_brand?post=2661"},{"taxonomy":"product_cat","embeddable":true,"href":"https:\/\/pruebas.michollo.to\/en\/wp-json\/wp\/v2\/product_cat?post=2661"},{"taxonomy":"product_tag","embeddable":true,"href":"https:\/\/pruebas.michollo.to\/en\/wp-json\/wp\/v2\/product_tag?post=2661"}],"curies":[{"name":"wp","href":"https:\/\/api.w.org\/{rel}","templated":true}]}}