{"id":2666,"date":"2023-10-05T12:45:10","date_gmt":"2023-10-05T14:45:10","guid":{"rendered":"https:\/\/www.minandovoy.com\/?post_type=product&#038;p=2666"},"modified":"2025-05-09T14:47:10","modified_gmt":"2025-05-09T12:47:10","slug":"zotac-gaming-geforce-rtx-3080-trinity-lhr-10gb-gdd","status":"publish","type":"product","link":"https:\/\/pruebas.michollo.to\/en\/product\/zotac-gaming-geforce-rtx-3080-trinity-lhr-10gb-gdd\/","title":{"rendered":"Zotac Gaming GeForce RTX 3080 Trinity LHR 10GB GDD"},"content":{"rendered":"<p><strong>RTX.  IT'S ON.\u00a0<\/strong>Experience today's biggest blockbusters like never before with the visual fidelity of real-time ray tracing and the ultimate performance of DLSS with AI technology.<\/p>\n<p><strong>VICTORY IS MEASURED IN MILLISECONDS:\u00a0<\/strong>NVIDIA Reflex offers the ultimate competitive advantage. Lowest latency. The best responsiveness. With NVIDIA GeForce RTX 30-series GPUs and NVIDIA<br \/>\n<strong>YOUR CREATIVE PLAY:\u00a0\u00a0<\/strong>Lleva tus proyectos creativos a un nuevo nivel con las GPU GeForce RTX serie\u00a030. Ofrece aceleraci\u00f3n por IA en las mejores aplicaciones creativas. Con el soporte de la plataforma NVIDIA Studio de controladores dedicados y herramientas exclusivas. Y creado para obtener resultados en un tiempo r\u00e9cord. Tanto si est\u00e1s renderizando escenas en 3D complejas, editando v\u00eddeo de 8K o retransmitiendo con la mejor codificaci\u00f3n y calidad de imagen, las GPU GeForce\u00a0RTX te ofrecen el rendimiento necesario para tus mejores creaciones.<\/p>\n<p><strong>G-SYNC:\u00a0<\/strong>Acquire targets faster, react faster and increase target accuracy with a revolutionary set of technologies to measure and optimise system latency for competitive gaming.<\/p>\n<p><strong>BECOME THE KING OF TRANSMISSIONS:\u00a0<\/strong>Acapara la atenci\u00f3n de todos gracias a unos gr\u00e1ficos incre\u00edbles y a una transmisi\u00f3n en directo fluida y sin cortes. La codificaci\u00f3n y la decodificaci\u00f3n de hardware de \u00faltima generaci\u00f3n se combinan para que presumas de tus mejores momentos con gran detalle. Y la nueva y completa aplicaci\u00f3n NVIDIA Broadcast te ofrece potentes capacidades de IA para mejorar la calidad de audio y v\u00eddeo con efectos como el fondo virtual, el fotograma autom\u00e1tico de la c\u00e1mara web y la eliminaci\u00f3n de ruido del micr\u00f3fono. As\u00ed, siempre podr\u00e1s dar lo mejor de ti a tu audiencia<\/p>\n<p><strong>NVIDIA AMPERE ARCHITECTURE:\u00a0<\/strong>The new NVIDIA Ampere architecture delivers the ultimate gaming experience, featuring advanced second-generation ray tracing cores and third-generation Tensor Cores with superior performance.<\/p>\n<p><strong>ACCELERATION BY IA OF DLSS:\u00a0<\/strong>NVIDIA DLSS is revolutionary AI rendering that boosts frame rates with uncompromising image quality using dedicated AI processing Tensor Cores in GeForce RTX. You'll have the performance headroom to set the settings and resolutions you need for an incredible visual experience. The AI revolution has arrived in gaming.<\/p>\n<p><strong>DIRECTX 12 ULTIMATE:\u00a0<\/strong>Developers can now add even more stunning graphical effects to PC (Microsoft Windows) games. GeForce RTX graphics cards feature advanced DX12 features such as ray tracing and variable rate shading, bringing games to life with highly realistic visual effects and faster frame rates.<\/p>\n<p>Get amped up with the ZOTAC GAMING GeForce RTX\u2122 30 series based on the NVIDIA Ampere architecture. Built with improved RT Cores and Tensor Cores, new streaming multiprocessors, and ultra-fast GDDR6X memory, the\u00a0<strong>ZOTAC GAMING GeForce RTX 3080 Trinity LHR<\/strong>\u00a0results in amplified games with ultra-fidelity graphics.<\/p>\n<h2>Characteristics:<\/h2>\n<ul>\n<li>Second generation ray tracing cores<\/li>\n<li>Third generation tensor cores<\/li>\n<li>SPECTRA 2.0 RGB Lighting<\/li>\n<li>IceStorm 2.0 advanced cooling<\/li>\n<li>Active fan control with fan stop FREEZE<\/li>\n<li>Metal faceplate and RGB LED backplate<\/li>\n<li>FireStorm Utility<\/li>\n<li>Ready for virtual reality<\/li>\n<li>LHR hash rate 43 MH \/ s ETH (est.)<\/li>\n<\/ul>\n<h2>Specifications:<\/h2>\n<ul>\n<li><strong>Processor<\/strong>\n<ul>\n<li>CUDA: Yes<\/li>\n<li>CUDA cores: 8704<\/li>\n<li>Graphics processor family: NVIDIA<\/li>\n<li>Graphics processor: GeForce RTX 3080<\/li>\n<li>Processor clock speed increase: 1710 MHz<\/li>\n<li>Maximum resolution: 7680 x 4320 Pixels<\/li>\n<li>Parallel processing support: Not supported<\/li>\n<li>Maximum displays per video card: 4<\/li>\n<\/ul>\n<\/li>\n<\/ul>\n<ul>\n<li><strong>Memory<\/strong>\n<ul>\n<li>Graphics adapter memory capacity: 10 GB<\/li>\n<li>Graphics adapter memory type: GDDR6X<\/li>\n<li>Data width: 320 bit<\/li>\n<li>Data transfer rate: 19 Gbit\/s<\/li>\n<\/ul>\n<\/li>\n<\/ul>\n<ul>\n<li><strong>Ports and Interfaces<\/strong>\n<ul>\n<li>Interface type: PCI Express x16 4.0<\/li>\n<li>Number of HDMI ports: 1<\/li>\n<li>HDMI version: 2.1<\/li>\n<li>Number of DisplayPorts: 3<\/li>\n<li>DisplayPort version: 1.4a<\/li>\n<\/ul>\n<\/li>\n<\/ul>\n<ul>\n<li><strong>Performance<\/strong>\n<ul>\n<li>Integrated TV tuner: No<\/li>\n<li>DirectX version: 1?2 Ultimate<\/li>\n<li>OpenGL version: 4.6<\/li>\n<li>Virtual Reality (VR) ready: Yes<\/li>\n<li>HDCP: Yes<\/li>\n<li>Dual Link DVI: No<\/li>\n<li>NVIDIA G-SYNC: Yes<\/li>\n<\/ul>\n<\/li>\n<\/ul>\n<ul>\n<li><strong>Design<\/strong>\n<ul>\n<li>Cooling type: Active<\/li>\n<li>Cooling technology: Zotac IceStorm 2.0<\/li>\n<li>Number of fans: 3 Fan(s)<\/li>\n<li>Form factor: Full-Height\/Full-Length (FH\/FL)<\/li>\n<li>Stand height: Full-Height (FH)<\/li>\n<li>Number of slots: 2.5<\/li>\n<li>Lighting: Yes<\/li>\n<li>Colour lighting: Multi<\/li>\n<li>Colour of product: Black<\/li>\n<\/ul>\n<\/li>\n<\/ul>\n<ul>\n<li><strong>Energy control<\/strong>\n<ul>\n<li>Power supply to the system minimum: 750 W<\/li>\n<li>Power consumption: 320 W<\/li>\n<li>Supplementary power connectors: 2x 8-pin<\/li>\n<\/ul>\n<\/li>\n<\/ul>\n<ul>\n<li><strong>System requirements<\/strong>\n<ul>\n<li>Supported Windows operating system: Windows 10 x64<\/li>\n<\/ul>\n<\/li>\n<\/ul>\n<ul>\n<li><strong>Weight and dimensions<\/strong>\n<ul>\n<li>Depth: 317.8 mm<\/li>\n<li>Height: 120.7 mm<\/li>\n<li>Width: 58 mm<\/li>\n<\/ul>\n<\/li>\n<\/ul>\n<ul>\n<li><strong>Packaging<\/strong>\n<ul>\n<li>User manual: Yes<\/li>\n<li>Package width: 282 mm<\/li>\n<li>Package depth: 99 mm<\/li>\n<li>Package height: 424 mm<\/li>\n<li>Type of packaging: Box<\/li>\n<\/ul>\n<\/li>\n<\/ul>","protected":false},"excerpt":{"rendered":"<p>RTX.\u00a0 IT\u2019S ON.\u00a0Disfruta de los mayores \u00e9xitos de ventas de hoy como nunca antes con la fidelidad visual del trazado de rayos en tiempo real y el rendimiento definitivo de DLSS con tecnolog\u00eda de IA. LA VICTORIA SE MIDE EN MILISEGUNDOS:\u00a0NVIDIA\u00a0Reflex ofrece la m\u00e1xima ventaja competitiva. La latencia m\u00e1s baja. La mejor capacidad de respuesta. [&hellip;]<\/p>\n","protected":false},"featured_media":2665,"comment_status":"open","ping_status":"closed","template":"","meta":[],"product_brand":[],"product_cat":[15],"product_tag":[],"class_list":{"0":"post-2666","1":"product","2":"type-product","3":"status-publish","4":"has-post-thumbnail","6":"product_cat-sin-categorizar","8":"first","9":"instock","10":"sale","11":"taxable","12":"shipping-taxable","13":"purchasable","14":"product-type-simple"},"_links":{"self":[{"href":"https:\/\/pruebas.michollo.to\/en\/wp-json\/wp\/v2\/product\/2666","targetHints":{"allow":["GET"]}}],"collection":[{"href":"https:\/\/pruebas.michollo.to\/en\/wp-json\/wp\/v2\/product"}],"about":[{"href":"https:\/\/pruebas.michollo.to\/en\/wp-json\/wp\/v2\/types\/product"}],"replies":[{"embeddable":true,"href":"https:\/\/pruebas.michollo.to\/en\/wp-json\/wp\/v2\/comments?post=2666"}],"wp:featuredmedia":[{"embeddable":true,"href":"https:\/\/pruebas.michollo.to\/en\/wp-json\/wp\/v2\/media\/2665"}],"wp:attachment":[{"href":"https:\/\/pruebas.michollo.to\/en\/wp-json\/wp\/v2\/media?parent=2666"}],"wp:term":[{"taxonomy":"product_brand","embeddable":true,"href":"https:\/\/pruebas.michollo.to\/en\/wp-json\/wp\/v2\/product_brand?post=2666"},{"taxonomy":"product_cat","embeddable":true,"href":"https:\/\/pruebas.michollo.to\/en\/wp-json\/wp\/v2\/product_cat?post=2666"},{"taxonomy":"product_tag","embeddable":true,"href":"https:\/\/pruebas.michollo.to\/en\/wp-json\/wp\/v2\/product_tag?post=2666"}],"curies":[{"name":"wp","href":"https:\/\/api.w.org\/{rel}","templated":true}]}}