{"id":2795,"date":"2023-11-03T14:45:00","date_gmt":"2023-11-03T16:45:00","guid":{"rendered":"https:\/\/www.minandovoy.com\/?post_type=product&#038;p=2795"},"modified":"2025-09-01T16:10:08","modified_gmt":"2025-09-01T14:10:08","slug":"antminer-s19","status":"publish","type":"product","link":"https:\/\/pruebas.michollo.to\/en\/product\/antminer-s19-86-95t\/","title":{"rendered":"ANTMINER S19"},"content":{"rendered":"<h3>ANTMINER S19 PRO<\/h3>\n<p>This model, Antminer S19 PRO (82T) was created by Bitmain in 2020 and is still in production due to its great reception in the market.<\/p>\n<p>The Antminer S19 PRO , with a mining power of 82Th and a power consumption of 2829w\/h, is geared towards mining of <a href=\"https:\/\/www.minandovoy.com\/categoria\/mineros\/?algoritmos=sha-256\">BITCOIN (SHA-256)<\/a><\/p>\n<div class=\"asicminer-widget-container\" style=\"width: 100%; min-height: 300px;\">\n            <iframe id=\"asicminer-widget-3021\" \n                    src=\"https:\/\/pruebas.michollo.to\/wp-content\/themes\/minandovoy\/proxy-widget.php?miner=bitmain\/antminer-s19-95th&#038;type=profit&#038;theme=dark\" \n                    width=\"100%\" \n                    height=\"300\" \n                    frameborder=\"0\"\n                    loading=\"lazy\"\n                    style=\"border: none; overflow: hidden;\"\n                    title=\"ASIC Miner Widget\">\n            <\/iframe>\n        <\/div>\n<h3><b>What is Bitmain?<\/b><\/h3>\n<p><em>Bitmain<\/em>\u00a0is a company based in Beijing, China. It is considered one of the most important companies in the cryptocurrency industry for producing high-quality mining hardware with enormous mining capabilities and for its technological advances. It is the world's largest designer of cryptocurrency mining equipment.\u00a0<em>ASIC<\/em>\u00a0for mining\u00a0<em>Bitcoin<\/em>.<\/p>\n<p>Bitmain is mostly known for its Bitcoin hardware, although it is interested in projects that bring solidity to its business, such as Ethereum\/Ethereum Classic.<\/p>\n<p>In April 2021, the large manufacturer announced the launch of an Ethreum mining machine, Antminer E9. This real beast has the equivalent power of 25 Nvidia RTX 3080 GPUs.<\/p>\n<p>&nbsp;<\/p>\n<h3><strong>A BIT ABOUT BITCOIN<\/strong><\/h3>\n<p>It is the first cryptocurrency to be developed and, therefore, the one that has paved the way for all the others that came later using its blockchain technology.<\/p>\n<p>There is an amount of Bitcoins that are issued each year and this amount is determined by their algorithm, every 4 years their production is reduced by two, so that only a total of 21 million Bitcoins are issued.<\/p>\n<p>The big difference with conventional currencies is that the banks change the value. This means that the cryptocurrency, in this case Bitcoin, can offer more stability while conventional currencies depreciate in value.<\/p>\n<p>Today, cryptocurrencies are used as a method of payment on many platforms, the currency of exchange in most cases is Bitcoin, as they are secure and private.<\/p>\n<p>&nbsp;<\/p>\n<p>Garant\u00eda total de 1 a\u00f1o.Protege tanto piezas como mano de obra y te da acceso a nuestro soporte t\u00e9cnico especializado. Ante cualquier incidencia, solo tienes que abrir un ticket en tu \u00e1rea de cliente: nos ocupamos de la reparaci\u00f3n o sustituci\u00f3n sin coste a\u00f1adido.<\/p>\n<p>&nbsp;<\/p>\n<h3><strong>MAIN ADVANTAGES OF <a href=\"https:\/\/coinmarketcap.com\/es\/currencies\/bitcoin\/\">BITCOIN<\/a><\/strong><\/h3>\n<ol>\n<li>Speed: Send money to yourself, regardless of the amount and destination, in a matter of minutes.<\/li>\n<li>Inexpensive: When making a transfer through your bank it can cost you a lot of money, through Bitcoin the cost is free or just a few cents.<\/li>\n<li>Global: You can send anywhere in the world, it has no borders.<\/li>\n<li>Decentralised: No government\/bank can control it, neither in its creation nor in its distribution.<\/li>\n<li>Ownership: The money belongs to you 100%, it cannot be tapped by anyone, you are your own bank.<\/li>\n<li>Transparent:  All transactions are public, but always under pseudonyms.<\/li>\n<li>Limited issuance: No one can generate thousands of Bitcoins just because they feel like it, they appear thanks to mining.<\/li>\n<li>Private: Bitcoin tries to preserve privacy, to a very high degree, although it is not completely anonymous and works to be so.<\/li>\n<\/ol>\n<p>&nbsp;<\/p>","protected":false},"excerpt":{"rendered":"<p>ANTMINER S19 PRO Este modelo, Antminer S19 PRO (82T) fue creado por Bitmain en el a\u00f1o 2020 y todav\u00eda sigue en producci\u00f3n debido a su gran acogida en el mercado. El Antminer S19 PRO , tiene una potencia de minado de 82Th y un consumo el\u00e9ctrico de 2829w\/h est\u00e1 orientada a la miner\u00eda de BITCOIN [&hellip;]<\/p>\n","protected":false},"featured_media":464,"comment_status":"open","ping_status":"closed","template":"","meta":[],"product_brand":[],"product_cat":[19],"product_tag":[244,138,137],"class_list":{"0":"post-2795","1":"product","2":"type-product","3":"status-publish","4":"has-post-thumbnail","6":"product_cat-mineros","7":"product_tag-gme","8":"product_tag-mineros-para-avanzados","9":"product_tag-mineros-para-principiantes","11":"first","12":"outofstock","13":"featured","14":"taxable","15":"shipping-taxable","16":"purchasable","17":"product-type-variable","18":"has-default-attributes"},"_links":{"self":[{"href":"https:\/\/pruebas.michollo.to\/en\/wp-json\/wp\/v2\/product\/2795","targetHints":{"allow":["GET"]}}],"collection":[{"href":"https:\/\/pruebas.michollo.to\/en\/wp-json\/wp\/v2\/product"}],"about":[{"href":"https:\/\/pruebas.michollo.to\/en\/wp-json\/wp\/v2\/types\/product"}],"replies":[{"embeddable":true,"href":"https:\/\/pruebas.michollo.to\/en\/wp-json\/wp\/v2\/comments?post=2795"}],"wp:featuredmedia":[{"embeddable":true,"href":"https:\/\/pruebas.michollo.to\/en\/wp-json\/wp\/v2\/media\/464"}],"wp:attachment":[{"href":"https:\/\/pruebas.michollo.to\/en\/wp-json\/wp\/v2\/media?parent=2795"}],"wp:term":[{"taxonomy":"product_brand","embeddable":true,"href":"https:\/\/pruebas.michollo.to\/en\/wp-json\/wp\/v2\/product_brand?post=2795"},{"taxonomy":"product_cat","embeddable":true,"href":"https:\/\/pruebas.michollo.to\/en\/wp-json\/wp\/v2\/product_cat?post=2795"},{"taxonomy":"product_tag","embeddable":true,"href":"https:\/\/pruebas.michollo.to\/en\/wp-json\/wp\/v2\/product_tag?post=2795"}],"curies":[{"name":"wp","href":"https:\/\/api.w.org\/{rel}","templated":true}]}}