{"id":2925,"date":"2023-11-29T12:53:29","date_gmt":"2023-11-29T14:53:29","guid":{"rendered":"https:\/\/www.minandovoy.com\/?post_type=product&#038;p=2925"},"modified":"2025-05-09T14:47:08","modified_gmt":"2025-05-09T12:47:08","slug":"futurebit-apollo-btc-miner-nvme-de-1-tb-fuente-de-alimentacion-de-200-w","status":"publish","type":"product","link":"https:\/\/pruebas.michollo.to\/en\/product\/futurebit-apollo-btc-miner-nvme-1-tb-200w-power-supply\/","title":{"rendered":"FutureBit Apollo BTC Miner NVME 1 TB + 200W power supply"},"content":{"rendered":"<div id=\"productDescription_feature_div\" class=\"celwidget\" data-feature-name=\"productDescription\" data-csa-c-type=\"widget\" data-csa-c-content-id=\"productDescription\" data-csa-c-slot-id=\"productDescription_feature_div\" data-csa-c-asin=\"\" data-csa-c-is-in-initial-active-row=\"false\" data-csa-c-id=\"301oc7-ufwqa3-t8i3fn-w7clwj\" data-cel-widget=\"productDescription_feature_div\">\n<div>\n<div id=\"productDescription_feature_div\" class=\"a-row feature\" data-feature-name=\"productDescription\" data-template-name=\"productDescription\" data-cel-widget=\"productDescription_feature_div\">\n<div id=\"productDescription\" class=\"a-section a-spacing-small\">\n<p>We present the <strong>six FutureBit Apollo BTC CPU cores.<\/strong> 44 ASIC cores.<\/p>\n<p>1TB NVMe-based SSD. Quiet. Less than 200 watts of power. Made in the USA.<\/p>\n<p>This is what the future of Bitcoin looks like. <strong>FutureBit Apollo BTC<\/strong> is the world's first vertically integrated platform that brings the full power of Bitcoin and its mining infrastructure into a small, quiet and easy-to-use desktop device designed for everyday people.<\/p>\n<p>We iterated and learned a lot from our first Apollo product. We realised early on that we focused too much on the mining aspect, and not enough on the software, applications and services that run Bitcoin.<\/p>\n<p>Too many of these services have moved to centralised online websites, and many users have given up running the core software that powers Bitcoin. This must change, as Bitcoin will not remain the free, uncensorable, decentralised system it is today if only a few control the mining that powers it, and the nodes that control it.<\/p>\n<p>En el coraz\u00f3n del nuevo producto Apollo BTC hay un SBC renovado (computadora de una sola placa), que es tan potente como cualquier sistema de escritorio de grado de consumo y puede ejecutar casi cualquier aplicaci\u00f3n Bitcoin de forma nativa en el dispositivo 24\/7. S\u00e1calo de la caja, con\u00e9ctalo, enci\u00e9ndelo y ya est\u00e1s ejecutando un nodo Bitcoin completo sin necesidad de hacer nada. Instala una cartera de tu elecci\u00f3n, utiliza cualquier cartera de hardware, ejecuta BTCPayServer, ejecuta un explorador de bloques, ejecuta un nodo Lightning.<\/p>\n<p>All this is possible with our six-core ARM-based CPU with 4GB of RAM, and a 1TB NVMe drive that can easily store an entire Bitcoin node without pruning.<\/p>\n<p>It can power through a full node sync in less than 48 hours, which is a record for a device of its class. This is almost an order of magnitude faster than any Raspberry Pi 4-based node.<\/p>\n<\/div>\n<\/div>\n<\/div>\n<\/div>\n<div id=\"aplus_feature_div\" class=\"celwidget\" data-feature-name=\"aplus\" data-csa-c-type=\"widget\" data-csa-c-content-id=\"aplus\" data-csa-c-slot-id=\"aplus_feature_div\" data-csa-c-asin=\"\" data-csa-c-is-in-initial-active-row=\"false\" data-csa-c-id=\"269kgc-k3i453-bjxpo5-ksd19n\" data-cel-widget=\"aplus_feature_div\"><\/div>\n<div id=\"aplusBrandStory_feature_div\" class=\"celwidget\" data-feature-name=\"aplusBrandStory\" data-csa-c-type=\"widget\" data-csa-c-content-id=\"aplusBrandStory\" data-csa-c-slot-id=\"aplusBrandStory_feature_div\" data-csa-c-asin=\"\" data-csa-c-is-in-initial-active-row=\"false\" data-csa-c-id=\"48rwt5-qcnl12-vi10ap-gman6e\" data-cel-widget=\"aplusBrandStory_feature_div\"><\/div>\n<div id=\"aplusSustainabilityStory_feature_div\" class=\"celwidget\" data-feature-name=\"aplusSustainabilityStory\" data-csa-c-type=\"widget\" data-csa-c-content-id=\"aplusSustainabilityStory\" data-csa-c-slot-id=\"aplusSustainabilityStory_feature_div\" data-csa-c-asin=\"\" data-csa-c-is-in-initial-active-row=\"false\" data-csa-c-id=\"xath24-quwf56-9wtc36-kqcyjy\" data-cel-widget=\"aplusSustainabilityStory_feature_div\"><\/div>\n<div id=\"HLCXComparisonWidget_Secondary_wdgs_feature_div\" class=\"celwidget\" data-feature-name=\"HLCXComparisonWidget_Secondary_wdgs\" data-csa-c-type=\"widget\" data-csa-c-content-id=\"HLCXComparisonWidget_Secondary_wdgs\" data-csa-c-slot-id=\"HLCXComparisonWidget_Secondary_wdgs_feature_div\" data-csa-c-asin=\"\" data-csa-c-is-in-initial-active-row=\"false\" data-csa-c-id=\"7y0agd-wh1flx-p8memw-dh0l6o\" data-cel-widget=\"HLCXComparisonWidget_Secondary_wdgs_feature_div\"><\/div>\n<div id=\"importantInformation_feature_div\" class=\"celwidget\" data-feature-name=\"importantInformation\" data-csa-c-type=\"widget\" data-csa-c-content-id=\"importantInformation\" data-csa-c-slot-id=\"importantInformation_feature_div\" data-csa-c-asin=\"\" data-csa-c-is-in-initial-active-row=\"false\" data-csa-c-id=\"ggbbkt-b9043f-c6br0x-j0xdx\" data-cel-widget=\"importantInformation_feature_div\">\n<div class=\"a-divider a-divider-section\"><\/div>\n<\/div>","protected":false},"excerpt":{"rendered":"<p>Presentamos los seis n\u00facleos de CPU FutureBit Apollo BTC. 44 n\u00facleos ASIC. Unidad SSD basada en NVMe de 1 TB. Silencioso. Menos de 200 vatios de potencia. Fabricado en los Estados Unidos. As\u00ed es como se ve el futuro de Bitcoin. FutureBit Apollo BTC es la primera plataforma integrada verticalmente del mundo que trae toda [&hellip;]<\/p>\n","protected":false},"featured_media":2929,"comment_status":"open","ping_status":"closed","template":"","meta":[],"product_brand":[],"product_cat":[15],"product_tag":[],"class_list":{"0":"post-2925","1":"product","2":"type-product","3":"status-publish","4":"has-post-thumbnail","6":"product_cat-sin-categorizar","8":"first","9":"outofstock","10":"taxable","11":"shipping-taxable","12":"purchasable","13":"product-type-simple"},"_links":{"self":[{"href":"https:\/\/pruebas.michollo.to\/en\/wp-json\/wp\/v2\/product\/2925","targetHints":{"allow":["GET"]}}],"collection":[{"href":"https:\/\/pruebas.michollo.to\/en\/wp-json\/wp\/v2\/product"}],"about":[{"href":"https:\/\/pruebas.michollo.to\/en\/wp-json\/wp\/v2\/types\/product"}],"replies":[{"embeddable":true,"href":"https:\/\/pruebas.michollo.to\/en\/wp-json\/wp\/v2\/comments?post=2925"}],"wp:featuredmedia":[{"embeddable":true,"href":"https:\/\/pruebas.michollo.to\/en\/wp-json\/wp\/v2\/media\/2929"}],"wp:attachment":[{"href":"https:\/\/pruebas.michollo.to\/en\/wp-json\/wp\/v2\/media?parent=2925"}],"wp:term":[{"taxonomy":"product_brand","embeddable":true,"href":"https:\/\/pruebas.michollo.to\/en\/wp-json\/wp\/v2\/product_brand?post=2925"},{"taxonomy":"product_cat","embeddable":true,"href":"https:\/\/pruebas.michollo.to\/en\/wp-json\/wp\/v2\/product_cat?post=2925"},{"taxonomy":"product_tag","embeddable":true,"href":"https:\/\/pruebas.michollo.to\/en\/wp-json\/wp\/v2\/product_tag?post=2925"}],"curies":[{"name":"wp","href":"https:\/\/api.w.org\/{rel}","templated":true}]}}