{"id":2994,"date":"2023-12-05T14:20:59","date_gmt":"2023-12-05T16:20:59","guid":{"rendered":"https:\/\/www.minandovoy.com\/?post_type=product&#038;p=2994"},"modified":"2025-05-09T14:47:07","modified_gmt":"2025-05-09T12:47:07","slug":"sistema-de-refrigeracion-liquida-para-mineria-en-casa-de-8-kw-asic-con-enfriamiento-por-agua","status":"publish","type":"product","link":"https:\/\/pruebas.michollo.to\/en\/product\/8-kw-asic-water-cooled-liquid-cooling-system-for-in-house-mining\/","title":{"rendered":"8 KW ASIC water-cooled liquid cooling system for in-house mining."},"content":{"rendered":"<p>Water-cooled radiator The simplest and most convenient water-cooled overclocking system for mining machines and can also use mineral heat to heat the house.<\/p>\n<p>Features Compatible with all water-cooled miners For domestic use (65 dB) and nice appearance Double ball cooling (can work around 8 W\/H) and long service life with super high discharge volume, high power solution for cooling Powerful water pump and systematic quality control S-shaped water channel design with multiple channels and 36 water circulation channels for faster heat dissipation.<\/p>\n<p>&nbsp;<\/p>\n<p>&nbsp;<\/p>\n<p>Used on hydro mining machines of the s19 range and above.<\/p>","protected":false},"excerpt":{"rendered":"<p>Radiador de refrigeraci\u00f3n por agua El sistema de overclocking enfriado por agua m\u00e1s simple y conveniente para m\u00e1quinas de miner\u00eda y tambi\u00e9n puede utilizar el calor mineral para calentar la casa. Caracter\u00edsticas Compatible con todos los mineros enfriados por agua Para uso dom\u00e9stico (65 dB) y apariencia agradable Doble enfriamiento de bola (puede funcionar alrededor [&hellip;]<\/p>\n","protected":false},"featured_media":2995,"comment_status":"open","ping_status":"closed","template":"","meta":[],"product_brand":[],"product_cat":[15],"product_tag":[],"class_list":{"0":"post-2994","1":"product","2":"type-product","3":"status-publish","4":"has-post-thumbnail","6":"product_cat-sin-categorizar","8":"first","9":"instock","10":"taxable","11":"shipping-taxable","12":"purchasable","13":"product-type-simple"},"_links":{"self":[{"href":"https:\/\/pruebas.michollo.to\/en\/wp-json\/wp\/v2\/product\/2994","targetHints":{"allow":["GET"]}}],"collection":[{"href":"https:\/\/pruebas.michollo.to\/en\/wp-json\/wp\/v2\/product"}],"about":[{"href":"https:\/\/pruebas.michollo.to\/en\/wp-json\/wp\/v2\/types\/product"}],"replies":[{"embeddable":true,"href":"https:\/\/pruebas.michollo.to\/en\/wp-json\/wp\/v2\/comments?post=2994"}],"wp:featuredmedia":[{"embeddable":true,"href":"https:\/\/pruebas.michollo.to\/en\/wp-json\/wp\/v2\/media\/2995"}],"wp:attachment":[{"href":"https:\/\/pruebas.michollo.to\/en\/wp-json\/wp\/v2\/media?parent=2994"}],"wp:term":[{"taxonomy":"product_brand","embeddable":true,"href":"https:\/\/pruebas.michollo.to\/en\/wp-json\/wp\/v2\/product_brand?post=2994"},{"taxonomy":"product_cat","embeddable":true,"href":"https:\/\/pruebas.michollo.to\/en\/wp-json\/wp\/v2\/product_cat?post=2994"},{"taxonomy":"product_tag","embeddable":true,"href":"https:\/\/pruebas.michollo.to\/en\/wp-json\/wp\/v2\/product_tag?post=2994"}],"curies":[{"name":"wp","href":"https:\/\/api.w.org\/{rel}","templated":true}]}}