{"id":322,"date":"2022-10-16T04:25:44","date_gmt":"2022-10-16T06:25:44","guid":{"rendered":"https:\/\/pruebas.michollo.to\/producto\/monedero-de-bitcoin-wallet-fria\/"},"modified":"2025-05-09T14:47:32","modified_gmt":"2025-05-09T12:47:32","slug":"monedero-de-bitcoin-wallet-fria","status":"publish","type":"product","link":"https:\/\/pruebas.michollo.to\/en\/product\/bitcoin-wallet-fria-wallet-2\/","title":{"rendered":"Bitcoin Wallet (Cold Wallet)"},"content":{"rendered":"<p data-mce-fragment=\"1\">The plaque<span data-mce-fragment=\"1\">\u00a0<\/span><strong data-mce-fragment=\"1\">Bitcoin Material<\/strong><span data-mce-fragment=\"1\">\u00a0<\/span>no mobile applications, no electronic circuitry, no battery, no<span data-mce-fragment=\"1\">\u00a0<\/span><strong data-mce-fragment=\"1\">internal chips<\/strong>&#8230;<\/p>\n<p data-mce-fragment=\"1\"><strong data-mce-fragment=\"1\">You don't depend on anyone or anything<\/strong><span data-mce-fragment=\"1\">\u00a0<\/span>to use your Material Bitcoin wallet.<\/p>\n<p data-mce-fragment=\"1\"><img decoding=\"async\" style=\"margin-left: auto; margin-right: auto;\" src=\"https:\/\/cdn.shopify.com\/s\/files\/1\/0531\/4877\/8652\/files\/IMG_1339_480x480.gif?v=1654012811\" alt=\"\" data-no-translation=\"\" \/><\/p>\n<div class=\"et_pb_module et_pb_text et_pb_text_31 et_pb_text_align_left et_pb_bg_layout_light\">\n<div class=\"et_pb_text_inner\">\n<h3><\/h3>\n<\/div>\n<\/div>\n<div class=\"et_pb_module et_pb_text et_pb_text_33 et_pb_text_align_left et_pb_bg_layout_light\">\n<div class=\"et_pb_text_inner\"><\/div>\n<\/div>\n<div class=\"et_pb_module et_pb_text et_pb_text_33 et_pb_text_align_left et_pb_bg_layout_light\"><\/div>\n<div class=\"et_pb_module et_pb_text et_pb_text_33 et_pb_text_align_left et_pb_bg_layout_light\">\n<div class=\"et_pb_module et_pb_text et_pb_text_48 et_pb_text_align_left et_pb_bg_layout_light\">\n<div class=\"et_pb_text_inner\">\n<h2>System\u00a0<strong>audited<\/strong><\/h2>\n<\/div>\n<\/div>\n<div class=\"et_pb_module et_pb_text et_pb_text_49 et_pb_text_align_left et_pb_bg_layout_light\">\n<div class=\"et_pb_text_inner\">\n<p>The private key is generated by a\u00a0<strong>engine\u00a0<\/strong>of key generation\u00a0<strong>open source<\/strong>\u00a0first-rate and\u00a0<strong>isolated<\/strong>\u00a0of the network.<\/p>\n<\/div>\n<\/div>\n<div class=\"et_pb_module et_pb_text et_pb_text_50 et_pb_text_align_left et_pb_bg_layout_light\">\n<div class=\"et_pb_text_inner\">\n<h2>No intervention\u00a0<strong>human<\/strong><\/h2>\n<\/div>\n<\/div>\n<div class=\"et_pb_module et_pb_text et_pb_text_51 et_pb_text_align_left et_pb_bg_layout_light\">\n<div class=\"et_pb_text_inner\">\n<p>The private key is generated and engraved on the steel plate by means of a\u00a0<strong>robotic process<\/strong>and, instantly,\u00a0<strong>is deleted<\/strong>\u00a0completely out of the system's memory.<\/p>\n<p><strong>We do not store<\/strong>\u00a0private keys.<\/p>\n<p>&nbsp;<\/p>\n<div class=\"et_pb_module et_pb_text et_pb_text_50 et_pb_text_align_left et_pb_bg_layout_light\">\n<div class=\"et_pb_text_inner\">\n<h2>Resistant to:<\/h2>\n<p>- Floods.<\/p>\n<p>- Fires (+900\u00baC)<\/p>\n<p>- Blows<\/p>\n<p>- Hackers<\/p>\n<\/div>\n<\/div>\n<\/div>\n<\/div>\n<\/div>","protected":false},"excerpt":{"rendered":"<p>La placa\u00a0Material Bitcoin\u00a0no necesita aplicaciones m\u00f3viles, ni lleva circuitos electr\u00f3nicos, ni bater\u00eda, ni\u00a0chips internos&#8230; No dependes de nadie ni nada\u00a0para utilizar tu monedero Material Bitcoin. Sistema\u00a0auditado La clave privada es generada mediante un\u00a0motor\u00a0de generaci\u00f3n de claves\u00a0open source\u00a0de primer nivel y\u00a0aislado\u00a0de la red. Sin intervenci\u00f3n\u00a0humana La clave privada se genera y se graba en la placa [&hellip;]<\/p>\n","protected":false},"featured_media":323,"comment_status":"open","ping_status":"closed","template":"","meta":[],"product_brand":[],"product_cat":[133],"product_tag":[52,244,138,137],"class_list":{"0":"post-322","1":"product","2":"type-product","3":"status-publish","4":"has-post-thumbnail","6":"product_cat-accesorios","7":"product_tag-asic","8":"product_tag-gme","9":"product_tag-mineros-para-avanzados","10":"product_tag-mineros-para-principiantes","12":"first","13":"instock","14":"taxable","15":"shipping-taxable","16":"purchasable","17":"product-type-simple"},"_links":{"self":[{"href":"https:\/\/pruebas.michollo.to\/en\/wp-json\/wp\/v2\/product\/322","targetHints":{"allow":["GET"]}}],"collection":[{"href":"https:\/\/pruebas.michollo.to\/en\/wp-json\/wp\/v2\/product"}],"about":[{"href":"https:\/\/pruebas.michollo.to\/en\/wp-json\/wp\/v2\/types\/product"}],"replies":[{"embeddable":true,"href":"https:\/\/pruebas.michollo.to\/en\/wp-json\/wp\/v2\/comments?post=322"}],"wp:featuredmedia":[{"embeddable":true,"href":"https:\/\/pruebas.michollo.to\/en\/wp-json\/wp\/v2\/media\/323"}],"wp:attachment":[{"href":"https:\/\/pruebas.michollo.to\/en\/wp-json\/wp\/v2\/media?parent=322"}],"wp:term":[{"taxonomy":"product_brand","embeddable":true,"href":"https:\/\/pruebas.michollo.to\/en\/wp-json\/wp\/v2\/product_brand?post=322"},{"taxonomy":"product_cat","embeddable":true,"href":"https:\/\/pruebas.michollo.to\/en\/wp-json\/wp\/v2\/product_cat?post=322"},{"taxonomy":"product_tag","embeddable":true,"href":"https:\/\/pruebas.michollo.to\/en\/wp-json\/wp\/v2\/product_tag?post=322"}],"curies":[{"name":"wp","href":"https:\/\/api.w.org\/{rel}","templated":true}]}}