{"id":334,"date":"2022-10-16T04:29:19","date_gmt":"2022-10-16T08:29:19","guid":{"rendered":"https:\/\/pruebas.michollo.to\/producto\/whatsminer-m30s\/"},"modified":"2025-05-09T14:47:31","modified_gmt":"2025-05-09T12:47:31","slug":"whatsminer-m30s-2","status":"publish","type":"product","link":"https:\/\/pruebas.michollo.to\/en\/product\/whatsminer-m30s-2\/","title":{"rendered":"Whatsminer M30S+"},"content":{"rendered":"<div style=\"text-align: left;\">The WHATSMINER M30S+ has many variations in mining power, ranging from 98T to 104T for its most powerful model.<\/div>\n<div style=\"text-align: left;\">The asic of this model with its hashrate at 104T consumes 3,500W\/h.<\/div>\n<div>This machine is oriented to Bitcoin mining (<a href=\"https:\/\/www.minandovoy.com\/es_es\/categoria\/mineros\/?algoritmos=sha-256\">SHA-256<\/a>).<\/div>\n<div>\n<div class=\"currency-container d-inline-block\"><\/div>\n<h3><strong>A BIT ABOUT BITCOIN<\/strong><\/h3>\n<p>It is the first cryptocurrency to be developed and, therefore, the one that has paved the way for all the others that came later using its blockchain technology.<\/p>\n<p>There is an amount of Bitcoins that are issued each year and this amount is determined by their algorithm, every 4 years their production is reduced by two, so that only a total of 21 million Bitcoins are issued.<\/p>\n<p>The big difference with conventional currencies is that the banks change the value. This means that the cryptocurrency, in this case Bitcoin, can offer more stability while conventional currencies depreciate in value.<\/p>\n<p>Today, cryptocurrencies are used as a method of payment on many platforms, the currency of exchange in most cases is Bitcoin, as they are secure and private.<\/p>\n<p>&nbsp;<\/p>\n<h3><strong>MAIN ADVANTAGES OF <a href=\"https:\/\/coinmarketcap.com\/es\/currencies\/bitcoin\/\">BITCOIN<\/a><\/strong><\/h3>\n<ol>\n<li>Speed: Send money to yourself, regardless of the amount and destination, in a matter of minutes.<\/li>\n<li>Inexpensive: When making a transfer through your bank it can cost you a lot of money, through Bitcoin the cost is free or just a few cents.<\/li>\n<li>Global: You can send anywhere in the world, it has no borders.<\/li>\n<li>Decentralised: No government\/bank can control it, neither in its creation nor in its distribution.<\/li>\n<li>Ownership: The money belongs to you 100%, it cannot be tapped by anyone, you are your own bank.<\/li>\n<li>Transparent:  All transactions are public, but always under pseudonyms.<\/li>\n<li>Limited issuance: No one can generate thousands of Bitcoins just because they feel like it, they appear thanks to mining.<\/li>\n<li>Private: Bitcoin tries to preserve privacy, to a very high degree, although it is not completely anonymous and works to be so.<\/li>\n<\/ol>\n<\/div>","protected":false},"excerpt":{"rendered":"<p>La m\u00e1quina modelo WHATSMINER M30S+ tiene muchas variantes en potencia de minado, yendo desde 98T hasta 104T su modelo m\u00e1s potente. El asic de este modelo con su hashrate en 104T consume 3.500W\/h. Esta m\u00e1quina est\u00e1 orientada a la miner\u00eda de Bitcoin (SHA-256). UN POCO SOBRE BITCOIN Es la primera criptomoneda desarrollada y por lo [&hellip;]<\/p>\n","protected":false},"featured_media":335,"comment_status":"open","ping_status":"closed","template":"","meta":[],"product_brand":[],"product_cat":[19],"product_tag":[138,137],"class_list":{"0":"post-334","1":"product","2":"type-product","3":"status-publish","4":"has-post-thumbnail","6":"product_cat-mineros","7":"product_tag-mineros-para-avanzados","8":"product_tag-mineros-para-principiantes","10":"first","11":"outofstock","12":"taxable","13":"shipping-taxable","14":"purchasable","15":"product-type-simple"},"_links":{"self":[{"href":"https:\/\/pruebas.michollo.to\/en\/wp-json\/wp\/v2\/product\/334","targetHints":{"allow":["GET"]}}],"collection":[{"href":"https:\/\/pruebas.michollo.to\/en\/wp-json\/wp\/v2\/product"}],"about":[{"href":"https:\/\/pruebas.michollo.to\/en\/wp-json\/wp\/v2\/types\/product"}],"replies":[{"embeddable":true,"href":"https:\/\/pruebas.michollo.to\/en\/wp-json\/wp\/v2\/comments?post=334"}],"wp:featuredmedia":[{"embeddable":true,"href":"https:\/\/pruebas.michollo.to\/en\/wp-json\/wp\/v2\/media\/335"}],"wp:attachment":[{"href":"https:\/\/pruebas.michollo.to\/en\/wp-json\/wp\/v2\/media?parent=334"}],"wp:term":[{"taxonomy":"product_brand","embeddable":true,"href":"https:\/\/pruebas.michollo.to\/en\/wp-json\/wp\/v2\/product_brand?post=334"},{"taxonomy":"product_cat","embeddable":true,"href":"https:\/\/pruebas.michollo.to\/en\/wp-json\/wp\/v2\/product_cat?post=334"},{"taxonomy":"product_tag","embeddable":true,"href":"https:\/\/pruebas.michollo.to\/en\/wp-json\/wp\/v2\/product_tag?post=334"}],"curies":[{"name":"wp","href":"https:\/\/api.w.org\/{rel}","templated":true}]}}