{"id":346,"date":"2022-10-16T04:29:48","date_gmt":"2022-10-16T06:29:48","guid":{"rendered":"https:\/\/pruebas.michollo.to\/producto\/goldshell-lt5-pro-2-45g\/"},"modified":"2025-05-09T14:47:30","modified_gmt":"2025-05-09T12:47:30","slug":"goldshell-lt5-pro-2-45g","status":"publish","type":"product","link":"https:\/\/pruebas.michollo.to\/en\/product\/goldshell-lt5-pro-2-45g\/","title":{"rendered":"Goldshell LT5 pro 2.45G"},"content":{"rendered":"<p>This Goldshell-built machine has an average power output of 2,450MHS, although it has a power consumption of 2,080\/H, which is not bad considering the revenue it generates. This is the Goldshell LT5 PRO 2.45G<\/p>\n<p style=\"text-align: left;\"><em><strong>We all know Bitcoin, don't we? Well, you might be interested in this.<\/strong><\/em><br \/>\nLiteCoin was originally a fork of Bitcoin, and is one of the cryptocurrencies that, through ASIC mining, can guarantee profitability for the operator.<\/p>\n<h3 style=\"text-align: left;\"><strong>SCRYPT MINING:<\/strong><\/h3>\n<p style=\"text-align: left;\">Scrypt performs a hash using a key and a series of dots marked in the algorithm, adding a lot of noise. The noise is random numbers generated by the<br \/>\nalgorithm and stored in memory. The purpose of these numbers is to camouflage the key data to make it more difficult to break the hash blocks. Ultimately, it is a protective measure that prevents malicious people from accessing Scrypt-protected data.<\/p>\n<h3 style=\"text-align: left;\"><strong><a href=\"https:\/\/coinmarketcap.com\/es\/currencies\/litecoin\/\" target=\"_blank\" rel=\"noopener\">LITECOIN<\/a>:<\/strong><\/h3>\n<p style=\"text-align: left;\">LiteCoin is a crypto created to provide secure, cheap and fast payments, thanks to blockchain technology.<br \/>\nWhen we say it is a fork of Bitcoin, it was literally intended as a small, lite version of the big cryptocurrency.<\/p>\n<p style=\"text-align: left;\">This network was launched on 13 October 2011. With 11 years of trajectory it has managed to gain acceptance among traders and has been included among the top ten cryptocurrencies by market capitalisation for most of its existence.<\/p>\n<h3 style=\"text-align: left;\"><a href=\"https:\/\/coinmarketcap.com\/es\/currencies\/dogecoin\/\" target=\"_blank\" rel=\"noopener\"><strong>DOGECOIN:<\/strong><\/a><\/h3>\n<p style=\"text-align: left;\">Esta criptomoneda naci\u00f3 en el mercado como parte de un meme en 2013, pero m\u00e1s tarde su comunidad tom\u00f3 la decisi\u00f3n de cambiar la red al AUXPOW, fusion\u00e1ndose as\u00ed con la red de LTC en septiembre de 2014. Esta medida supuso que el valor de Dogecoin incrementara m\u00e1s de un 180% en tan s\u00f3lo unas pocas semanas. LiteCoin es la criptomoneda n\u00famero 7 m\u00e1s empleada por la capitalizaci\u00f3n de mercado, lo que ha permitido a Doge mejorar significativamente su seguridad, al contar con un poder de c\u00f3mputo mucho mayor.<\/p>\n<h3 style=\"text-align: left;\"><strong>GOLDSHELL:<\/strong><\/h3>\n<p style=\"text-align: left;\">Goldshell is recognised as one of the pioneers in the technology sector, especially in the blockchain network. It has focused, in particular, on the production and sale of chips.<\/p>\n<p style=\"text-align: left;\">This company is distinguished by having produced and sold computing power servers for large projects such as:<\/p>\n<p style=\"text-align: left;\">- LiteCoin: Goldshell LT5 PRO 2.45G<br \/>\n- Nervos Network: Goldshell\u00a0<a href=\"https:\/\/www.minandovoy.com\/es_es\/producto\/goldshell-ck6-19-3t\/\">CK6 19.3T<\/a><br \/>\n- Handshake and SiaCoin: Goldshell HS6 4.3T<br \/>\nAnd of course Kadena, with the KDMAX model.<\/p>\n<p style=\"text-align: left;\">Goldshell stands out for its strong core team, which establishes an efficient operation system from algorithm research, chip implementation to batch production and delivery, thus becoming an excellent supplier and a promoter of the mining industry.<\/p>\n<p style=\"text-align: left;\">It is an excellent competitor, seeking to be the most pioneering in new technology, continuously improving IT performance and creating efficient services for the development of the digital economy.<\/p>\n<p>&nbsp;<\/p>","protected":false},"excerpt":{"rendered":"<p>Esta m\u00e1quina fabricada por Goldshell tiene una potencia media de 2.450MHS, aunque tiene un consumo de 2.080\/H, lo que no est\u00e1 nada mal teniendo en cuenta los ingresos que genera. Se trata de la Goldshell LT5 PRO 2.45G \u00bfA todos nos suena Bitcoin verdad? Pues quiz\u00e1s esto te interese. LiteCoin en un primer momento, fue [&hellip;]<\/p>\n","protected":false},"featured_media":347,"comment_status":"open","ping_status":"closed","template":"","meta":[],"product_brand":[],"product_cat":[19],"product_tag":[52,138,137],"class_list":{"0":"post-346","1":"product","2":"type-product","3":"status-publish","4":"has-post-thumbnail","6":"product_cat-mineros","7":"product_tag-asic","8":"product_tag-mineros-para-avanzados","9":"product_tag-mineros-para-principiantes","11":"first","12":"outofstock","13":"taxable","14":"shipping-taxable","15":"purchasable","16":"product-type-simple"},"_links":{"self":[{"href":"https:\/\/pruebas.michollo.to\/en\/wp-json\/wp\/v2\/product\/346","targetHints":{"allow":["GET"]}}],"collection":[{"href":"https:\/\/pruebas.michollo.to\/en\/wp-json\/wp\/v2\/product"}],"about":[{"href":"https:\/\/pruebas.michollo.to\/en\/wp-json\/wp\/v2\/types\/product"}],"replies":[{"embeddable":true,"href":"https:\/\/pruebas.michollo.to\/en\/wp-json\/wp\/v2\/comments?post=346"}],"wp:featuredmedia":[{"embeddable":true,"href":"https:\/\/pruebas.michollo.to\/en\/wp-json\/wp\/v2\/media\/347"}],"wp:attachment":[{"href":"https:\/\/pruebas.michollo.to\/en\/wp-json\/wp\/v2\/media?parent=346"}],"wp:term":[{"taxonomy":"product_brand","embeddable":true,"href":"https:\/\/pruebas.michollo.to\/en\/wp-json\/wp\/v2\/product_brand?post=346"},{"taxonomy":"product_cat","embeddable":true,"href":"https:\/\/pruebas.michollo.to\/en\/wp-json\/wp\/v2\/product_cat?post=346"},{"taxonomy":"product_tag","embeddable":true,"href":"https:\/\/pruebas.michollo.to\/en\/wp-json\/wp\/v2\/product_tag?post=346"}],"curies":[{"name":"wp","href":"https:\/\/api.w.org\/{rel}","templated":true}]}}