{"id":3633,"date":"2024-02-23T14:26:22","date_gmt":"2024-02-23T16:26:22","guid":{"rendered":"https:\/\/www.minandovoy.com\/?post_type=product&#038;p=3633"},"modified":"2025-09-04T10:50:00","modified_gmt":"2025-09-04T08:50:00","slug":"next-generation-bitmain-antminer-ks5-21-5-th-kas-mixed-hash","status":"publish","type":"product","link":"https:\/\/pruebas.michollo.to\/en\/product\/next-generation-bitmain-antminer-ks5-21-5-th-kas-mixed-hash\/","title":{"rendered":"Bitmain Antminer KS5 Pro 21 TH\/s"},"content":{"rendered":"<p>Bitmain, a leading manufacturer of Bitcoin mining equipment, has announced the launch of its first miner designed specifically for the Kaspa cryptocurrency (KAS). It is called the Antminer KS5. Only the following machines will be made <strong>600<\/strong> Units in the first production run.<\/p>\n<p>This machine is purchased at the <strong>August Batch<\/strong> i.e. it comes out between the <strong>1 and 30 August .\u00a0\u00a0<\/strong><\/p>\n<div class=\"asicminer-widget-container\" style=\"width: 100%; min-height: 300px;\">\n            <iframe id=\"asicminer-widget-4287\" \n                    src=\"https:\/\/pruebas.michollo.to\/wp-content\/themes\/minandovoy\/proxy-widget.php?miner=bitmain\/antminer-ks5-pro-21th&#038;type=profit&#038;theme=dark\" \n                    width=\"100%\" \n                    height=\"300\" \n                    frameborder=\"0\"\n                    loading=\"lazy\"\n                    style=\"border: none; overflow: hidden;\"\n                    title=\"ASIC Miner Widget\">\n            <\/iframe>\n        <\/div>\n<p>This new device achieves a hash rate of <strong>21 terahashes<\/strong> per second (Th\/s). Energy efficiency is also a highlight of the KS5 PRO, with<strong> 3.150W<\/strong>.<\/p>\n<p>The launch of KS5 represents an important milestone for both Bitmain and Kaspa. Although Kaspa is a relatively new cryptocurrency, it has achieved a strong position in the industry in a very short time. Towards the end of last year, after the Ethereum merger, it became one of the most profitable cryptocurrencies to mine with graphics cards (GPUs).<\/p>\n<h3>What is Kaspa?<\/h3>\n<p>Kaspa is a cryptocurrency that is based on blockchain technology, just like Bitcoin and other popular cryptocurrencies. As a beginner, it is important to understand that a cryptocurrency is a type of digital currency that uses cryptography to secure and verify transactions made on its network.<\/p>\n<p>Kaspa stands out as a network specifically designed to address some challenges and limitations that have been observed in other cryptocurrencies. One of Kaspa's main features is its consensus algorithm, called kPoW (Kaspa Proof of Work), which ensures the security and reliability of the network.<\/p>\n<p>One of the significant differences of Kaspa compared to other cryptocurrencies is its ability to scale efficiently. This means that Kaspa has the ability to handle a greater number of transactions per second and can grow more effectively as more users join the network. This scalability improves the speed and efficiency of transactions, which can be beneficial to the widespread adoption of cryptocurrency.<\/p>\n<p>Furthermore, Kaspa is considered a decentralised and open source network, which means that it is not controlled by a central authority and that anyone can access its source code and contribute to the development of the platform.<\/p>\n<h2 data-start=\"163\" data-end=\"222\">\ud83d\udcca Especificaciones \u2013 Bitmain Antminer KS5 Pro (21 TH\/s)<\/h2>\n<div class=\"_tableContainer_1rjym_1\">\n<div class=\"_tableWrapper_1rjym_13 group flex w-fit flex-col-reverse\" tabindex=\"-1\">\n<table class=\"w-fit min-w-(--thread-content-width)\" data-start=\"224\" data-end=\"1782\">\n<thead data-start=\"224\" data-end=\"300\">\n<tr data-start=\"224\" data-end=\"300\">\n<th data-start=\"224\" data-end=\"252\" data-col-size=\"sm\"><strong data-start=\"226\" data-end=\"244\">Especificaci\u00f3n<\/strong><\/th>\n<th data-start=\"252\" data-end=\"300\" data-col-size=\"md\"><strong data-start=\"254\" data-end=\"265\">Detail<\/strong><\/th>\n<\/tr>\n<\/thead>\n<tbody data-start=\"379\" data-end=\"1782\">\n<tr data-start=\"379\" data-end=\"456\">\n<td data-start=\"379\" data-end=\"408\" data-col-size=\"sm\"><strong data-start=\"381\" data-end=\"395\">Manufacturer<\/strong><\/td>\n<td data-start=\"408\" data-end=\"456\" data-col-size=\"md\">Bitmain<\/td>\n<\/tr>\n<tr data-start=\"457\" data-end=\"534\">\n<td data-start=\"457\" data-end=\"486\" data-col-size=\"sm\"><strong data-start=\"459\" data-end=\"469\">Model<\/strong><\/td>\n<td data-start=\"486\" data-end=\"534\" data-col-size=\"md\">Antminer KS5 Pro (21 TH\/s)<\/td>\n<\/tr>\n<tr data-start=\"535\" data-end=\"612\">\n<td data-start=\"535\" data-end=\"564\" data-col-size=\"sm\"><strong data-start=\"537\" data-end=\"550\">Algorithm<\/strong><\/td>\n<td data-start=\"564\" data-end=\"612\" data-col-size=\"md\">KHeavyHash (Kaspa \/ KAS)<\/td>\n<\/tr>\n<tr data-start=\"613\" data-end=\"690\">\n<td data-start=\"613\" data-end=\"642\" data-col-size=\"sm\"><strong data-start=\"615\" data-end=\"627\">Hashrate<\/strong><\/td>\n<td data-start=\"642\" data-end=\"690\" data-col-size=\"md\">21 TH\/s (\u00b13 %)<\/td>\n<\/tr>\n<tr data-start=\"691\" data-end=\"768\">\n<td data-start=\"691\" data-end=\"720\" data-col-size=\"sm\"><strong data-start=\"693\" data-end=\"715\">Energy consumption<\/strong><\/td>\n<td data-start=\"720\" data-end=\"768\" data-col-size=\"md\">3150 W (\u00b15 %)<\/td>\n<\/tr>\n<tr data-start=\"769\" data-end=\"846\">\n<td data-start=\"769\" data-end=\"798\" data-col-size=\"sm\"><strong data-start=\"771\" data-end=\"796\">Energy efficiency<\/strong><\/td>\n<td data-start=\"798\" data-end=\"846\" data-col-size=\"md\">150 J\/TH<\/td>\n<\/tr>\n<tr data-start=\"847\" data-end=\"924\">\n<td data-start=\"847\" data-end=\"876\" data-col-size=\"sm\"><strong data-start=\"849\" data-end=\"873\">Launch date<\/strong><\/td>\n<td data-start=\"876\" data-end=\"924\" data-col-size=\"md\">March 2024<\/td>\n<\/tr>\n<tr data-start=\"925\" data-end=\"1002\">\n<td data-start=\"925\" data-end=\"954\" data-col-size=\"sm\"><strong data-start=\"927\" data-end=\"947\">Dimensiones (mm)<\/strong><\/td>\n<td data-start=\"954\" data-end=\"1002\" data-col-size=\"md\">430 \u00d7 195.5 \u00d7 290<\/td>\n<\/tr>\n<tr data-start=\"1003\" data-end=\"1080\">\n<td data-start=\"1003\" data-end=\"1032\" data-col-size=\"sm\"><strong data-start=\"1005\" data-end=\"1026\">Peso neto \/ bruto<\/strong><\/td>\n<td data-start=\"1032\" data-end=\"1080\" data-col-size=\"md\">15.8 kg \/ 17.7 kg<\/td>\n<\/tr>\n<tr data-start=\"1081\" data-end=\"1158\">\n<td data-start=\"1081\" data-end=\"1110\" data-col-size=\"sm\"><strong data-start=\"1083\" data-end=\"1101\">Noise level<\/strong><\/td>\n<td data-start=\"1110\" data-end=\"1158\" data-col-size=\"md\">75\u201376 dB<\/td>\n<\/tr>\n<tr data-start=\"1159\" data-end=\"1236\">\n<td data-start=\"1159\" data-end=\"1188\" data-col-size=\"sm\"><strong data-start=\"1161\" data-end=\"1177\">Fans<\/strong><\/td>\n<td data-start=\"1188\" data-end=\"1236\" data-col-size=\"md\">2\u20134 unidades (seg\u00fan lote)<\/td>\n<\/tr>\n<tr data-start=\"1237\" data-end=\"1314\">\n<td data-start=\"1237\" data-end=\"1266\" data-col-size=\"sm\"><strong data-start=\"1239\" data-end=\"1256\">Cooling<\/strong><\/td>\n<td data-start=\"1266\" data-end=\"1314\" data-col-size=\"md\">Aire (Air Cooling)<\/td>\n<\/tr>\n<tr data-start=\"1315\" data-end=\"1392\">\n<td data-start=\"1315\" data-end=\"1344\" data-col-size=\"sm\"><strong data-start=\"1317\" data-end=\"1339\">Input voltage<\/strong><\/td>\n<td data-start=\"1344\" data-end=\"1392\" data-col-size=\"md\">220\u2013277 V AC<\/td>\n<\/tr>\n<tr data-start=\"1393\" data-end=\"1470\">\n<td data-start=\"1393\" data-end=\"1422\" data-col-size=\"sm\"><strong data-start=\"1395\" data-end=\"1414\">Interfaz de red<\/strong><\/td>\n<td data-start=\"1422\" data-end=\"1470\" data-col-size=\"md\">Ethernet RJ-45 (10\/100M)<\/td>\n<\/tr>\n<tr data-start=\"1471\" data-end=\"1548\">\n<td data-start=\"1471\" data-end=\"1500\" data-col-size=\"sm\"><strong data-start=\"1473\" data-end=\"1498\">Operating temperature<\/strong><\/td>\n<td data-start=\"1500\" data-end=\"1548\" data-col-size=\"md\">\u201320 \u00b0C a 45 \u00b0C (en algunos casos 0\u201340 \u00b0C)<\/td>\n<\/tr>\n<tr data-start=\"1549\" data-end=\"1626\">\n<td data-start=\"1549\" data-end=\"1578\" data-col-size=\"sm\"><strong data-start=\"1551\" data-end=\"1572\">Operating humidity<\/strong><\/td>\n<td data-start=\"1578\" data-end=\"1626\" data-col-size=\"md\">10\u201390 % (sin condensaci\u00f3n)<\/td>\n<\/tr>\n<tr data-start=\"1627\" data-end=\"1704\">\n<td data-start=\"1627\" data-end=\"1656\" data-col-size=\"sm\"><strong data-start=\"1629\" data-end=\"1650\">Altitud operativa<\/strong><\/td>\n<td data-start=\"1656\" data-end=\"1704\" data-col-size=\"md\">\u2264 2000 m (con ajuste de temperatura)<\/td>\n<\/tr>\n<tr data-start=\"1705\" data-end=\"1782\">\n<td data-start=\"1705\" data-end=\"1734\" data-col-size=\"sm\"><strong data-start=\"1707\" data-end=\"1719\">Guarantee<\/strong><\/td>\n<td data-start=\"1734\" data-end=\"1782\" data-col-size=\"md\">\u00a01 a\u00f1o<\/td>\n<\/tr>\n<\/tbody>\n<\/table>\n<\/div>\n<\/div>","protected":false},"excerpt":{"rendered":"<p>Bitmain, uno de los principales fabricantes de equipos de miner\u00eda de Bitcoin, ha anunciado el lanzamiento de su primer minero dise\u00f1ado espec\u00edficamente para la criptomoneda Kaspa (KAS). Se llama Antminer KS5. De estas maquinas solo se van\u00a0 a hacer 600 Unidades en la primera tanda de fabricaci\u00f3n. Esta maquina se compra en el Batch de [&hellip;]<\/p>\n","protected":false},"featured_media":4301,"comment_status":"open","ping_status":"closed","template":"","meta":[],"product_brand":[],"product_cat":[19],"product_tag":[244,138,139],"class_list":{"0":"post-3633","1":"product","2":"type-product","3":"status-publish","4":"has-post-thumbnail","6":"product_cat-mineros","7":"product_tag-gme","8":"product_tag-mineros-para-avanzados","9":"product_tag-mineros-para-expertos","11":"first","12":"instock","13":"taxable","14":"shipping-taxable","15":"purchasable","16":"product-type-simple"},"_links":{"self":[{"href":"https:\/\/pruebas.michollo.to\/en\/wp-json\/wp\/v2\/product\/3633","targetHints":{"allow":["GET"]}}],"collection":[{"href":"https:\/\/pruebas.michollo.to\/en\/wp-json\/wp\/v2\/product"}],"about":[{"href":"https:\/\/pruebas.michollo.to\/en\/wp-json\/wp\/v2\/types\/product"}],"replies":[{"embeddable":true,"href":"https:\/\/pruebas.michollo.to\/en\/wp-json\/wp\/v2\/comments?post=3633"}],"wp:featuredmedia":[{"embeddable":true,"href":"https:\/\/pruebas.michollo.to\/en\/wp-json\/wp\/v2\/media\/4301"}],"wp:attachment":[{"href":"https:\/\/pruebas.michollo.to\/en\/wp-json\/wp\/v2\/media?parent=3633"}],"wp:term":[{"taxonomy":"product_brand","embeddable":true,"href":"https:\/\/pruebas.michollo.to\/en\/wp-json\/wp\/v2\/product_brand?post=3633"},{"taxonomy":"product_cat","embeddable":true,"href":"https:\/\/pruebas.michollo.to\/en\/wp-json\/wp\/v2\/product_cat?post=3633"},{"taxonomy":"product_tag","embeddable":true,"href":"https:\/\/pruebas.michollo.to\/en\/wp-json\/wp\/v2\/product_tag?post=3633"}],"curies":[{"name":"wp","href":"https:\/\/api.w.org\/{rel}","templated":true}]}}